{"id":7369,"date":"2025-03-24T02:45:01","date_gmt":"2025-03-24T02:45:01","guid":{"rendered":"https:\/\/fmp-components.com\/?post_type=product&#038;p=7369"},"modified":"2025-03-26T08:42:56","modified_gmt":"2025-03-26T08:42:56","slug":"mining-machinery-carburized-helical-gear","status":"publish","type":"product","link":"https:\/\/fmp-components.com\/es\/product\/mining-machinery-carburized-helical-gear\/","title":{"rendered":"Engranaje helicoidal carburizado para maquinaria minera"},"content":{"rendered":"<div class=\"sliderTable mt10 mb10 sliderTable-index0 change-to-org\">\n<div class=\"inner\">\n<div>\n<p class=\"break-words\">Como fabricante l\u00edder en la industria, FMP Company se especializa en producir una amplia gama de maquinaria minera carburada. <a href=\"https:\/\/fmp-components.com\/es\/helical-gears\/\">Engranajes helicoidales<\/a> Dise\u00f1ados para satisfacer las exigentes necesidades de las operaciones mineras. Nuestros engranajes se fabrican con precisi\u00f3n mediante t\u00e9cnicas avanzadas de carburaci\u00f3n para garantizar una durabilidad, resistencia y rendimiento excepcionales en condiciones extremas. Ya sea que necesite modelos est\u00e1ndar o soluciones a medida, FMP ofrece opciones personalizadas adaptadas a sus necesidades espec\u00edficas, garantizando una eficiencia y fiabilidad \u00f3ptimas para su maquinaria minera.<\/p>\n<p class=\"break-words\">En FMP, nos enorgullecemos de nuestra amplia gama de productos, pero si no encuentra el modelo exacto de engranaje helicoidal carburizado para maquinaria minera que necesita en nuestro cat\u00e1logo, no se preocupe; simplemente significa que a\u00fan no lo hemos publicado. Le invitamos a contactarnos por correo electr\u00f3nico con los detalles del modelo que busca. Nuestro dedicado equipo de ingenieros le responder\u00e1 en 24 horas, brind\u00e1ndole asesoramiento experto y soluciones que satisfagan sus necesidades, asegur\u00e1ndose de que obtenga el engranaje perfecto para su aplicaci\u00f3n.<\/p>\n<p><img loading=\"lazy\" decoding=\"async\" class=\"wp-image-7378 aligncenter\" src=\"https:\/\/fmp-components.com\/wp-content\/uploads\/2025\/03\/Mining-Machinery-Carburized-Helical-Gear-1.webp\" alt=\"Engranaje helicoidal carburizado para maquinaria minera\" width=\"899\" height=\"600\" title=\"\" srcset=\"https:\/\/fmp-components.com\/wp-content\/uploads\/2025\/03\/Mining-Machinery-Carburized-Helical-Gear-1.webp 899w, https:\/\/fmp-components.com\/wp-content\/uploads\/2025\/03\/Mining-Machinery-Carburized-Helical-Gear-1-480x320.webp 480w\" sizes=\"(min-width: 0px) and (max-width: 480px) 480px, (min-width: 481px) 899px, 100vw\" \/><\/p>\n<\/div>\n<h2>Especificaci\u00f3n<\/h2>\n<table border=\"1\" width=\"100%\">\n<tbody>\n<tr class=\"firstRow\">\n<th colspan=\"2\" valign=\"top\">Datos b\u00e1sicos del engranaje<\/th>\n<\/tr>\n<tr>\n<td valign=\"center\">Forma de los dientes del engranaje<\/td>\n<td valign=\"center\">evolvente<\/td>\n<\/tr>\n<tr>\n<td valign=\"center\">Material del engranaje<\/td>\n<td valign=\"center\">18CrNiMo6<\/td>\n<\/tr>\n<tr>\n<td valign=\"center\">Proceso de engranajes<\/td>\n<td valign=\"center\">Forja, carburaci\u00f3n, rectificado plano e interior, rectificado de dientes, corte en l\u00ednea<\/td>\n<\/tr>\n<tr>\n<td valign=\"center\">\u00c1ngulo de presi\u00f3n<\/td>\n<td valign=\"center\">20\u00b0<\/td>\n<\/tr>\n<tr>\n<td valign=\"center\">Nivel de calidad<\/td>\n<td valign=\"center\">DIN 3962 clase 6<\/td>\n<\/tr>\n<tr>\n<td valign=\"center\">Tipo de engranaje<\/td>\n<td valign=\"center\">M=9, Z=33, a=20\u00b0, \u03b2=8\u00b0, x=0,2, diestro<\/td>\n<\/tr>\n<\/tbody>\n<\/table>\n<\/div>\n<\/div>\n<h3>Capacidades del engranaje\/estriado<\/h3>\n<div class=\"sliderTable mt10 mb10 sliderTable-index1 change-to-org\">\n<div class=\"inner\">\n<table border=\"1\" width=\"100%\">\n<tbody>\n<tr class=\"firstRow\">\n<th colspan=\"4\" valign=\"top\">Engranajes internos y estr\u00edas internas<\/th>\n<\/tr>\n<tr>\n<td valign=\"top\"><\/td>\n<td valign=\"top\">MOLIENDA<\/td>\n<td valign=\"top\">ORGANIZACI\u00d3N<\/td>\n<td valign=\"top\">RECHINAMIENTO DE DIENTES<\/td>\n<\/tr>\n<tr>\n<td valign=\"top\">OD m\u00e1xima<\/td>\n<td valign=\"top\">2500 mil\u00edmetros<\/td>\n<td valign=\"top\">2500 mil\u00edmetros<\/td>\n<td valign=\"top\">2500 mil\u00edmetros<\/td>\n<\/tr>\n<tr>\n<td valign=\"top\">Identificaci\u00f3n m\u00ednima<\/td>\n<td valign=\"top\">650 mil\u00edmetros<\/td>\n<td valign=\"top\">50 mil\u00edmetros<\/td>\n<td valign=\"top\">100 mil\u00edmetros<\/td>\n<\/tr>\n<tr>\n<td valign=\"top\">Ancho m\u00e1ximo de la cara<\/td>\n<td valign=\"top\">500 mil\u00edmetros<\/td>\n<td valign=\"top\">500 mil\u00edmetros<\/td>\n<td valign=\"top\">500 mil\u00edmetros<\/td>\n<\/tr>\n<tr>\n<td valign=\"top\">Paso diametral m\u00e1ximo<\/td>\n<td valign=\"top\">DP 1<\/td>\n<td valign=\"top\">DP 1<\/td>\n<td valign=\"top\">DP 0.5<\/td>\n<\/tr>\n<tr>\n<td valign=\"top\">M\u00f3dulo m\u00e1ximo<\/td>\n<td valign=\"top\">26 mil\u00edmetros<\/td>\n<td valign=\"top\">26 mil\u00edmetros<\/td>\n<td valign=\"top\">45 mil\u00edmetros<\/td>\n<\/tr>\n<tr>\n<td valign=\"top\">Nivel AGMA\/Nivel DIN<\/td>\n<td valign=\"top\">Clase DIN 8<\/td>\n<td valign=\"top\">Clase DIN 8<\/td>\n<td valign=\"top\">Clase DIN 4<\/td>\n<\/tr>\n<tr>\n<td valign=\"top\">Acabado de la superficie de los dientes<\/td>\n<td valign=\"top\">Ra 3.2<\/td>\n<td valign=\"top\">Ra 3.2<\/td>\n<td valign=\"top\">Ra 0.6<\/td>\n<\/tr>\n<tr>\n<td valign=\"top\">\u00c1ngulo m\u00e1ximo de h\u00e9lice<\/td>\n<td valign=\"top\">\u00b122,5\u00b0<\/td>\n<td valign=\"top\">\u00b122,5\u00b0<\/td>\n<td valign=\"top\">\u00b145\u00b0<\/td>\n<\/tr>\n<tr>\n<th colspan=\"4\" valign=\"top\">Engranajes externos y estr\u00edas externas<\/th>\n<\/tr>\n<tr>\n<td valign=\"top\"><\/td>\n<td valign=\"top\">Tallado a m\u00e1quina<\/td>\n<td valign=\"top\">MOLIENDA<\/td>\n<td valign=\"top\">RECHINAMIENTO DE DIENTES<\/td>\n<\/tr>\n<tr>\n<td valign=\"top\">OD m\u00e1xima<\/td>\n<td valign=\"top\">1250 mil\u00edmetros<\/td>\n<td valign=\"top\">2500 mil\u00edmetros<\/td>\n<td valign=\"top\">2500 mil\u00edmetros<\/td>\n<\/tr>\n<tr>\n<td valign=\"top\">OD m\u00ednima<\/td>\n<td valign=\"top\">20 mil\u00edmetros<\/td>\n<td valign=\"top\">200 mil\u00edmetros<\/td>\n<td valign=\"top\">20 mil\u00edmetros<\/td>\n<\/tr>\n<tr>\n<td valign=\"top\">Ancho m\u00e1ximo de la cara<\/td>\n<td valign=\"top\">500 mil\u00edmetros<\/td>\n<td valign=\"top\">500 mil\u00edmetros<\/td>\n<td valign=\"top\">1480 mil\u00edmetros<\/td>\n<\/tr>\n<tr>\n<td valign=\"top\">Paso diametral m\u00e1ximo<\/td>\n<td valign=\"top\">DP 1<\/td>\n<td valign=\"top\">DP 1<\/td>\n<td valign=\"top\">DP 0.5<\/td>\n<\/tr>\n<tr>\n<td valign=\"top\">M\u00f3dulo m\u00e1ximo<\/td>\n<td valign=\"top\">26 mil\u00edmetros<\/td>\n<td valign=\"top\">26 mil\u00edmetros<\/td>\n<td valign=\"top\">45 mil\u00edmetros<\/td>\n<\/tr>\n<tr>\n<td valign=\"top\">Nivel AGMA\/Nivel DIN<\/td>\n<td valign=\"top\">Clase DIN 8<\/td>\n<td valign=\"top\">Clase DIN 8<\/td>\n<td valign=\"top\">Clase DIN 4<\/td>\n<\/tr>\n<tr>\n<td valign=\"top\">Acabado de la superficie de los dientes<\/td>\n<td valign=\"top\">Ra 3.2<\/td>\n<td valign=\"top\">Ra 3.2<\/td>\n<td valign=\"top\">Ra 0.6<\/td>\n<\/tr>\n<tr>\n<td valign=\"top\">\u00c1ngulo m\u00e1ximo de h\u00e9lice<\/td>\n<td valign=\"top\">\u00b145\u00b0<\/td>\n<td valign=\"top\">\u00b145\u00b0<\/td>\n<td valign=\"top\">\u00b145\u00b0<\/td>\n<\/tr>\n<\/tbody>\n<\/table>\n<\/div>\n<\/div>","protected":false},"excerpt":{"rendered":"<ul class=\"pro-info-list fix\">\n<li class=\"prod-specifics-brand\"><label>Forma del diente del engranaje:\u00a0<\/label>evolvente<\/li>\n<li class=\"prod-specifics-brand\"><label>Material del engranaje:<\/label>18CrNiMo6<\/li>\n<li class=\"prod-specifics-brand\"><label>\u00c1ngulo de presi\u00f3n:<\/label>20\u00b0<\/li>\n<li class=\"prod-specifics-brand\"><label>Nivel de calidad:\u00a0<\/label>DIN 3962 clase 6<\/li>\n<\/ul>","protected":false},"featured_media":4595,"comment_status":"open","ping_status":"closed","template":"","meta":{"_et_pb_use_builder":"","_et_pb_old_content":"","_et_gb_content_width":""},"product_brand":[],"product_cat":[108],"product_tag":[],"class_list":{"0":"post-7369","1":"product","2":"type-product","3":"status-publish","4":"has-post-thumbnail","6":"product_cat-helical-gear","8":"first","9":"instock","10":"shipping-taxable","11":"product-type-simple"},"_links":{"self":[{"href":"https:\/\/fmp-components.com\/es\/wp-json\/wp\/v2\/product\/7369","targetHints":{"allow":["GET"]}}],"collection":[{"href":"https:\/\/fmp-components.com\/es\/wp-json\/wp\/v2\/product"}],"about":[{"href":"https:\/\/fmp-components.com\/es\/wp-json\/wp\/v2\/types\/product"}],"replies":[{"embeddable":true,"href":"https:\/\/fmp-components.com\/es\/wp-json\/wp\/v2\/comments?post=7369"}],"wp:featuredmedia":[{"embeddable":true,"href":"https:\/\/fmp-components.com\/es\/wp-json\/wp\/v2\/media\/4595"}],"wp:attachment":[{"href":"https:\/\/fmp-components.com\/es\/wp-json\/wp\/v2\/media?parent=7369"}],"wp:term":[{"taxonomy":"product_brand","embeddable":true,"href":"https:\/\/fmp-components.com\/es\/wp-json\/wp\/v2\/product_brand?post=7369"},{"taxonomy":"product_cat","embeddable":true,"href":"https:\/\/fmp-components.com\/es\/wp-json\/wp\/v2\/product_cat?post=7369"},{"taxonomy":"product_tag","embeddable":true,"href":"https:\/\/fmp-components.com\/es\/wp-json\/wp\/v2\/product_tag?post=7369"}],"curies":[{"name":"gracias","href":"https:\/\/api.w.org\/{rel}","templated":true}]}}