{"id":7364,"date":"2025-03-24T02:21:03","date_gmt":"2025-03-24T02:21:03","guid":{"rendered":"https:\/\/fmp-components.com\/?post_type=product&#038;p=7364"},"modified":"2025-03-26T08:43:59","modified_gmt":"2025-03-26T08:43:59","slug":"high-speed-train-locomotive-hard-tooth-flank-helical-gear","status":"publish","type":"product","link":"https:\/\/fmp-components.com\/es\/product\/high-speed-train-locomotive-hard-tooth-flank-helical-gear\/","title":{"rendered":"Engranaje helicoidal de flanco de diente duro para locomotora de tren de alta velocidad"},"content":{"rendered":"<div class=\"sliderTable mt10 mb10 sliderTable-index0 change-to-org\">\n<div class=\"inner\">\n<h2>El papel de los engranajes helicoidales de flanco de diente duro en locomotoras de alta velocidad<\/h2>\n<div>Las locomotoras de alta velocidad requieren engranajes que soporten condiciones operativas extremas y mantengan un rendimiento suave y eficiente. Flanco de diente duro. <a href=\"https:\/\/fmp-components.com\/es\/helical-gears\/\">engranajes helicoidales<\/a> Son la soluci\u00f3n \u00f3ptima para estas aplicaciones gracias a su excepcional resistencia, precisi\u00f3n y capacidad para soportar altas cargas y velocidades. Estos engranajes est\u00e1n dise\u00f1ados espec\u00edficamente para minimizar el ruido y la vibraci\u00f3n, mejorando la comodidad de los pasajeros y garantizando la fiabilidad de los sistemas ferroviarios de alta velocidad. Su dise\u00f1o robusto tambi\u00e9n reduce la necesidad de mantenimiento frecuente, lo que los convierte en un componente crucial para la longevidad y la fiabilidad de las locomotoras modernas.<\/div>\n<h2>Especificaci\u00f3n<\/h2>\n<table border=\"1\" width=\"100%\">\n<tbody>\n<tr class=\"firstRow\">\n<th colspan=\"2\" valign=\"top\">Datos b\u00e1sicos del engranaje<\/th>\n<\/tr>\n<tr>\n<td valign=\"center\">Forma de los dientes del engranaje<\/td>\n<td valign=\"center\">evolvente<\/td>\n<\/tr>\n<tr>\n<td valign=\"center\">Material del engranaje<\/td>\n<td valign=\"center\">17CrNiMo6<\/td>\n<\/tr>\n<tr>\n<td valign=\"center\">Proceso de engranajes<\/td>\n<td valign=\"center\">Forjado, torneado, tallado con fresa madre, carburaci\u00f3n, rectificado exterior, rectificado de dientes<\/td>\n<\/tr>\n<tr>\n<td valign=\"center\">\u00c1ngulo de presi\u00f3n<\/td>\n<td valign=\"center\">20\u00b0<\/td>\n<\/tr>\n<tr>\n<td valign=\"center\">Nivel de calidad<\/td>\n<td valign=\"center\">DIN 3962 Clase 6<\/td>\n<\/tr>\n<tr>\n<td valign=\"center\">Tipo de engranaje<\/td>\n<td valign=\"center\">Mn=4, Z=132, \u03b2=18\u00b0<\/td>\n<\/tr>\n<\/tbody>\n<\/table>\n<\/div>\n<\/div>\n<p><strong>CAPACIDADES DEL ENGRANAJE\/ESTR\u00cdA<\/strong><\/p>\n<div class=\"sliderTable mt10 mb10 sliderTable-index1 change-to-org\">\n<div class=\"inner\">\n<table border=\"1\" width=\"100%\">\n<tbody>\n<tr class=\"firstRow\">\n<th colspan=\"4\" valign=\"top\">ENGRANAJES INTERNOS Y ESTRIACIONES INTERNAS<\/th>\n<\/tr>\n<tr>\n<td valign=\"top\"><\/td>\n<td valign=\"top\">MOLIENDA<\/td>\n<td valign=\"top\">ORGANIZACI\u00d3N<\/td>\n<td valign=\"top\">RECHINAMIENTO DE DIENTES<\/td>\n<\/tr>\n<tr>\n<td valign=\"top\">OD m\u00e1xima<\/td>\n<td valign=\"top\">2500 mil\u00edmetros<\/td>\n<td valign=\"top\">2500 mil\u00edmetros<\/td>\n<td valign=\"top\">2500 mil\u00edmetros<\/td>\n<\/tr>\n<tr>\n<td valign=\"top\">Identificaci\u00f3n m\u00ednima<\/td>\n<td valign=\"top\">650 mil\u00edmetros<\/td>\n<td valign=\"top\">50 mil\u00edmetros<\/td>\n<td valign=\"top\">100 mil\u00edmetros<\/td>\n<\/tr>\n<tr>\n<td valign=\"top\">Ancho m\u00e1ximo de la cara<\/td>\n<td valign=\"top\">500 mil\u00edmetros<\/td>\n<td valign=\"top\">500 mil\u00edmetros<\/td>\n<td valign=\"top\">500 mil\u00edmetros<\/td>\n<\/tr>\n<tr>\n<td valign=\"top\">Paso diametral m\u00e1ximo<\/td>\n<td valign=\"top\">DP 1<\/td>\n<td valign=\"top\">DP 1<\/td>\n<td valign=\"top\">DP 0.5<\/td>\n<\/tr>\n<tr>\n<td valign=\"top\">M\u00f3dulo m\u00e1ximo<\/td>\n<td valign=\"top\">26 mil\u00edmetros<\/td>\n<td valign=\"top\">26 mil\u00edmetros<\/td>\n<td valign=\"top\">45 mil\u00edmetros<\/td>\n<\/tr>\n<tr>\n<td valign=\"top\">Nivel AGMA\/Nivel DIN<\/td>\n<td valign=\"top\">Clase DIN 8<\/td>\n<td valign=\"top\">Clase DIN 8<\/td>\n<td valign=\"top\">Clase DIN 4<\/td>\n<\/tr>\n<tr>\n<td valign=\"top\">Acabado de la superficie de los dientes<\/td>\n<td valign=\"top\">Ra 3.2<\/td>\n<td valign=\"top\">Ra 3.2<\/td>\n<td valign=\"top\">Ra 0.6<\/td>\n<\/tr>\n<tr>\n<td valign=\"top\">\u00c1ngulo m\u00e1ximo de h\u00e9lice<\/td>\n<td valign=\"top\">\u00b122,5\u00b0<\/td>\n<td valign=\"top\">\u00b122,5\u00b0<\/td>\n<td valign=\"top\">\u00b145\u00b0<\/td>\n<\/tr>\n<tr>\n<th colspan=\"4\" valign=\"top\">ENGRANAJES EXTERNOS Y ESTRIACIONES EXTERNAS<\/th>\n<\/tr>\n<tr>\n<td valign=\"top\"><\/td>\n<td valign=\"top\">Tallado a m\u00e1quina<\/td>\n<td valign=\"top\">MOLIENDA<\/td>\n<td valign=\"top\">RECHINAMIENTO DE DIENTES<\/td>\n<\/tr>\n<tr>\n<td valign=\"top\">OD m\u00e1xima<\/td>\n<td valign=\"top\">1250 mil\u00edmetros<\/td>\n<td valign=\"top\">2500 mil\u00edmetros<\/td>\n<td valign=\"top\">2500 mil\u00edmetros<\/td>\n<\/tr>\n<tr>\n<td valign=\"top\">OD m\u00ednima<\/td>\n<td valign=\"top\">20 mil\u00edmetros<\/td>\n<td valign=\"top\">200 mil\u00edmetros<\/td>\n<td valign=\"top\">20 mil\u00edmetros<\/td>\n<\/tr>\n<tr>\n<td valign=\"top\">Ancho m\u00e1ximo de la cara<\/td>\n<td valign=\"top\">500 mil\u00edmetros<\/td>\n<td valign=\"top\">500 mil\u00edmetros<\/td>\n<td valign=\"top\">1480 mil\u00edmetros<\/td>\n<\/tr>\n<tr>\n<td valign=\"top\">Paso diametral m\u00e1ximo<\/td>\n<td valign=\"top\">DP 1<\/td>\n<td valign=\"top\">DP 1<\/td>\n<td valign=\"top\">DP 0.5<\/td>\n<\/tr>\n<tr>\n<td valign=\"top\">M\u00f3dulo m\u00e1ximo<\/td>\n<td valign=\"top\">26 mil\u00edmetros<\/td>\n<td valign=\"top\">26 mil\u00edmetros<\/td>\n<td valign=\"top\">45 mil\u00edmetros<\/td>\n<\/tr>\n<tr>\n<td valign=\"top\">Nivel AGMA\/Nivel DIN<\/td>\n<td valign=\"top\">Clase DIN 8<\/td>\n<td valign=\"top\">Clase DIN 8<\/td>\n<td valign=\"top\">Clase DIN 4<\/td>\n<\/tr>\n<tr>\n<td valign=\"top\">Acabado de la superficie de los dientes<\/td>\n<td valign=\"top\">Ra 3.2<\/td>\n<td valign=\"top\">Ra 3.2<\/td>\n<td valign=\"top\">Ra 0.6<\/td>\n<\/tr>\n<tr>\n<td valign=\"top\">\u00c1ngulo m\u00e1ximo de h\u00e9lice<\/td>\n<td valign=\"top\">\u00b145\u00b0<\/td>\n<td valign=\"top\">\u00b145\u00b0<\/td>\n<td valign=\"top\">\u00b145\u00b0<\/td>\n<\/tr>\n<\/tbody>\n<\/table>\n<div><\/div>\n<h3>FMP Company: Su socio para engranajes de locomotoras de alta calidad<\/h3>\n<div><\/div>\n<div>FMP Company es un fabricante l\u00edder de engranajes helicoidales de flanco de dientes duros para locomotoras de alta velocidad. Ofrece una amplia gama de tipos de engranajes dise\u00f1ados para satisfacer las rigurosas exigencias de la industria ferroviaria. Nuestros engranajes se fabrican con los m\u00e1s altos est\u00e1ndares, garantizando un rendimiento \u00f3ptimo y durabilidad incluso en los entornos m\u00e1s exigentes. Tambi\u00e9n ofrecemos fabricaci\u00f3n de engranajes a medida para satisfacer especificaciones \u00fanicas. Si el modelo de engranaje que necesita no aparece en nuestro cat\u00e1logo de productos, significa que a\u00fan no lo hemos publicado. Puede estar seguro de que podemos satisfacer sus necesidades. Env\u00edenos un correo electr\u00f3nico con sus requisitos y nuestros ingenieros expertos le responder\u00e1n en 24 horas para ayudarle a encontrar la soluci\u00f3n de engranaje ideal para su locomotora.<\/div>\n<\/div>\n<\/div>","protected":false},"excerpt":{"rendered":"<ul class=\"pro-info-list fix\">\n<li class=\"prod-specifics-brand\"><label>Forma del diente del engranaje:\u00a0<\/label>evolvente<\/li>\n<li class=\"prod-specifics-brand\"><label>Material del engranaje:<\/label>17CrNiMo6<\/li>\n<li class=\"prod-specifics-brand\"><label>\u00c1ngulo de presi\u00f3n:<\/label>20\u00b0<\/li>\n<li class=\"prod-specifics-brand\"><label>Nivel de calidad:\u00a0<\/label>DIN 3962 Clase 6<\/li>\n<\/ul>","protected":false},"featured_media":4590,"comment_status":"open","ping_status":"closed","template":"","meta":{"_et_pb_use_builder":"","_et_pb_old_content":"","_et_gb_content_width":""},"product_brand":[],"product_cat":[108],"product_tag":[],"class_list":{"0":"post-7364","1":"product","2":"type-product","3":"status-publish","4":"has-post-thumbnail","6":"product_cat-helical-gear","8":"first","9":"instock","10":"shipping-taxable","11":"product-type-simple"},"_links":{"self":[{"href":"https:\/\/fmp-components.com\/es\/wp-json\/wp\/v2\/product\/7364","targetHints":{"allow":["GET"]}}],"collection":[{"href":"https:\/\/fmp-components.com\/es\/wp-json\/wp\/v2\/product"}],"about":[{"href":"https:\/\/fmp-components.com\/es\/wp-json\/wp\/v2\/types\/product"}],"replies":[{"embeddable":true,"href":"https:\/\/fmp-components.com\/es\/wp-json\/wp\/v2\/comments?post=7364"}],"wp:featuredmedia":[{"embeddable":true,"href":"https:\/\/fmp-components.com\/es\/wp-json\/wp\/v2\/media\/4590"}],"wp:attachment":[{"href":"https:\/\/fmp-components.com\/es\/wp-json\/wp\/v2\/media?parent=7364"}],"wp:term":[{"taxonomy":"product_brand","embeddable":true,"href":"https:\/\/fmp-components.com\/es\/wp-json\/wp\/v2\/product_brand?post=7364"},{"taxonomy":"product_cat","embeddable":true,"href":"https:\/\/fmp-components.com\/es\/wp-json\/wp\/v2\/product_cat?post=7364"},{"taxonomy":"product_tag","embeddable":true,"href":"https:\/\/fmp-components.com\/es\/wp-json\/wp\/v2\/product_tag?post=7364"}],"curies":[{"name":"gracias","href":"https:\/\/api.w.org\/{rel}","templated":true}]}}