{"id":7346,"date":"2025-03-23T08:27:19","date_gmt":"2025-03-23T08:27:19","guid":{"rendered":"https:\/\/fmp-components.com\/?post_type=product&#038;p=7346"},"modified":"2025-03-26T08:45:56","modified_gmt":"2025-03-26T08:45:56","slug":"heavy-machinery-double-helical-gear","status":"publish","type":"product","link":"https:\/\/fmp-components.com\/es\/product\/heavy-machinery-double-helical-gear\/","title":{"rendered":"Engranaje helicoidal doble para maquinaria pesada"},"content":{"rendered":"<div>\n<h2>Engranaje helicoidal doble para maquinaria pesada: precisi\u00f3n y potencia para aplicaciones industriales<\/h2>\n<p class=\"break-words\">En FMP Company, nos enorgullecemos de fabricar una amplia gama de estos engranajes excepcionales, dise\u00f1ados para satisfacer las demandas de las industrias de trabajo pesado en toda Italia, incluidos centros clave como Mil\u00e1n, Venecia, Florencia y Bolonia, y m\u00e1s all\u00e1.<\/p>\n<table style=\"border-collapse: collapse; width: 100.102%; height: 95px;\" border=\"0\" width=\"243\" cellspacing=\"0\" cellpadding=\"0\">\n<tbody>\n<tr style=\"height: 14.40pt;\">\n<td style=\"height: 14px; width: 33.262%;\" align=\"right\" width=\"81\" height=\"24\"><img loading=\"lazy\" decoding=\"async\" class=\"size-full wp-image-7353 aligncenter\" src=\"https:\/\/fmp-components.com\/wp-content\/uploads\/2025\/03\/Heavy-Machinery-Double-Helical-Gear-6.webp\" alt=\"Maquinaria pesada - Engranaje helicoidal doble\" width=\"500\" height=\"500\" title=\"\" srcset=\"https:\/\/fmp-components.com\/wp-content\/uploads\/2025\/03\/Heavy-Machinery-Double-Helical-Gear-6.webp 500w, https:\/\/fmp-components.com\/wp-content\/uploads\/2025\/03\/Heavy-Machinery-Double-Helical-Gear-6-480x480.webp 480w\" sizes=\"(min-width: 0px) and (max-width: 480px) 480px, (min-width: 481px) 500px, 100vw\" \/><\/td>\n<td style=\"width: 33.6898%; height: 14px;\" align=\"right\" width=\"81\"><img loading=\"lazy\" decoding=\"async\" class=\"size-full wp-image-7354 aligncenter\" src=\"https:\/\/fmp-components.com\/wp-content\/uploads\/2025\/03\/Heavy-Machinery-Double-Helical-Gear-5.webp\" alt=\"Maquinaria pesada - Engranaje helicoidal doble\" width=\"500\" height=\"500\" title=\"\" srcset=\"https:\/\/fmp-components.com\/wp-content\/uploads\/2025\/03\/Heavy-Machinery-Double-Helical-Gear-5.webp 500w, https:\/\/fmp-components.com\/wp-content\/uploads\/2025\/03\/Heavy-Machinery-Double-Helical-Gear-5-480x480.webp 480w\" sizes=\"(min-width: 0px) and (max-width: 480px) 480px, (min-width: 481px) 500px, 100vw\" \/><\/td>\n<td style=\"width: 32.8342%; height: 14px;\" align=\"right\" width=\"81\"><img loading=\"lazy\" decoding=\"async\" class=\"size-full wp-image-7355 aligncenter\" src=\"https:\/\/fmp-components.com\/wp-content\/uploads\/2025\/03\/Heavy-Machinery-Double-Helical-Gear-2.webp\" alt=\"Maquinaria pesada - Engranaje helicoidal doble\" width=\"500\" height=\"500\" title=\"\" srcset=\"https:\/\/fmp-components.com\/wp-content\/uploads\/2025\/03\/Heavy-Machinery-Double-Helical-Gear-2.webp 500w, https:\/\/fmp-components.com\/wp-content\/uploads\/2025\/03\/Heavy-Machinery-Double-Helical-Gear-2-480x480.webp 480w\" sizes=\"(min-width: 0px) and (max-width: 480px) 480px, (min-width: 481px) 500px, 100vw\" \/><\/td>\n<\/tr>\n<\/tbody>\n<\/table>\n<h3>\u00bfQu\u00e9 son los engranajes helicoidales dobles?<\/h3>\n<p class=\"break-words\">Los engranajes helicoidales dobles, a menudo denominados engranajes de espiga, presentan un dise\u00f1o distintivo en forma de V formado por dos secciones helicoidales opuestas. Esta innovadora estructura elimina el empuje axial, lo que garantiza un funcionamiento suave y eficiente sin necesidad de cojinetes de empuje, una ventaja clave sobre los engranajes tradicionales. <a href=\"https:\/\/fmp-components.com\/es\/helical-gears\/\">engranajes helicoidales<\/a>Para las industrias que requieren alto torque y durabilidad, como las del din\u00e1mico sector manufacturero de Mil\u00e1n o los centros de ingenier\u00eda marina de Venecia, los engranajes helicoidales dobles son un componente indispensable en la maquinaria pesada.<\/p>\n<h3>Ventajas clave de los engranajes helicoidales dobles<\/h3>\n<p class=\"break-words\">El rendimiento superior de los engranajes helicoidales dobles se debe a su dise\u00f1o inteligente. Estas son las razones por las que destacan en aplicaciones industriales:<\/p>\n<ol class=\"marker:text-secondary\">\n<li class=\"break-words\"><strong>Eliminaci\u00f3n de la carga axial<\/strong><br \/>\nLa forma sim\u00e9trica en V neutraliza el empuje axial, eliminando la necesidad de cojinetes de empuje adicionales. Esto simplifica el dise\u00f1o de las cajas de engranajes, reduce los costos de mantenimiento y mejora la confiabilidad, ideal para las industrias de precisi\u00f3n de Florence.<\/li>\n<li class=\"break-words\"><strong>Alta capacidad de carga<\/strong><br \/>\nCon un engranaje de dientes m\u00e1s amplio, estos engranajes distribuyen las cargas de manera m\u00e1s efectiva, lo que los hace ideales para las altas demandas de los equipos de miner\u00eda en Bolonia o de la maquinaria metal\u00fargica en toda Italia.<\/li>\n<li class=\"break-words\"><strong>Mayor eficiencia<\/strong><br \/>\nEl contacto continuo entre los dientes minimiza la vibraci\u00f3n y el ruido, lo que proporciona un funcionamiento m\u00e1s suave y mejora el rendimiento de la caja de engranajes. Esta eficiencia es vital para aplicaciones donde la precisi\u00f3n es fundamental, como los sistemas de propulsi\u00f3n marina en Venecia.<\/li>\n<li class=\"break-words\"><strong>Durabilidad<\/strong><br \/>\nSu dise\u00f1o equilibrado reduce el desgaste, garantizando una larga vida \u00fatil incluso en entornos hostiles. Esta durabilidad convierte a los engranajes helicoidales dobles en una opci\u00f3n rentable para uso industrial a largo plazo, desde centrales el\u00e9ctricas de Mil\u00e1n hasta yacimientos petrol\u00edferos remotos.<\/li>\n<\/ol>\n<\/div>\n<h2>Piezas de transmisi\u00f3n personalizadas: engranajes helicoidales dobles de alta resistencia<\/h2>\n<table class=\"table\" style=\"width: 101.217%; height: 208px;\" border=\"1\">\n<tbody>\n<tr>\n<td>Solicitud:<\/td>\n<td>Motor, Coches el\u00e9ctricos, Motocicletas, Maquinaria, Marina, Juguetes, Maquinaria agr\u00edcola, Coche<\/td>\n<\/tr>\n<tr>\n<td>Dureza:<\/td>\n<td>Superficie blanda del diente<\/td>\n<\/tr>\n<tr>\n<td>Posici\u00f3n de marcha:<\/td>\n<td>Engranaje externo<\/td>\n<\/tr>\n<tr>\n<td>M\u00e9todo de fabricaci\u00f3n:<\/td>\n<td>Engranaje cortado<\/td>\n<\/tr>\n<tr>\n<td>Forma de la porci\u00f3n dentada:<\/td>\n<td>Engranaje helicoidal doble<\/td>\n<\/tr>\n<tr>\n<td>Material:<\/td>\n<td>Acero fundido<\/td>\n<\/tr>\n<\/tbody>\n<\/table>\n<div class=\"table-responsive\">\n<table class=\"table\" style=\"width: 101.339%;\" border=\"1\">\n<tbody>\n<tr>\n<td style=\"width: 44.1558%;\">Material<\/td>\n<td style=\"width: 264.756%;\">Por encargo<\/td>\n<\/tr>\n<tr>\n<td style=\"width: 44.1558%;\">Tallado de engranajes<\/td>\n<td style=\"width: 264.756%;\"><b>\u221a<\/b><\/td>\n<\/tr>\n<tr>\n<td style=\"width: 44.1558%;\">Rectificado de engranajes<\/td>\n<td style=\"width: 264.756%;\">Nulo<\/td>\n<\/tr>\n<tr>\n<td style=\"width: 44.1558%;\">\u00c1ngulo de presi\u00f3n<\/td>\n<td style=\"width: 264.756%;\">20\u00b0<\/td>\n<\/tr>\n<tr>\n<td style=\"width: 44.1558%;\">\u00e1ngulo helicoidal<\/td>\n<td style=\"width: 264.756%;\">Por encargo<\/td>\n<\/tr>\n<tr>\n<td style=\"width: 44.1558%;\">Tratamiento t\u00e9rmico<\/td>\n<td style=\"width: 264.756%;\">Temple y revenido<\/td>\n<\/tr>\n<tr>\n<td style=\"width: 44.1558%;\">Dureza superficial<\/td>\n<td style=\"width: 264.756%;\">Opciones<\/td>\n<\/tr>\n<tr>\n<td style=\"width: 44.1558%;\">Grado de precisi\u00f3n de engranajes<\/td>\n<td style=\"width: 264.756%;\">Grado 8-9 (ISO 1328)<\/td>\n<\/tr>\n<\/tbody>\n<\/table>\n<\/div>\n<p>Engranaje de doble h\u00e9lice para maquinaria pesada<\/p>\n<div class=\"table-responsive\">\n<table class=\"table\" style=\"width: 99.7297%;\" border=\"1\">\n<tbody>\n<tr>\n<td style=\"width: 41.806%;\">COMPARACI\u00d3N DE GRADOS DEL C\u00d3DIGO DE ACERO<\/td>\n<td style=\"width: 12.3746%;\"><\/td>\n<td style=\"width: 11.8729%;\"><\/td>\n<td style=\"width: 7.19064%;\"><\/td>\n<td style=\"width: 11.3712%;\"><\/td>\n<td style=\"width: 69.7324%;\"><\/td>\n<\/tr>\n<tr>\n<td style=\"width: 41.806%;\">CHINA\/GB<\/td>\n<td style=\"width: 12.3746%;\">ISO<\/td>\n<td style=\"width: 11.8729%;\">GOST<\/td>\n<td style=\"width: 7.19064%;\">ASTM<\/td>\n<td style=\"width: 11.3712%;\">JIS<\/td>\n<td style=\"width: 69.7324%;\">ESTRUENDO<\/td>\n<\/tr>\n<tr>\n<td style=\"width: 41.806%;\">45<\/td>\n<td style=\"width: 12.3746%;\">C45E4<\/td>\n<td style=\"width: 11.8729%;\">45<\/td>\n<td style=\"width: 7.19064%;\">1045<\/td>\n<td style=\"width: 11.3712%;\">S45C<\/td>\n<td style=\"width: 69.7324%;\">CK45<\/td>\n<\/tr>\n<tr>\n<td style=\"width: 41.806%;\">40Cr<\/td>\n<td style=\"width: 12.3746%;\">41Cr4<\/td>\n<td style=\"width: 11.8729%;\">40X<\/td>\n<td style=\"width: 7.19064%;\">5140<\/td>\n<td style=\"width: 11.3712%;\">SCr440<\/td>\n<td style=\"width: 69.7324%;\">41Cr4<\/td>\n<\/tr>\n<tr>\n<td style=\"width: 41.806%;\">20CrMo<\/td>\n<td style=\"width: 12.3746%;\">18CrMo4<\/td>\n<td style=\"width: 11.8729%;\">20\u0425\u041c<\/td>\n<td style=\"width: 7.19064%;\">4118<\/td>\n<td style=\"width: 11.3712%;\">SCM22<\/td>\n<td style=\"width: 69.7324%;\">25CrMo4<\/td>\n<\/tr>\n<tr>\n<td style=\"width: 41.806%;\">42CrMo<\/td>\n<td style=\"width: 12.3746%;\">42CrMo4<\/td>\n<td style=\"width: 11.8729%;\">38XM<\/td>\n<td style=\"width: 7.19064%;\">4140<\/td>\n<td style=\"width: 11.3712%;\">SCM440<\/td>\n<td style=\"width: 69.7324%;\">42CrMo4<\/td>\n<\/tr>\n<tr>\n<td style=\"width: 41.806%;\">20CrMnTi<\/td>\n<td style=\"width: 12.3746%;\"><\/td>\n<td style=\"width: 11.8729%;\">18XGT<\/td>\n<td style=\"width: 7.19064%;\"><\/td>\n<td style=\"width: 11.3712%;\">SMK22<\/td>\n<td style=\"width: 69.7324%;\"><\/td>\n<\/tr>\n<tr>\n<td style=\"width: 41.806%;\">20Cr2Ni4<\/td>\n<td style=\"width: 12.3746%;\"><\/td>\n<td style=\"width: 11.8729%;\">20X2H4A<\/td>\n<td style=\"width: 7.19064%;\"><\/td>\n<td style=\"width: 11.3712%;\"><\/td>\n<td style=\"width: 69.7324%;\"><\/td>\n<\/tr>\n<tr>\n<td style=\"width: 41.806%;\">20CrNiMo<\/td>\n<td style=\"width: 12.3746%;\">20CrNiMo2<\/td>\n<td style=\"width: 11.8729%;\">20XHM<\/td>\n<td style=\"width: 7.19064%;\">8720<\/td>\n<td style=\"width: 11.3712%;\">SNCM220<\/td>\n<td style=\"width: 69.7324%;\">21NiCrMo2<\/td>\n<\/tr>\n<tr>\n<td style=\"width: 41.806%;\">40CrNiMoA<\/td>\n<td style=\"width: 12.3746%;\"><\/td>\n<td style=\"width: 11.8729%;\">40XH2MA\/<br \/>\n40XHMA<\/td>\n<td style=\"width: 7.19064%;\">4340<\/td>\n<td style=\"width: 11.3712%;\">SNCM439<\/td>\n<td style=\"width: 69.7324%;\">40NiCrMo6\/<br \/>\n36NiCrMo4<\/td>\n<\/tr>\n<tr>\n<td style=\"width: 41.806%;\">20CrNi2Mo<\/td>\n<td style=\"width: 12.3746%;\">20NiCrMo7<\/td>\n<td style=\"width: 11.8729%;\">20XH2MA<\/td>\n<td style=\"width: 7.19064%;\">4320<\/td>\n<td style=\"width: 11.3712%;\">SNCM420<\/td>\n<td style=\"width: 69.7324%;\"><\/td>\n<\/tr>\n<\/tbody>\n<\/table>\n<p>&nbsp;<\/p>\n<div>\n<h2>Aplicaciones en cajas de cambios industriales<\/h2>\n<p class=\"break-words\">Los engranajes helicoidales dobles de precisi\u00f3n son una soluci\u00f3n ideal para una variedad de aplicaciones de trabajo pesado:<\/p>\n<ul class=\"marker:text-secondary\">\n<li class=\"break-words\"><strong>Maquinaria pesada<\/strong><br \/>\nEsencial para equipos de miner\u00eda y m\u00e1quinas para trabajar metales, donde el alto torque y la confiabilidad son cr\u00edticos.<\/li>\n<li class=\"break-words\"><strong>Sistemas de propulsi\u00f3n marina<\/strong><br \/>\nGarantiza una transmisi\u00f3n de energ\u00eda suave y silenciosa en los barcos: una bendici\u00f3n para la industria mar\u00edtima de Venecia.<\/li>\n<li class=\"break-words\"><strong>Industria del petr\u00f3leo y el gas<\/strong><br \/>\nProporciona una transmisi\u00f3n de torque robusta para sistemas de perforaci\u00f3n y bombeo, respaldando la productividad en condiciones dif\u00edciles.<\/li>\n<li class=\"break-words\"><strong>Centrales el\u00e9ctricas<\/strong><br \/>\nSe utiliza en turbinas y generadores para mantener un rendimiento estable, reduciendo el tiempo de inactividad en el sector energ\u00e9tico de Mil\u00e1n.<\/li>\n<\/ul>\n<div>\n<h2>Empresa FMP: Su socio de confianza en Italia<\/h2>\n<p class=\"break-words\">En <strong>Compa\u00f1\u00eda FMP<\/strong>Nos especializamos en la producci\u00f3n de una amplia gama de engranajes helicoidales dobles para maquinaria pesada, fabricados con precisi\u00f3n con materiales avanzados y tecnolog\u00eda de vanguardia. Ya sea en Mil\u00e1n, Venecia, Florencia o Bolonia, nuestros engranajes est\u00e1n dise\u00f1ados para cumplir con los m\u00e1s altos est\u00e1ndares de calidad y rendimiento, destacando en los entornos industriales m\u00e1s exigentes.<\/p>\n<h3>Soluciones personalizadas adaptadas a sus necesidades<\/h3>\n<p class=\"break-words\">Reconocemos que cada proyecto tiene requisitos \u00fanicos. Por eso, FMP ofrece servicios de fabricaci\u00f3n a medida para engranajes helicoidales dobles. Si no encuentra el modelo exacto que necesita en nuestra lista de productos, no se preocupe, \u00a1simplemente significa que a\u00fan no lo hemos publicado! Le invitamos a enviarnos un correo electr\u00f3nico con sus requisitos espec\u00edficos. Nuestro equipo de ingenieros le responder\u00e1 en 24 horas, listos para colaborar en una soluci\u00f3n personalizada que se ajuste a sus necesidades, ya sea que se encuentre en el coraz\u00f3n de la hist\u00f3rica zona industrial de Florencia o en las modernas plantas de fabricaci\u00f3n de Bolonia.<\/p>\n<h3>Experiencia local en toda Italia<\/h3>\n<p class=\"break-words\">FMP Company se enorgullece de atender a clientes en toda Italia, aprovechando nuestro profundo conocimiento de los mercados locales para ofrecer soluciones a medida. Desde Mil\u00e1n, un centro neur\u00e1lgico de la innovaci\u00f3n industrial, hasta Venecia, con su rico patrimonio mar\u00edtimo, y desde Florencia, con su artesan\u00eda de precisi\u00f3n, hasta Bolonia, un centro de excelencia en ingenier\u00eda, FMP es su socio local para engranajes helicoidales dobles premium. Nuestras capacidades de fabricaci\u00f3n globales, junto con nuestro soporte local, le garantizan un servicio y productos de primera calidad dondequiera que est\u00e9.<\/p>\n<h2>\u00bfPor qu\u00e9 elegir la empresa FMP?<\/h2>\n<ul class=\"marker:text-secondary\">\n<li class=\"break-words\"><strong>Fabricaci\u00f3n de precisi\u00f3n<\/strong>Nuestros engranajes est\u00e1n dise\u00f1ados para funcionar de manera eficiente, satisfaciendo las rigurosas demandas de las industrias italianas.<\/li>\n<li class=\"break-words\"><strong>Flexibilidad personalizada<\/strong>Nos adaptamos a tus especificaciones, por muy \u00fanicas que sean.<\/li>\n<li class=\"break-words\"><strong>Respuesta r\u00e1pida<\/strong>Cont\u00e1ctenos hoy y recibir\u00e1 una respuesta de nuestros ingenieros dentro de las 24 horas.<\/li>\n<li class=\"break-words\"><strong>Presencia local<\/strong>:Apoyando a Mil\u00e1n, Venecia, Florencia, Bolonia y m\u00e1s all\u00e1 con una experiencia inigualable.<\/li>\n<\/ul>\n<p class=\"break-words\">Para m\u00e1s informaci\u00f3n sobre nuestros engranajes helicoidales dobles para maquinaria pesada o para hablar sobre sus necesidades personalizadas, contacte con FMP Company. Ya sea que est\u00e9 optimizando una caja de engranajes en Mil\u00e1n, impulsando un barco en Venecia o operando una turbina en Florencia, nuestro equipo est\u00e1 aqu\u00ed para ofrecerle las mejores soluciones de engranajes para sus aplicaciones industriales. \u00a1Cont\u00e1ctenos ahora y aportemos precisi\u00f3n y potencia a su pr\u00f3ximo proyecto!<\/p>\n<\/div>\n<\/div>\n<table style=\"border-collapse: collapse; width: 100.237%; height: 33px;\" border=\"0\" width=\"243\" cellspacing=\"0\" cellpadding=\"0\">\n<tbody>\n<tr style=\"height: 14.40pt;\">\n<td style=\"height: 14.40pt; width: 48.60pt;\" align=\"right\" width=\"81\" height=\"24\"><img loading=\"lazy\" decoding=\"async\" class=\"size-full wp-image-7348 aligncenter\" src=\"https:\/\/fmp-components.com\/wp-content\/uploads\/2025\/03\/Heavy-Machinery-Double-Helical-Gear-product-3.webp\" alt=\"Maquinaria pesada - Engranaje helicoidal doble - Producto 3\" width=\"317\" height=\"243\" title=\"\" srcset=\"https:\/\/fmp-components.com\/wp-content\/uploads\/2025\/03\/Heavy-Machinery-Double-Helical-Gear-product-3.webp 317w, https:\/\/fmp-components.com\/wp-content\/uploads\/2025\/03\/Heavy-Machinery-Double-Helical-Gear-product-3-300x230.webp 300w, https:\/\/fmp-components.com\/wp-content\/uploads\/2025\/03\/Heavy-Machinery-Double-Helical-Gear-product-3-16x12.webp 16w\" sizes=\"(max-width: 317px) 100vw, 317px\" \/><\/td>\n<td style=\"width: 48.60pt;\" align=\"right\" width=\"81\"><img loading=\"lazy\" decoding=\"async\" class=\"size-full wp-image-7349 aligncenter\" src=\"https:\/\/fmp-components.com\/wp-content\/uploads\/2025\/03\/Heavy-Machinery-Double-Helical-Gear-product-2.webp\" alt=\"Maquinaria pesada - Engranaje helicoidal doble\" width=\"318\" height=\"247\" title=\"\" srcset=\"https:\/\/fmp-components.com\/wp-content\/uploads\/2025\/03\/Heavy-Machinery-Double-Helical-Gear-product-2.webp 318w, https:\/\/fmp-components.com\/wp-content\/uploads\/2025\/03\/Heavy-Machinery-Double-Helical-Gear-product-2-300x233.webp 300w, https:\/\/fmp-components.com\/wp-content\/uploads\/2025\/03\/Heavy-Machinery-Double-Helical-Gear-product-2-15x12.webp 15w\" sizes=\"(max-width: 318px) 100vw, 318px\" \/><\/td>\n<td style=\"width: 48.60pt;\" align=\"right\" width=\"81\"><img loading=\"lazy\" decoding=\"async\" class=\"size-full wp-image-7350 aligncenter\" src=\"https:\/\/fmp-components.com\/wp-content\/uploads\/2025\/03\/Heavy-Machinery-Double-Helical-Gear-product-1.webp\" alt=\"Maquinaria pesada - Engranaje helicoidal doble\" width=\"400\" height=\"293\" title=\"\" srcset=\"https:\/\/fmp-components.com\/wp-content\/uploads\/2025\/03\/Heavy-Machinery-Double-Helical-Gear-product-1.webp 400w, https:\/\/fmp-components.com\/wp-content\/uploads\/2025\/03\/Heavy-Machinery-Double-Helical-Gear-product-1-300x220.webp 300w, https:\/\/fmp-components.com\/wp-content\/uploads\/2025\/03\/Heavy-Machinery-Double-Helical-Gear-product-1-16x12.webp 16w\" sizes=\"(max-width: 400px) 100vw, 400px\" \/><\/td>\n<\/tr>\n<\/tbody>\n<\/table>\n<table style=\"border-collapse: collapse; width: 100.046%; height: 10px;\" border=\"0\" width=\"162\" cellspacing=\"0\" cellpadding=\"0\">\n<tbody>\n<tr style=\"height: 14.40pt;\">\n<td style=\"height: 10px; width: 45.8244%;\" align=\"right\" width=\"81\" height=\"24\"><img loading=\"lazy\" decoding=\"async\" class=\"wp-image-7351 aligncenter\" src=\"https:\/\/fmp-components.com\/wp-content\/uploads\/2025\/03\/Heavy-Machinery-Double-Helical-Gear-product-5.webp\" alt=\"Maquinaria pesada - Engranaje helicoidal doble\" width=\"472\" height=\"765\" title=\"\" srcset=\"https:\/\/fmp-components.com\/wp-content\/uploads\/2025\/03\/Heavy-Machinery-Double-Helical-Gear-product-5.webp 400w, https:\/\/fmp-components.com\/wp-content\/uploads\/2025\/03\/Heavy-Machinery-Double-Helical-Gear-product-5-185x300.webp 185w, https:\/\/fmp-components.com\/wp-content\/uploads\/2025\/03\/Heavy-Machinery-Double-Helical-Gear-product-5-7x12.webp 7w\" sizes=\"(max-width: 472px) 100vw, 472px\" \/><\/td>\n<td style=\"width: 54.1756%; height: 10px;\" align=\"right\" width=\"81\"><img loading=\"lazy\" decoding=\"async\" class=\"wp-image-7352 aligncenter\" src=\"https:\/\/fmp-components.com\/wp-content\/uploads\/2025\/03\/Heavy-Machinery-Double-Helical-Gear-product-4.webp\" alt=\"Maquinaria pesada - Engranaje helicoidal doble\" width=\"518\" height=\"715\" title=\"\" srcset=\"https:\/\/fmp-components.com\/wp-content\/uploads\/2025\/03\/Heavy-Machinery-Double-Helical-Gear-product-4.webp 400w, https:\/\/fmp-components.com\/wp-content\/uploads\/2025\/03\/Heavy-Machinery-Double-Helical-Gear-product-4-217x300.webp 217w, https:\/\/fmp-components.com\/wp-content\/uploads\/2025\/03\/Heavy-Machinery-Double-Helical-Gear-product-4-9x12.webp 9w\" sizes=\"(max-width: 518px) 100vw, 518px\" \/><\/td>\n<\/tr>\n<\/tbody>\n<\/table>\n<\/div>","protected":false},"excerpt":{"rendered":"<p>Heavy Machinery Double Helical Gear: Precision and Power for Industrial Applications At FMP Company, we pride ourselves on manufacturing a wide range of these exceptional gears, tailored to meet the demands of heavy-duty industries across Italy\u2014including key hubs like Milan, Venice, Florence, and Bologna\u2014and beyond. What Are Double Helical Gears? Double helical gears, often referred [&hellip;]<\/p>","protected":false},"featured_media":4588,"comment_status":"open","ping_status":"closed","template":"","meta":{"_et_pb_use_builder":"","_et_pb_old_content":"","_et_gb_content_width":""},"product_brand":[],"product_cat":[108],"product_tag":[],"class_list":{"0":"post-7346","1":"product","2":"type-product","3":"status-publish","4":"has-post-thumbnail","6":"product_cat-helical-gear","8":"first","9":"instock","10":"shipping-taxable","11":"product-type-simple"},"_links":{"self":[{"href":"https:\/\/fmp-components.com\/es\/wp-json\/wp\/v2\/product\/7346","targetHints":{"allow":["GET"]}}],"collection":[{"href":"https:\/\/fmp-components.com\/es\/wp-json\/wp\/v2\/product"}],"about":[{"href":"https:\/\/fmp-components.com\/es\/wp-json\/wp\/v2\/types\/product"}],"replies":[{"embeddable":true,"href":"https:\/\/fmp-components.com\/es\/wp-json\/wp\/v2\/comments?post=7346"}],"wp:featuredmedia":[{"embeddable":true,"href":"https:\/\/fmp-components.com\/es\/wp-json\/wp\/v2\/media\/4588"}],"wp:attachment":[{"href":"https:\/\/fmp-components.com\/es\/wp-json\/wp\/v2\/media?parent=7346"}],"wp:term":[{"taxonomy":"product_brand","embeddable":true,"href":"https:\/\/fmp-components.com\/es\/wp-json\/wp\/v2\/product_brand?post=7346"},{"taxonomy":"product_cat","embeddable":true,"href":"https:\/\/fmp-components.com\/es\/wp-json\/wp\/v2\/product_cat?post=7346"},{"taxonomy":"product_tag","embeddable":true,"href":"https:\/\/fmp-components.com\/es\/wp-json\/wp\/v2\/product_tag?post=7346"}],"curies":[{"name":"gracias","href":"https:\/\/api.w.org\/{rel}","templated":true}]}}