{"id":7345,"date":"2025-03-23T08:22:06","date_gmt":"2025-03-23T08:22:06","guid":{"rendered":"https:\/\/fmp-components.com\/?post_type=product&#038;p=7345"},"modified":"2025-03-26T08:46:20","modified_gmt":"2025-03-26T08:46:20","slug":"carbon-steel-double-helical-gear","status":"publish","type":"product","link":"https:\/\/fmp-components.com\/es\/product\/carbon-steel-double-helical-gear\/","title":{"rendered":"Engranaje helicoidal doble de acero al carbono"},"content":{"rendered":"<h2>Especificaci\u00f3n del producto<\/h2>\n<div class=\"table-responsive\">\n<table class=\"table\" style=\"width: 95.4894%; height: 145px;\" border=\"1\">\n<tbody>\n<tr>\n<td>Material<\/td>\n<td>Acero inoxidable<\/td>\n<\/tr>\n<tr>\n<td>Espesor (mm)<\/td>\n<td>50 a 150<\/td>\n<\/tr>\n<tr>\n<td>Grado del material<\/td>\n<td>SS304<\/td>\n<\/tr>\n<tr>\n<td>Capacidad de fresado<\/td>\n<td>5 mm - 100 mm<\/td>\n<\/tr>\n<tr>\n<td>\u00c1ngulo de presi\u00f3n<\/td>\n<td>20 grados<\/td>\n<\/tr>\n<\/tbody>\n<\/table>\n<div>\n<h2>Engranajes helicoidales dobles de acero al carbono de alta calidad de FMP<\/h2>\n<p class=\"break-words\">Doble de acero al carbono <a href=\"https:\/\/fmp-components.com\/es\/helical-gears\/\">Engranajes helicoidales<\/a> Son componentes de alto rendimiento apreciados por su capacidad para brindar una transmisi\u00f3n de potencia suave y eficiente en exigentes aplicaciones industriales. Reconocidos por su alta coincidencia, baja carga axial, mayor capacidad de carga y funcionamiento estable, estos engranajes garantizan un rendimiento fiable incluso bajo cargas pesadas, lo que los hace ideales para industrias como la manufactura, la miner\u00eda y la generaci\u00f3n de energ\u00eda. En FMP Company, nos especializamos en la producci\u00f3n de una amplia gama de engranajes helicoidales dobles de acero al carbono, aprovechando nuestras avanzadas capacidades de fabricaci\u00f3n para cumplir con los m\u00e1s altos est\u00e1ndares de precisi\u00f3n y durabilidad. Nuestros engranajes se fabrican utilizando m\u00e9todos generativos de vanguardia para abordar las complejidades del procesamiento de engranajes helicoidales dobles, lo que garantiza una calidad constante a pesar de los desaf\u00edos que los m\u00e9todos de fresado o tallado no siempre pueden resolver. Con m\u00e1s de una d\u00e9cada de experiencia en la industria, FMP es su socio de confianza para soluciones de engranajes duraderas y de ingenier\u00eda de precisi\u00f3n.<\/p>\n<h3>Soluciones personalizadas y soporte experto<\/h3>\n<p class=\"break-words\">En FMP, sabemos que cada proyecto requiere especificaciones \u00fanicas, por eso ofrecemos fabricaci\u00f3n a medida de engranajes helicoidales dobles de acero al carbono. Si necesita un tama\u00f1o, dise\u00f1o o material espec\u00edfico, nuestros ingenieros especializados est\u00e1n listos para brindarle soluciones personalizadas que satisfagan sus necesidades exactas. Si no encuentra el modelo que busca en nuestro cat\u00e1logo, no se preocupe; simplemente significa que a\u00fan no lo hemos incluido. Le invitamos cordialmente a contactarnos por correo electr\u00f3nico con sus requisitos, y nuestro equipo de ingenieros especializados le responder\u00e1 a la brevedad. <strong>24 horas<\/strong> Para hablar sobre c\u00f3mo podemos ayudarle. Con una amplia experiencia en el sector y un compromiso con la satisfacci\u00f3n del cliente, FMP le garantiza equipos de primera calidad y un soporte excepcional a precios competitivos. \u00a1Cont\u00e1ctenos hoy mismo para pedidos personalizados o consultas sobre venta al por mayor!<\/p>\n<\/div>\n<\/div>","protected":false},"excerpt":{"rendered":"<p>Product Specification Material Stainless Steel Thickness (mm) 50 to 150 Material Grade SS304 Hobbing Capacity 5 mm -100 mm Pressure Angle 20 Degree Premium Carbon Steel Double Helical Gears from FMP Carbon Steel Double Helical Gears are high-performance components prized for their ability to deliver smooth, efficient power transmission in demanding industrial applications. Known for [&hellip;]<\/p>","protected":false},"featured_media":4583,"comment_status":"open","ping_status":"closed","template":"","meta":{"_et_pb_use_builder":"","_et_pb_old_content":"","_et_gb_content_width":""},"product_brand":[],"product_cat":[108],"product_tag":[],"class_list":{"0":"post-7345","1":"product","2":"type-product","3":"status-publish","4":"has-post-thumbnail","6":"product_cat-helical-gear","8":"first","9":"instock","10":"shipping-taxable","11":"product-type-simple"},"_links":{"self":[{"href":"https:\/\/fmp-components.com\/es\/wp-json\/wp\/v2\/product\/7345","targetHints":{"allow":["GET"]}}],"collection":[{"href":"https:\/\/fmp-components.com\/es\/wp-json\/wp\/v2\/product"}],"about":[{"href":"https:\/\/fmp-components.com\/es\/wp-json\/wp\/v2\/types\/product"}],"replies":[{"embeddable":true,"href":"https:\/\/fmp-components.com\/es\/wp-json\/wp\/v2\/comments?post=7345"}],"wp:featuredmedia":[{"embeddable":true,"href":"https:\/\/fmp-components.com\/es\/wp-json\/wp\/v2\/media\/4583"}],"wp:attachment":[{"href":"https:\/\/fmp-components.com\/es\/wp-json\/wp\/v2\/media?parent=7345"}],"wp:term":[{"taxonomy":"product_brand","embeddable":true,"href":"https:\/\/fmp-components.com\/es\/wp-json\/wp\/v2\/product_brand?post=7345"},{"taxonomy":"product_cat","embeddable":true,"href":"https:\/\/fmp-components.com\/es\/wp-json\/wp\/v2\/product_cat?post=7345"},{"taxonomy":"product_tag","embeddable":true,"href":"https:\/\/fmp-components.com\/es\/wp-json\/wp\/v2\/product_tag?post=7345"}],"curies":[{"name":"gracias","href":"https:\/\/api.w.org\/{rel}","templated":true}]}}