{"id":7334,"date":"2025-03-23T07:39:24","date_gmt":"2025-03-23T07:39:24","guid":{"rendered":"https:\/\/fmp-components.com\/?post_type=product&#038;p=7334"},"modified":"2025-03-26T08:47:15","modified_gmt":"2025-03-26T08:47:15","slug":"rolling-mill-double-helical-gear","status":"publish","type":"product","link":"https:\/\/fmp-components.com\/es\/product\/rolling-mill-double-helical-gear\/","title":{"rendered":"Engranaje helicoidal doble de laminador"},"content":{"rendered":"<div>\n<h2 class=\"break-words\">Engranajes helicoidales dobles de alta calidad para laminadores de FMP<\/h2>\n<p class=\"break-words\">Los engranajes helicoidales dobles para laminadores son componentes esenciales en la industria del acero y el procesamiento de metales, reconocidos por su capacidad para gestionar un alto par y garantizar una transmisi\u00f3n de potencia suave y eficiente. En FMP, nos enorgullecemos de producir una amplia variedad de engranajes helicoidales dobles para laminadores. <a href=\"https:\/\/fmp-components.com\/es\/helical-gears\/\">Engranajes helicoidales<\/a> Dise\u00f1ados para satisfacer las diversas necesidades de nuestros clientes. Ya sea que busque modelos est\u00e1ndar o requiera soluciones personalizadas, nuestros engranajes se fabrican con precisi\u00f3n utilizando materiales avanzados y tecnolog\u00eda de vanguardia. Esto garantiza una durabilidad, fiabilidad y rendimiento excepcionales, incluso en las condiciones industriales m\u00e1s exigentes. FMP es su socio ideal para la fabricaci\u00f3n de engranajes de primera calidad a la medida de sus necesidades espec\u00edficas.<\/p>\n<\/div>\n<p><img loading=\"lazy\" decoding=\"async\" class=\"alignnone size-full wp-image-7336\" src=\"https:\/\/fmp-components.com\/wp-content\/uploads\/2025\/03\/Rolling-Mill-Double-Helical-Gear-1.webp\" alt=\"Engranaje helicoidal doble para laminador\" width=\"1024\" height=\"768\" title=\"\" srcset=\"https:\/\/fmp-components.com\/wp-content\/uploads\/2025\/03\/Rolling-Mill-Double-Helical-Gear-1.webp 1024w, https:\/\/fmp-components.com\/wp-content\/uploads\/2025\/03\/Rolling-Mill-Double-Helical-Gear-1-980x735.webp 980w, https:\/\/fmp-components.com\/wp-content\/uploads\/2025\/03\/Rolling-Mill-Double-Helical-Gear-1-480x360.webp 480w\" sizes=\"(min-width: 0px) and (max-width: 480px) 480px, (min-width: 481px) and (max-width: 980px) 980px, (min-width: 981px) 1024px, 100vw\" \/><\/p>\n<table class=\"table\" style=\"width: 98.8929%; height: 138px;\" border=\"1\">\n<tbody>\n<tr>\n<td>Solicitud:<\/td>\n<td>Maquinaria, Marina, Maquinaria Agr\u00edcola<\/td>\n<\/tr>\n<tr>\n<td>Dureza:<\/td>\n<td>Superficie del diente endurecida<\/td>\n<\/tr>\n<tr>\n<td>Posici\u00f3n de marcha:<\/td>\n<td>Engranaje externo<\/td>\n<\/tr>\n<tr>\n<td>M\u00e9todo de fabricaci\u00f3n:<\/td>\n<td>Engranaje cortado<\/td>\n<\/tr>\n<tr>\n<td>Forma de la porci\u00f3n dentada:<\/td>\n<td>Engranaje helicoidal doble<\/td>\n<\/tr>\n<tr>\n<td>Material:<\/td>\n<td>42CrMo<\/td>\n<\/tr>\n<\/tbody>\n<\/table>\n<h2>Engranajes de transmisi\u00f3n personalizados: engranajes helicoidales dobles para laminadores<\/h2>\n<p>Engranaje helicoidal doble de laminador<br \/>\nEngranajes de transmisi\u00f3n personalizados<\/p>\n<div class=\"table-responsive\">\n<table class=\"table\" style=\"width: 99.8919%; height: 196px;\" border=\"1\">\n<tbody>\n<tr>\n<td>M\u00f3dulo<\/td>\n<td>Por encargo<\/td>\n<\/tr>\n<tr>\n<td>N\u00famero de dientes del engranaje<\/td>\n<td>Por encargo<\/td>\n<\/tr>\n<tr>\n<td>Material<\/td>\n<td>42CrMo<\/td>\n<\/tr>\n<tr>\n<td>M\u00e9todo de fabricaci\u00f3n de engranajes<\/td>\n<td>Fresado o tallado de engranajes<\/td>\n<\/tr>\n<tr>\n<td>Tratamiento t\u00e9rmico<\/td>\n<td>Extinci\u00f3n de alta frecuencia<\/td>\n<\/tr>\n<tr>\n<td>Rectificado de dientes de engranajes<\/td>\n<td>Opciones<\/td>\n<\/tr>\n<\/tbody>\n<\/table>\n<\/div>\n<p>Material: AISI 4140\/ 42CrMo\/ SCM 440<\/p>\n<div class=\"table-responsive\">\n<table class=\"table\" style=\"width: 100.189%; height: 301px;\" border=\"1\">\n<tbody>\n<tr style=\"height: 47px;\">\n<td style=\"height: 47px; width: 41.5825%;\">COMPARACI\u00d3N DE GRADOS DEL C\u00d3DIGO DE ACERO<\/td>\n<td style=\"height: 47px; width: 12.4579%;\"><\/td>\n<td style=\"height: 47px; width: 11.9529%;\"><\/td>\n<td style=\"height: 47px; width: 7.23906%;\"><\/td>\n<td style=\"height: 47px; width: 11.4478%;\"><\/td>\n<td style=\"height: 47px; width: 70.5387%;\"><\/td>\n<\/tr>\n<tr style=\"height: 23px;\">\n<td style=\"height: 23px; width: 41.5825%;\">CHINA\/GB<\/td>\n<td style=\"height: 23px; width: 12.4579%;\">ISO<\/td>\n<td style=\"height: 23px; width: 11.9529%;\">GOST<\/td>\n<td style=\"height: 23px; width: 7.23906%;\">ASTM<\/td>\n<td style=\"height: 23px; width: 11.4478%;\">JIS<\/td>\n<td style=\"height: 23px; width: 70.5387%;\">ESTRUENDO<\/td>\n<\/tr>\n<tr style=\"height: 23px;\">\n<td style=\"height: 23px; width: 41.5825%;\">45<\/td>\n<td style=\"height: 23px; width: 12.4579%;\">C45E4<\/td>\n<td style=\"height: 23px; width: 11.9529%;\">45<\/td>\n<td style=\"height: 23px; width: 7.23906%;\">1045<\/td>\n<td style=\"height: 23px; width: 11.4478%;\">S45C<\/td>\n<td style=\"height: 23px; width: 70.5387%;\">CK45<\/td>\n<\/tr>\n<tr style=\"height: 23px;\">\n<td style=\"height: 23px; width: 41.5825%;\">40Cr<\/td>\n<td style=\"height: 23px; width: 12.4579%;\">41Cr4<\/td>\n<td style=\"height: 23px; width: 11.9529%;\">40X<\/td>\n<td style=\"height: 23px; width: 7.23906%;\">5140<\/td>\n<td style=\"height: 23px; width: 11.4478%;\">SCr440<\/td>\n<td style=\"height: 23px; width: 70.5387%;\">41Cr4<\/td>\n<\/tr>\n<tr style=\"height: 23px;\">\n<td style=\"height: 23px; width: 41.5825%;\">20CrMo<\/td>\n<td style=\"height: 23px; width: 12.4579%;\">18CrMo4<\/td>\n<td style=\"height: 23px; width: 11.9529%;\">20\u0425\u041c<\/td>\n<td style=\"height: 23px; width: 7.23906%;\">4118<\/td>\n<td style=\"height: 23px; width: 11.4478%;\">SCM22<\/td>\n<td style=\"height: 23px; width: 70.5387%;\">25CrMo4<\/td>\n<\/tr>\n<tr style=\"height: 23px;\">\n<td style=\"height: 23px; width: 41.5825%;\">42CrMo<\/td>\n<td style=\"height: 23px; width: 12.4579%;\">42CrMo4<\/td>\n<td style=\"height: 23px; width: 11.9529%;\">38XM<\/td>\n<td style=\"height: 23px; width: 7.23906%;\">4140<\/td>\n<td style=\"height: 23px; width: 11.4478%;\">SCM440<\/td>\n<td style=\"height: 23px; width: 70.5387%;\">42CrMo4<\/td>\n<\/tr>\n<tr style=\"height: 23px;\">\n<td style=\"height: 23px; width: 41.5825%;\">20CrMnTi<\/td>\n<td style=\"height: 23px; width: 12.4579%;\"><\/td>\n<td style=\"height: 23px; width: 11.9529%;\">18XGT<\/td>\n<td style=\"height: 23px; width: 7.23906%;\"><\/td>\n<td style=\"height: 23px; width: 11.4478%;\">SMK22<\/td>\n<td style=\"height: 23px; width: 70.5387%;\"><\/td>\n<\/tr>\n<tr style=\"height: 23px;\">\n<td style=\"height: 23px; width: 41.5825%;\">20Cr2Ni4<\/td>\n<td style=\"height: 23px; width: 12.4579%;\"><\/td>\n<td style=\"height: 23px; width: 11.9529%;\">20X2H4A<\/td>\n<td style=\"height: 23px; width: 7.23906%;\"><\/td>\n<td style=\"height: 23px; width: 11.4478%;\"><\/td>\n<td style=\"height: 23px; width: 70.5387%;\"><\/td>\n<\/tr>\n<tr style=\"height: 23px;\">\n<td style=\"height: 23px; width: 41.5825%;\">20CrNiMo<\/td>\n<td style=\"height: 23px; width: 12.4579%;\">20CrNiMo2<\/td>\n<td style=\"height: 23px; width: 11.9529%;\">20XHM<\/td>\n<td style=\"height: 23px; width: 7.23906%;\">8720<\/td>\n<td style=\"height: 23px; width: 11.4478%;\">SNCM220<\/td>\n<td style=\"height: 23px; width: 70.5387%;\">21NiCrMo2<\/td>\n<\/tr>\n<tr style=\"height: 47px;\">\n<td style=\"height: 47px; width: 41.5825%;\">40CrNiMoA<\/td>\n<td style=\"height: 47px; width: 12.4579%;\"><\/td>\n<td style=\"height: 47px; width: 11.9529%;\">40XH2MA\/<br \/>\n40XHMA<\/td>\n<td style=\"height: 47px; width: 7.23906%;\">4340<\/td>\n<td style=\"height: 47px; width: 11.4478%;\">SNCM439<\/td>\n<td style=\"height: 47px; width: 70.5387%;\">40NiCrMo6\/<br \/>\n36NiCrMo4<\/td>\n<\/tr>\n<tr style=\"height: 23px;\">\n<td style=\"height: 23px; width: 41.5825%;\">20CrNi2Mo<\/td>\n<td style=\"height: 23px; width: 12.4579%;\">20NiCrMo7<\/td>\n<td style=\"height: 23px; width: 11.9529%;\">20XH2MA<\/td>\n<td style=\"height: 23px; width: 7.23906%;\">4320<\/td>\n<td style=\"height: 23px; width: 11.4478%;\">SNCM420<\/td>\n<td style=\"height: 23px; width: 70.5387%;\"><\/td>\n<\/tr>\n<\/tbody>\n<\/table>\n<\/div>\n<p><img loading=\"lazy\" decoding=\"async\" class=\"wp-image-7342 aligncenter\" src=\"https:\/\/fmp-components.com\/wp-content\/uploads\/2025\/03\/Rolling-Mill-Double-Helical-Gear-6.webp\" alt=\"Laminador de engranajes helicoidales dobles 6\" width=\"952\" height=\"569\" title=\"\" srcset=\"https:\/\/fmp-components.com\/wp-content\/uploads\/2025\/03\/Rolling-Mill-Double-Helical-Gear-6.webp 400w, https:\/\/fmp-components.com\/wp-content\/uploads\/2025\/03\/Rolling-Mill-Double-Helical-Gear-6-300x179.webp 300w, https:\/\/fmp-components.com\/wp-content\/uploads\/2025\/03\/Rolling-Mill-Double-Helical-Gear-6-18x12.webp 18w\" sizes=\"(max-width: 952px) 100vw, 952px\" \/><\/p>\n<div class=\"table-responsive\">\n<h3 class=\"break-words\">Soluciones personalizadas y soporte dedicado<\/h3>\n<p class=\"break-words\">En FMP, entendemos que cada proyecto es \u00fanico, por eso ofrecemos servicios a medida para engranajes helicoidales dobles para laminadores que se ajustan exactamente a sus especificaciones. Si no encuentra el modelo que necesita en nuestra lista de productos, no se preocupe, simplemente significa que a\u00fan no lo hemos publicado. Le invitamos a contactarnos por correo electr\u00f3nico con sus requisitos espec\u00edficos y nuestro equipo de ingenieros expertos le responder\u00e1 en 24 horas. Con un firme compromiso con la satisfacci\u00f3n del cliente y una experiencia l\u00edder en el sector, FMP le garantiza soluciones personalizadas y de alta calidad que cumplen con los m\u00e1s altos est\u00e1ndares de excelencia. \u00a1Cont\u00e1ctenos hoy mismo para descubrir c\u00f3mo podemos satisfacer sus necesidades!<\/p>\n<table style=\"border-collapse: collapse; width: 100.432%; height: 5px;\" border=\"0\" width=\"324\" cellspacing=\"0\" cellpadding=\"0\">\n<tbody>\n<tr style=\"height: 14.40pt;\">\n<td style=\"height: 14.4pt; width: 33.9018%;\" align=\"right\" width=\"81\" height=\"24\"><img loading=\"lazy\" decoding=\"async\" class=\"size-full wp-image-7337 aligncenter\" src=\"https:\/\/fmp-components.com\/wp-content\/uploads\/2025\/03\/Rolling-Mill-Double-Helical-Gear-2.webp\" alt=\"Engranaje helicoidal doble para laminador\" width=\"576\" height=\"768\" title=\"\" srcset=\"https:\/\/fmp-components.com\/wp-content\/uploads\/2025\/03\/Rolling-Mill-Double-Helical-Gear-2.webp 576w, https:\/\/fmp-components.com\/wp-content\/uploads\/2025\/03\/Rolling-Mill-Double-Helical-Gear-2-480x640.webp 480w\" sizes=\"(min-width: 0px) and (max-width: 480px) 480px, (min-width: 481px) 576px, 100vw\" \/><\/td>\n<td style=\"width: 32.7293%;\" align=\"right\" width=\"81\"><img loading=\"lazy\" decoding=\"async\" class=\"size-full wp-image-7338 aligncenter\" src=\"https:\/\/fmp-components.com\/wp-content\/uploads\/2025\/03\/Rolling-Mill-Double-Helical-Gear-3.webp\" alt=\"Engranaje helicoidal doble para laminador\" width=\"576\" height=\"768\" title=\"\" srcset=\"https:\/\/fmp-components.com\/wp-content\/uploads\/2025\/03\/Rolling-Mill-Double-Helical-Gear-3.webp 576w, https:\/\/fmp-components.com\/wp-content\/uploads\/2025\/03\/Rolling-Mill-Double-Helical-Gear-3-480x640.webp 480w\" sizes=\"(min-width: 0px) and (max-width: 480px) 480px, (min-width: 481px) 576px, 100vw\" \/><\/td>\n<td style=\"width: 33.1557%;\" align=\"right\" width=\"81\"><img loading=\"lazy\" decoding=\"async\" class=\"size-full wp-image-7339 aligncenter\" src=\"https:\/\/fmp-components.com\/wp-content\/uploads\/2025\/03\/Rolling-Mill-Double-Helical-Gear-4.webp\" alt=\"Engranaje helicoidal doble para laminador\" width=\"576\" height=\"768\" title=\"\" srcset=\"https:\/\/fmp-components.com\/wp-content\/uploads\/2025\/03\/Rolling-Mill-Double-Helical-Gear-4.webp 576w, https:\/\/fmp-components.com\/wp-content\/uploads\/2025\/03\/Rolling-Mill-Double-Helical-Gear-4-480x640.webp 480w\" sizes=\"(min-width: 0px) and (max-width: 480px) 480px, (min-width: 481px) 576px, 100vw\" \/><\/td>\n<\/tr>\n<\/tbody>\n<\/table>\n<\/div>","protected":false},"excerpt":{"rendered":"<p>High-Quality Rolling Mill Double Helical Gears from FMP Rolling Mill Double Helical Gears are essential components in the steel and metal processing industry, renowned for their ability to manage high torque and ensure smooth, efficient power transmission. At FMP, we take pride in producing a wide variety of Rolling Mill Double Helical Gears designed to [&hellip;]<\/p>","protected":false},"featured_media":4578,"comment_status":"open","ping_status":"closed","template":"","meta":{"_et_pb_use_builder":"","_et_pb_old_content":"","_et_gb_content_width":""},"product_brand":[],"product_cat":[108],"product_tag":[],"class_list":{"0":"post-7334","1":"product","2":"type-product","3":"status-publish","4":"has-post-thumbnail","6":"product_cat-helical-gear","8":"first","9":"instock","10":"shipping-taxable","11":"product-type-simple"},"_links":{"self":[{"href":"https:\/\/fmp-components.com\/es\/wp-json\/wp\/v2\/product\/7334","targetHints":{"allow":["GET"]}}],"collection":[{"href":"https:\/\/fmp-components.com\/es\/wp-json\/wp\/v2\/product"}],"about":[{"href":"https:\/\/fmp-components.com\/es\/wp-json\/wp\/v2\/types\/product"}],"replies":[{"embeddable":true,"href":"https:\/\/fmp-components.com\/es\/wp-json\/wp\/v2\/comments?post=7334"}],"wp:featuredmedia":[{"embeddable":true,"href":"https:\/\/fmp-components.com\/es\/wp-json\/wp\/v2\/media\/4578"}],"wp:attachment":[{"href":"https:\/\/fmp-components.com\/es\/wp-json\/wp\/v2\/media?parent=7334"}],"wp:term":[{"taxonomy":"product_brand","embeddable":true,"href":"https:\/\/fmp-components.com\/es\/wp-json\/wp\/v2\/product_brand?post=7334"},{"taxonomy":"product_cat","embeddable":true,"href":"https:\/\/fmp-components.com\/es\/wp-json\/wp\/v2\/product_cat?post=7334"},{"taxonomy":"product_tag","embeddable":true,"href":"https:\/\/fmp-components.com\/es\/wp-json\/wp\/v2\/product_tag?post=7334"}],"curies":[{"name":"gracias","href":"https:\/\/api.w.org\/{rel}","templated":true}]}}