{"id":7332,"date":"2025-03-23T07:37:55","date_gmt":"2025-03-23T07:37:55","guid":{"rendered":"https:\/\/fmp-components.com\/?post_type=product&#038;p=7332"},"modified":"2025-03-26T08:47:29","modified_gmt":"2025-03-26T08:47:29","slug":"industrial-alloy-steel-double-helical-gears","status":"publish","type":"product","link":"https:\/\/fmp-components.com\/es\/product\/industrial-alloy-steel-double-helical-gears\/","title":{"rendered":"Engranajes helicoidales dobles de acero aleado industrial"},"content":{"rendered":"<div>En FMP Company, estamos orgullosos de fabricar una amplia variedad de aceros de aleaci\u00f3n de doble <a href=\"https:\/\/fmp-components.com\/es\/helical-gears\/\">Engranajes helicoidales<\/a>Dise\u00f1ados para ofrecer precisi\u00f3n y durabilidad en diversas aplicaciones industriales. Ya sea que necesite dise\u00f1os est\u00e1ndar o algo \u00fanico, aceptamos con gusto pedidos personalizados para satisfacer sus especificaciones exactas. \u00bfNo encuentra el modelo que busca en nuestra lista de productos? No se preocupe, simplemente significa que a\u00fan no hemos actualizado nuestro cat\u00e1logo en l\u00ednea. Simplemente env\u00edenos un correo electr\u00f3nico con sus requisitos y nuestros ingenieros expertos se pondr\u00e1n en contacto con usted en 24 horas con una soluci\u00f3n a su medida. \u00a1Perm\u00edtanos ayudarle a encontrar el equipo perfecto para su proyecto!<\/div>\n<div><\/div>\n<table class=\"table\" style=\"width: 101.013%; height: 165px;\" border=\"1\">\n<tbody>\n<tr>\n<td style=\"width: 38.6592%;\">Tipo de engranaje<\/td>\n<td style=\"width: 60.6704%;\">Doble h\u00e9lice<\/td>\n<\/tr>\n<tr>\n<td style=\"width: 38.6592%;\">Uso\/Aplicaci\u00f3n<\/td>\n<td style=\"width: 60.6704%;\">Industrial<\/td>\n<\/tr>\n<tr>\n<td style=\"width: 38.6592%;\">Forma del diente<\/td>\n<td style=\"width: 60.6704%;\">Doble<\/td>\n<\/tr>\n<tr>\n<td style=\"width: 38.6592%;\">Material<\/td>\n<td style=\"width: 60.6704%;\">Acero aleado<\/td>\n<\/tr>\n<tr>\n<td style=\"width: 38.6592%;\">Forma<\/td>\n<td style=\"width: 60.6704%;\">Redondo<\/td>\n<\/tr>\n<tr>\n<td style=\"width: 38.6592%;\">Cantidad m\u00ednima de pedido<\/td>\n<td style=\"width: 60.6704%;\">1<\/td>\n<\/tr>\n<\/tbody>\n<\/table>\n<p><img loading=\"lazy\" decoding=\"async\" class=\"alignnone size-full wp-image-7333\" src=\"https:\/\/fmp-components.com\/wp-content\/uploads\/2025\/03\/double-helical-gear-.webp\" alt=\"engranaje helicoidal doble\" width=\"1000\" height=\"929\" title=\"\" srcset=\"https:\/\/fmp-components.com\/wp-content\/uploads\/2025\/03\/double-helical-gear-.webp 1000w, https:\/\/fmp-components.com\/wp-content\/uploads\/2025\/03\/double-helical-gear--980x910.webp 980w, https:\/\/fmp-components.com\/wp-content\/uploads\/2025\/03\/double-helical-gear--480x446.webp 480w\" sizes=\"(min-width: 0px) and (max-width: 480px) 480px, (min-width: 481px) and (max-width: 980px) 980px, (min-width: 981px) 1000px, 100vw\" \/><\/p>","protected":false},"excerpt":{"rendered":"<p>At FMP Company, we take pride in manufacturing a wide variety of Alloy Steel Double Helical Gears, crafted to deliver precision and durability for diverse industrial applications. Whether you need standard designs or something unique, we gladly accept custom orders to meet your exact specifications. Can\u2019t find the specific model you\u2019re looking for in our [&hellip;]<\/p>","protected":false},"featured_media":4591,"comment_status":"open","ping_status":"closed","template":"","meta":{"_et_pb_use_builder":"","_et_pb_old_content":"","_et_gb_content_width":""},"product_brand":[],"product_cat":[108],"product_tag":[],"class_list":{"0":"post-7332","1":"product","2":"type-product","3":"status-publish","4":"has-post-thumbnail","6":"product_cat-helical-gear","8":"first","9":"instock","10":"shipping-taxable","11":"product-type-simple"},"_links":{"self":[{"href":"https:\/\/fmp-components.com\/es\/wp-json\/wp\/v2\/product\/7332","targetHints":{"allow":["GET"]}}],"collection":[{"href":"https:\/\/fmp-components.com\/es\/wp-json\/wp\/v2\/product"}],"about":[{"href":"https:\/\/fmp-components.com\/es\/wp-json\/wp\/v2\/types\/product"}],"replies":[{"embeddable":true,"href":"https:\/\/fmp-components.com\/es\/wp-json\/wp\/v2\/comments?post=7332"}],"wp:featuredmedia":[{"embeddable":true,"href":"https:\/\/fmp-components.com\/es\/wp-json\/wp\/v2\/media\/4591"}],"wp:attachment":[{"href":"https:\/\/fmp-components.com\/es\/wp-json\/wp\/v2\/media?parent=7332"}],"wp:term":[{"taxonomy":"product_brand","embeddable":true,"href":"https:\/\/fmp-components.com\/es\/wp-json\/wp\/v2\/product_brand?post=7332"},{"taxonomy":"product_cat","embeddable":true,"href":"https:\/\/fmp-components.com\/es\/wp-json\/wp\/v2\/product_cat?post=7332"},{"taxonomy":"product_tag","embeddable":true,"href":"https:\/\/fmp-components.com\/es\/wp-json\/wp\/v2\/product_tag?post=7332"}],"curies":[{"name":"gracias","href":"https:\/\/api.w.org\/{rel}","templated":true}]}}