{"id":7326,"date":"2025-03-23T07:03:25","date_gmt":"2025-03-23T07:03:25","guid":{"rendered":"https:\/\/fmp-components.com\/?post_type=product&#038;p=7326"},"modified":"2025-03-26T08:47:52","modified_gmt":"2025-03-26T08:47:52","slug":"aircraft-double-helical-gear","status":"publish","type":"product","link":"https:\/\/fmp-components.com\/es\/product\/aircraft-double-helical-gear\/","title":{"rendered":"Engranaje helicoidal doble para aeronaves"},"content":{"rendered":"<p><img loading=\"lazy\" decoding=\"async\" class=\"alignnone size-full wp-image-7327\" src=\"https:\/\/fmp-components.com\/wp-content\/uploads\/2025\/03\/Aircraft-Double-Helical-Gear-1.webp\" alt=\"Engranaje helicoidal doble para aeronaves\" width=\"1214\" height=\"736\" title=\"\" srcset=\"https:\/\/fmp-components.com\/wp-content\/uploads\/2025\/03\/Aircraft-Double-Helical-Gear-1.webp 1214w, https:\/\/fmp-components.com\/wp-content\/uploads\/2025\/03\/Aircraft-Double-Helical-Gear-1-980x594.webp 980w, https:\/\/fmp-components.com\/wp-content\/uploads\/2025\/03\/Aircraft-Double-Helical-Gear-1-480x291.webp 480w\" sizes=\"(min-width: 0px) and (max-width: 480px) 480px, (min-width: 481px) and (max-width: 980px) 980px, (min-width: 981px) 1214px, 100vw\" \/><\/p>\n<p>Dimensiones: \u03a63 mm - \u03a6120 mm<br \/>\nM\u00f3dulo: M0.2<br \/>\nTipo de material: Metal seg\u00fan lo requiera el cliente<\/p>\n<div class=\"table-responsive\">\n<table class=\"table\" style=\"width: 101.086%; height: 352px;\" border=\"1\">\n<tbody>\n<tr>\n<td colspan=\"2\">Engranaje helicoidal doble para aeronaves<\/td>\n<\/tr>\n<tr>\n<td>Dimensi\u00f3n<\/td>\n<td>\u03a68 mm<\/td>\n<\/tr>\n<tr>\n<td>M\u00f3dulo<\/td>\n<td>M0.15-M2.0<\/td>\n<\/tr>\n<tr>\n<td>Tipo de material<\/td>\n<td>Metal, Bronce, Acero, Aleaci\u00f3n, POM, Zinc, Aluminio, Hierro, Acero inoxidable, Lat\u00f3n, Cobre<\/td>\n<\/tr>\n<tr>\n<td>Grado de mallado<\/td>\n<td>ISO6, JGMA 1, JIS 6, AGMA 13, estruendo 6, Din5, AGMA12<\/td>\n<\/tr>\n<tr>\n<td>Solicitud<\/td>\n<td>Automotriz, Militar, Aeronaves, Mec\u00e1nica, Industrial, M\u00e9dica<\/td>\n<\/tr>\n<tr>\n<td>Personalizado<\/td>\n<td>Fabricante de equipos originales (ODM)\/fabricante de equipos originales (OEM)<\/td>\n<\/tr>\n<tr>\n<td>Muestra<\/td>\n<td>Muestra disponible<\/td>\n<\/tr>\n<tr>\n<td>Modos de embalaje<\/td>\n<td>Envasado al vac\u00edo con bandeja de pl\u00e1stico<\/td>\n<\/tr>\n<tr>\n<td>Modos de entrega<\/td>\n<td>DHL y UPS<\/td>\n<\/tr>\n<tr>\n<td>Certificado<\/td>\n<td>ISO 9001:2008\/TS16949<\/td>\n<\/tr>\n<\/tbody>\n<\/table>\n<div>En FMP Company, fabricamos con orgullo una amplia gama de aviones de doble prop\u00f3sito. <a href=\"https:\/\/fmp-components.com\/es\/helical-gears\/\">Engranajes helicoidales<\/a>Dise\u00f1ado para satisfacer las diversas necesidades de la industria aeron\u00e1utica. Ya sea que busque modelos est\u00e1ndar o soluciones especializadas, tambi\u00e9n ofrecemos pedidos personalizados a la medida de sus necesidades. Si no encuentra el modelo exacto que necesita en nuestra lista de productos, no se preocupe, simplemente significa que a\u00fan no lo hemos publicado. Env\u00edenos un correo electr\u00f3nico con sus especificaciones y nuestros ingenieros expertos le responder\u00e1n en 24 horas para ayudarle a encontrar una soluci\u00f3n.<\/div>\n<p><img loading=\"lazy\" decoding=\"async\" class=\"wp-image-7328 aligncenter\" src=\"https:\/\/fmp-components.com\/wp-content\/uploads\/2025\/03\/Aircraft-Double-Helical-Gear-2.webp\" alt=\"Engranaje helicoidal doble para aeronaves\" width=\"952\" height=\"213\" title=\"\" srcset=\"https:\/\/fmp-components.com\/wp-content\/uploads\/2025\/03\/Aircraft-Double-Helical-Gear-2.webp 952w, https:\/\/fmp-components.com\/wp-content\/uploads\/2025\/03\/Aircraft-Double-Helical-Gear-2-480x108.webp 480w\" sizes=\"(min-width: 0px) and (max-width: 480px) 480px, (min-width: 481px) 952px, 100vw\" \/><\/p>\n<\/div>","protected":false},"excerpt":{"rendered":"<p>Dimension:\u03a63mm- \u03a6120mm Module: M0.2 Material Type: Metal as customer required Aircraft Double Helical Gear Dimension \u03a68mm Module M0.15-M2.0 Material Type Metal, Bronze, Steel, Alloy, POM, Zinc, Aluminum, Iron, Stainless, Brass, Copper Meshing Grade ISO6, JGMA 1, JIS 6, AGMA 13, DIN 6,Din5,AGMA12 Application Automotive, Military, Aircraft, Mechanical, industrial, Medical Customized ODM\/OEM Sample Sample available Modes [&hellip;]<\/p>","protected":false},"featured_media":4580,"comment_status":"open","ping_status":"closed","template":"","meta":{"_et_pb_use_builder":"","_et_pb_old_content":"","_et_gb_content_width":""},"product_brand":[],"product_cat":[108],"product_tag":[],"class_list":{"0":"post-7326","1":"product","2":"type-product","3":"status-publish","4":"has-post-thumbnail","6":"product_cat-helical-gear","8":"first","9":"instock","10":"shipping-taxable","11":"product-type-simple"},"_links":{"self":[{"href":"https:\/\/fmp-components.com\/es\/wp-json\/wp\/v2\/product\/7326","targetHints":{"allow":["GET"]}}],"collection":[{"href":"https:\/\/fmp-components.com\/es\/wp-json\/wp\/v2\/product"}],"about":[{"href":"https:\/\/fmp-components.com\/es\/wp-json\/wp\/v2\/types\/product"}],"replies":[{"embeddable":true,"href":"https:\/\/fmp-components.com\/es\/wp-json\/wp\/v2\/comments?post=7326"}],"wp:featuredmedia":[{"embeddable":true,"href":"https:\/\/fmp-components.com\/es\/wp-json\/wp\/v2\/media\/4580"}],"wp:attachment":[{"href":"https:\/\/fmp-components.com\/es\/wp-json\/wp\/v2\/media?parent=7326"}],"wp:term":[{"taxonomy":"product_brand","embeddable":true,"href":"https:\/\/fmp-components.com\/es\/wp-json\/wp\/v2\/product_brand?post=7326"},{"taxonomy":"product_cat","embeddable":true,"href":"https:\/\/fmp-components.com\/es\/wp-json\/wp\/v2\/product_cat?post=7326"},{"taxonomy":"product_tag","embeddable":true,"href":"https:\/\/fmp-components.com\/es\/wp-json\/wp\/v2\/product_tag?post=7326"}],"curies":[{"name":"gracias","href":"https:\/\/api.w.org\/{rel}","templated":true}]}}