{"id":7243,"date":"2025-03-21T01:45:53","date_gmt":"2025-03-21T01:45:53","guid":{"rendered":"https:\/\/fmp-components.com\/?post_type=product&#038;p=7243"},"modified":"2025-04-05T06:52:39","modified_gmt":"2025-04-05T06:52:39","slug":"plastic-worm-gears","status":"publish","type":"product","link":"https:\/\/fmp-components.com\/es\/product\/plastic-worm-gears\/","title":{"rendered":"Engranajes helicoidales de pl\u00e1stico"},"content":{"rendered":"<h2>Engranajes helicoidales de pl\u00e1stico: Soluciones duraderas y personalizables de FMP Company<\/h2>\n<p class=\"break-words\">Los engranajes helicoidales de pl\u00e1stico son componentes vitales en la maquinaria moderna, ya que ofrecen una combinaci\u00f3n \u00fanica de durabilidad, versatilidad y eficiencia. En FMP Company, nos especializamos en la fabricaci\u00f3n de engranajes helicoidales de pl\u00e1stico de alta calidad. <a href=\"https:\/\/fmp-components.com\/es\/worm-gear-and-worm-shaft-2\/\">engranajes helicoidales<\/a> Dise\u00f1ados para satisfacer las diversas necesidades de las industrias en Italia y otros pa\u00edses. Tanto si necesita modelos est\u00e1ndar como soluciones a medida, nuestra experiencia le garantiza productos fiables y adaptados a sus necesidades.<\/p>\n<p><img loading=\"lazy\" decoding=\"async\" class=\"size-full wp-image-7245 aligncenter\" src=\"https:\/\/fmp-components.com\/wp-content\/uploads\/2025\/03\/plastic-worm-gear-2.webp\" alt=\"engranaje helicoidal de pl\u00e1stico\" width=\"975\" height=\"762\" title=\"\" srcset=\"https:\/\/fmp-components.com\/wp-content\/uploads\/2025\/03\/plastic-worm-gear-2.webp 975w, https:\/\/fmp-components.com\/wp-content\/uploads\/2025\/03\/plastic-worm-gear-2-480x375.webp 480w\" sizes=\"(min-width: 0px) and (max-width: 480px) 480px, (min-width: 481px) 975px, 100vw\" \/><\/p>\n<div>\n<h3>\u00bfPor qu\u00e9 elegir engranajes helicoidales de pl\u00e1stico?<\/h3>\n<p class=\"break-words\">Los engranajes helicoidales de pl\u00e1stico ofrecen claras ventajas sobre sus hom\u00f3logos met\u00e1licos, lo que los convierte en la opci\u00f3n preferida en diversas aplicaciones:<\/p>\n<ul class=\"marker:text-secondary\">\n<li class=\"break-words\"><strong>Dise\u00f1o ligero<\/strong>Mucho m\u00e1s ligeros que los engranajes met\u00e1licos, los engranajes helicoidales de pl\u00e1stico reducen el peso de la maquinaria, mejorando la eficiencia energ\u00e9tica.<\/li>\n<li class=\"break-words\"><strong>Durabilidad a prueba de \u00f3xido<\/strong>Resistentes a la corrosi\u00f3n, destacan en ambientes h\u00famedos o adversos, garantizando un rendimiento a largo plazo.<\/li>\n<li class=\"break-words\"><strong>Operaci\u00f3n de bajo ruido<\/strong>Su funcionamiento suave minimiza el ruido, ideal para aplicaciones que requieren un rendimiento silencioso, como dispositivos m\u00e9dicos o electr\u00f3nica de consumo.<\/li>\n<li class=\"break-words\"><strong>Producci\u00f3n rentable<\/strong>El moldeo por inyecci\u00f3n permite una fabricaci\u00f3n a gran escala asequible sin comprometer la calidad.<\/li>\n<li class=\"break-words\"><strong>Propiedades autolubricantes<\/strong>Fabricados con materiales como el poliacetal (POM) y el nailon MC, a menudo funcionan sin lubricaci\u00f3n adicional, lo que reduce las necesidades de mantenimiento.<\/li>\n<\/ul>\n<p class=\"break-words\">En Italia, sectores como la producci\u00f3n alimentaria, la electr\u00f3nica de consumo y la fabricaci\u00f3n de equipos m\u00e9dicos demandan cada vez m\u00e1s estas cualidades. La ligereza y la resistencia a la corrosi\u00f3n de los engranajes helicoidales de pl\u00e1stico se ajustan perfectamente a las necesidades de las empresas italianas que buscan soluciones eficientes y fiables.<\/p>\n<p><img loading=\"lazy\" decoding=\"async\" class=\"size-full wp-image-7247 aligncenter\" src=\"https:\/\/fmp-components.com\/wp-content\/uploads\/2025\/03\/plastic-worm-gear-3.webp\" alt=\"engranaje helicoidal de pl\u00e1stico\" width=\"813\" height=\"473\" title=\"\" srcset=\"https:\/\/fmp-components.com\/wp-content\/uploads\/2025\/03\/plastic-worm-gear-3.webp 813w, https:\/\/fmp-components.com\/wp-content\/uploads\/2025\/03\/plastic-worm-gear-3-480x279.webp 480w\" sizes=\"(min-width: 0px) and (max-width: 480px) 480px, (min-width: 481px) 813px, 100vw\" \/><\/p>\n<h2>Especificaci\u00f3n<\/h2>\n<table style=\"width: 100%;\" border=\"1\" width=\"100%\" cellspacing=\"0\" cellpadding=\"0\">\n<tbody>\n<tr style=\"height: 15.15pt;\">\n<td style=\"height: 15.15pt; width: 48.00pt;\" align=\"right\" width=\"80\" height=\"25\">\u00a0\u00a0<img loading=\"lazy\" decoding=\"async\" class=\"wp-image-7796 aligncenter\" src=\"https:\/\/fmp-components.com\/wp-content\/uploads\/2025\/03\/plastic-worm-gear-manufacturer.jpg\" alt=\"fabricante de engranajes helicoidales de pl\u00e1stico\" width=\"448\" height=\"356\" title=\"\" srcset=\"https:\/\/fmp-components.com\/wp-content\/uploads\/2025\/03\/plastic-worm-gear-manufacturer.jpg 195w, https:\/\/fmp-components.com\/wp-content\/uploads\/2025\/03\/plastic-worm-gear-manufacturer-15x12.jpg 15w\" sizes=\"(max-width: 448px) 100vw, 448px\" \/><\/td>\n<td style=\"width: 48.00pt;\" align=\"right\" width=\"80\"><img loading=\"lazy\" decoding=\"async\" class=\"wp-image-7795 aligncenter\" src=\"https:\/\/fmp-components.com\/wp-content\/uploads\/2025\/03\/worm-gear-manufacturer.jpg\" alt=\"Especificaciones del engranaje helicoidal de pl\u00e1stico\" width=\"488\" height=\"334\" title=\"\" srcset=\"https:\/\/fmp-components.com\/wp-content\/uploads\/2025\/03\/worm-gear-manufacturer.jpg 190w, https:\/\/fmp-components.com\/wp-content\/uploads\/2025\/03\/worm-gear-manufacturer-18x12.jpg 18w\" sizes=\"(max-width: 488px) 100vw, 488px\" \/><\/td>\n<\/tr>\n<tr style=\"height: 15.15pt;\">\n<td class=\"et2\" style=\"height: 15.15pt; width: 48.00pt;\" width=\"80\" height=\"25\">Tipo<\/td>\n<td class=\"et3\" style=\"width: 48.00pt;\" width=\"80\">Gusano<\/td>\n<\/tr>\n<tr style=\"height: 29.55pt;\">\n<td class=\"et2\" style=\"height: 29.55pt; width: 48.00pt;\" width=\"80\" height=\"49\">M\u00f3dulo<\/td>\n<td class=\"et3\" style=\"width: 48.00pt;\" width=\"80\">M0.2 \u2013 M2.0<\/td>\n<\/tr>\n<tr style=\"height: 58.35pt;\">\n<td class=\"et2\" style=\"height: 58.35pt; width: 48.00pt;\" width=\"80\" height=\"97\">Material<\/td>\n<td class=\"et3\" style=\"width: 48.00pt;\" width=\"80\">Poliacetal (POM) \/ Nylon<\/td>\n<\/tr>\n<tr style=\"height: 58.35pt;\">\n<td class=\"et2\" style=\"height: 58.35pt; width: 48.00pt;\" width=\"80\" height=\"97\">Aburrir<\/td>\n<td class=\"et3\" style=\"width: 48.00pt;\" width=\"80\">\u00d81,40 mm \/ \u00d81,90 mm<\/td>\n<\/tr>\n<tr style=\"height: 101.55pt;\">\n<td class=\"et2\" style=\"height: 101.55pt; width: 48.00pt;\" width=\"80\" height=\"169\">Di\u00e1metro exterior<\/td>\n<td class=\"et3\" style=\"width: 48.00pt;\" width=\"80\">\u00d84,0 mm\/ \u00d85,0 mm\/ \u00d86,0 mm (Flexible)<\/td>\n<\/tr>\n<tr style=\"height: 72.75pt;\">\n<td class=\"et2\" style=\"height: 72.75pt; width: 48.00pt;\" width=\"80\" height=\"121\">Longitud<\/td>\n<td class=\"et3\" style=\"width: 48.00pt;\" width=\"80\">6,0 mm\/ 8,5 mm\/ 10,0 mm (Flexible)<\/td>\n<\/tr>\n<\/tbody>\n<\/table>\n<div><\/div>\n<div>\n<table style=\"width: 100%;\" border=\"1\" width=\"100%\" cellspacing=\"0\" cellpadding=\"0\">\n<tbody>\n<tr style=\"height: 15.15pt;\">\n<td class=\"et2\" style=\"height: 15.15pt; width: 96.00pt;\" colspan=\"2\" width=\"160\" height=\"25\"><img loading=\"lazy\" decoding=\"async\" class=\"alignnone wp-image-7797\" src=\"https:\/\/fmp-components.com\/wp-content\/uploads\/2025\/03\/plastic-worm-gear-manufacturer-1.jpg\" alt=\"engranaje helicoidal de pl\u00e1stico\" width=\"938\" height=\"376\" title=\"\" srcset=\"https:\/\/fmp-components.com\/wp-content\/uploads\/2025\/03\/plastic-worm-gear-manufacturer-1.jpg 938w, https:\/\/fmp-components.com\/wp-content\/uploads\/2025\/03\/plastic-worm-gear-manufacturer-1-480x192.jpg 480w\" sizes=\"(min-width: 0px) and (max-width: 480px) 480px, (min-width: 481px) 938px, 100vw\" \/><\/td>\n<\/tr>\n<tr style=\"height: 55.95pt;\">\n<td class=\"et3\" style=\"height: 55.95pt; width: 48.00pt;\" width=\"80\" height=\"93\">Art\u00edculo<\/td>\n<td class=\"et4\" style=\"width: 48.00pt;\" width=\"80\">Engranaje + tornillo sin fin M0.4*30T<\/td>\n<\/tr>\n<tr style=\"height: 28.35pt;\">\n<td class=\"et3\" style=\"height: 28.35pt; width: 48.00pt;\" width=\"80\" height=\"47\">Material<\/td>\n<td class=\"et4\" style=\"width: 48.00pt;\" width=\"80\">TEPCON_M90-10<\/td>\n<\/tr>\n<tr style=\"height: 14.55pt;\">\n<td class=\"et3\" style=\"height: 14.55pt; width: 48.00pt;\" width=\"80\" height=\"24\">M\u00f3dulo<\/td>\n<td class=\"et4\" style=\"width: 48.00pt;\" width=\"80\">M0.4<\/td>\n<\/tr>\n<tr style=\"height: 28.35pt;\">\n<td class=\"et3\" style=\"height: 28.35pt; width: 48.00pt;\" width=\"80\" height=\"47\">N\u00famero de dientes<\/td>\n<td class=\"et4\" style=\"width: 48.00pt;\" width=\"80\">30T \/ 1T<\/td>\n<\/tr>\n<tr style=\"height: 28.35pt;\">\n<td class=\"et3\" style=\"height: 28.35pt; width: 48.00pt;\" width=\"80\" height=\"47\">Peso<\/td>\n<td class=\"et4\" style=\"width: 48.00pt;\" width=\"80\">0,75 g \/ unidad<\/td>\n<\/tr>\n<tr style=\"height: 55.95pt;\">\n<td class=\"et3\" style=\"height: 55.95pt; width: 48.00pt;\" width=\"80\" height=\"93\">Solicitud<\/td>\n<td class=\"et4\" style=\"width: 48.00pt;\" width=\"80\">C\u00e1mara IP, monitor, etc.<\/td>\n<\/tr>\n<\/tbody>\n<\/table>\n<\/div>\n<\/div>\n<table style=\"width: 100%;\" border=\"1\" width=\"100%\" cellspacing=\"0\" cellpadding=\"0\">\n<tbody>\n<tr style=\"height: 15.15pt;\">\n<td class=\"et2\" style=\"height: 15.15pt; width: 96.00pt;\" colspan=\"2\" width=\"160\" height=\"25\"><img loading=\"lazy\" decoding=\"async\" class=\"alignnone wp-image-7798\" src=\"https:\/\/fmp-components.com\/wp-content\/uploads\/2025\/03\/plastic-worm-gear-manufacturer-2.jpg\" alt=\"engranaje helicoidal de pl\u00e1stico\" width=\"930\" height=\"371\" title=\"\" srcset=\"https:\/\/fmp-components.com\/wp-content\/uploads\/2025\/03\/plastic-worm-gear-manufacturer-2.jpg 930w, https:\/\/fmp-components.com\/wp-content\/uploads\/2025\/03\/plastic-worm-gear-manufacturer-2-480x191.jpg 480w\" sizes=\"(min-width: 0px) and (max-width: 480px) 480px, (min-width: 481px) 930px, 100vw\" \/><\/td>\n<\/tr>\n<tr style=\"height: 28.35pt;\">\n<td class=\"et3\" style=\"height: 28.35pt; width: 48.00pt;\" width=\"80\" height=\"47\">Art\u00edculo<\/td>\n<td class=\"et4\" style=\"width: 48.00pt;\" width=\"80\">Gusano M0.4 RH<\/td>\n<\/tr>\n<tr style=\"height: 28.35pt;\">\n<td class=\"et3\" style=\"height: 28.35pt; width: 48.00pt;\" width=\"80\" height=\"47\">Material<\/td>\n<td class=\"et4\" style=\"width: 48.00pt;\" width=\"80\">TEPCON_M90-10<\/td>\n<\/tr>\n<tr style=\"height: 14.55pt;\">\n<td class=\"et3\" style=\"height: 14.55pt; width: 48.00pt;\" width=\"80\" height=\"24\">M\u00f3dulo<\/td>\n<td class=\"et4\" style=\"width: 48.00pt;\" width=\"80\">M0.4<\/td>\n<\/tr>\n<tr style=\"height: 28.35pt;\">\n<td class=\"et3\" style=\"height: 28.35pt; width: 48.00pt;\" width=\"80\" height=\"47\">N\u00famero de dientes<\/td>\n<td class=\"et4\" style=\"width: 48.00pt;\" width=\"80\">1T (RH)<\/td>\n<\/tr>\n<tr style=\"height: 28.35pt;\">\n<td class=\"et3\" style=\"height: 28.35pt; width: 48.00pt;\" width=\"80\" height=\"47\">Peso<\/td>\n<td class=\"et4\" style=\"width: 48.00pt;\" width=\"80\">0,22 g \/ unidad<\/td>\n<\/tr>\n<tr style=\"height: 124.95pt;\">\n<td class=\"et3\" style=\"height: 124.95pt; width: 48.00pt;\" width=\"80\" height=\"208\">Solicitud<\/td>\n<td class=\"et4\" style=\"width: 48.00pt;\" width=\"80\">Se aplica en la caja de cambios del espejo retrovisor ajustable del autom\u00f3vil.<\/td>\n<\/tr>\n<\/tbody>\n<\/table>\n<div><\/div>\n<div>\n<div>\n<table style=\"width: 100%;\" border=\"1\" width=\"100%\" cellspacing=\"0\" cellpadding=\"0\">\n<tbody>\n<tr style=\"height: 15.15pt;\">\n<td class=\"et2\" style=\"height: 15.15pt; width: 96.00pt;\" colspan=\"2\" width=\"160\" height=\"25\"><img loading=\"lazy\" decoding=\"async\" class=\"wp-image-7794 aligncenter\" src=\"https:\/\/fmp-components.com\/wp-content\/uploads\/2025\/03\/plastic-worm-gear-manufacturer-3.jpg\" alt=\"fabricante de engranajes helicoidales de pl\u00e1stico\" width=\"960\" height=\"378\" title=\"\" srcset=\"https:\/\/fmp-components.com\/wp-content\/uploads\/2025\/03\/plastic-worm-gear-manufacturer-3.jpg 960w, https:\/\/fmp-components.com\/wp-content\/uploads\/2025\/03\/plastic-worm-gear-manufacturer-3-480x189.jpg 480w\" sizes=\"(min-width: 0px) and (max-width: 480px) 480px, (min-width: 481px) 960px, 100vw\" \/><\/td>\n<\/tr>\n<tr style=\"height: 55.95pt;\">\n<td class=\"et3\" style=\"height: 55.95pt; width: 48.00pt;\" width=\"80\" height=\"93\">Art\u00edculo<\/td>\n<td class=\"et4\" style=\"width: 48.00pt;\" width=\"80\">Tornillo de engranaje y tuerca de tornillo<\/td>\n<\/tr>\n<tr style=\"height: 14.55pt;\">\n<td class=\"et3\" style=\"height: 14.55pt; width: 48.00pt;\" width=\"80\" height=\"24\">Material<\/td>\n<td class=\"et4\" style=\"width: 48.00pt;\" width=\"80\">ODM<\/td>\n<\/tr>\n<tr style=\"height: 14.55pt;\">\n<td class=\"et3\" style=\"height: 14.55pt; width: 48.00pt;\" width=\"80\" height=\"24\">M\u00f3dulo<\/td>\n<td class=\"et4\" style=\"width: 48.00pt;\" width=\"80\">ODM<\/td>\n<\/tr>\n<tr style=\"height: 28.35pt;\">\n<td class=\"et3\" style=\"height: 28.35pt; width: 48.00pt;\" width=\"80\" height=\"47\">N\u00famero de dientes<\/td>\n<td class=\"et4\" style=\"width: 48.00pt;\" width=\"80\">ODM<\/td>\n<\/tr>\n<tr style=\"height: 14.55pt;\">\n<td class=\"et3\" style=\"height: 14.55pt; width: 48.00pt;\" width=\"80\" height=\"24\">Peso<\/td>\n<td class=\"et4\" style=\"width: 48.00pt;\" width=\"80\">ODM<\/td>\n<\/tr>\n<tr style=\"height: 97.35pt;\">\n<td class=\"et3\" style=\"height: 97.35pt; width: 48.00pt;\" width=\"80\" height=\"162\">Solicitud<\/td>\n<td class=\"et4\" style=\"width: 48.00pt;\" width=\"80\">Se aplica en la caja de cambios de la v\u00e1lvula de ajuste de agua.<\/td>\n<\/tr>\n<\/tbody>\n<\/table>\n<h2>Engranajes helicoidales de pl\u00e1stico de FMP Company: Calidad y personalizaci\u00f3n<\/h2>\n<p class=\"break-words\">En FMP Company, nos enorgullecemos de ofrecer una amplia gama de engranajes helicoidales de pl\u00e1stico para diversas aplicaciones:<\/p>\n<ul class=\"marker:text-secondary\">\n<li class=\"break-words\"><strong>Gama diversa de productos<\/strong>Nuestro cat\u00e1logo incluye engranajes helicoidales de pl\u00e1stico est\u00e1ndar con m\u00f3dulos que van de 0,5 a 3 y relaciones de velocidad de 10 a 50, fabricados con nailon MC o POM de alta calidad.<\/li>\n<li class=\"break-words\"><strong>Servicios de personalizaci\u00f3n<\/strong>Entendemos que cada proyecto tiene requisitos \u00fanicos. Nuestro equipo ofrece engranajes helicoidales de pl\u00e1stico personalizados seg\u00fan sus especificaciones, garantizando un rendimiento \u00f3ptimo para su aplicaci\u00f3n espec\u00edfica.<\/li>\n<li class=\"break-words\"><strong>\u00bfNo encuentra su modelo?<\/strong>Si el equipo que necesita no aparece en la lista, no se preocupe; es posible que a\u00fan no lo hayamos subido a nuestro cat\u00e1logo de productos. Simplemente env\u00edenos un correo electr\u00f3nico a <a href=\"mailto:info@fmpcomponents.it\">info@fmpcomponents.it<\/a>\u00a0Ind\u00edquenos sus requisitos y nuestros ingenieros le responder\u00e1n en un plazo de 24 horas para ayudarle.<\/li>\n<\/ul>\n<p class=\"break-words\">Nuestro compromiso con la calidad y la flexibilidad convierte a FMP Company en un socio de confianza para las industrias italianas que buscan engranajes de pl\u00e1stico duraderos.<\/p>\n<p><img loading=\"lazy\" decoding=\"async\" class=\"size-full wp-image-7248 aligncenter\" src=\"https:\/\/fmp-components.com\/wp-content\/uploads\/2025\/03\/plastic-worm-gear-4.webp\" alt=\"engranaje helicoidal de pl\u00e1stico\" width=\"760\" height=\"518\" title=\"\" srcset=\"https:\/\/fmp-components.com\/wp-content\/uploads\/2025\/03\/plastic-worm-gear-4.webp 760w, https:\/\/fmp-components.com\/wp-content\/uploads\/2025\/03\/plastic-worm-gear-4-480x327.webp 480w\" sizes=\"(min-width: 0px) and (max-width: 480px) 480px, (min-width: 481px) 760px, 100vw\" \/><\/p>\n<div>\n<h3>Excelencia en materiales y fabricaci\u00f3n<\/h3>\n<p class=\"break-words\">El rendimiento de los engranajes helicoidales de pl\u00e1stico depende de los materiales y procesos utilizados en su fabricaci\u00f3n:<\/p>\n<ul class=\"marker:text-secondary\">\n<li class=\"break-words\"><strong>Materiales de primera calidad<\/strong>Utilizamos pl\u00e1sticos de ingenier\u00eda como el POM (poliacetal) y el nailon MC, conocidos por su resistencia, durabilidad y capacidad para funcionar sin lubricaci\u00f3n. Para aplicaciones exigentes con fluctuaciones de temperatura o cargas pesadas, podemos integrar bujes met\u00e1licos (por ejemplo, de acero inoxidable o S45C) para mayor estabilidad.<\/li>\n<li class=\"break-words\"><strong>Fabricaci\u00f3n avanzada<\/strong>Nuestra producci\u00f3n combina el moldeo por inyecci\u00f3n de precisi\u00f3n con el mecanizado experto, lo que garantiza que cada engranaje cumpla con los m\u00e1s altos est\u00e1ndares de calidad. Este proceso garantiza durabilidad, precisi\u00f3n dimensional y rentabilidad.<\/li>\n<\/ul>\n<p class=\"break-words\">Estas capacidades nos permiten producir engranajes helicoidales de pl\u00e1stico que destacan en el diverso panorama industrial de Italia, desde plantas de procesamiento de alimentos costeras hasta fabricantes de electr\u00f3nica de alta tecnolog\u00eda.<\/p>\n<table style=\"border-collapse: collapse; width: 104.125%; height: 59px;\" border=\"0\" width=\"160\" cellspacing=\"0\" cellpadding=\"0\">\n<tbody>\n<tr style=\"height: 14.40pt;\">\n<td style=\"height: 14.4pt; width: 56.4815%;\" align=\"right\" width=\"80\" height=\"24\"><img loading=\"lazy\" decoding=\"async\" class=\"size-full wp-image-7799 aligncenter\" src=\"https:\/\/fmp-components.com\/wp-content\/uploads\/2025\/03\/nylon-Electronic-Power-Steering-System-Worm-Gear.webp\" alt=\"Sistema de direcci\u00f3n asistida electr\u00f3nica de nailon con engranaje helicoidal\" width=\"1920\" height=\"1440\" title=\"\" srcset=\"https:\/\/fmp-components.com\/wp-content\/uploads\/2025\/03\/nylon-Electronic-Power-Steering-System-Worm-Gear.webp 1920w, https:\/\/fmp-components.com\/wp-content\/uploads\/2025\/03\/nylon-Electronic-Power-Steering-System-Worm-Gear-1280x960.webp 1280w, https:\/\/fmp-components.com\/wp-content\/uploads\/2025\/03\/nylon-Electronic-Power-Steering-System-Worm-Gear-980x735.webp 980w, https:\/\/fmp-components.com\/wp-content\/uploads\/2025\/03\/nylon-Electronic-Power-Steering-System-Worm-Gear-480x360.webp 480w\" sizes=\"(min-width: 0px) and (max-width: 480px) 480px, (min-width: 481px) and (max-width: 980px) 980px, (min-width: 981px) and (max-width: 1280px) 1280px, (min-width: 1281px) 1920px, 100vw\" \/><\/td>\n<td style=\"width: 43.5185%;\" align=\"right\" width=\"80\"><img loading=\"lazy\" decoding=\"async\" class=\"size-full wp-image-7800 aligncenter\" src=\"https:\/\/fmp-components.com\/wp-content\/uploads\/2025\/03\/plastic-worm-gear-manufacturer-5.webp\" alt=\"fabricante de engranajes helicoidales de pl\u00e1stico\" width=\"1920\" height=\"1792\" title=\"\" srcset=\"https:\/\/fmp-components.com\/wp-content\/uploads\/2025\/03\/plastic-worm-gear-manufacturer-5.webp 1920w, https:\/\/fmp-components.com\/wp-content\/uploads\/2025\/03\/plastic-worm-gear-manufacturer-5-1280x1195.webp 1280w, https:\/\/fmp-components.com\/wp-content\/uploads\/2025\/03\/plastic-worm-gear-manufacturer-5-980x915.webp 980w, https:\/\/fmp-components.com\/wp-content\/uploads\/2025\/03\/plastic-worm-gear-manufacturer-5-480x448.webp 480w\" sizes=\"(min-width: 0px) and (max-width: 480px) 480px, (min-width: 481px) and (max-width: 980px) 980px, (min-width: 981px) and (max-width: 1280px) 1280px, (min-width: 1281px) 1920px, 100vw\" \/><\/td>\n<\/tr>\n<\/tbody>\n<\/table>\n<h3>Solicitudes en Italia<\/h3>\n<p class=\"break-words\">Los engranajes helicoidales de pl\u00e1stico de FMP Company han demostrado su val\u00eda en los mercados italianos:<\/p>\n<ul class=\"marker:text-secondary\">\n<li class=\"break-words\"><strong>Producci\u00f3n de alimentos<\/strong>En maquinaria que requiere higiene y resistencia a la humedad, nuestros engranajes inoxidables garantizan un funcionamiento fiable sin riesgos de contaminaci\u00f3n.<\/li>\n<li class=\"break-words\"><strong>Electr\u00f3nica de consumo<\/strong>Su ligereza y funcionamiento silencioso mejoran dispositivos como impresoras y c\u00e1maras, satisfaciendo la demanda italiana de tecnolog\u00eda innovadora.<\/li>\n<li class=\"break-words\"><strong>Equipo m\u00e9dico<\/strong>El bajo nivel de ruido y la durabilidad de nuestros engranajes son ideales para instrumentos de precisi\u00f3n, un sector en auge en la industria sanitaria italiana.<\/li>\n<\/ul>\n<\/div>\n<\/div>\n<\/div>","protected":false},"excerpt":{"rendered":"<p>Plastic Worm Gears: Durable, Customizable Solutions from FMP Company Plastic worm gears are vital components in modern machinery, offering a unique combination of durability, versatility, and efficiency. At FMP Company, we specialize in manufacturing high-quality plastic worm gears designed to meet the diverse needs of industries across Italy and beyond. Whether you require standard models [&hellip;]<\/p>","protected":false},"featured_media":7244,"comment_status":"open","ping_status":"closed","template":"","meta":{"_et_pb_use_builder":"","_et_pb_old_content":"","_et_gb_content_width":""},"product_brand":[],"product_cat":[107],"product_tag":[],"class_list":{"0":"post-7243","1":"product","2":"type-product","3":"status-publish","4":"has-post-thumbnail","6":"product_cat-worm-gear","8":"first","9":"instock","10":"shipping-taxable","11":"product-type-simple"},"_links":{"self":[{"href":"https:\/\/fmp-components.com\/es\/wp-json\/wp\/v2\/product\/7243","targetHints":{"allow":["GET"]}}],"collection":[{"href":"https:\/\/fmp-components.com\/es\/wp-json\/wp\/v2\/product"}],"about":[{"href":"https:\/\/fmp-components.com\/es\/wp-json\/wp\/v2\/types\/product"}],"replies":[{"embeddable":true,"href":"https:\/\/fmp-components.com\/es\/wp-json\/wp\/v2\/comments?post=7243"}],"wp:featuredmedia":[{"embeddable":true,"href":"https:\/\/fmp-components.com\/es\/wp-json\/wp\/v2\/media\/7244"}],"wp:attachment":[{"href":"https:\/\/fmp-components.com\/es\/wp-json\/wp\/v2\/media?parent=7243"}],"wp:term":[{"taxonomy":"product_brand","embeddable":true,"href":"https:\/\/fmp-components.com\/es\/wp-json\/wp\/v2\/product_brand?post=7243"},{"taxonomy":"product_cat","embeddable":true,"href":"https:\/\/fmp-components.com\/es\/wp-json\/wp\/v2\/product_cat?post=7243"},{"taxonomy":"product_tag","embeddable":true,"href":"https:\/\/fmp-components.com\/es\/wp-json\/wp\/v2\/product_tag?post=7243"}],"curies":[{"name":"gracias","href":"https:\/\/api.w.org\/{rel}","templated":true}]}}