{"id":7207,"date":"2025-03-20T07:32:17","date_gmt":"2025-03-20T07:32:17","guid":{"rendered":"https:\/\/fmp-components.com\/?post_type=product&#038;p=7207"},"modified":"2025-03-26T08:50:47","modified_gmt":"2025-03-26T08:50:47","slug":"worm-gear-shaft-worm-gear-drive-shaft","status":"publish","type":"product","link":"https:\/\/fmp-components.com\/es\/product\/worm-gear-shaft-worm-gear-drive-shaft\/","title":{"rendered":"Eje de engranaje helicoidal (eje de transmisi\u00f3n de engranaje helicoidal)"},"content":{"rendered":"<p>Un eje de engranaje sinf\u00edn es un componente mec\u00e1nico fundamental que se utiliza en diversas industrias para transmitir potencia y movimiento entre ejes no paralelos, ofreciendo un alto par y un funcionamiento suave. En FMP Company, nos especializamos en la fabricaci\u00f3n de una amplia gama de... <a href=\"https:\/\/fmp-components.com\/es\/worm-gear-and-worm-shaft-2\/\">engranaje helicoidal<\/a> Ejes dise\u00f1ados para satisfacer diversas necesidades de aplicaci\u00f3n. Tambi\u00e9n ofrecemos soluciones personalizadas para sus requisitos espec\u00edficos. Si no encuentra el modelo que necesita en nuestra lista de productos, es probable que a\u00fan no lo hayamos publicado. Env\u00edenos un correo electr\u00f3nico con sus especificaciones y nuestros ingenieros le responder\u00e1n en 24 horas con una soluci\u00f3n personalizada.<\/p>\n<p><img loading=\"lazy\" decoding=\"async\" class=\"alignnone size-full wp-image-7226\" src=\"https:\/\/fmp-components.com\/wp-content\/uploads\/2025\/03\/Worm-Gear-Shaft-Manufacturers-2.webp\" alt=\"Fabricantes de ejes de engranajes helicoidales\" width=\"1000\" height=\"285\" title=\"\" srcset=\"https:\/\/fmp-components.com\/wp-content\/uploads\/2025\/03\/Worm-Gear-Shaft-Manufacturers-2.webp 1000w, https:\/\/fmp-components.com\/wp-content\/uploads\/2025\/03\/Worm-Gear-Shaft-Manufacturers-2-980x279.webp 980w, https:\/\/fmp-components.com\/wp-content\/uploads\/2025\/03\/Worm-Gear-Shaft-Manufacturers-2-480x137.webp 480w\" sizes=\"(min-width: 0px) and (max-width: 480px) 480px, (min-width: 481px) and (max-width: 980px) 980px, (min-width: 981px) 1000px, 100vw\" \/><\/p>\n<table style=\"border-collapse: collapse; width: 98.0079%; height: 90px;\" border=\"0\" width=\"317\" cellspacing=\"0\" cellpadding=\"0\">\n<tbody>\n<tr style=\"height: 14.40pt;\">\n<td style=\"height: 14.4pt; width: 32.0218%;\" width=\"83\" height=\"24\"><img loading=\"lazy\" decoding=\"async\" class=\"size-full wp-image-7210 aligncenter\" src=\"https:\/\/fmp-components.com\/wp-content\/uploads\/2025\/03\/Wholesale-Worm-Gear-Shaft-Factory.webp\" alt=\"F\u00e1brica mayorista de ejes de engranajes helicoidales\" width=\"1440\" height=\"951\" title=\"\" srcset=\"https:\/\/fmp-components.com\/wp-content\/uploads\/2025\/03\/Wholesale-Worm-Gear-Shaft-Factory.webp 1440w, https:\/\/fmp-components.com\/wp-content\/uploads\/2025\/03\/Wholesale-Worm-Gear-Shaft-Factory-1280x845.webp 1280w, https:\/\/fmp-components.com\/wp-content\/uploads\/2025\/03\/Wholesale-Worm-Gear-Shaft-Factory-980x647.webp 980w, https:\/\/fmp-components.com\/wp-content\/uploads\/2025\/03\/Wholesale-Worm-Gear-Shaft-Factory-480x317.webp 480w\" sizes=\"(min-width: 0px) and (max-width: 480px) 480px, (min-width: 481px) and (max-width: 980px) 980px, (min-width: 981px) and (max-width: 1280px) 1280px, (min-width: 1281px) 1440px, 100vw\" \/><\/td>\n<td style=\"width: 33.1148%;\" align=\"right\" width=\"80\"><img loading=\"lazy\" decoding=\"async\" class=\"size-full wp-image-7216 aligncenter\" src=\"https:\/\/fmp-components.com\/wp-content\/uploads\/2025\/03\/worm-gear-shaft-1.webp\" alt=\"eje de engranaje helicoidal\" width=\"1000\" height=\"666\" title=\"\" srcset=\"https:\/\/fmp-components.com\/wp-content\/uploads\/2025\/03\/worm-gear-shaft-1.webp 1000w, https:\/\/fmp-components.com\/wp-content\/uploads\/2025\/03\/worm-gear-shaft-1-980x653.webp 980w, https:\/\/fmp-components.com\/wp-content\/uploads\/2025\/03\/worm-gear-shaft-1-480x320.webp 480w\" sizes=\"(min-width: 0px) and (max-width: 480px) 480px, (min-width: 481px) and (max-width: 980px) 980px, (min-width: 981px) 1000px, 100vw\" \/><\/td>\n<td style=\"width: 34.7541%;\" align=\"right\" width=\"154\"><img loading=\"lazy\" decoding=\"async\" class=\"size-full wp-image-7217 aligncenter\" src=\"https:\/\/fmp-components.com\/wp-content\/uploads\/2025\/03\/Worm-Gear-Shaft-Manufacturers.webp\" alt=\"Fabricantes de ejes de engranajes helicoidales\" width=\"1440\" height=\"951\" title=\"\" srcset=\"https:\/\/fmp-components.com\/wp-content\/uploads\/2025\/03\/Worm-Gear-Shaft-Manufacturers.webp 1440w, https:\/\/fmp-components.com\/wp-content\/uploads\/2025\/03\/Worm-Gear-Shaft-Manufacturers-1280x845.webp 1280w, https:\/\/fmp-components.com\/wp-content\/uploads\/2025\/03\/Worm-Gear-Shaft-Manufacturers-980x647.webp 980w, https:\/\/fmp-components.com\/wp-content\/uploads\/2025\/03\/Worm-Gear-Shaft-Manufacturers-480x317.webp 480w\" sizes=\"(min-width: 0px) and (max-width: 480px) 480px, (min-width: 481px) and (max-width: 980px) 980px, (min-width: 981px) and (max-width: 1280px) 1280px, (min-width: 1281px) 1440px, 100vw\" \/><\/td>\n<\/tr>\n<tr style=\"height: 14.40pt;\">\n<td style=\"height: 14.4pt; width: 32.0218%;\" height=\"24\"><img loading=\"lazy\" decoding=\"async\" class=\"size-full wp-image-7219 aligncenter\" src=\"https:\/\/fmp-components.com\/wp-content\/uploads\/2025\/03\/Worm-Gear-Shaft-3.webp\" alt=\"Eje de engranaje helicoidal\" width=\"1000\" height=\"666\" title=\"\" srcset=\"https:\/\/fmp-components.com\/wp-content\/uploads\/2025\/03\/Worm-Gear-Shaft-3.webp 1000w, https:\/\/fmp-components.com\/wp-content\/uploads\/2025\/03\/Worm-Gear-Shaft-3-980x653.webp 980w, https:\/\/fmp-components.com\/wp-content\/uploads\/2025\/03\/Worm-Gear-Shaft-3-480x320.webp 480w\" sizes=\"(min-width: 0px) and (max-width: 480px) 480px, (min-width: 481px) and (max-width: 980px) 980px, (min-width: 981px) 1000px, 100vw\" \/><\/td>\n<td style=\"width: 33.1148%;\" align=\"right\"><img loading=\"lazy\" decoding=\"async\" class=\"size-full wp-image-7218 aligncenter\" src=\"https:\/\/fmp-components.com\/wp-content\/uploads\/2025\/03\/Worm-Gear-Shaft-4.webp\" alt=\"Eje de engranaje helicoidal\" width=\"1000\" height=\"666\" title=\"\" srcset=\"https:\/\/fmp-components.com\/wp-content\/uploads\/2025\/03\/Worm-Gear-Shaft-4.webp 1000w, https:\/\/fmp-components.com\/wp-content\/uploads\/2025\/03\/Worm-Gear-Shaft-4-980x653.webp 980w, https:\/\/fmp-components.com\/wp-content\/uploads\/2025\/03\/Worm-Gear-Shaft-4-480x320.webp 480w\" sizes=\"(min-width: 0px) and (max-width: 480px) 480px, (min-width: 481px) and (max-width: 980px) 980px, (min-width: 981px) 1000px, 100vw\" \/><\/td>\n<td style=\"width: 34.7541%;\" align=\"right\"><img loading=\"lazy\" decoding=\"async\" class=\"size-full wp-image-7215 aligncenter\" src=\"https:\/\/fmp-components.com\/wp-content\/uploads\/2025\/03\/worm-gear-shaft-2.webp\" alt=\"eje de engranaje helicoidal\" width=\"1000\" height=\"666\" title=\"\" srcset=\"https:\/\/fmp-components.com\/wp-content\/uploads\/2025\/03\/worm-gear-shaft-2.webp 1000w, https:\/\/fmp-components.com\/wp-content\/uploads\/2025\/03\/worm-gear-shaft-2-980x653.webp 980w, https:\/\/fmp-components.com\/wp-content\/uploads\/2025\/03\/worm-gear-shaft-2-480x320.webp 480w\" sizes=\"(min-width: 0px) and (max-width: 480px) 480px, (min-width: 481px) and (max-width: 980px) 980px, (min-width: 981px) 1000px, 100vw\" \/><\/td>\n<\/tr>\n<\/tbody>\n<\/table>\n<h2>Especificaciones del eje del engranaje helicoidal<\/h2>\n<article class=\"4ever-article\" data-clipboard-cangjie=\"[&quot;root&quot;,{&quot;copyFrom&quot;:2066762897},[&quot;p&quot;,{},[&quot;span&quot;,{&quot;data-type&quot;:&quot;text&quot;},[&quot;span&quot;,{&quot;data-type&quot;:&quot;leaf&quot;},&quot;For more models and specifications, please contact us by email and our experts will respond to you promptly!&quot;]]]]\">Para m\u00e1s modelos y especificaciones, cont\u00e1ctenos por correo electr\u00f3nico y nuestros expertos le responder\u00e1n a la brevedad.<\/article>\n<table class=\"table\" border=\"1\" width=\"100%\" cellspacing=\"0\" cellpadding=\"0\">\n<tbody>\n<tr class=\"firstRow\">\n<td valign=\"center\" width=\"132\">N\u00famero de modelo<\/td>\n<td valign=\"center\" width=\"491\">M1, M2, M3, M4, M5, M8, M12 y etc.<\/td>\n<\/tr>\n<tr>\n<td valign=\"center\" width=\"132\">Material<\/td>\n<td valign=\"center\" width=\"491\">Lat\u00f3n, acero C45, acero inoxidable, cobre, POM, aluminio, aleaci\u00f3n, etc.<\/td>\n<\/tr>\n<tr>\n<td valign=\"center\" width=\"132\">Tratamiento de superficies<\/td>\n<td valign=\"center\" width=\"491\">Zincado, Niquelado, Pasivaci\u00f3n, Oxidaci\u00f3n, Anodizaci\u00f3n,<br \/>\nGeomet, Dacromet, \u00f3xido negro, fosfataci\u00f3n, recubrimiento en polvo y electroforesis<\/td>\n<\/tr>\n<tr>\n<td valign=\"center\" width=\"132\">Est\u00e1ndar<\/td>\n<td valign=\"center\" width=\"491\">ISO, DIN, ANSI, JIS, BS y no est\u00e1ndar.<\/td>\n<\/tr>\n<tr>\n<td valign=\"center\" width=\"132\">Precisi\u00f3n<\/td>\n<td valign=\"center\" width=\"491\">DIN6,DIN7,DIN8,DIN9.<\/td>\n<\/tr>\n<tr>\n<td valign=\"center\" width=\"132\">Tratamiento dental<\/td>\n<td valign=\"center\" width=\"491\">Endurecido, fresado o rectificado<\/td>\n<\/tr>\n<tr>\n<td valign=\"center\" width=\"132\">Tolerancia<\/td>\n<td valign=\"center\" width=\"491\">0,001 mm-0,01 mm-0,1 mm<\/td>\n<\/tr>\n<tr>\n<td valign=\"center\" width=\"132\">Finalizar<\/td>\n<td valign=\"center\" width=\"491\">granallado\/chorro de arena, tratamiento t\u00e9rmico, recocido, templado, pulido, anodizado, galvanizado<\/td>\n<\/tr>\n<tr>\n<td valign=\"center\" width=\"132\">Embalaje de art\u00edculos<\/td>\n<td valign=\"center\" width=\"491\">Bolsa de pl\u00e1stico + cajas de cart\u00f3n o embalaje de madera<\/td>\n<\/tr>\n<tr>\n<td valign=\"center\" width=\"132\">Condiciones de pago<\/td>\n<td valign=\"center\" width=\"491\">Transferencia bancaria, carta de cr\u00e9dito<\/td>\n<\/tr>\n<tr>\n<td valign=\"center\" width=\"132\">Plazo de producci\u00f3n<\/td>\n<td valign=\"center\" width=\"491\">20 d\u00edas h\u00e1biles para la muestra, 25 d\u00edas para el volumen.<\/td>\n<\/tr>\n<tr>\n<td valign=\"center\" width=\"132\">Muestras<\/td>\n<td valign=\"center\" width=\"491\">Rango de precios de muestra de $2 a $100.<br \/>\nEjemplo de solicitud expresa pagada por el cliente<\/td>\n<\/tr>\n<tr>\n<td valign=\"center\" width=\"132\">Solicitud<\/td>\n<td valign=\"center\" width=\"491\">1. M\u00e1quina de control autom\u00e1tico<br \/>\n2. Industria de semiconductores<br \/>\n3. Maquinaria para la industria general<br \/>\n4. Equipo m\u00e9dico<br \/>\n5. Equipos de energ\u00eda solar<br \/>\n6. M\u00e1quina herramienta<br \/>\n7. Sistema de estacionamiento<br \/>\n8. Equipos de transporte ferroviario y a\u00e9reo de alta velocidad, etc.<\/td>\n<\/tr>\n<\/tbody>\n<\/table>\n<p><img loading=\"lazy\" decoding=\"async\" class=\"size-full wp-image-7220 aligncenter\" src=\"https:\/\/fmp-components.com\/wp-content\/uploads\/2025\/03\/worm-gear-shaft-1-1.webp\" alt=\"eje de engranaje helicoidal\" width=\"830\" height=\"728\" title=\"\" srcset=\"https:\/\/fmp-components.com\/wp-content\/uploads\/2025\/03\/worm-gear-shaft-1-1.webp 830w, https:\/\/fmp-components.com\/wp-content\/uploads\/2025\/03\/worm-gear-shaft-1-1-480x421.webp 480w\" sizes=\"(min-width: 0px) and (max-width: 480px) 480px, (min-width: 481px) 830px, 100vw\" \/><\/p>\n<div>\n<h3>La relaci\u00f3n entre el eje del engranaje helicoidal y la caja de engranajes helicoidales<\/h3>\n<p class=\"break-words\">Un reductor sinf\u00edn es un sistema de engranajes especializado, dise\u00f1ado para reducir la velocidad de rotaci\u00f3n y aumentar el par, lo que lo hace ideal para diversas aplicaciones industriales. Consta de dos componentes principales: el sinf\u00edn y el engranaje sinf\u00edn. El sinf\u00edn, similar a un tornillo, est\u00e1 montado en el eje de entrada (a menudo denominado eje sinf\u00edn). Este sinf\u00edn engrana con el engranaje sinf\u00edn, una rueda dentada con dientes dise\u00f1ados espec\u00edficamente para engranar con \u00e9l. El engranaje sinf\u00edn, a su vez, est\u00e1 montado en el eje de salida, a veces denominado eje del engranaje sinf\u00edn.<\/p>\n<p class=\"break-words\">La relaci\u00f3n entre el eje del sinf\u00edn y la caja reductora es sencilla pero crucial: el eje del sinf\u00edn act\u00faa como eje de salida de la caja reductora. Este aloja el sinf\u00edn, que es accionado por el sinf\u00edn. Esta interacci\u00f3n permite que la caja reductora convierta la entrada de alta velocidad y bajo par (del eje del sinf\u00edn) en una salida de baja velocidad y alto par (a trav\u00e9s del eje del sinf\u00edn). Esta configuraci\u00f3n \u00fanica ofrece varias ventajas, entre ellas:<\/p>\n<ul class=\"marker:text-secondary\">\n<li class=\"break-words\"><strong>Multiplicaci\u00f3n de alto par<\/strong>:Ideal para maquinaria pesada.<\/li>\n<li class=\"break-words\"><strong>Dise\u00f1o compacto<\/strong>:Adecuado para aplicaciones con limitaciones de espacio.<\/li>\n<li class=\"break-words\"><strong>Capacidad de autobloqueo<\/strong>:Evita la marcha atr\u00e1s en algunos dise\u00f1os, mejorando la seguridad.<\/li>\n<\/ul>\n<p class=\"break-words\">En resumen, el eje del engranaje helicoidal es una parte integral de la caja de engranajes helicoidales y desempe\u00f1a un papel clave en la transmisi\u00f3n del movimiento y el torque ajustados al equipo accionado.<\/p>\n<h3>Ofertas de cajas de engranajes helicoidales de nuestra empresa<\/h3>\n<p class=\"break-words\">En nuestra empresa, nos especializamos en la fabricaci\u00f3n de una amplia gama de reductores de tornillo sin fin dise\u00f1ados para satisfacer diversas necesidades industriales. Ya sea que necesite modelos est\u00e1ndar para aplicaciones generales o soluciones personalizadas para requisitos espec\u00edficos, contamos con la experiencia y la capacidad para ofrecer productos de alta calidad. Nuestros reductores de tornillo sin fin est\u00e1n dise\u00f1ados con un enfoque en:<\/p>\n<ul class=\"marker:text-secondary\">\n<li class=\"break-words\"><strong>Durabilidad<\/strong>:Dise\u00f1ado para soportar condiciones exigentes.<\/li>\n<li class=\"break-words\"><strong>Eficiencia<\/strong>:Optimizado para rendimiento y ahorro de energ\u00eda.<\/li>\n<li class=\"break-words\"><strong>Versatilidad<\/strong>:Adecuado para industrias como fabricaci\u00f3n, automatizaci\u00f3n y manipulaci\u00f3n de materiales.<\/li>\n<\/ul>\n<p class=\"break-words\">Si necesita reductores sinf\u00edn, ya sea para cintas transportadoras, elevadores u otra maquinaria, le invitamos a contactarnos. Nuestro equipo est\u00e1 listo para brindarle asesoramiento experto, informaci\u00f3n detallada y soporte personalizado para garantizar que encuentre la soluci\u00f3n perfecta para su aplicaci\u00f3n. \u00a1Cont\u00e1ctenos hoy mismo para hablar sobre c\u00f3mo podemos ayudarle!<\/p>\n<table style=\"width: 100%;\" border=\"0\" width=\"100%\" cellspacing=\"0\" cellpadding=\"0\">\n<tbody>\n<tr style=\"height: 14.40pt;\">\n<td style=\"height: 14.40pt; width: 49.80pt;\" width=\"83\" height=\"24\"><img loading=\"lazy\" decoding=\"async\" class=\"size-full wp-image-7223 aligncenter\" src=\"https:\/\/fmp-components.com\/wp-content\/uploads\/2025\/03\/The-relationship-between-worm-gear-shaft-and-worm-gearbox.webp\" alt=\"La relaci\u00f3n entre el eje del engranaje helicoidal y la caja de engranajes helicoidales2\" width=\"1000\" height=\"667\" title=\"\" srcset=\"https:\/\/fmp-components.com\/wp-content\/uploads\/2025\/03\/The-relationship-between-worm-gear-shaft-and-worm-gearbox.webp 1000w, https:\/\/fmp-components.com\/wp-content\/uploads\/2025\/03\/The-relationship-between-worm-gear-shaft-and-worm-gearbox-980x654.webp 980w, https:\/\/fmp-components.com\/wp-content\/uploads\/2025\/03\/The-relationship-between-worm-gear-shaft-and-worm-gearbox-480x320.webp 480w\" sizes=\"(min-width: 0px) and (max-width: 480px) 480px, (min-width: 481px) and (max-width: 980px) 980px, (min-width: 981px) 1000px, 100vw\" \/><\/td>\n<td style=\"width: 48.00pt;\" align=\"right\" width=\"80\"><img loading=\"lazy\" decoding=\"async\" class=\"wp-image-7224 alignnone\" src=\"https:\/\/fmp-components.com\/wp-content\/uploads\/2025\/03\/Worm-Gear-Shaft-Applications-2.webp\" alt=\"Aplicaciones de ejes de engranajes helicoidales 2\" width=\"476\" height=\"318\" title=\"\"><\/td>\n<\/tr>\n<tr style=\"height: 14.40pt;\">\n<td style=\"height: 14.40pt;\" height=\"24\"><img loading=\"lazy\" decoding=\"async\" class=\"size-full wp-image-7225 aligncenter\" src=\"https:\/\/fmp-components.com\/wp-content\/uploads\/2025\/03\/The-relationship-between-worm-gear-shaft-and-worm-gearbox3.webp\" alt=\"La relaci\u00f3n entre el eje del engranaje helicoidal y la caja de engranajes helicoidales3\" width=\"1000\" height=\"662\" title=\"\" srcset=\"https:\/\/fmp-components.com\/wp-content\/uploads\/2025\/03\/The-relationship-between-worm-gear-shaft-and-worm-gearbox3.webp 1000w, https:\/\/fmp-components.com\/wp-content\/uploads\/2025\/03\/The-relationship-between-worm-gear-shaft-and-worm-gearbox3-980x649.webp 980w, https:\/\/fmp-components.com\/wp-content\/uploads\/2025\/03\/The-relationship-between-worm-gear-shaft-and-worm-gearbox3-480x318.webp 480w\" sizes=\"(min-width: 0px) and (max-width: 480px) 480px, (min-width: 481px) and (max-width: 980px) 980px, (min-width: 981px) 1000px, 100vw\" \/><\/td>\n<td align=\"right\"><img loading=\"lazy\" decoding=\"async\" class=\"size-full wp-image-7222 aligncenter\" src=\"https:\/\/fmp-components.com\/wp-content\/uploads\/2025\/03\/The-relationship-between-worm-gear-shaft-and-worm-gearbox2.webp\" alt=\"La relaci\u00f3n entre el eje del engranaje helicoidal y la caja de engranajes helicoidales2\" width=\"1000\" height=\"667\" title=\"\" srcset=\"https:\/\/fmp-components.com\/wp-content\/uploads\/2025\/03\/The-relationship-between-worm-gear-shaft-and-worm-gearbox2.webp 1000w, https:\/\/fmp-components.com\/wp-content\/uploads\/2025\/03\/The-relationship-between-worm-gear-shaft-and-worm-gearbox2-980x654.webp 980w, https:\/\/fmp-components.com\/wp-content\/uploads\/2025\/03\/The-relationship-between-worm-gear-shaft-and-worm-gearbox2-480x320.webp 480w\" sizes=\"(min-width: 0px) and (max-width: 480px) 480px, (min-width: 481px) and (max-width: 980px) 980px, (min-width: 981px) 1000px, 100vw\" \/><\/td>\n<\/tr>\n<\/tbody>\n<\/table>\n<\/div>\n<p>&nbsp;<\/p>","protected":false},"excerpt":{"rendered":"<p>A worm gear shaft is a critical mechanical component used in various industries to transmit power and motion between non-parallel shafts, offering high torque and smooth operation. At FMP Company, we specialize in manufacturing a wide range of worm gear shafts, tailored to meet diverse application needs, and we also offer custom solutions to match [&hellip;]<\/p>","protected":false},"featured_media":7221,"comment_status":"open","ping_status":"closed","template":"","meta":{"_et_pb_use_builder":"","_et_pb_old_content":"","_et_gb_content_width":""},"product_brand":[],"product_cat":[107],"product_tag":[],"class_list":{"0":"post-7207","1":"product","2":"type-product","3":"status-publish","4":"has-post-thumbnail","6":"product_cat-worm-gear","8":"first","9":"instock","10":"shipping-taxable","11":"product-type-simple"},"_links":{"self":[{"href":"https:\/\/fmp-components.com\/es\/wp-json\/wp\/v2\/product\/7207","targetHints":{"allow":["GET"]}}],"collection":[{"href":"https:\/\/fmp-components.com\/es\/wp-json\/wp\/v2\/product"}],"about":[{"href":"https:\/\/fmp-components.com\/es\/wp-json\/wp\/v2\/types\/product"}],"replies":[{"embeddable":true,"href":"https:\/\/fmp-components.com\/es\/wp-json\/wp\/v2\/comments?post=7207"}],"wp:featuredmedia":[{"embeddable":true,"href":"https:\/\/fmp-components.com\/es\/wp-json\/wp\/v2\/media\/7221"}],"wp:attachment":[{"href":"https:\/\/fmp-components.com\/es\/wp-json\/wp\/v2\/media?parent=7207"}],"wp:term":[{"taxonomy":"product_brand","embeddable":true,"href":"https:\/\/fmp-components.com\/es\/wp-json\/wp\/v2\/product_brand?post=7207"},{"taxonomy":"product_cat","embeddable":true,"href":"https:\/\/fmp-components.com\/es\/wp-json\/wp\/v2\/product_cat?post=7207"},{"taxonomy":"product_tag","embeddable":true,"href":"https:\/\/fmp-components.com\/es\/wp-json\/wp\/v2\/product_tag?post=7207"}],"curies":[{"name":"gracias","href":"https:\/\/api.w.org\/{rel}","templated":true}]}}