{"id":7189,"date":"2025-03-20T05:36:25","date_gmt":"2025-03-20T05:36:25","guid":{"rendered":"https:\/\/fmp-components.com\/?post_type=product&#038;p=7189"},"modified":"2025-03-26T08:51:16","modified_gmt":"2025-03-26T08:51:16","slug":"cylindrical-worm-wheel","status":"publish","type":"product","link":"https:\/\/fmp-components.com\/es\/product\/cylindrical-worm-wheel\/","title":{"rendered":"Rueda helicoidal cil\u00edndrica"},"content":{"rendered":"<p>Una rueda helicoidal cil\u00edndrica es un componente clave en <a href=\"https:\/\/fmp-components.com\/es\/worm-gear-and-worm-shaft-2\/\">engranaje helicoidal<\/a> Sistemas dise\u00f1ados para acoplarse perfectamente con un sinf\u00edn y transmitir potencia eficientemente, manteniendo un funcionamiento suave y una alta capacidad de par. En FMP Company, nos especializamos en la producci\u00f3n de una amplia gama de ruedas sinf\u00edn cil\u00edndricas, disponibles en varios tipos y especificaciones para adaptarse a sus aplicaciones espec\u00edficas, con opciones de personalizaci\u00f3n. Si no encuentra el modelo exacto que necesita en nuestra lista de productos, es probable que a\u00fan no la hayamos actualizado. Cont\u00e1ctenos por correo electr\u00f3nico con sus requisitos y nuestros ingenieros expertos le responder\u00e1n en 24 horas para ayudarle.<\/p>\n<p><img loading=\"lazy\" decoding=\"async\" class=\"alignnone size-full wp-image-7193\" src=\"https:\/\/fmp-components.com\/wp-content\/uploads\/2025\/03\/Cylindrical-Worm-Wheel-1.webp\" alt=\"Rueda helicoidal cil\u00edndrica\" width=\"986\" height=\"657\" title=\"\" srcset=\"https:\/\/fmp-components.com\/wp-content\/uploads\/2025\/03\/Cylindrical-Worm-Wheel-1.webp 986w, https:\/\/fmp-components.com\/wp-content\/uploads\/2025\/03\/Cylindrical-Worm-Wheel-1-980x653.webp 980w, https:\/\/fmp-components.com\/wp-content\/uploads\/2025\/03\/Cylindrical-Worm-Wheel-1-480x320.webp 480w\" sizes=\"(min-width: 0px) and (max-width: 480px) 480px, (min-width: 481px) and (max-width: 980px) 980px, (min-width: 981px) 986px, 100vw\" \/><\/p>\n<h3>Caracter\u00edsticas de la rueda helicoidal cil\u00edndrica<\/h3>\n<div>\n<p class=\"break-words\">Las ruedas helicoidales cil\u00edndricas son parte integral de los sistemas de engranajes helicoidales y se presentan en dos configuraciones principales: un conjunto de &quot;sinf\u00edn y engranaje helicoidal&quot; y un conjunto de &quot;sinf\u00edn y rueda helicoidal&quot;. El primer tipo, un subconjunto de engranajes helicoidales para ejes cruzados, presenta un pi\u00f1\u00f3n con un n\u00famero m\u00ednimo de dientes (p. ej., 1, 2 o 3) y un \u00e1ngulo de h\u00e9lice pronunciado, calculado de forma similar a los engranajes helicoidales est\u00e1ndar utilizando m\u00f3dulos est\u00e1ndar normalizados. Sin embargo, debido al contacto puntual entre los flancos de los dientes, esta configuraci\u00f3n es menos adecuada para aplicaciones de alta carga. Por el contrario, la configuraci\u00f3n de &quot;sinf\u00edn y rueda helicoidal&quot; implica ruedas helicoidales fresadas con una fresa de sinf\u00edn que se ajusta a las especificaciones del sinf\u00edn, lo que permite el contacto lineal entre los dientes y soporta mayores fuerzas en los dientes para una mayor capacidad de carga.<\/p>\n<p class=\"break-words\">Las caracter\u00edsticas adicionales del dise\u00f1o mejoran la funcionalidad. Cuando la inmersi\u00f3n en aceite del rodamiento del sinf\u00edn cumple con los requisitos, pero la profundidad del sinf\u00edn es insuficiente, se puede a\u00f1adir un anillo de protecci\u00f3n contra salpicaduras de aceite al eje del sinf\u00edn. Este anillo lubrica los componentes y rodamientos de la transmisi\u00f3n, evitando una inmersi\u00f3n excesiva en aceite del rodamiento. Para aplicaciones de alta velocidad donde la velocidad perif\u00e9rica (PI) del sinf\u00edn supera los 10 m\/s, la rueda helicoidal se sustituye por un engranaje helicoidal de tipo superior ubicado sobre el sinf\u00edn. Esta disposici\u00f3n reduce la velocidad del engranaje, minimiza las p\u00e9rdidas por agitaci\u00f3n de aceite y disminuye el riesgo de que las impurezas o abrasivos del dep\u00f3sito de aceite entren en la zona de engrane, garantizando un rendimiento fiable.<\/p>\n<p><img loading=\"lazy\" decoding=\"async\" class=\"alignnone size-full wp-image-7194\" src=\"https:\/\/fmp-components.com\/wp-content\/uploads\/2025\/03\/Cylindrical-Worm-Wheel-2.webp\" alt=\"Rueda helicoidal cil\u00edndrica\" width=\"1000\" height=\"664\" title=\"\" srcset=\"https:\/\/fmp-components.com\/wp-content\/uploads\/2025\/03\/Cylindrical-Worm-Wheel-2.webp 1000w, https:\/\/fmp-components.com\/wp-content\/uploads\/2025\/03\/Cylindrical-Worm-Wheel-2-980x651.webp 980w, https:\/\/fmp-components.com\/wp-content\/uploads\/2025\/03\/Cylindrical-Worm-Wheel-2-480x319.webp 480w\" sizes=\"(min-width: 0px) and (max-width: 480px) 480px, (min-width: 481px) and (max-width: 980px) 980px, (min-width: 981px) 1000px, 100vw\" \/><\/p>\n<\/div>","protected":false},"excerpt":{"rendered":"<p>A Cylindrical Worm Wheel is a key component in worm gear systems, designed to mesh seamlessly with a worm to transmit power efficiently while maintaining smooth operation and high torque capacity. At FMP Company, we specialize in producing a diverse range of Cylindrical Worm Wheels, available in various types and specifications to suit your specific [&hellip;]<\/p>","protected":false},"featured_media":7195,"comment_status":"open","ping_status":"closed","template":"","meta":{"_et_pb_use_builder":"","_et_pb_old_content":"","_et_gb_content_width":""},"product_brand":[],"product_cat":[107],"product_tag":[],"class_list":{"0":"post-7189","1":"product","2":"type-product","3":"status-publish","4":"has-post-thumbnail","6":"product_cat-worm-gear","8":"first","9":"instock","10":"shipping-taxable","11":"product-type-simple"},"_links":{"self":[{"href":"https:\/\/fmp-components.com\/es\/wp-json\/wp\/v2\/product\/7189","targetHints":{"allow":["GET"]}}],"collection":[{"href":"https:\/\/fmp-components.com\/es\/wp-json\/wp\/v2\/product"}],"about":[{"href":"https:\/\/fmp-components.com\/es\/wp-json\/wp\/v2\/types\/product"}],"replies":[{"embeddable":true,"href":"https:\/\/fmp-components.com\/es\/wp-json\/wp\/v2\/comments?post=7189"}],"wp:featuredmedia":[{"embeddable":true,"href":"https:\/\/fmp-components.com\/es\/wp-json\/wp\/v2\/media\/7195"}],"wp:attachment":[{"href":"https:\/\/fmp-components.com\/es\/wp-json\/wp\/v2\/media?parent=7189"}],"wp:term":[{"taxonomy":"product_brand","embeddable":true,"href":"https:\/\/fmp-components.com\/es\/wp-json\/wp\/v2\/product_brand?post=7189"},{"taxonomy":"product_cat","embeddable":true,"href":"https:\/\/fmp-components.com\/es\/wp-json\/wp\/v2\/product_cat?post=7189"},{"taxonomy":"product_tag","embeddable":true,"href":"https:\/\/fmp-components.com\/es\/wp-json\/wp\/v2\/product_tag?post=7189"}],"curies":[{"name":"gracias","href":"https:\/\/api.w.org\/{rel}","templated":true}]}}