{"id":7168,"date":"2025-03-20T01:19:21","date_gmt":"2025-03-20T01:19:21","guid":{"rendered":"https:\/\/fmp-components.com\/?post_type=product&#038;p=7168"},"modified":"2025-03-26T08:52:09","modified_gmt":"2025-03-26T08:52:09","slug":"stainless-steel-worm-gear-for-cnc-machinery","status":"publish","type":"product","link":"https:\/\/fmp-components.com\/es\/product\/stainless-steel-worm-gear-for-cnc-machinery\/","title":{"rendered":"Engranaje helicoidal de acero inoxidable para maquinaria CNC"},"content":{"rendered":"<p>En FMP Company, nos especializamos en la fabricaci\u00f3n de una amplia gama de acero inoxidable. <a href=\"https:\/\/fmp-components.com\/es\/worm-gear-and-worm-shaft-2\/\">Engranajes helicoidales<\/a> Dise\u00f1ados para satisfacer diversas necesidades industriales. Adem\u00e1s de nuestro extenso cat\u00e1logo, tambi\u00e9n ofrecemos soluciones personalizadas adaptadas a sus necesidades espec\u00edficas. Si no encuentra el modelo exacto que busca en nuestra lista de productos, es probable que a\u00fan no la hayamos actualizado. No dude en enviarnos un correo electr\u00f3nico con los detalles del modelo que necesita y nuestros ingenieros le responder\u00e1n en 24 horas para ayudarle.<\/p>\n<p><img loading=\"lazy\" decoding=\"async\" class=\"size-full wp-image-7172 aligncenter\" src=\"https:\/\/fmp-components.com\/wp-content\/uploads\/2025\/03\/Stainless-Steel-Worm-Gear-for-CNC-Machinery-4.webp\" alt=\"Engranaje helicoidal de acero inoxidable para maquinaria CNC\" width=\"500\" height=\"600\" title=\"\" srcset=\"https:\/\/fmp-components.com\/wp-content\/uploads\/2025\/03\/Stainless-Steel-Worm-Gear-for-CNC-Machinery-4.webp 500w, https:\/\/fmp-components.com\/wp-content\/uploads\/2025\/03\/Stainless-Steel-Worm-Gear-for-CNC-Machinery-4-480x576.webp 480w\" sizes=\"(min-width: 0px) and (max-width: 480px) 480px, (min-width: 481px) 500px, 100vw\" \/><\/p>\n<h2>Par\u00e1metros del producto<\/h2>\n<div class=\"rich-text-table\">\n<table border=\"1\">\n<colgroup>\n<col \/>\n<col \/><\/colgroup>\n<tbody>\n<tr>\n<td>Nombre del producto<\/td>\n<td>Engranaje helicoidal y rueda helicoidal<\/td>\n<\/tr>\n<tr>\n<td>Materiales disponibles<\/td>\n<td>Acero inoxidable, acero al carbono, lat\u00f3n, bronce, hierro, aleaci\u00f3n de aluminio, cobre, pl\u00e1stico, nailon, PA66, MC, PEER, MSM, POM, Derlin, etc.<\/td>\n<\/tr>\n<tr>\n<td>Tratamiento t\u00e9rmico<\/td>\n<td>Temple y revenido, carburaci\u00f3n y temple, temple por alta frecuencia, carbonitruraci\u00f3n\u2026<\/td>\n<\/tr>\n<tr>\n<td>Tratamiento de superficies<\/td>\n<td>Cementaci\u00f3n y temple, revenido, superficie del diente, temple alto, temple, revenido<\/td>\n<\/tr>\n<tr>\n<td>ABURRIR<\/td>\n<td>Agujero terminado, Agujero piloto, Solicitud especial<\/td>\n<\/tr>\n<tr>\n<td>M\u00e9todo de procesamiento<\/td>\n<td>Moldeo, afeitado, tallado, taladrado, roscado, escariado, biselado manual, rectificado, etc.<\/td>\n<\/tr>\n<tr>\n<td>\u00c1ngulo de presi\u00f3n<\/td>\n<td>20 grados<\/td>\n<\/tr>\n<tr>\n<td>Dureza<\/td>\n<td>55-60HRC<\/td>\n<\/tr>\n<tr>\n<td>Tama\u00f1o<\/td>\n<td>Dibujos del cliente y norma ISO<\/td>\n<\/tr>\n<tr>\n<td>Paquete<\/td>\n<td>Caja\/Contenedor de madera y pal\u00e9, o hecho a medida<\/td>\n<\/tr>\n<tr>\n<td>Certificado<\/td>\n<td>ISO9001:2008<\/td>\n<\/tr>\n<tr>\n<td>Aplicaciones<\/td>\n<td>Maquinaria el\u00e9ctrica, maquinaria metal\u00fargica, maquinaria de protecci\u00f3n ambiental, electrodom\u00e9sticos, maquinaria de construcci\u00f3n de carreteras, maquinaria qu\u00edmica, maquinaria alimentaria, maquinaria industrial ligera, maquinaria minera, maquinaria de transporte, maquinaria de construcci\u00f3n, maquinaria de materiales de construcci\u00f3n, maquinaria de cemento, maquinaria de caucho, maquinaria de conservaci\u00f3n de agua y maquinaria petrolera.<\/td>\n<\/tr>\n<tr>\n<td>Proceso de mecanizado<\/td>\n<td>Preparaci\u00f3n de material, normalizaci\u00f3n, torneado de desbaste, temple y revenido, c\u00edrculo exterior de torneado semifino, superficie espiral de torneado de desbaste, cara final de orificio interior de torneado fino (rectificado fino), chavetero, superficie espiral de torneado semifino, alicates (resto de dientes incompletos), c\u00edrculo exterior de rectificado semifino, superficie espiral de rectificado semifino, rectificado de orificio central, anillo exterior de rectificado delicado, superficie helicoidal de rayado fino, inspecci\u00f3n de producto terminado.<\/td>\n<\/tr>\n<tr>\n<td>Ventajas<\/td>\n<td>1. Producir siguiendo estrictamente las dimensiones est\u00e1ndar ANSI o DIN.<br \/>\n2. Material: acero SCM 415<br \/>\n3. Di\u00e1metro interior: Di\u00e1metro interior terminado<br \/>\n4. Grado de precisi\u00f3n: DIN 5 a DIN 7<br \/>\n5. Tratamiento superficial: carburaci\u00f3n y temple<br \/>\nM\u00f3dulo 6: Del 1 al 4<br \/>\n7. Diente: De Z15 a Z70<\/td>\n<\/tr>\n<\/tbody>\n<\/table>\n<\/div>\n<h2>Especificaci\u00f3n:<\/h2>\n<div class=\"rich-text-table\">\n<table border=\"1\">\n<tbody>\n<tr>\n<td colspan=\"2\">N\u00famero<\/td>\n<td rowspan=\"2\">N\u00famero de dientes<\/td>\n<td colspan=\"2\">Di\u00e1metro del orificio del eje AH7 (incremento de 1 mm)<\/td>\n<td rowspan=\"2\">Direcci\u00f3n de torsi\u00f3n<\/td>\n<td rowspan=\"2\">B<\/td>\n<td rowspan=\"2\">do<\/td>\n<td rowspan=\"2\">D<\/td>\n<td rowspan=\"2\">mi<\/td>\n<td rowspan=\"2\">F<\/td>\n<td rowspan=\"2\">GRAMO<\/td>\n<\/tr>\n<tr>\n<td>Tipo<\/td>\n<td>M\u00f3dulo<\/td>\n<td>Orificio recto Orificio recto+rosca<\/td>\n<td>Chavetero + Rosca<\/td>\n<\/tr>\n<tr>\n<td rowspan=\"22\">Di\u00e1metro interior recto<\/p>\n<p>Orificio recto + macho de roscar<\/p>\n<p>Chavetero + Rosca<\/td>\n<td rowspan=\"5\">1.0<\/td>\n<td>20<\/td>\n<td>6<\/td>\n<td>8<\/td>\n<td rowspan=\"22\">L(Izquierda)<\/p>\n<p>R(Derecha)<\/td>\n<td>17<\/td>\n<td>20<\/td>\n<td>22<\/td>\n<td colspan=\"1\" rowspan=\"5\">8<\/td>\n<td rowspan=\"5\">10<\/td>\n<td rowspan=\"5\">18<\/td>\n<\/tr>\n<tr>\n<td>22~ 28<\/td>\n<td>8<\/td>\n<td>8~13<\/td>\n<td>18~20<\/td>\n<td>22~28<\/td>\n<td>24~30<\/td>\n<\/tr>\n<tr>\n<td>30~48<\/td>\n<td>10<\/td>\n<td>10~17<\/td>\n<td>25~30<\/td>\n<td>30~48<\/td>\n<td>32~50<\/td>\n<\/tr>\n<tr>\n<td>50~70<\/td>\n<td>12<\/td>\n<td>12~17<\/td>\n<td>35~40<\/td>\n<td>50~70<\/td>\n<td colspan=\"1\">52~72<\/td>\n<\/tr>\n<tr>\n<td>80~100<\/td>\n<td>15<\/td>\n<td>15~30<\/td>\n<td>50<\/td>\n<td>80~100<\/td>\n<td colspan=\"1\">82~102<\/td>\n<\/tr>\n<tr>\n<td rowspan=\"4\">1.5<\/td>\n<td>20~26<\/td>\n<td>12<\/td>\n<td>12~17<\/td>\n<td>24~32<\/td>\n<td>30~39<\/td>\n<td colspan=\"1\">33~42<\/td>\n<td colspan=\"1\" rowspan=\"4\">12<\/td>\n<td rowspan=\"4\">12<\/td>\n<td rowspan=\"4\">24<\/td>\n<\/tr>\n<tr>\n<td>28~44<\/td>\n<td>15<\/td>\n<td>15~30<\/td>\n<td>36~50<\/td>\n<td>42~67.5<\/td>\n<td colspan=\"1\">45~70.5<\/td>\n<\/tr>\n<tr>\n<td>45~52<\/td>\n<td>18<\/td>\n<td>18~40<\/td>\n<td>50~60<\/td>\n<td>72~78<\/td>\n<td colspan=\"1\">75~81<\/td>\n<\/tr>\n<tr>\n<td>60~100<\/td>\n<td>20<\/td>\n<td>20-50<\/td>\n<td>60~70<\/td>\n<td>90~150<\/td>\n<td colspan=\"1\">93\u00b7153<\/td>\n<\/tr>\n<tr>\n<td rowspan=\"5\">2.0<\/td>\n<td>15~18<\/td>\n<td>12<\/td>\n<td>12~17<\/td>\n<td>24~30<\/td>\n<td>30~36<\/td>\n<td>34~40<\/td>\n<td colspan=\"1\" rowspan=\"5\">16<\/td>\n<td rowspan=\"5\">13<\/td>\n<td rowspan=\"5\">29<\/td>\n<\/tr>\n<tr>\n<td>20~28<\/td>\n<td>15<\/td>\n<td>15\u00b722<\/td>\n<td>32~45<\/td>\n<td>40~56<\/td>\n<td>44~60<\/td>\n<\/tr>\n<tr>\n<td>30~36<\/td>\n<td>18<\/td>\n<td>18~40<\/td>\n<td>50<\/td>\n<td>60~72<\/td>\n<td>64~76<\/td>\n<\/tr>\n<tr>\n<td>40~48<\/td>\n<td>20<\/td>\n<td>20~44<\/td>\n<td>60<\/td>\n<td>80~96<\/td>\n<td>84~100<\/td>\n<\/tr>\n<tr>\n<td>50~100<\/td>\n<td>25<\/td>\n<td>25~60<\/td>\n<td>60~100<\/td>\n<td>100~200<\/td>\n<td>104~204<\/td>\n<\/tr>\n<tr>\n<td rowspan=\"4\">2.5<\/td>\n<td>15~18<\/td>\n<td>15<\/td>\n<td>15~30<\/td>\n<td>30~38<\/td>\n<td>37.5~45<\/td>\n<td>42.5~50<\/td>\n<td colspan=\"1\" rowspan=\"4\">20<\/td>\n<td rowspan=\"4\">14<\/td>\n<td rowspan=\"4\">34<\/td>\n<\/tr>\n<tr>\n<td>20~24<\/td>\n<td>18<\/td>\n<td>18~40<\/td>\n<td>40~48<\/td>\n<td>50~60<\/td>\n<td>55~65<\/td>\n<\/tr>\n<tr>\n<td>25~36<\/td>\n<td>20<\/td>\n<td>20~50<\/td>\n<td>50~70<\/td>\n<td>62.5~90<\/td>\n<td>67.5~95<\/td>\n<\/tr>\n<tr>\n<td>40~60<\/td>\n<td>25<\/td>\n<td>25~70<\/td>\n<td>70~80<\/td>\n<td>90~150<\/td>\n<td>95~155<\/td>\n<\/tr>\n<tr>\n<td rowspan=\"4\">3.0<\/td>\n<td>15~18<\/td>\n<td>18<\/td>\n<td>18~22<\/td>\n<td>36~40<\/td>\n<td>45~54<\/td>\n<td>51~60<\/td>\n<td colspan=\"1\" rowspan=\"4\">25<\/td>\n<td rowspan=\"4\">16<\/td>\n<td rowspan=\"4\">4<\/td>\n<\/tr>\n<\/tbody>\n<\/table>\n<h3>Producto relacionado<\/h3>\n<p><img loading=\"lazy\" decoding=\"async\" class=\"alignnone size-full wp-image-7170\" src=\"https:\/\/fmp-components.com\/wp-content\/uploads\/2025\/03\/Stainless-Steel-Worm-Gear-for-CNC-Machinery-3.webp\" alt=\"Engranaje helicoidal de acero inoxidable para maquinaria CNC\" width=\"1000\" height=\"400\" title=\"\" srcset=\"https:\/\/fmp-components.com\/wp-content\/uploads\/2025\/03\/Stainless-Steel-Worm-Gear-for-CNC-Machinery-3.webp 1000w, https:\/\/fmp-components.com\/wp-content\/uploads\/2025\/03\/Stainless-Steel-Worm-Gear-for-CNC-Machinery-3-980x392.webp 980w, https:\/\/fmp-components.com\/wp-content\/uploads\/2025\/03\/Stainless-Steel-Worm-Gear-for-CNC-Machinery-3-480x192.webp 480w\" sizes=\"(min-width: 0px) and (max-width: 480px) 480px, (min-width: 481px) and (max-width: 980px) 980px, (min-width: 981px) 1000px, 100vw\" \/><\/p>\n<p>Nos gustar\u00eda destacar que FMP Company tambi\u00e9n fabrica con orgullo reductores de tornillo sin fin de acero inoxidable, dise\u00f1ados espec\u00edficamente para satisfacer las exigentes exigencias de la industria alimentaria. Estos reductores se fabrican con precisi\u00f3n, lo que garantiza durabilidad, resistencia a la corrosi\u00f3n y cumplimiento de las normas de higiene, lo que los convierte en la opci\u00f3n ideal para aplicaciones de procesamiento de alimentos. Si tiene alguna necesidad o consulta sobre nuestros reductores de tornillo sin fin de acero inoxidable, no dude en contactarnos. Nuestro equipo dedicado est\u00e1 listo para ayudarle con prontitud, brind\u00e1ndole soluciones personalizadas para optimizar sus operaciones. \u00a1Cont\u00e1ctenos hoy mismo para hablar sobre sus necesidades!<\/p>\n<p><img loading=\"lazy\" decoding=\"async\" class=\"alignnone size-full wp-image-7173\" src=\"https:\/\/fmp-components.com\/wp-content\/uploads\/2025\/03\/Stainless-Steel-Worm-Gearbox.webp\" alt=\"Caja de engranajes helicoidales de acero inoxidable\" width=\"1000\" height=\"668\" title=\"\" srcset=\"https:\/\/fmp-components.com\/wp-content\/uploads\/2025\/03\/Stainless-Steel-Worm-Gearbox.webp 1000w, https:\/\/fmp-components.com\/wp-content\/uploads\/2025\/03\/Stainless-Steel-Worm-Gearbox-980x655.webp 980w, https:\/\/fmp-components.com\/wp-content\/uploads\/2025\/03\/Stainless-Steel-Worm-Gearbox-480x321.webp 480w\" sizes=\"(min-width: 0px) and (max-width: 480px) 480px, (min-width: 481px) and (max-width: 980px) 980px, (min-width: 981px) 1000px, 100vw\" \/><\/p>\n<\/div>","protected":false},"excerpt":{"rendered":"<p>En FMP Company, nos especializamos en la fabricaci\u00f3n de una amplia gama de engranajes sinf\u00edn de acero inoxidable dise\u00f1ados para satisfacer diversas necesidades industriales. Adem\u00e1s de nuestro extenso cat\u00e1logo, tambi\u00e9n ofrecemos soluciones personalizadas adaptadas a sus necesidades espec\u00edficas. Si no encuentra el modelo exacto que busca en nuestra lista de productos, es probable que no hayamos [\u2026]<\/p>","protected":false},"featured_media":7169,"comment_status":"open","ping_status":"closed","template":"","meta":{"_et_pb_use_builder":"","_et_pb_old_content":"","_et_gb_content_width":""},"product_brand":[],"product_cat":[107],"product_tag":[],"class_list":{"0":"post-7168","1":"product","2":"type-product","3":"status-publish","4":"has-post-thumbnail","6":"product_cat-worm-gear","8":"first","9":"instock","10":"shipping-taxable","11":"product-type-simple"},"_links":{"self":[{"href":"https:\/\/fmp-components.com\/es\/wp-json\/wp\/v2\/product\/7168","targetHints":{"allow":["GET"]}}],"collection":[{"href":"https:\/\/fmp-components.com\/es\/wp-json\/wp\/v2\/product"}],"about":[{"href":"https:\/\/fmp-components.com\/es\/wp-json\/wp\/v2\/types\/product"}],"replies":[{"embeddable":true,"href":"https:\/\/fmp-components.com\/es\/wp-json\/wp\/v2\/comments?post=7168"}],"wp:featuredmedia":[{"embeddable":true,"href":"https:\/\/fmp-components.com\/es\/wp-json\/wp\/v2\/media\/7169"}],"wp:attachment":[{"href":"https:\/\/fmp-components.com\/es\/wp-json\/wp\/v2\/media?parent=7168"}],"wp:term":[{"taxonomy":"product_brand","embeddable":true,"href":"https:\/\/fmp-components.com\/es\/wp-json\/wp\/v2\/product_brand?post=7168"},{"taxonomy":"product_cat","embeddable":true,"href":"https:\/\/fmp-components.com\/es\/wp-json\/wp\/v2\/product_cat?post=7168"},{"taxonomy":"product_tag","embeddable":true,"href":"https:\/\/fmp-components.com\/es\/wp-json\/wp\/v2\/product_tag?post=7168"}],"curies":[{"name":"gracias","href":"https:\/\/api.w.org\/{rel}","templated":true}]}}