{"id":7154,"date":"2025-03-19T07:41:52","date_gmt":"2025-03-19T07:41:52","guid":{"rendered":"https:\/\/fmp-components.com\/?post_type=product&#038;p=7154"},"modified":"2025-03-26T08:51:49","modified_gmt":"2025-03-26T08:51:49","slug":"customized-worm-gear-set","status":"publish","type":"product","link":"https:\/\/fmp-components.com\/es\/product\/customized-worm-gear-set\/","title":{"rendered":"Juego de engranajes helicoidales personalizados"},"content":{"rendered":"<h2>Juegos de engranajes helicoidales personalizados<\/h2>\n<p>Los juegos de engranajes helicoidales personalizados se producen en varios dise\u00f1os y materiales seg\u00fan las especificaciones del cliente.<\/p>\n<p>FMP ofrece conjuntos de engranajes personalizados con distancias axiales de 17 a 210 mm y un di\u00e1metro m\u00e1ximo de rueda helicoidal de 300 mm. Si es necesario, FMP calcula los datos del perfil dentado, define el material y el tratamiento superficial, y ofrece asesoramiento sobre lubricaci\u00f3n y cargas de par.<\/p>\n<p>FMP tiene muchos a\u00f1os de experiencia en la fabricaci\u00f3n <a href=\"https:\/\/fmp-components.com\/es\/worm-gear-and-worm-shaft-2\/\">juegos de engranajes helicoidales<\/a>Esto significa que nuestros clientes conf\u00edan principalmente en las herramientas de corte de engranajes existentes, especialmente cuando se trata de plazos de entrega cortos y peque\u00f1as cantidades. Por lo tanto, el procedimiento debe evaluarse caso por caso. Para ello, puede contactarnos personalmente o utilizar el formulario de solicitud.<\/p>\n<table style=\"width: 100%;\" border=\"1\" width=\"100%\" cellspacing=\"0\" cellpadding=\"0\">\n<tbody>\n<tr style=\"height: 14.40pt;\">\n<td style=\"height: 14.40pt; width: 49.80pt;\" width=\"83\" height=\"24\"><img loading=\"lazy\" decoding=\"async\" class=\"size-full wp-image-7158 aligncenter\" src=\"https:\/\/fmp-components.com\/wp-content\/uploads\/2025\/03\/Worm-Gear-Set-Product-3.webp\" alt=\"Juego de engranajes helicoidales\" width=\"1000\" height=\"667\" title=\"\" srcset=\"https:\/\/fmp-components.com\/wp-content\/uploads\/2025\/03\/Worm-Gear-Set-Product-3.webp 1000w, https:\/\/fmp-components.com\/wp-content\/uploads\/2025\/03\/Worm-Gear-Set-Product-3-980x654.webp 980w, https:\/\/fmp-components.com\/wp-content\/uploads\/2025\/03\/Worm-Gear-Set-Product-3-480x320.webp 480w\" sizes=\"(min-width: 0px) and (max-width: 480px) 480px, (min-width: 481px) and (max-width: 980px) 980px, (min-width: 981px) 1000px, 100vw\" \/><\/td>\n<td style=\"width: 48.00pt;\" align=\"right\" width=\"80\"><img loading=\"lazy\" decoding=\"async\" class=\"size-full wp-image-7157 alignnone\" src=\"https:\/\/fmp-components.com\/wp-content\/uploads\/2025\/03\/Worm-Gear-Set-Product-4.webp\" alt=\"Juego de engranajes helicoidales\" width=\"1000\" height=\"658\" title=\"\" srcset=\"https:\/\/fmp-components.com\/wp-content\/uploads\/2025\/03\/Worm-Gear-Set-Product-4.webp 1000w, https:\/\/fmp-components.com\/wp-content\/uploads\/2025\/03\/Worm-Gear-Set-Product-4-980x645.webp 980w, https:\/\/fmp-components.com\/wp-content\/uploads\/2025\/03\/Worm-Gear-Set-Product-4-480x316.webp 480w\" sizes=\"(min-width: 0px) and (max-width: 480px) 480px, (min-width: 481px) and (max-width: 980px) 980px, (min-width: 981px) 1000px, 100vw\" \/><\/td>\n<\/tr>\n<tr style=\"height: 14.40pt;\">\n<td style=\"height: 14.40pt;\" height=\"24\"><img loading=\"lazy\" decoding=\"async\" class=\"alignnone size-full wp-image-7160\" src=\"https:\/\/fmp-components.com\/wp-content\/uploads\/2025\/03\/Worm-Gear-Set-Product-1.webp\" alt=\"Juego de engranajes helicoidales\" width=\"1000\" height=\"667\" title=\"\" srcset=\"https:\/\/fmp-components.com\/wp-content\/uploads\/2025\/03\/Worm-Gear-Set-Product-1.webp 1000w, https:\/\/fmp-components.com\/wp-content\/uploads\/2025\/03\/Worm-Gear-Set-Product-1-980x654.webp 980w, https:\/\/fmp-components.com\/wp-content\/uploads\/2025\/03\/Worm-Gear-Set-Product-1-480x320.webp 480w\" sizes=\"(min-width: 0px) and (max-width: 480px) 480px, (min-width: 481px) and (max-width: 980px) 980px, (min-width: 981px) 1000px, 100vw\" \/><\/td>\n<td align=\"right\"><img loading=\"lazy\" decoding=\"async\" class=\"alignnone size-full wp-image-7159\" src=\"https:\/\/fmp-components.com\/wp-content\/uploads\/2025\/03\/Worm-Gear-Set-Product-2.webp\" alt=\"Juego de engranajes helicoidales\" width=\"1000\" height=\"667\" title=\"\" srcset=\"https:\/\/fmp-components.com\/wp-content\/uploads\/2025\/03\/Worm-Gear-Set-Product-2.webp 1000w, https:\/\/fmp-components.com\/wp-content\/uploads\/2025\/03\/Worm-Gear-Set-Product-2-980x654.webp 980w, https:\/\/fmp-components.com\/wp-content\/uploads\/2025\/03\/Worm-Gear-Set-Product-2-480x320.webp 480w\" sizes=\"(min-width: 0px) and (max-width: 480px) 480px, (min-width: 481px) and (max-width: 980px) 980px, (min-width: 981px) 1000px, 100vw\" \/><\/td>\n<\/tr>\n<\/tbody>\n<\/table>\n<h3 id=\"ali-title-AliPostDhMb-l21dc\"><span data-spm-anchor-id=\"a2700.details.0.i24.d43f7fd9eq9biO\">Nuestro producto<\/span><\/h3>\n<div>\n<table style=\"width: 100%;\" border=\"1\" width=\"100%\" cellspacing=\"0\" cellpadding=\"0\">\n<thead class=\"border-b border-primary\/20\">\n<tr class=\"border-primary\/10\">\n<th class=\"break-words\">Juego de engranajes helicoidales<\/th>\n<th class=\"break-words\">Distancia entre centros (mm)<\/th>\n<th class=\"break-words\">Relaci\u00f3n de transmisi\u00f3n<\/th>\n<th class=\"break-words\">Par de salida (en libras)<\/th>\n<\/tr>\n<\/thead>\n<tbody>\n<tr class=\"border-primary\/10\">\n<td class=\"break-words\">A17<\/td>\n<td class=\"break-words\">17<\/td>\n<td class=\"break-words\">2,25 \u2013 80:1<\/td>\n<td class=\"break-words\">8,85 \u2013 24,78<\/td>\n<\/tr>\n<tr class=\"border-primary\/10\">\n<td class=\"break-words\">A22<\/td>\n<td class=\"break-words\">22<\/td>\n<td class=\"break-words\">3 \u2013 40:1<\/td>\n<td class=\"break-words\">19.47 \u2013 51.33<\/td>\n<\/tr>\n<tr class=\"border-primary\/10\">\n<td class=\"break-words\">A25<\/td>\n<td class=\"break-words\">25<\/td>\n<td class=\"break-words\">4 \u2013 50:1<\/td>\n<td class=\"break-words\">45.14 \u2013 82.3<\/td>\n<\/tr>\n<tr class=\"border-primary\/10\">\n<td class=\"break-words\">A31<\/td>\n<td class=\"break-words\">31<\/td>\n<td class=\"break-words\">2,5 \u2013 100:1<\/td>\n<td class=\"break-words\">89,39 \u2013 122,94<\/td>\n<\/tr>\n<tr class=\"border-primary\/10\">\n<td class=\"break-words\">A33<\/td>\n<td class=\"break-words\">33<\/td>\n<td class=\"break-words\">3,5 \u2013 75:1<\/td>\n<td class=\"break-words\">89,39 \u2013 188,52<\/td>\n<\/tr>\n<tr class=\"border-primary\/10\">\n<td class=\"break-words\">A35<\/td>\n<td class=\"break-words\">35<\/td>\n<td class=\"break-words\">2,78 \u2013 90:1<\/td>\n<td class=\"break-words\">58,4 \u2013 226,58<\/td>\n<\/tr>\n<tr class=\"border-primary\/10\">\n<td class=\"break-words\">A40<\/td>\n<td class=\"break-words\">40<\/td>\n<td class=\"break-words\">6,75 \u2013 90:1<\/td>\n<td class=\"break-words\">223.004 \u2013 411.56<\/td>\n<\/tr>\n<tr class=\"border-primary\/10\">\n<td class=\"break-words\">A50<\/td>\n<td class=\"break-words\">50<\/td>\n<td class=\"break-words\">4.25 \u2013 69:1<\/td>\n<td class=\"break-words\">300,9 \u2013 1039,2<\/td>\n<\/tr>\n<tr class=\"border-primary\/10\">\n<td class=\"break-words\">A53<\/td>\n<td class=\"break-words\">53<\/td>\n<td class=\"break-words\">4,75 \u2013 75:1<\/td>\n<td class=\"break-words\">398,28 \u2013 1247,9<\/td>\n<\/tr>\n<tr class=\"border-primary\/10\">\n<td class=\"break-words\">A63<\/td>\n<td class=\"break-words\">63<\/td>\n<td class=\"break-words\">6.1 \u2013 70:1<\/td>\n<td class=\"break-words\">787,7 \u2013 2283,5<\/td>\n<\/tr>\n<tr class=\"border-primary\/10\">\n<td class=\"break-words\">A65<\/td>\n<td class=\"break-words\">65<\/td>\n<td class=\"break-words\">6.25 \u2013 75:1<\/td>\n<td class=\"break-words\">893.9 \u2013 2549<\/td>\n<\/tr>\n<tr class=\"border-primary\/10\">\n<td class=\"break-words\">A80<\/td>\n<td class=\"break-words\">80<\/td>\n<td class=\"break-words\">6,75 \u2013 80:1<\/td>\n<td class=\"break-words\">1327.6 \u2013 4620<\/td>\n<\/tr>\n<\/tbody>\n<\/table>\n<p>&nbsp;<\/p>\n<\/div>\n<div>\n<table border=\"1\">\n<tbody>\n<tr>\n<td>Tipos de engranajes<\/td>\n<td>engranaje recto, engranaje helicoidal, engranaje recto interno, engranaje anular, engranaje c\u00f3nico recto\/espiral, engranaje hipoide,<\/p>\n<p>corona y pi\u00f1\u00f3n, eje de engranaje, engranaje sin fin y eje sin fin, eje estriado y buje, etc.<\/td>\n<\/tr>\n<tr>\n<td>Material del engranaje<\/td>\n<td>acero al carbono, acero aleado, acero inoxidable, lat\u00f3n, bronce, hierro fundido, nailon, etc.<\/p>\n<p>{Acero GB: C45, 40Cr, 20CrMo, 20CrMoTi, 17CrNiMo6, 20CrMnTi, 42CrMo, etc.}<\/td>\n<\/tr>\n<tr>\n<td>Tratamiento<\/td>\n<td>torneado de piezas brutas de engranajes, tallado de engranajes, fresado de engranajes, conformaci\u00f3n de engranajes, afeitado de engranajes, rectificado de dientes,<\/p>\n<p>brochado, etc.<\/td>\n<\/tr>\n<tr>\n<td>Tratamiento t\u00e9rmico<\/td>\n<td>Temple, carburaci\u00f3n, nitruraci\u00f3n, carbonitraci\u00f3n, temple en ba\u00f1o de sal, etc.<\/td>\n<\/tr>\n<tr>\n<td>Solicitud<\/td>\n<td>Automotriz, Agr\u00edcola, Electr\u00f3nica, Industrial, M\u00e9dica, Defensa, Off-road, etc.<\/td>\n<\/tr>\n<\/tbody>\n<\/table>\n<\/div>\n<div>\n<h2>Caracter\u00edsticas de los conjuntos de engranajes helicoidales<\/h2>\n<table style=\"width: 100%;\" border=\"1\" width=\"100%\" cellspacing=\"0\" cellpadding=\"0\">\n<tbody>\n<tr style=\"height: 14.40pt;\">\n<td style=\"height: 14.4pt; width: 30.4762%;\" width=\"83\" height=\"24\">\u00a0\u00a0<img loading=\"lazy\" decoding=\"async\" class=\"alignnone size-full wp-image-7163\" src=\"https:\/\/fmp-components.com\/wp-content\/uploads\/2025\/03\/Worm-Gear-Set-Product-5.webp\" alt=\"Juego de engranajes helicoidales\" width=\"800\" height=\"800\" title=\"\" srcset=\"https:\/\/fmp-components.com\/wp-content\/uploads\/2025\/03\/Worm-Gear-Set-Product-5.webp 800w, https:\/\/fmp-components.com\/wp-content\/uploads\/2025\/03\/Worm-Gear-Set-Product-5-480x480.webp 480w\" sizes=\"(min-width: 0px) and (max-width: 480px) 480px, (min-width: 481px) 800px, 100vw\" \/><\/td>\n<td style=\"width: 34.9206%;\" align=\"right\" width=\"80\"><img loading=\"lazy\" decoding=\"async\" class=\"alignnone size-full wp-image-7162\" src=\"https:\/\/fmp-components.com\/wp-content\/uploads\/2025\/03\/Worm-Gear-Set-Product-6.webp\" alt=\"Juego de engranajes helicoidales\" width=\"800\" height=\"800\" title=\"\" srcset=\"https:\/\/fmp-components.com\/wp-content\/uploads\/2025\/03\/Worm-Gear-Set-Product-6.webp 800w, https:\/\/fmp-components.com\/wp-content\/uploads\/2025\/03\/Worm-Gear-Set-Product-6-480x480.webp 480w\" sizes=\"(min-width: 0px) and (max-width: 480px) 480px, (min-width: 481px) 800px, 100vw\" \/><\/td>\n<td style=\"width: 34.2857%;\" align=\"right\" width=\"154\"><img loading=\"lazy\" decoding=\"async\" class=\"alignnone size-full wp-image-7161\" src=\"https:\/\/fmp-components.com\/wp-content\/uploads\/2025\/03\/Worm-Gear-Set-Product-7.webp\" alt=\"Juego de engranajes helicoidales\" width=\"800\" height=\"800\" title=\"\" srcset=\"https:\/\/fmp-components.com\/wp-content\/uploads\/2025\/03\/Worm-Gear-Set-Product-7.webp 800w, https:\/\/fmp-components.com\/wp-content\/uploads\/2025\/03\/Worm-Gear-Set-Product-7-480x480.webp 480w\" sizes=\"(min-width: 0px) and (max-width: 480px) 480px, (min-width: 481px) 800px, 100vw\" \/><\/td>\n<\/tr>\n<tr style=\"height: 14.40pt;\">\n<td style=\"height: 14.4pt; width: 30.4762%;\" height=\"24\">Superficie lisa, sin rebabas, sin esquinas afiladas.<\/td>\n<td style=\"width: 34.9206%; text-align: left;\" align=\"right\">Fuerte y duradero, gran relaci\u00f3n de rotaci\u00f3n, peque\u00f1a potencia de transmisi\u00f3n.<\/td>\n<td style=\"width: 34.2857%; text-align: left;\" align=\"right\">La superficie del diente del engranaje helicoidal es de contacto lineal y la capacidad de carga es grande.<\/td>\n<\/tr>\n<\/tbody>\n<\/table>\n<h3>Solicitud<\/h3>\n<table style=\"width: 100%; height: 130px;\" border=\"1\" width=\"100%\" cellspacing=\"0\" cellpadding=\"0\">\n<tbody>\n<tr style=\"height: 14.40pt;\">\n<td style=\"height: 16px; width: 49.8413%;\" width=\"83\" height=\"24\"><strong>Dispositivo de accionamiento del limpiaparabrisas<\/strong><\/td>\n<td style=\"width: 49.8413%; height: 16px;\" align=\"right\" width=\"80\"><\/td>\n<\/tr>\n<tr style=\"height: 14.40pt;\">\n<td style=\"height: 14px; width: 49.8413%;\" height=\"24\">\u00a0 \u00a0<img loading=\"lazy\" decoding=\"async\" class=\"alignnone size-full wp-image-7184\" src=\"https:\/\/fmp-components.com\/wp-content\/uploads\/2025\/03\/Wiper-Drive-Device-1.webp\" alt=\"Dispositivo de accionamiento del limpiaparabrisas 1\" width=\"667\" height=\"486\" title=\"\" srcset=\"https:\/\/fmp-components.com\/wp-content\/uploads\/2025\/03\/Wiper-Drive-Device-1.webp 667w, https:\/\/fmp-components.com\/wp-content\/uploads\/2025\/03\/Wiper-Drive-Device-1-480x350.webp 480w\" sizes=\"(min-width: 0px) and (max-width: 480px) 480px, (min-width: 481px) 667px, 100vw\" \/><\/td>\n<td style=\"height: 14px; width: 49.8413%;\" align=\"right\"><img loading=\"lazy\" decoding=\"async\" class=\"alignnone size-full wp-image-7185\" src=\"https:\/\/fmp-components.com\/wp-content\/uploads\/2025\/03\/Wiper-Drive-Device-2.webp\" alt=\"Dispositivo de accionamiento del limpiaparabrisas 2\" width=\"441\" height=\"315\" title=\"\" srcset=\"https:\/\/fmp-components.com\/wp-content\/uploads\/2025\/03\/Wiper-Drive-Device-2.webp 441w, https:\/\/fmp-components.com\/wp-content\/uploads\/2025\/03\/Wiper-Drive-Device-2-300x214.webp 300w, https:\/\/fmp-components.com\/wp-content\/uploads\/2025\/03\/Wiper-Drive-Device-2-18x12.webp 18w\" sizes=\"(max-width: 441px) 100vw, 441px\" \/><\/td>\n<\/tr>\n<tr style=\"height: 14.40pt;\">\n<td style=\"height: 14px; width: 49.8413%;\" height=\"24\">Engranaje helicoidal utilizado para el mecanismo oscilante de los limpiaparabrisas.<\/td>\n<td style=\"height: 14px; width: 49.8413%;\" align=\"right\">Engranaje helicoidal utilizado para el mecanismo oscilante de los limpiaparabrisas.<\/td>\n<\/tr>\n<tr style=\"height: 14.40pt;\">\n<td style=\"height: 14px; width: 49.8413%;\" height=\"24\"><strong>Hervidor de vapor<\/strong><\/td>\n<td style=\"height: 14px; text-align: left; width: 49.8413%;\" align=\"right\"><strong>Dispositivo de llenado de alimentos<\/strong><\/td>\n<\/tr>\n<tr style=\"height: 14.40pt;\">\n<td style=\"height: 14px; width: 49.8413%;\" height=\"24\"><img loading=\"lazy\" decoding=\"async\" class=\"alignnone size-full wp-image-7183\" src=\"https:\/\/fmp-components.com\/wp-content\/uploads\/2025\/03\/Steam-Kettle.webp\" alt=\"Hervidor de vapor\" width=\"416\" height=\"400\" title=\"\" srcset=\"https:\/\/fmp-components.com\/wp-content\/uploads\/2025\/03\/Steam-Kettle.webp 416w, https:\/\/fmp-components.com\/wp-content\/uploads\/2025\/03\/Steam-Kettle-300x288.webp 300w, https:\/\/fmp-components.com\/wp-content\/uploads\/2025\/03\/Steam-Kettle-12x12.webp 12w\" sizes=\"(max-width: 416px) 100vw, 416px\" \/><\/td>\n<td style=\"height: 14px; width: 49.8413%;\" align=\"right\"><img loading=\"lazy\" decoding=\"async\" class=\"alignnone size-full wp-image-7181\" src=\"https:\/\/fmp-components.com\/wp-content\/uploads\/2025\/03\/Food-Filling-Device.webp\" alt=\"Dispositivo de llenado de alimentos\" width=\"550\" height=\"415\" title=\"\" srcset=\"https:\/\/fmp-components.com\/wp-content\/uploads\/2025\/03\/Food-Filling-Device.webp 550w, https:\/\/fmp-components.com\/wp-content\/uploads\/2025\/03\/Food-Filling-Device-480x362.webp 480w\" sizes=\"(min-width: 0px) and (max-width: 480px) 480px, (min-width: 481px) 550px, 100vw\" \/><\/td>\n<\/tr>\n<tr style=\"height: 14.40pt;\">\n<td style=\"height: 16px; width: 49.8413%;\" height=\"24\">Sinf\u00edn y rueda helicoidal utilizados para girar sartenes grandes<\/td>\n<td style=\"height: 16px; text-align: left; width: 49.8413%;\" align=\"right\">Engranaje helicoidal utilizado para indexar y accionar, para un llenado preciso de una cantidad fija de ingredientes.<\/td>\n<\/tr>\n<tr style=\"height: 14.40pt;\">\n<td style=\"height: 14px; width: 49.8413%;\" height=\"24\"><strong>Ejemplo de dise\u00f1o de escenario<\/strong><\/td>\n<td style=\"height: 14px; text-align: left; width: 49.8413%;\" align=\"right\"><strong>Dispositivo de alimentaci\u00f3n de tela<\/strong><\/td>\n<\/tr>\n<tr style=\"height: 14.40pt;\">\n<td style=\"height: 14px; width: 49.8413%;\" height=\"24\"><img loading=\"lazy\" decoding=\"async\" class=\"alignnone size-full wp-image-7182\" src=\"https:\/\/fmp-components.com\/wp-content\/uploads\/2025\/03\/Stage-Design-Example-1.webp\" alt=\"Ejemplo de dise\u00f1o de escenario 1\" width=\"408\" height=\"504\" title=\"\" srcset=\"https:\/\/fmp-components.com\/wp-content\/uploads\/2025\/03\/Stage-Design-Example-1.webp 408w, https:\/\/fmp-components.com\/wp-content\/uploads\/2025\/03\/Stage-Design-Example-1-243x300.webp 243w, https:\/\/fmp-components.com\/wp-content\/uploads\/2025\/03\/Stage-Design-Example-1-10x12.webp 10w\" sizes=\"(max-width: 408px) 100vw, 408px\" \/><\/td>\n<td style=\"height: 14px; width: 49.8413%;\" align=\"right\"><img loading=\"lazy\" decoding=\"async\" class=\"alignnone size-full wp-image-7186\" src=\"https:\/\/fmp-components.com\/wp-content\/uploads\/2025\/03\/Fabric-Feeding-Device-1.webp\" alt=\"Dispositivo de alimentaci\u00f3n de tela 1\" width=\"633\" height=\"464\" title=\"\" srcset=\"https:\/\/fmp-components.com\/wp-content\/uploads\/2025\/03\/Fabric-Feeding-Device-1.webp 633w, https:\/\/fmp-components.com\/wp-content\/uploads\/2025\/03\/Fabric-Feeding-Device-1-480x352.webp 480w\" sizes=\"(min-width: 0px) and (max-width: 480px) 480px, (min-width: 481px) 633px, 100vw\" \/><\/td>\n<\/tr>\n<tr style=\"height: 14.40pt;\">\n<td style=\"height: 14px; width: 49.8413%;\" height=\"24\">Engranaje helicoidal utilizado para mesas giratorias (ejemplo de dise\u00f1o)<\/td>\n<td style=\"height: 14px; width: 49.8413%;\">Tornillo sin fin y rueda helicoidal utilizados para ajustar la altura<\/td>\n<\/tr>\n<\/tbody>\n<\/table>\n<\/div>","protected":false},"excerpt":{"rendered":"<p>Custom worm gear sets Custom worm gear sets are produced in various designs and materials according to customer specifications. FMP offers custom gear sets with axial distances from 17 to 210 mm and a maximum worm wheel diameter of 300 mm. If necessary, FMP calculates the tooth profile data, defines the material and surface treatment, [&hellip;]<\/p>","protected":false},"featured_media":7155,"comment_status":"open","ping_status":"closed","template":"","meta":{"_et_pb_use_builder":"","_et_pb_old_content":"","_et_gb_content_width":""},"product_brand":[],"product_cat":[107],"product_tag":[],"class_list":{"0":"post-7154","1":"product","2":"type-product","3":"status-publish","4":"has-post-thumbnail","6":"product_cat-worm-gear","8":"first","9":"instock","10":"shipping-taxable","11":"product-type-simple"},"_links":{"self":[{"href":"https:\/\/fmp-components.com\/es\/wp-json\/wp\/v2\/product\/7154","targetHints":{"allow":["GET"]}}],"collection":[{"href":"https:\/\/fmp-components.com\/es\/wp-json\/wp\/v2\/product"}],"about":[{"href":"https:\/\/fmp-components.com\/es\/wp-json\/wp\/v2\/types\/product"}],"replies":[{"embeddable":true,"href":"https:\/\/fmp-components.com\/es\/wp-json\/wp\/v2\/comments?post=7154"}],"wp:featuredmedia":[{"embeddable":true,"href":"https:\/\/fmp-components.com\/es\/wp-json\/wp\/v2\/media\/7155"}],"wp:attachment":[{"href":"https:\/\/fmp-components.com\/es\/wp-json\/wp\/v2\/media?parent=7154"}],"wp:term":[{"taxonomy":"product_brand","embeddable":true,"href":"https:\/\/fmp-components.com\/es\/wp-json\/wp\/v2\/product_brand?post=7154"},{"taxonomy":"product_cat","embeddable":true,"href":"https:\/\/fmp-components.com\/es\/wp-json\/wp\/v2\/product_cat?post=7154"},{"taxonomy":"product_tag","embeddable":true,"href":"https:\/\/fmp-components.com\/es\/wp-json\/wp\/v2\/product_tag?post=7154"}],"curies":[{"name":"gracias","href":"https:\/\/api.w.org\/{rel}","templated":true}]}}