{"id":7132,"date":"2025-03-18T08:04:19","date_gmt":"2025-03-18T08:04:19","guid":{"rendered":"https:\/\/fmp-components.com\/?post_type=product&#038;p=7132"},"modified":"2025-03-27T01:23:33","modified_gmt":"2025-03-27T01:23:33","slug":"forging-bevel-gears","status":"publish","type":"product","link":"https:\/\/fmp-components.com\/es\/product\/forging-bevel-gears\/","title":{"rendered":"Forja de engranajes c\u00f3nicos"},"content":{"rendered":"<h2>Engranajes c\u00f3nicos forjados con precisi\u00f3n adaptados a sus necesidades<\/h2>\n<p>En FMP, nos especializamos en la fabricaci\u00f3n de piezas forjadas de alto rendimiento. <a href=\"https:\/\/fmp-components.com\/es\/bevel-gear-2\/\">engranajes c\u00f3nicos<\/a> Ofrecemos una amplia gama de tipos y especificaciones, dise\u00f1ados para satisfacer diversas demandas industriales. Nuestra cartera de productos incluye engranajes c\u00f3nicos rectos, espirales e hipoides, todos dise\u00f1ados con precisi\u00f3n mediante t\u00e9cnicas avanzadas de forjado para garantizar una durabilidad y resistencia excepcionales, y una integraci\u00f3n perfecta en su maquinaria.<\/p>\n<p>Las soluciones personalizadas son nuestra especialidad. Ya sea que necesite dimensiones \u00fanicas, materiales especializados o perfiles de dientes a medida, nuestro equipo de ingenier\u00eda colabora estrechamente con los clientes para ofrecer engranajes que superen sus expectativas.<\/p>\n<p>\u00bfNo encuentra el modelo que busca en nuestro cat\u00e1logo? No se preocupe, nuestros listados en l\u00ednea se actualizan constantemente. Simplemente env\u00edenos un correo electr\u00f3nico con los detalles del tipo de engranaje que necesita, incluyendo los par\u00e1metros de aplicaci\u00f3n y las especificaciones t\u00e9cnicas. Nuestros ingenieros expertos revisar\u00e1n su consulta en 24 horas y le proporcionar\u00e1n informaci\u00f3n sobre viabilidad, precios y plazos de entrega.<\/p>\n<table style=\"width: 103.173%;\" border=\"1\" width=\"100%\" cellspacing=\"0\" cellpadding=\"0\">\n<tbody>\n<tr style=\"height: 14.40pt;\">\n<td style=\"height: 14.4pt; width: 50.7937%;\" width=\"83\" height=\"24\"><img loading=\"lazy\" decoding=\"async\" class=\"size-full wp-image-7135 aligncenter\" src=\"https:\/\/fmp-components.com\/wp-content\/uploads\/2025\/03\/Forging-Bevel-Gears-product-4.webp\" alt=\"Forja de engranajes c\u00f3nicos\" width=\"400\" height=\"400\" title=\"\" srcset=\"https:\/\/fmp-components.com\/wp-content\/uploads\/2025\/03\/Forging-Bevel-Gears-product-4.webp 400w, https:\/\/fmp-components.com\/wp-content\/uploads\/2025\/03\/Forging-Bevel-Gears-product-4-300x300.webp 300w, https:\/\/fmp-components.com\/wp-content\/uploads\/2025\/03\/Forging-Bevel-Gears-product-4-150x150.webp 150w, https:\/\/fmp-components.com\/wp-content\/uploads\/2025\/03\/Forging-Bevel-Gears-product-4-12x12.webp 12w, https:\/\/fmp-components.com\/wp-content\/uploads\/2025\/03\/Forging-Bevel-Gears-product-4-100x100.webp 100w\" sizes=\"(max-width: 400px) 100vw, 400px\" \/><\/td>\n<td style=\"width: 52.2222%;\" align=\"right\" width=\"80\"><img loading=\"lazy\" decoding=\"async\" class=\"size-full wp-image-7136 aligncenter\" src=\"https:\/\/fmp-components.com\/wp-content\/uploads\/2025\/03\/Forging-Bevel-Gears-product-3.webp\" alt=\"Forja de engranajes c\u00f3nicos\" width=\"400\" height=\"400\" title=\"\" srcset=\"https:\/\/fmp-components.com\/wp-content\/uploads\/2025\/03\/Forging-Bevel-Gears-product-3.webp 400w, https:\/\/fmp-components.com\/wp-content\/uploads\/2025\/03\/Forging-Bevel-Gears-product-3-300x300.webp 300w, https:\/\/fmp-components.com\/wp-content\/uploads\/2025\/03\/Forging-Bevel-Gears-product-3-150x150.webp 150w, https:\/\/fmp-components.com\/wp-content\/uploads\/2025\/03\/Forging-Bevel-Gears-product-3-12x12.webp 12w, https:\/\/fmp-components.com\/wp-content\/uploads\/2025\/03\/Forging-Bevel-Gears-product-3-100x100.webp 100w\" sizes=\"(max-width: 400px) 100vw, 400px\" \/><\/td>\n<\/tr>\n<tr style=\"height: 14.40pt;\">\n<td style=\"height: 14.4pt; width: 50.7937%;\" height=\"24\"><img loading=\"lazy\" decoding=\"async\" class=\"size-full wp-image-7137 aligncenter\" src=\"https:\/\/fmp-components.com\/wp-content\/uploads\/2025\/03\/Forging-Bevel-Gears-product-2.webp\" alt=\"Forja de engranajes c\u00f3nicos\" width=\"400\" height=\"400\" title=\"\" srcset=\"https:\/\/fmp-components.com\/wp-content\/uploads\/2025\/03\/Forging-Bevel-Gears-product-2.webp 400w, https:\/\/fmp-components.com\/wp-content\/uploads\/2025\/03\/Forging-Bevel-Gears-product-2-300x300.webp 300w, https:\/\/fmp-components.com\/wp-content\/uploads\/2025\/03\/Forging-Bevel-Gears-product-2-150x150.webp 150w, https:\/\/fmp-components.com\/wp-content\/uploads\/2025\/03\/Forging-Bevel-Gears-product-2-12x12.webp 12w, https:\/\/fmp-components.com\/wp-content\/uploads\/2025\/03\/Forging-Bevel-Gears-product-2-100x100.webp 100w\" sizes=\"(max-width: 400px) 100vw, 400px\" \/><\/td>\n<td style=\"width: 52.2222%;\" align=\"right\"><img loading=\"lazy\" decoding=\"async\" class=\"size-full wp-image-7138 aligncenter\" src=\"https:\/\/fmp-components.com\/wp-content\/uploads\/2025\/03\/Forging-Bevel-Gears-product-1.webp\" alt=\"Forja de engranajes c\u00f3nicos\" width=\"400\" height=\"400\" title=\"\" srcset=\"https:\/\/fmp-components.com\/wp-content\/uploads\/2025\/03\/Forging-Bevel-Gears-product-1.webp 400w, https:\/\/fmp-components.com\/wp-content\/uploads\/2025\/03\/Forging-Bevel-Gears-product-1-300x300.webp 300w, https:\/\/fmp-components.com\/wp-content\/uploads\/2025\/03\/Forging-Bevel-Gears-product-1-150x150.webp 150w, https:\/\/fmp-components.com\/wp-content\/uploads\/2025\/03\/Forging-Bevel-Gears-product-1-12x12.webp 12w, https:\/\/fmp-components.com\/wp-content\/uploads\/2025\/03\/Forging-Bevel-Gears-product-1-100x100.webp 100w\" sizes=\"(max-width: 400px) 100vw, 400px\" \/><\/td>\n<\/tr>\n<\/tbody>\n<\/table>\n<h2>Caracter\u00edsticas de los engranajes c\u00f3nicos forjados<\/h2>\n<p>Los engranajes c\u00f3nicos forjados son componentes esenciales en sistemas mec\u00e1nicos de alta resistencia, ofreciendo ventajas \u00fanicas sobre las alternativas fundidas o mecanizadas. A continuaci\u00f3n, se presentan las caracter\u00edsticas destacadas que los hacen ideales para aplicaciones de alto rendimiento:<\/p>\n<p><strong>Resistencia y durabilidad superiores<\/strong><\/p>\n<ul>\n<li><strong>Alineaci\u00f3n de la estructura del grano<\/strong>:El proceso de forjado comprime y alinea la estructura del grano del metal, mejorando la resistencia a la tracci\u00f3n y la resistencia a la fatiga.<\/li>\n<li><strong>Alta capacidad de carga<\/strong>:Resiste torsi\u00f3n extrema, cargas de impacto y estr\u00e9s repetitivo sin deformarse.<\/li>\n<li><strong>Integridad del material<\/strong>:Elimina la porosidad, los huecos y las inclusiones comunes en los engranajes fundidos, lo que garantiza una confiabilidad a largo plazo.<\/li>\n<\/ul>\n<p><strong>Precisi\u00f3n y rendimiento mejorados<\/strong><\/p>\n<ul>\n<li><strong>M\u00e1xima precisi\u00f3n dimensional<\/strong>:El forjado permite una producci\u00f3n con formas casi netas, minimizando el posprocesamiento y garantizando perfiles de dientes consistentes.<\/li>\n<li><strong>Acabado superficial \u00f3ptimo<\/strong>:Necesidad reducida de esmerilado\/pulido, manteniendo la integridad estructural y logrando un funcionamiento suave.<\/li>\n<li><strong>Reducci\u00f3n de ruido<\/strong>Los dientes forjados con precisi\u00f3n encajan perfectamente, lo que reduce la vibraci\u00f3n y el ruido operativo.<\/li>\n<\/ul>\n<p><strong>Resistencia al desgaste y a la corrosi\u00f3n<\/strong><\/p>\n<ul>\n<li><strong>Compatibilidad del tratamiento t\u00e9rmico<\/strong>Los engranajes forjados pueden someterse a procesos de endurecimiento (por ejemplo, carburaci\u00f3n, endurecimiento por inducci\u00f3n) para mejorar la dureza de la superficie y la resistencia al desgaste.<\/li>\n<li><strong>Flexibilidad del material<\/strong>: Compatible con aleaciones de alta resistencia (por ejemplo, AISI 4140, 4340) y aceros inoxidables para ambientes corrosivos.<\/li>\n<\/ul>\n<p><strong>Rentabilidad a lo largo del tiempo<\/strong><\/p>\n<ul>\n<li><strong>Mayor vida \u00fatil<\/strong>:Las tasas reducidas de desgaste y fallas reducen los costos de mantenimiento y el tiempo de inactividad.<\/li>\n<li><strong>Ganancias de eficiencia<\/strong>:La fabricaci\u00f3n de precisi\u00f3n minimiza la p\u00e9rdida de energ\u00eda debido a la fricci\u00f3n, mejorando la eficiencia del sistema.<\/li>\n<\/ul>\n<h3>\u00bfPor qu\u00e9 elegir engranajes c\u00f3nicos forjados en lugar de fundidos\/mecanizados?<\/h3>\n<p>La forja garantiza una estructura densa y homog\u00e9nea, superando a los engranajes de fundici\u00f3n en resistencia y a los mecanizados en rentabilidad para aplicaciones de alta tensi\u00f3n. Su capacidad para soportar condiciones rigurosas manteniendo la precisi\u00f3n los hace indispensables en industrias cr\u00edticas.<\/p>\n<p>&nbsp;<\/p>\n<p><img loading=\"lazy\" decoding=\"async\" class=\"alignnone size-full wp-image-7139\" src=\"https:\/\/fmp-components.com\/wp-content\/uploads\/2025\/03\/Forging-Bevel-Gears-product-5.webp\" alt=\"Forja de engranajes c\u00f3nicos\" width=\"700\" height=\"395\" title=\"\" srcset=\"https:\/\/fmp-components.com\/wp-content\/uploads\/2025\/03\/Forging-Bevel-Gears-product-5.webp 700w, https:\/\/fmp-components.com\/wp-content\/uploads\/2025\/03\/Forging-Bevel-Gears-product-5-480x271.webp 480w\" sizes=\"(min-width: 0px) and (max-width: 480px) 480px, (min-width: 481px) 700px, 100vw\" \/><\/p>\n<h3>Producto relacionado<\/h3>\n<p><img loading=\"lazy\" decoding=\"async\" class=\"alignnone size-full wp-image-7140\" src=\"https:\/\/fmp-components.com\/wp-content\/uploads\/2025\/03\/Forging-Bevel-Gears-product-6.webp\" alt=\"Forja de engranajes c\u00f3nicos\" width=\"887\" height=\"652\" title=\"\" srcset=\"https:\/\/fmp-components.com\/wp-content\/uploads\/2025\/03\/Forging-Bevel-Gears-product-6.webp 887w, https:\/\/fmp-components.com\/wp-content\/uploads\/2025\/03\/Forging-Bevel-Gears-product-6-480x353.webp 480w\" sizes=\"(min-width: 0px) and (max-width: 480px) 480px, (min-width: 481px) 887px, 100vw\" \/><\/p>","protected":false},"excerpt":{"rendered":"<p>Precision-Forged Bevel Gears Tailored to Your Needs At FMP, we specialize in manufacturing high-performance forging bevel gears across a wide range of types and specifications, designed to meet diverse industrial demands. Our product portfolio includes straight, spiral, and hypoid bevel gears, all precision-engineered using advanced forging techniques to ensure exceptional durability, strength, and seamless integration [&hellip;]<\/p>","protected":false},"featured_media":7133,"comment_status":"open","ping_status":"closed","template":"","meta":{"_et_pb_use_builder":"","_et_pb_old_content":"","_et_gb_content_width":""},"product_brand":[],"product_cat":[106],"product_tag":[],"class_list":{"0":"post-7132","1":"product","2":"type-product","3":"status-publish","4":"has-post-thumbnail","6":"product_cat-bevel-gears","8":"first","9":"instock","10":"shipping-taxable","11":"product-type-simple"},"_links":{"self":[{"href":"https:\/\/fmp-components.com\/es\/wp-json\/wp\/v2\/product\/7132","targetHints":{"allow":["GET"]}}],"collection":[{"href":"https:\/\/fmp-components.com\/es\/wp-json\/wp\/v2\/product"}],"about":[{"href":"https:\/\/fmp-components.com\/es\/wp-json\/wp\/v2\/types\/product"}],"replies":[{"embeddable":true,"href":"https:\/\/fmp-components.com\/es\/wp-json\/wp\/v2\/comments?post=7132"}],"wp:featuredmedia":[{"embeddable":true,"href":"https:\/\/fmp-components.com\/es\/wp-json\/wp\/v2\/media\/7133"}],"wp:attachment":[{"href":"https:\/\/fmp-components.com\/es\/wp-json\/wp\/v2\/media?parent=7132"}],"wp:term":[{"taxonomy":"product_brand","embeddable":true,"href":"https:\/\/fmp-components.com\/es\/wp-json\/wp\/v2\/product_brand?post=7132"},{"taxonomy":"product_cat","embeddable":true,"href":"https:\/\/fmp-components.com\/es\/wp-json\/wp\/v2\/product_cat?post=7132"},{"taxonomy":"product_tag","embeddable":true,"href":"https:\/\/fmp-components.com\/es\/wp-json\/wp\/v2\/product_tag?post=7132"}],"curies":[{"name":"gracias","href":"https:\/\/api.w.org\/{rel}","templated":true}]}}