{"id":7105,"date":"2025-03-18T06:43:13","date_gmt":"2025-03-18T06:43:13","guid":{"rendered":"https:\/\/fmp-components.com\/?post_type=product&#038;p=7105"},"modified":"2025-03-27T01:23:53","modified_gmt":"2025-03-27T01:23:53","slug":"spiral-bevel-gears-helical-bevel-gear","status":"publish","type":"product","link":"https:\/\/fmp-components.com\/es\/product\/spiral-bevel-gears-helical-bevel-gear\/","title":{"rendered":"Engranajes c\u00f3nicos espirales (engranaje c\u00f3nico helicoidal)"},"content":{"rendered":"<p><img loading=\"lazy\" decoding=\"async\" class=\"size-full wp-image-7130 aligncenter\" src=\"https:\/\/fmp-components.com\/wp-content\/uploads\/2025\/03\/spiral-bevel-gear-product-1.webp\" alt=\"engranaje c\u00f3nico espiral\" width=\"1800\" height=\"1201\" title=\"\" srcset=\"https:\/\/fmp-components.com\/wp-content\/uploads\/2025\/03\/spiral-bevel-gear-product-1.webp 1800w, https:\/\/fmp-components.com\/wp-content\/uploads\/2025\/03\/spiral-bevel-gear-product-1-1280x854.webp 1280w, https:\/\/fmp-components.com\/wp-content\/uploads\/2025\/03\/spiral-bevel-gear-product-1-980x654.webp 980w, https:\/\/fmp-components.com\/wp-content\/uploads\/2025\/03\/spiral-bevel-gear-product-1-480x320.webp 480w\" sizes=\"(min-width: 0px) and (max-width: 480px) 480px, (min-width: 481px) and (max-width: 980px) 980px, (min-width: 981px) and (max-width: 1280px) 1280px, (min-width: 1281px) 1800px, 100vw\" \/><\/p>\n<p>Los engranajes c\u00f3nicos espirales (engranajes c\u00f3nicos helicoidales) son engranajes avanzados de alto rendimiento con dientes helicoidales curvos que garantizan un funcionamiento m\u00e1s suave y silencioso, a la vez que transmiten la potencia eficientemente entre ejes que se cruzan. Esto los hace ideales para aplicaciones exigentes como la automoci\u00f3n, la industria aeroespacial y la maquinaria industrial. En FMP Company, nos especializamos en la producci\u00f3n de una amplia gama de engranajes c\u00f3nicos espirales. <a href=\"https:\/\/fmp-components.com\/es\/bevel-gear-2\/\">Engranajes c\u00f3nicos<\/a> (Engranajes c\u00f3nicos helicoidales), fabricados para diversas especificaciones. Tambi\u00e9n ofrecemos fabricaci\u00f3n a medida para satisfacer sus necesidades espec\u00edficas. Si el modelo que necesita no aparece en nuestro cat\u00e1logo de productos, no se preocupe, probablemente est\u00e9 pendiente de carga. Simplemente env\u00edenos un correo electr\u00f3nico con las especificaciones deseadas y nuestros ingenieros expertos se pondr\u00e1n en contacto con usted en 24 horas con soluciones a su medida.<\/p>\n<table style=\"width: 100%; height: 24px;\" border=\"1\" width=\"100%\" cellspacing=\"0\" cellpadding=\"0\">\n<tbody>\n<tr style=\"height: 14.40pt;\">\n<td style=\"height: 10px; width: 49.8pt; text-align: center;\" width=\"83\" height=\"24\"><img loading=\"lazy\" decoding=\"async\" class=\"alignnone wp-image-7109\" src=\"https:\/\/fmp-components.com\/wp-content\/uploads\/2025\/03\/chache.webp\" alt=\"Engranajes c\u00f3nicos espirales\" width=\"323\" height=\"214\" title=\"\" srcset=\"https:\/\/fmp-components.com\/wp-content\/uploads\/2025\/03\/chache.webp 198w, https:\/\/fmp-components.com\/wp-content\/uploads\/2025\/03\/chache-18x12.webp 18w\" sizes=\"(max-width: 323px) 100vw, 323px\" \/> \u00a0 Caja de engranajes con engranajes c\u00f3nicos espirales<\/td>\n<td style=\"width: 48pt; height: 10px;\" align=\"right\" width=\"80\">\n<p style=\"text-align: center;\"><img loading=\"lazy\" decoding=\"async\" class=\"alignnone size-full wp-image-7110\" src=\"https:\/\/fmp-components.com\/wp-content\/uploads\/2025\/03\/JCY300-1.webp\" alt=\"Engranajes c\u00f3nicos espirales\" width=\"1024\" height=\"674\" title=\"\" srcset=\"https:\/\/fmp-components.com\/wp-content\/uploads\/2025\/03\/JCY300-1.webp 1024w, https:\/\/fmp-components.com\/wp-content\/uploads\/2025\/03\/JCY300-1-980x645.webp 980w, https:\/\/fmp-components.com\/wp-content\/uploads\/2025\/03\/JCY300-1-480x316.webp 480w\" sizes=\"(min-width: 0px) and (max-width: 480px) 480px, (min-width: 481px) and (max-width: 980px) 980px, (min-width: 981px) 1024px, 100vw\" \/>Camiones con engranajes c\u00f3nicos espirales<\/p>\n<\/td>\n<\/tr>\n<tr style=\"height: 14.40pt;\">\n<td style=\"height: 14px; text-align: center;\" height=\"24\"><img loading=\"lazy\" decoding=\"async\" class=\"alignnone wp-image-7112\" src=\"https:\/\/fmp-components.com\/wp-content\/uploads\/2025\/03\/zhiji.webp\" alt=\"Engranajes c\u00f3nicos espirales\" width=\"326\" height=\"216\" title=\"\" srcset=\"https:\/\/fmp-components.com\/wp-content\/uploads\/2025\/03\/zhiji.webp 198w, https:\/\/fmp-components.com\/wp-content\/uploads\/2025\/03\/zhiji-18x12.webp 18w\" sizes=\"(max-width: 326px) 100vw, 326px\" \/>Maquinaria de engranajes c\u00f3nicos espirales<\/td>\n<td style=\"height: 14px; text-align: center;\" align=\"right\"><img loading=\"lazy\" decoding=\"async\" class=\"alignnone size-full wp-image-7111\" src=\"https:\/\/fmp-components.com\/wp-content\/uploads\/2025\/03\/tihua-1.webp\" alt=\"Engranajes c\u00f3nicos espirales\" width=\"1024\" height=\"676\" title=\"\" srcset=\"https:\/\/fmp-components.com\/wp-content\/uploads\/2025\/03\/tihua-1.webp 1024w, https:\/\/fmp-components.com\/wp-content\/uploads\/2025\/03\/tihua-1-980x647.webp 980w, https:\/\/fmp-components.com\/wp-content\/uploads\/2025\/03\/tihua-1-480x317.webp 480w\" sizes=\"(min-width: 0px) and (max-width: 480px) 480px, (min-width: 481px) and (max-width: 980px) 980px, (min-width: 981px) 1024px, 100vw\" \/>Engranajes c\u00f3nicos espirales Reductores de velocidad<\/td>\n<\/tr>\n<\/tbody>\n<\/table>\n<h3>Engranajes c\u00f3nicos espirales vs. engranajes hipoides<\/h3>\n<table style=\"width: 100%;\" border=\"1\" width=\"100%\" cellspacing=\"0\" cellpadding=\"0\">\n<tbody>\n<tr style=\"height: 14.40pt;\">\n<td style=\"height: 14.4pt; width: 49.8pt; text-align: center;\" width=\"83\" height=\"24\"><strong>Engranajes c\u00f3nicos espirales<\/strong><\/td>\n<td style=\"width: 48pt; text-align: center;\" align=\"right\" width=\"80\"><strong>Engranaje hipoide<\/strong><\/td>\n<\/tr>\n<tr style=\"height: 14.40pt;\">\n<td style=\"height: 14.40pt;\" height=\"24\"><img loading=\"lazy\" decoding=\"async\" class=\"alignnone size-full wp-image-7116\" src=\"https:\/\/fmp-components.com\/wp-content\/uploads\/2025\/03\/Hypoid-Gear-Vs-Spiral-Bevel.webp\" alt=\"Engranaje hipoide vs. engranaje c\u00f3nico espiral\" width=\"534\" height=\"467\" title=\"\" srcset=\"https:\/\/fmp-components.com\/wp-content\/uploads\/2025\/03\/Hypoid-Gear-Vs-Spiral-Bevel.webp 534w, https:\/\/fmp-components.com\/wp-content\/uploads\/2025\/03\/Hypoid-Gear-Vs-Spiral-Bevel-480x420.webp 480w\" sizes=\"(min-width: 0px) and (max-width: 480px) 480px, (min-width: 481px) 534px, 100vw\" \/><\/td>\n<td align=\"right\"><img loading=\"lazy\" decoding=\"async\" class=\"alignnone size-full wp-image-7131\" src=\"https:\/\/fmp-components.com\/wp-content\/uploads\/2025\/03\/Hypoid-bevel-gearset1-1_1.webp\" alt=\"Juego de engranajes c\u00f3nicos hipoides\" width=\"534\" height=\"467\" title=\"\" srcset=\"https:\/\/fmp-components.com\/wp-content\/uploads\/2025\/03\/Hypoid-bevel-gearset1-1_1.webp 534w, https:\/\/fmp-components.com\/wp-content\/uploads\/2025\/03\/Hypoid-bevel-gearset1-1_1-480x420.webp 480w\" sizes=\"(min-width: 0px) and (max-width: 480px) 480px, (min-width: 481px) 534px, 100vw\" \/><\/td>\n<\/tr>\n<\/tbody>\n<\/table>\n<h2>Aplicaci\u00f3n de engranajes c\u00f3nicos espirales<\/h2>\n<p>Los engranajes c\u00f3nicos encuentran aplicaciones en diversas industrias, desde la industria aeroespacial (engranajes c\u00f3nicos rectos y espirales de alta velocidad, aceros especializados, precalentadores de aire, etc.) hasta operaciones mineras (actuadores de apiladores y cucharas, excavadoras con ruedas, dragas, sistemas transportadores, actuadores de molinos, etc.).<\/p>\n<p>Se encuentran com\u00fanmente en mezcladores de arena, molinos c\u00f3nicos, torres de enfriamiento, carretillas elevadoras, actuadores y h\u00e9lices de barcos, equipos de envasado farmac\u00e9utico, m\u00e1quinas de impresi\u00f3n offset de alta velocidad, fabricaci\u00f3n de l\u00e1minas de polietileno, componentes automotrices y transmisiones ferroviarias.<\/p>\n<p>En rob\u00f3tica, los engranajes c\u00f3nicos en \u00e1ngulo son ideales para espacios compactos, mientras que en metalurgia ferrosa, soportan estructuras de laminadores verticales.<br \/>\nEn el procesamiento de alimentos, los engranajes c\u00f3nicos son vitales para la producci\u00f3n de alimentos, el envasado y las herramientas para fabricar latas.<\/p>\n<p>Para escenarios de baja velocidad y baja carga, los engranajes c\u00f3nicos transfieren eficientemente potencia y movimiento entre dos ejes.<br \/>\nLos engranajes c\u00f3nicos hipoides se utilizan en sistemas automotrices, como en los accionamientos diferenciales de veh\u00edculos.<br \/>\nLos engranajes c\u00f3nicos tambi\u00e9n son fundamentales en el mecanismo de los taladros manuales.<br \/>\nEn las m\u00e1quinas de coser, los engranajes c\u00f3nicos espirales son un componente clave.<\/p>\n<table style=\"width: 104.127%; height: 626px;\" border=\"1\" width=\"100%\" cellspacing=\"0\" cellpadding=\"0\">\n<tbody>\n<tr style=\"height: 14.40pt;\">\n<td style=\"height: 14.4pt; width: 25.1524%;\" width=\"83\" height=\"24\">\u00a0<img loading=\"lazy\" decoding=\"async\" class=\"size-full wp-image-7119 aligncenter\" src=\"https:\/\/fmp-components.com\/wp-content\/uploads\/2025\/03\/Spiral-Bevel-Gear-Uses-Packaging.webp\" alt=\"Usos y embalaje de engranajes c\u00f3nicos espirales\" width=\"800\" height=\"600\" title=\"\" srcset=\"https:\/\/fmp-components.com\/wp-content\/uploads\/2025\/03\/Spiral-Bevel-Gear-Uses-Packaging.webp 800w, https:\/\/fmp-components.com\/wp-content\/uploads\/2025\/03\/Spiral-Bevel-Gear-Uses-Packaging-480x360.webp 480w\" sizes=\"(min-width: 0px) and (max-width: 480px) 480px, (min-width: 481px) 800px, 100vw\" \/><\/td>\n<td style=\"width: 25.3049%;\" align=\"right\" width=\"80\"><img loading=\"lazy\" decoding=\"async\" class=\"size-full wp-image-7124 aligncenter\" src=\"https:\/\/fmp-components.com\/wp-content\/uploads\/2025\/03\/Railways.webp\" alt=\"Ferrocarriles\" width=\"800\" height=\"600\" title=\"\" srcset=\"https:\/\/fmp-components.com\/wp-content\/uploads\/2025\/03\/Railways.webp 800w, https:\/\/fmp-components.com\/wp-content\/uploads\/2025\/03\/Railways-480x360.webp 480w\" sizes=\"(min-width: 0px) and (max-width: 480px) 480px, (min-width: 481px) 800px, 100vw\" \/><\/td>\n<td style=\"width: 24.6952%;\" align=\"right\" width=\"154\"><img loading=\"lazy\" decoding=\"async\" class=\"size-full wp-image-7118 aligncenter\" src=\"https:\/\/fmp-components.com\/wp-content\/uploads\/2025\/03\/Spiral-Bevel-Gear-Uses-Printing.webp\" alt=\"Usos de los engranajes c\u00f3nicos espirales e impresi\u00f3n\" width=\"800\" height=\"600\" title=\"\" srcset=\"https:\/\/fmp-components.com\/wp-content\/uploads\/2025\/03\/Spiral-Bevel-Gear-Uses-Printing.webp 800w, https:\/\/fmp-components.com\/wp-content\/uploads\/2025\/03\/Spiral-Bevel-Gear-Uses-Printing-480x360.webp 480w\" sizes=\"(min-width: 0px) and (max-width: 480px) 480px, (min-width: 481px) 800px, 100vw\" \/><\/td>\n<td style=\"width: 24.5426%;\" width=\"80\"><img loading=\"lazy\" decoding=\"async\" class=\"size-full wp-image-7125 aligncenter\" src=\"https:\/\/fmp-components.com\/wp-content\/uploads\/2025\/03\/milling.webp\" alt=\"molienda\" width=\"800\" height=\"600\" title=\"\" srcset=\"https:\/\/fmp-components.com\/wp-content\/uploads\/2025\/03\/milling.webp 800w, https:\/\/fmp-components.com\/wp-content\/uploads\/2025\/03\/milling-480x360.webp 480w\" sizes=\"(min-width: 0px) and (max-width: 480px) 480px, (min-width: 481px) 800px, 100vw\" \/><\/td>\n<\/tr>\n<tr style=\"height: 14.40pt;\">\n<td style=\"height: 14.4pt; width: 25.1524%;\" height=\"24\"><img loading=\"lazy\" decoding=\"async\" class=\"size-full wp-image-7122 aligncenter\" src=\"https:\/\/fmp-components.com\/wp-content\/uploads\/2025\/03\/Spiral-Bevel-Gear-Uses-Packaging-1.webp\" alt=\"Usos del engranaje c\u00f3nico espiral en el embalaje 1\" width=\"800\" height=\"600\" title=\"\" srcset=\"https:\/\/fmp-components.com\/wp-content\/uploads\/2025\/03\/Spiral-Bevel-Gear-Uses-Packaging-1.webp 800w, https:\/\/fmp-components.com\/wp-content\/uploads\/2025\/03\/Spiral-Bevel-Gear-Uses-Packaging-1-480x360.webp 480w\" sizes=\"(min-width: 0px) and (max-width: 480px) 480px, (min-width: 481px) 800px, 100vw\" \/><\/td>\n<td style=\"width: 25.3049%;\" align=\"right\"><img loading=\"lazy\" decoding=\"async\" class=\"size-full wp-image-7120 aligncenter\" src=\"https:\/\/fmp-components.com\/wp-content\/uploads\/2025\/03\/Spiral-Bevel-Gear-Uses-Railways-1.webp\" alt=\"Usos de engranajes c\u00f3nicos espirales en ferrocarriles 1\" width=\"800\" height=\"600\" title=\"\" srcset=\"https:\/\/fmp-components.com\/wp-content\/uploads\/2025\/03\/Spiral-Bevel-Gear-Uses-Railways-1.webp 800w, https:\/\/fmp-components.com\/wp-content\/uploads\/2025\/03\/Spiral-Bevel-Gear-Uses-Railways-1-480x360.webp 480w\" sizes=\"(min-width: 0px) and (max-width: 480px) 480px, (min-width: 481px) 800px, 100vw\" \/><\/td>\n<td style=\"width: 24.6952%;\" align=\"right\"><img loading=\"lazy\" decoding=\"async\" class=\"size-full wp-image-7121 aligncenter\" src=\"https:\/\/fmp-components.com\/wp-content\/uploads\/2025\/03\/Spiral-Bevel-Gear-Uses-Printing-1.webp\" alt=\"Usos de engranajes c\u00f3nicos espirales - Impresi\u00f3n 1\" width=\"800\" height=\"600\" title=\"\" srcset=\"https:\/\/fmp-components.com\/wp-content\/uploads\/2025\/03\/Spiral-Bevel-Gear-Uses-Printing-1.webp 800w, https:\/\/fmp-components.com\/wp-content\/uploads\/2025\/03\/Spiral-Bevel-Gear-Uses-Printing-1-480x360.webp 480w\" sizes=\"(min-width: 0px) and (max-width: 480px) 480px, (min-width: 481px) 800px, 100vw\" \/><\/td>\n<td style=\"width: 24.5426%;\"><img loading=\"lazy\" decoding=\"async\" class=\"size-full wp-image-7123 aligncenter\" src=\"https:\/\/fmp-components.com\/wp-content\/uploads\/2025\/03\/Spiral-Bevel-Gear-Uses-Mining-2.webp\" alt=\"Usos de engranajes c\u00f3nicos espirales en miner\u00eda 2\" width=\"800\" height=\"600\" title=\"\" srcset=\"https:\/\/fmp-components.com\/wp-content\/uploads\/2025\/03\/Spiral-Bevel-Gear-Uses-Mining-2.webp 800w, https:\/\/fmp-components.com\/wp-content\/uploads\/2025\/03\/Spiral-Bevel-Gear-Uses-Mining-2-480x360.webp 480w\" sizes=\"(min-width: 0px) and (max-width: 480px) 480px, (min-width: 481px) 800px, 100vw\" \/><\/td>\n<\/tr>\n<tr style=\"height: 14.40pt;\">\n<td style=\"height: 14.4pt; width: 25.1524%;\" height=\"24\">\n<div class=\"ptitle\"><strong>Embalaje y procesamiento de alimentos<\/strong><\/div>\n<ul class=\"myp1\">\n<li>M\u00e1quinas de envasado farmac\u00e9utico<\/li>\n<li>Equipo de producci\u00f3n de latas<\/li>\n<li>Producci\u00f3n de l\u00e1minas de polietileno<\/li>\n<li>Cajas de cambios especialmente dise\u00f1adas<\/li>\n<\/ul>\n<\/td>\n<td style=\"width: 25.3049%;\" align=\"right\">\n<div class=\"ptitle\" style=\"text-align: left;\"><strong>Ferrocarriles<\/strong><\/div>\n<ul class=\"myp1\">\n<li style=\"text-align: left;\">Proveedor registrado de Indian Railways<\/li>\n<li style=\"text-align: left;\">Experiencia en revisi\u00f3n\/reconstrucci\u00f3n<\/li>\n<li style=\"text-align: left;\">Experiencia en ingenier\u00eda inversa de transmisiones finales y transmisiones finales secundarias de locomotoras di\u00e9sel.<\/li>\n<\/ul>\n<\/td>\n<td style=\"width: 24.6952%;\" align=\"right\">\n<div class=\"ptitle\" style=\"text-align: left;\"><strong>Impresi\u00f3n<\/strong><\/div>\n<ul class=\"myp1\">\n<li style=\"text-align: left;\">Engranajes de impresi\u00f3n offset de alta velocidad<\/li>\n<\/ul>\n<\/td>\n<td style=\"width: 24.5426%;\">\n<div class=\"ptitle\"><strong>Miner\u00eda:<\/strong><\/div>\n<ul class=\"myp1\">\n<li>excavadoras de rueda de cangilones<\/li>\n<li>Accionamientos de apiladores\/recuperadores<\/li>\n<li>Accionamientos de dragas<\/li>\n<li>Accionamientos de molino<\/li>\n<li>Transportadores de banda<\/li>\n<\/ul>\n<\/td>\n<\/tr>\n<\/tbody>\n<\/table>\n<div>\n<h2>El proceso de fabricaci\u00f3n de engranajes c\u00f3nicos espirales<\/h2>\n<p class=\"break-words\">La fabricaci\u00f3n de engranajes c\u00f3nicos comienza con el preformado de una pieza bruta, con o sin dientes, seguido de un recocido si el material es acero fundido o forjado, para ablandarlo y facilitar su posterior procesamiento. A continuaci\u00f3n, la pieza bruta se mecaniza a dimensiones precisas, moldeando los dientes o refinando los preformados seg\u00fan sea necesario.<\/p>\n<p class=\"break-words\">A continuaci\u00f3n, los dientes del engranaje pueden someterse a un endurecimiento superficial o total para aumentar su durabilidad, seg\u00fan su uso previsto. Tras el endurecimiento, se realiza un acabado mediante rectificado o cepillado para garantizar suavidad y precisi\u00f3n.<\/p>\n<p class=\"break-words\">Por \u00faltimo, el engranaje c\u00f3nico terminado se inspecciona cuidadosamente para confirmar que cumple con todos los est\u00e1ndares de dise\u00f1o y rendimiento, asegurando su calidad y confiabilidad para aplicaciones pr\u00e1cticas.<\/p>\n<table style=\"width: 103.016%; height: 65px;\" border=\"1\" width=\"100%\" cellspacing=\"0\" cellpadding=\"0\">\n<tbody>\n<tr style=\"height: 23px;\">\n<td style=\"width: 50.4762%; text-align: center; height: 23px;\"><strong>Corte de engranajes c\u00f3nicos en espiral<\/strong><\/td>\n<td style=\"width: 49.2064%; text-align: center; height: 23px;\" align=\"right\" width=\"80\"><strong>Rectificado de engranajes c\u00f3nicos en espiral<\/strong><\/td>\n<\/tr>\n<tr style=\"height: 14.40pt;\">\n<td style=\"height: 14px; width: 50.4762%;\" height=\"24\"><img loading=\"lazy\" decoding=\"async\" class=\"size-full wp-image-7127 aligncenter\" src=\"https:\/\/fmp-components.com\/wp-content\/uploads\/2025\/03\/Spiral-Bevel-Gear-Cutting.webp\" alt=\"Corte de engranajes c\u00f3nicos en espiral\" width=\"500\" height=\"210\" title=\"\" srcset=\"https:\/\/fmp-components.com\/wp-content\/uploads\/2025\/03\/Spiral-Bevel-Gear-Cutting.webp 500w, https:\/\/fmp-components.com\/wp-content\/uploads\/2025\/03\/Spiral-Bevel-Gear-Cutting-480x202.webp 480w\" sizes=\"(min-width: 0px) and (max-width: 480px) 480px, (min-width: 481px) 500px, 100vw\" \/><\/td>\n<td style=\"width: 49.2064%; height: 14px;\" align=\"right\"><img loading=\"lazy\" decoding=\"async\" class=\"size-full wp-image-7126 aligncenter\" src=\"https:\/\/fmp-components.com\/wp-content\/uploads\/2025\/03\/Spiral-Bevel-Gear-Grinding.webp\" alt=\"Rectificado de engranajes c\u00f3nicos en espiral\" width=\"500\" height=\"210\" title=\"\" srcset=\"https:\/\/fmp-components.com\/wp-content\/uploads\/2025\/03\/Spiral-Bevel-Gear-Grinding.webp 500w, https:\/\/fmp-components.com\/wp-content\/uploads\/2025\/03\/Spiral-Bevel-Gear-Grinding-480x202.webp 480w\" sizes=\"(min-width: 0px) and (max-width: 480px) 480px, (min-width: 481px) 500px, 100vw\" \/><\/td>\n<\/tr>\n<tr style=\"height: 14.40pt;\">\n<td style=\"height: 14px; width: 50.4762%; text-align: center;\" height=\"24\"><strong>Fresado de engranajes c\u00f3nicos en espiral<\/strong><\/td>\n<td style=\"width: 49.2064%; text-align: center; height: 14px;\" align=\"right\"><strong>Prueba de engranajes c\u00f3nicos espirales<\/strong><\/td>\n<\/tr>\n<tr style=\"height: 14.40pt;\">\n<td style=\"height: 14px; width: 50.4762%;\" height=\"24\"><img loading=\"lazy\" decoding=\"async\" class=\"alignnone size-full wp-image-7129\" src=\"https:\/\/fmp-components.com\/wp-content\/uploads\/2025\/03\/Spiral-Bevel-Gear-Milling.webp\" alt=\"Fresado de engranajes c\u00f3nicos en espiral\" width=\"500\" height=\"210\" title=\"\" srcset=\"https:\/\/fmp-components.com\/wp-content\/uploads\/2025\/03\/Spiral-Bevel-Gear-Milling.webp 500w, https:\/\/fmp-components.com\/wp-content\/uploads\/2025\/03\/Spiral-Bevel-Gear-Milling-480x202.webp 480w\" sizes=\"(min-width: 0px) and (max-width: 480px) 480px, (min-width: 481px) 500px, 100vw\" \/><\/td>\n<td style=\"width: 49.2064%; height: 14px;\" align=\"right\"><img loading=\"lazy\" decoding=\"async\" class=\"alignnone size-full wp-image-7128\" src=\"https:\/\/fmp-components.com\/wp-content\/uploads\/2025\/03\/Spiral-Bevel-Gear-Model.webp\" alt=\"Modelo de engranaje c\u00f3nico espiral\" width=\"500\" height=\"210\" title=\"\" srcset=\"https:\/\/fmp-components.com\/wp-content\/uploads\/2025\/03\/Spiral-Bevel-Gear-Model.webp 500w, https:\/\/fmp-components.com\/wp-content\/uploads\/2025\/03\/Spiral-Bevel-Gear-Model-480x202.webp 480w\" sizes=\"(min-width: 0px) and (max-width: 480px) 480px, (min-width: 481px) 500px, 100vw\" \/><\/td>\n<\/tr>\n<\/tbody>\n<\/table>\n<\/div>","protected":false},"excerpt":{"rendered":"<p>Spiral Bevel Gears (Helical Bevel Gears) are advanced, high-performance gears featuring curved, helical teeth that ensure smoother and quieter operation while efficiently transmitting power between intersecting shafts, making them ideal for demanding applications like automotive, aerospace, and industrial machinery. At FMP Company, we specialize in producing a diverse range of Spiral Bevel Gears (Helical Bevel [&hellip;]<\/p>","protected":false},"featured_media":7114,"comment_status":"open","ping_status":"closed","template":"","meta":{"_et_pb_use_builder":"","_et_pb_old_content":"","_et_gb_content_width":""},"product_brand":[],"product_cat":[106],"product_tag":[],"class_list":{"0":"post-7105","1":"product","2":"type-product","3":"status-publish","4":"has-post-thumbnail","6":"product_cat-bevel-gears","8":"first","9":"instock","10":"shipping-taxable","11":"product-type-simple"},"_links":{"self":[{"href":"https:\/\/fmp-components.com\/es\/wp-json\/wp\/v2\/product\/7105","targetHints":{"allow":["GET"]}}],"collection":[{"href":"https:\/\/fmp-components.com\/es\/wp-json\/wp\/v2\/product"}],"about":[{"href":"https:\/\/fmp-components.com\/es\/wp-json\/wp\/v2\/types\/product"}],"replies":[{"embeddable":true,"href":"https:\/\/fmp-components.com\/es\/wp-json\/wp\/v2\/comments?post=7105"}],"wp:featuredmedia":[{"embeddable":true,"href":"https:\/\/fmp-components.com\/es\/wp-json\/wp\/v2\/media\/7114"}],"wp:attachment":[{"href":"https:\/\/fmp-components.com\/es\/wp-json\/wp\/v2\/media?parent=7105"}],"wp:term":[{"taxonomy":"product_brand","embeddable":true,"href":"https:\/\/fmp-components.com\/es\/wp-json\/wp\/v2\/product_brand?post=7105"},{"taxonomy":"product_cat","embeddable":true,"href":"https:\/\/fmp-components.com\/es\/wp-json\/wp\/v2\/product_cat?post=7105"},{"taxonomy":"product_tag","embeddable":true,"href":"https:\/\/fmp-components.com\/es\/wp-json\/wp\/v2\/product_tag?post=7105"}],"curies":[{"name":"gracias","href":"https:\/\/api.w.org\/{rel}","templated":true}]}}