{"id":7035,"date":"2025-03-14T08:21:41","date_gmt":"2025-03-14T08:21:41","guid":{"rendered":"https:\/\/fmp-components.com\/?post_type=product&#038;p=7035"},"modified":"2025-03-27T01:24:36","modified_gmt":"2025-03-27T01:24:36","slug":"miter-gears","status":"publish","type":"product","link":"https:\/\/fmp-components.com\/es\/product\/miter-gears\/","title":{"rendered":"Engranajes de inglete"},"content":{"rendered":"<p>Los engranajes de inglete son un tipo de <a href=\"https:\/\/fmp-components.com\/es\/bevel-gear-2\/\">engranaje c\u00f3nico<\/a> Dise\u00f1ados para transmitir potencia entre ejes que se intersecan, generalmente en un \u00e1ngulo de 90 grados, con una relaci\u00f3n de transmisi\u00f3n de 1:1, proporcionan una transferencia de movimiento eficiente y precisa en diversas aplicaciones mec\u00e1nicas. En FMP Company, fabricamos una amplia gama de engranajes de inglete y ofrecemos opciones de personalizaci\u00f3n para satisfacer sus necesidades espec\u00edficas. Si el modelo que necesita no figura en nuestro cat\u00e1logo de productos, es posible que a\u00fan no est\u00e9 actualizado. Env\u00edenos un correo electr\u00f3nico con las especificaciones deseadas y nuestros ingenieros le responder\u00e1n en 24 horas.<\/p>\n<div>\n<h3>Especificaciones del producto de engranajes de inglete<\/h3>\n<p class=\"break-words\">Explore nuestra gama de engranajes ingleteadores de alta calidad, dise\u00f1ados para una transmisi\u00f3n de potencia eficiente en un \u00e1ngulo de eje de 90\u00b0 con una relaci\u00f3n de transmisi\u00f3n de 1:1. Disponibles en diversos materiales, tipos de dientes y tama\u00f1os de m\u00f3dulo, estos engranajes ingleteadores son perfectos para aplicaciones industriales, maquinaria y proyectos de ingenier\u00eda a medida.<\/p>\n<div class=\"overflow-x-auto my-2\">\n<table style=\"width: 100%;\" border=\"1\" width=\"100%\" cellspacing=\"0\" cellpadding=\"0\">\n<thead class=\"border-b border-primary\/20\">\n<tr class=\"border-primary\/10\">\n<th class=\"break-words\" style=\"width: 17.3016%;\"><strong>Modelo de producto<\/strong><\/th>\n<th class=\"break-words\" style=\"width: 7.46029%;\"><strong>Material<\/strong><\/th>\n<th class=\"break-words\" style=\"width: 7.93651%;\"><strong>M\u00f3dulo<\/strong><\/th>\n<th class=\"break-words\" style=\"width: 12.2222%;\"><strong>N\u00famero de dientes<\/strong><\/th>\n<th class=\"break-words\" style=\"width: 13.0158%;\"><strong>Di\u00e1metro del orificio (mm)<\/strong><\/th>\n<th class=\"break-words\" style=\"width: 10.9524%;\"><strong>Tipo de diente<\/strong><\/th>\n<th class=\"break-words\" style=\"width: 12.381%;\"><strong>\u00c1ngulo de presi\u00f3n<\/strong><\/th>\n<th class=\"break-words\" style=\"width: 8.88889%;\"><strong>\u00c1ngulo del eje<\/strong><\/th>\n<th class=\"break-words\" style=\"width: 9.52381%;\"><strong>Peso (kg)<\/strong><\/th>\n<\/tr>\n<\/thead>\n<tbody>\n<tr class=\"border-primary\/10\">\n<td class=\"break-words\" style=\"width: 17.3016%;\">MG-ST-101<\/td>\n<td class=\"break-words\" style=\"width: 7.46029%;\">Acero<\/td>\n<td class=\"break-words\" style=\"width: 7.93651%;\">1.0<\/td>\n<td class=\"break-words\" style=\"width: 12.2222%;\">20<\/td>\n<td class=\"break-words\" style=\"width: 13.0158%;\">8<\/td>\n<td class=\"break-words\" style=\"width: 10.9524%;\">Derecho<\/td>\n<td class=\"break-words\" style=\"width: 12.381%;\">20\u00b0<\/td>\n<td class=\"break-words\" style=\"width: 8.88889%;\">90\u00b0<\/td>\n<td class=\"break-words\" style=\"width: 9.52381%;\">0.15<\/td>\n<\/tr>\n<tr class=\"border-primary\/10\">\n<td class=\"break-words\" style=\"width: 17.3016%;\">MG-SP-152<\/td>\n<td class=\"break-words\" style=\"width: 7.46029%;\">Acero inoxidable<\/td>\n<td class=\"break-words\" style=\"width: 7.93651%;\">1.5<\/td>\n<td class=\"break-words\" style=\"width: 12.2222%;\">25<\/td>\n<td class=\"break-words\" style=\"width: 13.0158%;\">10<\/td>\n<td class=\"break-words\" style=\"width: 10.9524%;\">Espiral<\/td>\n<td class=\"break-words\" style=\"width: 12.381%;\">20\u00b0<\/td>\n<td class=\"break-words\" style=\"width: 8.88889%;\">90\u00b0<\/td>\n<td class=\"break-words\" style=\"width: 9.52381%;\">0.25<\/td>\n<\/tr>\n<tr class=\"border-primary\/10\">\n<td class=\"break-words\" style=\"width: 17.3016%;\">MG-PL-203<\/td>\n<td class=\"break-words\" style=\"width: 7.46029%;\">Pl\u00e1stico (nailon)<\/td>\n<td class=\"break-words\" style=\"width: 7.93651%;\">2.0<\/td>\n<td class=\"break-words\" style=\"width: 12.2222%;\">30<\/td>\n<td class=\"break-words\" style=\"width: 13.0158%;\">12<\/td>\n<td class=\"break-words\" style=\"width: 10.9524%;\">Derecho<\/td>\n<td class=\"break-words\" style=\"width: 12.381%;\">20\u00b0<\/td>\n<td class=\"break-words\" style=\"width: 8.88889%;\">90\u00b0<\/td>\n<td class=\"break-words\" style=\"width: 9.52381%;\">0.10<\/td>\n<\/tr>\n<tr class=\"border-primary\/10\">\n<td class=\"break-words\" style=\"width: 17.3016%;\">MG-ST-254<\/td>\n<td class=\"break-words\" style=\"width: 7.46029%;\">Acero<\/td>\n<td class=\"break-words\" style=\"width: 7.93651%;\">2.5<\/td>\n<td class=\"break-words\" style=\"width: 12.2222%;\">20<\/td>\n<td class=\"break-words\" style=\"width: 13.0158%;\">15<\/td>\n<td class=\"break-words\" style=\"width: 10.9524%;\">Derecho<\/td>\n<td class=\"break-words\" style=\"width: 12.381%;\">20\u00b0<\/td>\n<td class=\"break-words\" style=\"width: 8.88889%;\">90\u00b0<\/td>\n<td class=\"break-words\" style=\"width: 9.52381%;\">0.35<\/td>\n<\/tr>\n<tr class=\"border-primary\/10\">\n<td class=\"break-words\" style=\"width: 17.3016%;\">MG-SP-305<\/td>\n<td class=\"break-words\" style=\"width: 7.46029%;\">Acero inoxidable<\/td>\n<td class=\"break-words\" style=\"width: 7.93651%;\">3.0<\/td>\n<td class=\"break-words\" style=\"width: 12.2222%;\">25<\/td>\n<td class=\"break-words\" style=\"width: 13.0158%;\">20<\/td>\n<td class=\"break-words\" style=\"width: 10.9524%;\">Espiral<\/td>\n<td class=\"break-words\" style=\"width: 12.381%;\">20\u00b0<\/td>\n<td class=\"break-words\" style=\"width: 8.88889%;\">90\u00b0<\/td>\n<td class=\"break-words\" style=\"width: 9.52381%;\">0.50<\/td>\n<\/tr>\n<tr class=\"border-primary\/10\">\n<td class=\"break-words\" style=\"width: 17.3016%;\">MG-AN-451<\/td>\n<td class=\"break-words\" style=\"width: 7.46029%;\">Aluminio<\/td>\n<td class=\"break-words\" style=\"width: 7.93651%;\">4.0<\/td>\n<td class=\"break-words\" style=\"width: 12.2222%;\">30<\/td>\n<td class=\"break-words\" style=\"width: 13.0158%;\">25<\/td>\n<td class=\"break-words\" style=\"width: 10.9524%;\">Derecho<\/td>\n<td class=\"break-words\" style=\"width: 12.381%;\">20\u00b0<\/td>\n<td class=\"break-words\" style=\"width: 8.88889%;\">45\u00b0<\/td>\n<td class=\"break-words\" style=\"width: 9.52381%;\">0.40<\/td>\n<\/tr>\n<tr class=\"border-primary\/10\">\n<td class=\"break-words\" style=\"width: 17.3016%;\">MG-CH-502<\/td>\n<td class=\"break-words\" style=\"width: 7.46029%;\">Acero carburizado<\/td>\n<td class=\"break-words\" style=\"width: 7.93651%;\">5.0<\/td>\n<td class=\"break-words\" style=\"width: 12.2222%;\">20<\/td>\n<td class=\"break-words\" style=\"width: 13.0158%;\">30<\/td>\n<td class=\"break-words\" style=\"width: 10.9524%;\">Espiral<\/td>\n<td class=\"break-words\" style=\"width: 12.381%;\">20\u00b0<\/td>\n<td class=\"break-words\" style=\"width: 8.88889%;\">90\u00b0<\/td>\n<td class=\"break-words\" style=\"width: 9.52381%;\">0.75<\/td>\n<\/tr>\n<\/tbody>\n<\/table>\n<h2>Producto relacionado<\/h2>\n<p><img loading=\"lazy\" decoding=\"async\" class=\"alignnone size-full wp-image-7104\" src=\"https:\/\/fmp-components.com\/wp-content\/uploads\/2025\/03\/miter-gear-product.webp\" alt=\"producto de engranaje de inglete\" width=\"1000\" height=\"800\" title=\"\" srcset=\"https:\/\/fmp-components.com\/wp-content\/uploads\/2025\/03\/miter-gear-product.webp 1000w, https:\/\/fmp-components.com\/wp-content\/uploads\/2025\/03\/miter-gear-product-980x784.webp 980w, https:\/\/fmp-components.com\/wp-content\/uploads\/2025\/03\/miter-gear-product-480x384.webp 480w\" sizes=\"(min-width: 0px) and (max-width: 480px) 480px, (min-width: 481px) and (max-width: 980px) 980px, (min-width: 981px) 1000px, 100vw\" \/><\/p>\n<\/div>\n<\/div>\n<h2>Caracter\u00edsticas de los engranajes de inglete<\/h2>\n<div>\n<ul>\n<li class=\"break-words\"><strong>Transmisi\u00f3n en \u00e1ngulo recto<\/strong>:Los engranajes de inglete est\u00e1n dise\u00f1ados espec\u00edficamente para transferir potencia y movimiento entre dos ejes que se intersecan en un \u00e1ngulo de 90 grados, lo que los hace ideales para dise\u00f1os compactos.<\/li>\n<li class=\"break-words\"><strong>Relaci\u00f3n de transmisi\u00f3n 1:1<\/strong>:Estos engranajes mantienen una relaci\u00f3n de velocidad igual entre los ejes impulsor y impulsado, lo que garantiza una velocidad de rotaci\u00f3n constante sin aceleraci\u00f3n ni reducci\u00f3n.<\/li>\n<li class=\"break-words\"><strong>Dise\u00f1o de dientes rectos<\/strong>:Los engranajes de inglete, que generalmente presentan dientes de corte recto, proporcionan un enganche simple pero efectivo para un funcionamiento suave y confiable en diversas aplicaciones.<\/li>\n<li class=\"break-words\"><strong>Aplicaciones vers\u00e1tiles<\/strong>:Debido a su dise\u00f1o, los engranajes de inglete se utilizan ampliamente en maquinaria como rob\u00f3tica, sistemas automotrices y equipos industriales que requieren cambios de direcci\u00f3n precisos.<\/li>\n<li class=\"break-words\"><strong>Alta resistencia y durabilidad<\/strong>:Fabricados con materiales robustos, los engranajes de inglete est\u00e1n dise\u00f1ados para soportar un estr\u00e9s mec\u00e1nico significativo, ofreciendo un rendimiento y confiabilidad duraderos.<\/li>\n<\/ul>\n<h2>Acerca de FMP<\/h2>\n<p>FMP es un fabricante italiano l\u00edder de engranajes y cremalleras, reconocido por su experiencia en la producci\u00f3n de componentes est\u00e1ndar y soluciones a medida. Adem\u00e1s de nuestra gama de piezas est\u00e1ndar, FMP se especializa en la fabricaci\u00f3n de engranajes est\u00e1ndar y especializados basados en planos o muestras proporcionadas por nuestros clientes. Nuestros engranajes est\u00e1n disponibles en una variedad de materiales, incluyendo acero al carbono, acero inoxidable, aluminio, cobre, lat\u00f3n y configuraciones de pl\u00e1stico helicoidal o recto. Si necesita engranajes personalizados, no dude en contactarnos por correo electr\u00f3nico. El equipo de ingenieros profesionales de FMP responder\u00e1 a su consulta en 24 horas.<\/p>\n<p><img loading=\"lazy\" decoding=\"async\" class=\"alignnone size-full wp-image-7010\" src=\"https:\/\/fmp-components.com\/wp-content\/uploads\/2025\/03\/bevel-gear-3.webp\" alt=\"engranaje c\u00f3nico\" width=\"1076\" height=\"721\" title=\"\" srcset=\"https:\/\/fmp-components.com\/wp-content\/uploads\/2025\/03\/bevel-gear-3.webp 1076w, https:\/\/fmp-components.com\/wp-content\/uploads\/2025\/03\/bevel-gear-3-980x657.webp 980w, https:\/\/fmp-components.com\/wp-content\/uploads\/2025\/03\/bevel-gear-3-480x322.webp 480w\" sizes=\"(min-width: 0px) and (max-width: 480px) 480px, (min-width: 481px) and (max-width: 980px) 980px, (min-width: 981px) 1076px, 100vw\" \/><\/p>\n<\/div>","protected":false},"excerpt":{"rendered":"<p>Miter Gears are a type of bevel gear designed to transmit power between intersecting shafts, typically at a 90-degree angle, with a 1:1 gear ratio, providing efficient and precise motion transfer in various mechanical applications. At FMP Company, we produce a diverse range of Miter Gears and offer customization to meet your specific requirements. If [&hellip;]<\/p>","protected":false},"featured_media":4722,"comment_status":"open","ping_status":"closed","template":"","meta":{"_et_pb_use_builder":"","_et_pb_old_content":"","_et_gb_content_width":""},"product_brand":[],"product_cat":[106],"product_tag":[],"class_list":{"0":"post-7035","1":"product","2":"type-product","3":"status-publish","4":"has-post-thumbnail","6":"product_cat-bevel-gears","8":"first","9":"instock","10":"shipping-taxable","11":"product-type-simple"},"_links":{"self":[{"href":"https:\/\/fmp-components.com\/es\/wp-json\/wp\/v2\/product\/7035","targetHints":{"allow":["GET"]}}],"collection":[{"href":"https:\/\/fmp-components.com\/es\/wp-json\/wp\/v2\/product"}],"about":[{"href":"https:\/\/fmp-components.com\/es\/wp-json\/wp\/v2\/types\/product"}],"replies":[{"embeddable":true,"href":"https:\/\/fmp-components.com\/es\/wp-json\/wp\/v2\/comments?post=7035"}],"wp:featuredmedia":[{"embeddable":true,"href":"https:\/\/fmp-components.com\/es\/wp-json\/wp\/v2\/media\/4722"}],"wp:attachment":[{"href":"https:\/\/fmp-components.com\/es\/wp-json\/wp\/v2\/media?parent=7035"}],"wp:term":[{"taxonomy":"product_brand","embeddable":true,"href":"https:\/\/fmp-components.com\/es\/wp-json\/wp\/v2\/product_brand?post=7035"},{"taxonomy":"product_cat","embeddable":true,"href":"https:\/\/fmp-components.com\/es\/wp-json\/wp\/v2\/product_cat?post=7035"},{"taxonomy":"product_tag","embeddable":true,"href":"https:\/\/fmp-components.com\/es\/wp-json\/wp\/v2\/product_tag?post=7035"}],"curies":[{"name":"gracias","href":"https:\/\/api.w.org\/{rel}","templated":true}]}}