{"id":7032,"date":"2025-03-14T08:14:15","date_gmt":"2025-03-14T08:14:15","guid":{"rendered":"https:\/\/fmp-components.com\/?post_type=product&#038;p=7032"},"modified":"2025-03-27T01:24:51","modified_gmt":"2025-03-27T01:24:51","slug":"spiral-miter-gears","status":"publish","type":"product","link":"https:\/\/fmp-components.com\/es\/product\/spiral-miter-gears\/","title":{"rendered":"Engranajes de inglete espirales"},"content":{"rendered":"<p>Los engranajes ingleteadores espirales son un tipo de <a href=\"https:\/\/fmp-components.com\/es\/bevel-gear-2\/\">engranaje c\u00f3nico<\/a> Con dientes helicoidales dise\u00f1ados para transmitir potencia entre ejes que se intersecan en \u00e1ngulo recto, ofreciendo un funcionamiento m\u00e1s suave y mayor capacidad de carga en comparaci\u00f3n con los engranajes ingleteadores rectos. En FMP Company, fabricamos una amplia variedad de engranajes ingleteadores espirales y tambi\u00e9n ofrecemos opciones de personalizaci\u00f3n para satisfacer sus necesidades espec\u00edficas. Si no encuentra el modelo que busca en nuestra lista de productos, es posible que a\u00fan no se haya subido. No dude en enviarnos un correo electr\u00f3nico con sus requisitos y nuestros ingenieros le responder\u00e1n en 24 horas.<\/p>\n<div data-scroll-horizontal=\"wrap-body\">\n<h2>Especificaciones del engranaje ingleteador espiral<\/h2>\n<table style=\"width: 100%;\" border=\"1\" width=\"100%\" cellspacing=\"0\" cellpadding=\"0\">\n<tbody>\n<tr style=\"height: 43.20pt;\">\n<td class=\"et2\" style=\"height: 43.2pt; width: 13.9447%;\" width=\"83\" height=\"72\">Modelo<\/td>\n<td class=\"et2\" style=\"width: 1.25628%;\" width=\"80\">M\u00f3dulo<\/td>\n<td class=\"et2\" style=\"width: 6.03015%;\" width=\"154\">Dientes<\/td>\n<td class=\"et2\" style=\"width: 10.6784%;\" width=\"80\">Direcci\u00f3n espiral<\/td>\n<td class=\"et2\" style=\"width: 8.54269%;\" width=\"153\">Di\u00e1metro de paso (mm)<\/td>\n<td class=\"et2\" style=\"width: 8.54272%;\" width=\"80\">Di\u00e1metro del orificio (mm)<\/td>\n<td class=\"et2\" style=\"width: 10.3015%;\" width=\"144\">Ancho de la cara (mm)<\/td>\n<td class=\"et2\" style=\"width: 13.3166%;\" width=\"192\">Material<\/td>\n<td class=\"et2\" style=\"width: 8.0402%;\" width=\"101\">\u00c1ngulo de presi\u00f3n<\/td>\n<td class=\"et2\" style=\"width: 6.40699%;\" width=\"181\">\u00c1ngulo de h\u00e9lice<\/td>\n<td class=\"et2\" style=\"width: 14.5729%;\" width=\"80\">Solicitud<\/td>\n<\/tr>\n<tr style=\"height: 14.40pt;\">\n<td style=\"height: 14.4pt; width: 13.9447%;\" height=\"24\">SMG-20-2-RH<\/td>\n<td style=\"width: 1.25628%;\" align=\"right\">2<\/td>\n<td style=\"width: 6.03015%;\" align=\"right\">20<\/td>\n<td style=\"width: 10.6784%;\">Derecha<\/td>\n<td style=\"width: 8.54269%;\" align=\"right\">40<\/td>\n<td style=\"width: 8.54272%;\" align=\"right\">12<\/td>\n<td style=\"width: 10.3015%;\" align=\"right\">9<\/td>\n<td style=\"width: 13.3166%;\">Acero endurecido<\/td>\n<td style=\"width: 8.0402%;\">20\u00b0<\/td>\n<td style=\"width: 6.40699%;\">35\u00b0<\/td>\n<td style=\"width: 14.5729%;\">Maquinaria industrial general<\/td>\n<\/tr>\n<tr style=\"height: 14.40pt;\">\n<td style=\"height: 14.4pt; width: 13.9447%;\" height=\"24\">SMG-25-3-LH<\/td>\n<td style=\"width: 1.25628%;\" align=\"right\">3<\/td>\n<td style=\"width: 6.03015%;\" align=\"right\">25<\/td>\n<td style=\"width: 10.6784%;\">Mano izquierda<\/td>\n<td style=\"width: 8.54269%;\" align=\"right\">75<\/td>\n<td style=\"width: 8.54272%;\" align=\"right\">20<\/td>\n<td style=\"width: 10.3015%;\" align=\"right\">15<\/td>\n<td style=\"width: 13.3166%;\">Acero carburizado<\/td>\n<td style=\"width: 8.0402%;\">20\u00b0<\/td>\n<td style=\"width: 6.40699%;\">35\u00b0<\/td>\n<td style=\"width: 14.5729%;\">Transmisi\u00f3n de alto par<\/td>\n<\/tr>\n<tr style=\"height: 14.40pt;\">\n<td style=\"height: 14.4pt; width: 13.9447%;\" height=\"24\">SMG-15-1.5-RH<\/td>\n<td style=\"width: 1.25628%;\" align=\"right\">1.5<\/td>\n<td style=\"width: 6.03015%;\" align=\"right\">15<\/td>\n<td style=\"width: 10.6784%;\">Derecha<\/td>\n<td style=\"width: 8.54269%;\" align=\"right\">22.5<\/td>\n<td style=\"width: 8.54272%;\" align=\"right\">8<\/td>\n<td style=\"width: 10.3015%;\" align=\"right\">7<\/td>\n<td style=\"width: 13.3166%;\">Acero inoxidable (SUS303)<\/td>\n<td style=\"width: 8.0402%;\">20\u00b0<\/td>\n<td style=\"width: 6.40699%;\">35\u00b0<\/td>\n<td style=\"width: 14.5729%;\">Equipos de procesamiento de alimentos<\/td>\n<\/tr>\n<tr style=\"height: 14.40pt;\">\n<td style=\"height: 14.4pt; width: 13.9447%;\" height=\"24\">SMG-30-4-LH<\/td>\n<td style=\"width: 1.25628%;\" align=\"right\">4<\/td>\n<td style=\"width: 6.03015%;\" align=\"right\">30<\/td>\n<td style=\"width: 10.6784%;\">Mano izquierda<\/td>\n<td style=\"width: 8.54269%;\" align=\"right\">120<\/td>\n<td style=\"width: 8.54272%;\" align=\"right\">25<\/td>\n<td style=\"width: 10.3015%;\" align=\"right\">20<\/td>\n<td style=\"width: 13.3166%;\">Acero aleado (SCM415)<\/td>\n<td style=\"width: 8.0402%;\">20\u00b0<\/td>\n<td style=\"width: 6.40699%;\">35\u00b0<\/td>\n<td style=\"width: 14.5729%;\">Transportadores de servicio pesado<\/td>\n<\/tr>\n<tr style=\"height: 14.40pt;\">\n<td style=\"height: 14.4pt; width: 13.9447%;\" height=\"24\">SMG-18-2.5-RH<\/td>\n<td style=\"width: 1.25628%;\" align=\"right\">2.5<\/td>\n<td style=\"width: 6.03015%;\" align=\"right\">18<\/td>\n<td style=\"width: 10.6784%;\">Derecha<\/td>\n<td style=\"width: 8.54269%;\" align=\"right\">45<\/td>\n<td style=\"width: 8.54272%;\" align=\"right\">15<\/td>\n<td style=\"width: 10.3015%;\" align=\"right\">12<\/td>\n<td style=\"width: 13.3166%;\">Acero endurecido (\u00f3xido negro)<\/td>\n<td style=\"width: 8.0402%;\">20\u00b0<\/td>\n<td style=\"width: 6.40699%;\">35\u00b0<\/td>\n<td style=\"width: 14.5729%;\">Sistemas automotrices<\/td>\n<\/tr>\n<tr style=\"height: 14.40pt;\">\n<td style=\"height: 14.4pt; width: 13.9447%;\" height=\"24\">SMG-12-1-RH<\/td>\n<td style=\"width: 1.25628%;\" align=\"right\">1<\/td>\n<td style=\"width: 6.03015%;\" align=\"right\">12<\/td>\n<td style=\"width: 10.6784%;\">Derecha<\/td>\n<td style=\"width: 8.54269%;\" align=\"right\">12<\/td>\n<td style=\"width: 8.54272%;\" align=\"right\">6<\/td>\n<td style=\"width: 10.3015%;\" align=\"right\">5<\/td>\n<td style=\"width: 13.3166%;\">Lat\u00f3n<\/td>\n<td style=\"width: 8.0402%;\">20\u00b0<\/td>\n<td style=\"width: 6.40699%;\">35\u00b0<\/td>\n<td style=\"width: 14.5729%;\">instrumentos de precisi\u00f3n<\/td>\n<\/tr>\n<tr style=\"height: 14.40pt;\">\n<td style=\"height: 14.4pt; width: 13.9447%;\" height=\"24\">SMG-35-5-LH<\/td>\n<td style=\"width: 1.25628%;\" align=\"right\">5<\/td>\n<td style=\"width: 6.03015%;\" align=\"right\">35<\/td>\n<td style=\"width: 10.6784%;\">Mano izquierda<\/td>\n<td style=\"width: 8.54269%;\" align=\"right\">175<\/td>\n<td style=\"width: 8.54272%;\" align=\"right\">30<\/td>\n<td style=\"width: 10.3015%;\" align=\"right\">25<\/td>\n<td style=\"width: 13.3166%;\">Acero endurecido<\/td>\n<td style=\"width: 8.0402%;\">20\u00b0<\/td>\n<td style=\"width: 6.40699%;\">35\u00b0<\/td>\n<td style=\"width: 14.5729%;\">Equipos de miner\u00eda<\/td>\n<\/tr>\n<tr style=\"height: 14.40pt;\">\n<td style=\"height: 14.4pt; width: 13.9447%;\" height=\"24\">SMG-16-2-LH<\/td>\n<td style=\"width: 1.25628%;\" align=\"right\">2<\/td>\n<td style=\"width: 6.03015%;\" align=\"right\">16<\/td>\n<td style=\"width: 10.6784%;\">Mano izquierda<\/td>\n<td style=\"width: 8.54269%;\" align=\"right\">32<\/td>\n<td style=\"width: 8.54272%;\" align=\"right\">10<\/td>\n<td style=\"width: 10.3015%;\" align=\"right\">8<\/td>\n<td style=\"width: 13.3166%;\">Acero inoxidable (SUS304)<\/td>\n<td style=\"width: 8.0402%;\">20\u00b0<\/td>\n<td style=\"width: 6.40699%;\">35\u00b0<\/td>\n<td style=\"width: 14.5729%;\">Aplicaciones marinas<\/td>\n<\/tr>\n<tr style=\"height: 14.40pt;\">\n<td style=\"height: 14.4pt; width: 13.9447%;\" height=\"24\">SMG-22-3-RH<\/td>\n<td style=\"width: 1.25628%;\" align=\"right\">3<\/td>\n<td style=\"width: 6.03015%;\" align=\"right\">22<\/td>\n<td style=\"width: 10.6784%;\">Derecha<\/td>\n<td style=\"width: 8.54269%;\" align=\"right\">66<\/td>\n<td style=\"width: 8.54272%;\" align=\"right\">18<\/td>\n<td style=\"width: 10.3015%;\" align=\"right\">14<\/td>\n<td style=\"width: 13.3166%;\">Acero aleado (SCM435)<\/td>\n<td style=\"width: 8.0402%;\">20\u00b0<\/td>\n<td style=\"width: 6.40699%;\">35\u00b0<\/td>\n<td style=\"width: 14.5729%;\">Rob\u00f3tica<\/td>\n<\/tr>\n<tr style=\"height: 14.40pt;\">\n<td style=\"height: 14.4pt; width: 13.9447%;\" height=\"24\">SMG-28-4-RH<\/td>\n<td style=\"width: 1.25628%;\" align=\"right\">4<\/td>\n<td style=\"width: 6.03015%;\" align=\"right\">28<\/td>\n<td style=\"width: 10.6784%;\">Derecha<\/td>\n<td style=\"width: 8.54269%;\" align=\"right\">112<\/td>\n<td style=\"width: 8.54272%;\" align=\"right\">22<\/td>\n<td style=\"width: 10.3015%;\" align=\"right\">18<\/td>\n<td style=\"width: 13.3166%;\">Acero carburizado<\/td>\n<td style=\"width: 8.0402%;\">20\u00b0<\/td>\n<td style=\"width: 6.40699%;\">35\u00b0<\/td>\n<td style=\"width: 14.5729%;\">Maquinaria de construcci\u00f3n<\/td>\n<\/tr>\n<\/tbody>\n<\/table>\n<h2>Caracter\u00edsticas de los engranajes ingleteadores espirales<\/h2>\n<div>\n<ul>\n<li class=\"break-words\"><strong>Dise\u00f1o de dientes helicoidales<\/strong>:Los engranajes ingleteadores espirales cuentan con dientes helicoidales curvados, lo que permite un enganche gradual, un funcionamiento m\u00e1s suave y una reducci\u00f3n de ruido en comparaci\u00f3n con los engranajes de corte recto.<\/li>\n<li class=\"break-words\"><strong>Alta capacidad de carga<\/strong>:La configuraci\u00f3n de los dientes en espiral distribuye las fuerzas de manera m\u00e1s uniforme a lo largo de los dientes del engranaje, lo que permite que estos engranajes manejen un mayor torque y cargas m\u00e1s pesadas de manera efectiva.<\/li>\n<li class=\"break-words\"><strong>Transmisi\u00f3n de potencia en \u00e1ngulo recto<\/strong>:Estos engranajes est\u00e1n dise\u00f1ados para transmitir potencia entre dos ejes que se intersecan en un \u00e1ngulo de 90 grados, lo que los hace ideales para sistemas mec\u00e1nicos compactos.<\/li>\n<li class=\"break-words\"><strong>Eficiencia mejorada<\/strong>:El dise\u00f1o helicoidal minimiza la vibraci\u00f3n y el juego, lo que genera mayor eficiencia y precisi\u00f3n en aplicaciones de transferencia de potencia.<\/li>\n<li class=\"break-words\"><strong>Durabilidad y longevidad<\/strong>Fabricados con materiales de alta calidad y dise\u00f1ados para un contacto \u00f3ptimo con los dientes, los engranajes de inglete espiral ofrecen una mayor resistencia al desgaste y una vida \u00fatil m\u00e1s prolongada.<\/li>\n<\/ul>\n<p><img loading=\"lazy\" decoding=\"async\" class=\"alignnone size-full wp-image-7034\" src=\"https:\/\/fmp-components.com\/wp-content\/uploads\/2025\/03\/Spiral-Miter-Gears-Product.webp\" alt=\"Producto de engranajes ingleteadores espirales\" width=\"1200\" height=\"1200\" title=\"\" srcset=\"https:\/\/fmp-components.com\/wp-content\/uploads\/2025\/03\/Spiral-Miter-Gears-Product.webp 1200w, https:\/\/fmp-components.com\/wp-content\/uploads\/2025\/03\/Spiral-Miter-Gears-Product-980x980.webp 980w, https:\/\/fmp-components.com\/wp-content\/uploads\/2025\/03\/Spiral-Miter-Gears-Product-480x480.webp 480w\" sizes=\"(min-width: 0px) and (max-width: 480px) 480px, (min-width: 481px) and (max-width: 980px) 980px, (min-width: 981px) 1200px, 100vw\" \/><\/p>\n<\/div>\n<\/div>\n<div data-scroll-horizontal=\"wrap-body\">\n<h2>Acerca de FMP<\/h2>\n<p>FMP es un fabricante italiano l\u00edder de engranajes y cremalleras, reconocido por su experiencia en la producci\u00f3n de componentes est\u00e1ndar y soluciones a medida. Adem\u00e1s de nuestra gama de piezas est\u00e1ndar, FMP se especializa en la fabricaci\u00f3n de engranajes est\u00e1ndar y especializados basados en planos o muestras proporcionadas por nuestros clientes. Nuestros engranajes est\u00e1n disponibles en una variedad de materiales, incluyendo acero al carbono, acero inoxidable, aluminio, cobre, lat\u00f3n y configuraciones de pl\u00e1stico helicoidal o recto. Si necesita engranajes personalizados, no dude en contactarnos por correo electr\u00f3nico. El equipo de ingenieros profesionales de FMP responder\u00e1 a su consulta en 24 horas.<\/p>\n<p><img loading=\"lazy\" decoding=\"async\" class=\"alignnone size-full wp-image-7010\" src=\"https:\/\/fmp-components.com\/wp-content\/uploads\/2025\/03\/bevel-gear-3.webp\" alt=\"engranaje c\u00f3nico\" width=\"1076\" height=\"721\" title=\"\" srcset=\"https:\/\/fmp-components.com\/wp-content\/uploads\/2025\/03\/bevel-gear-3.webp 1076w, https:\/\/fmp-components.com\/wp-content\/uploads\/2025\/03\/bevel-gear-3-980x657.webp 980w, https:\/\/fmp-components.com\/wp-content\/uploads\/2025\/03\/bevel-gear-3-480x322.webp 480w\" sizes=\"(min-width: 0px) and (max-width: 480px) 480px, (min-width: 481px) and (max-width: 980px) 980px, (min-width: 981px) 1076px, 100vw\" \/><\/p>\n<\/div>","protected":false},"excerpt":{"rendered":"<p>Spiral Miter Gears are a type of bevel gear with helical teeth designed to transmit power between intersecting shafts at a right angle, offering smoother operation and higher load capacity compared to straight miter gears. At FMP Company, we manufacture a wide variety of Spiral Miter Gears and also offer customization to meet your specific [&hellip;]<\/p>","protected":false},"featured_media":4344,"comment_status":"open","ping_status":"closed","template":"","meta":{"_et_pb_use_builder":"","_et_pb_old_content":"","_et_gb_content_width":""},"product_brand":[],"product_cat":[15],"product_tag":[],"class_list":{"0":"post-7032","1":"product","2":"type-product","3":"status-publish","4":"has-post-thumbnail","6":"product_cat-uncategorized","8":"first","9":"instock","10":"shipping-taxable","11":"product-type-simple"},"_links":{"self":[{"href":"https:\/\/fmp-components.com\/es\/wp-json\/wp\/v2\/product\/7032","targetHints":{"allow":["GET"]}}],"collection":[{"href":"https:\/\/fmp-components.com\/es\/wp-json\/wp\/v2\/product"}],"about":[{"href":"https:\/\/fmp-components.com\/es\/wp-json\/wp\/v2\/types\/product"}],"replies":[{"embeddable":true,"href":"https:\/\/fmp-components.com\/es\/wp-json\/wp\/v2\/comments?post=7032"}],"wp:featuredmedia":[{"embeddable":true,"href":"https:\/\/fmp-components.com\/es\/wp-json\/wp\/v2\/media\/4344"}],"wp:attachment":[{"href":"https:\/\/fmp-components.com\/es\/wp-json\/wp\/v2\/media?parent=7032"}],"wp:term":[{"taxonomy":"product_brand","embeddable":true,"href":"https:\/\/fmp-components.com\/es\/wp-json\/wp\/v2\/product_brand?post=7032"},{"taxonomy":"product_cat","embeddable":true,"href":"https:\/\/fmp-components.com\/es\/wp-json\/wp\/v2\/product_cat?post=7032"},{"taxonomy":"product_tag","embeddable":true,"href":"https:\/\/fmp-components.com\/es\/wp-json\/wp\/v2\/product_tag?post=7032"}],"curies":[{"name":"gracias","href":"https:\/\/api.w.org\/{rel}","templated":true}]}}