{"id":7030,"date":"2025-03-14T07:40:07","date_gmt":"2025-03-14T07:40:07","guid":{"rendered":"https:\/\/fmp-components.com\/?post_type=product&#038;p=7030"},"modified":"2025-03-27T01:25:11","modified_gmt":"2025-03-27T01:25:11","slug":"straight-bevel-gear","status":"publish","type":"product","link":"https:\/\/fmp-components.com\/es\/product\/straight-bevel-gear\/","title":{"rendered":"Engranaje c\u00f3nico recto"},"content":{"rendered":"<p>Un engranaje c\u00f3nico recto es un tipo de <a href=\"https:\/\/fmp-components.com\/es\/bevel-gear-2\/\">engranaje c\u00f3nico<\/a> Con dientes rectos y c\u00f3nicos cortados a lo largo de la superficie c\u00f3nica del engranaje, dise\u00f1ados para transmitir potencia eficientemente entre ejes que se intersecan, generalmente en un \u00e1ngulo de 90 grados, ofreciendo simplicidad y confiabilidad en aplicaciones como diferenciales automotrices y maquinaria. En FMP Company, fabricamos con orgullo una amplia gama de engranajes c\u00f3nicos, incluyendo modelos rectos, espirales y helicoidales, y tambi\u00e9n ofrecemos soluciones personalizadas para satisfacer sus necesidades espec\u00edficas. Si no encuentra el modelo que necesita en nuestra lista de productos, simplemente significa que a\u00fan no la hemos actualizado. No dude en enviarnos un correo electr\u00f3nico con las especificaciones deseadas y nuestros ingenieros le responder\u00e1n en 24 horas con asistencia personalizada.<\/p>\n<h2>Especificaci\u00f3n<\/h2>\n<table class=\"table\" border=\"1\" width=\"100%\" cellspacing=\"0\" cellpadding=\"0\">\n<tbody>\n<tr class=\"firstRow\">\n<td valign=\"center\" width=\"132\">N\u00famero de modelo<\/td>\n<td valign=\"center\" width=\"491\">M3, M4, M5, M8, M12 y etc.<\/td>\n<\/tr>\n<tr>\n<td valign=\"center\" width=\"132\">Material<\/td>\n<td valign=\"center\" width=\"491\">Lat\u00f3n, acero C45, acero inoxidable, cobre, POM, aluminio, aleaci\u00f3n, etc.<\/td>\n<\/tr>\n<tr>\n<td valign=\"center\" width=\"132\">Tratamiento de superficies<\/td>\n<td valign=\"center\" width=\"491\">Zincado, Niquelado, Pasivaci\u00f3n, Oxidaci\u00f3n, Anodizaci\u00f3n,<br \/>\nGeomet, Dacromet, \u00f3xido negro, fosfataci\u00f3n, recubrimiento en polvo y electroforesis<\/td>\n<\/tr>\n<tr>\n<td valign=\"center\" width=\"132\">Est\u00e1ndar<\/td>\n<td valign=\"center\" width=\"491\">ISO, DIN, ANSI, JIS, BS y no est\u00e1ndar.<\/td>\n<\/tr>\n<tr>\n<td valign=\"center\" width=\"132\">Precisi\u00f3n<\/td>\n<td valign=\"center\" width=\"491\">DIN6,DIN7,DIN8,DIN9.<\/td>\n<\/tr>\n<tr>\n<td valign=\"center\" width=\"132\">Tratamiento dental<\/td>\n<td valign=\"center\" width=\"491\">Endurecido, fresado o rectificado<\/td>\n<\/tr>\n<tr>\n<td valign=\"center\" width=\"132\">Tolerancia<\/td>\n<td valign=\"center\" width=\"491\">0,001 mm-0,01 mm-0,1 mm<\/td>\n<\/tr>\n<tr>\n<td valign=\"center\" width=\"132\">Finalizar<\/td>\n<td valign=\"center\" width=\"491\">granallado\/chorro de arena, tratamiento t\u00e9rmico, recocido, templado, pulido, anodizado, galvanizado<\/td>\n<\/tr>\n<tr>\n<td valign=\"center\" width=\"132\">Embalaje de art\u00edculos<\/td>\n<td valign=\"center\" width=\"491\">Bolsa de pl\u00e1stico + cajas de cart\u00f3n o embalaje de madera<\/td>\n<\/tr>\n<tr>\n<td valign=\"center\" width=\"132\">Condiciones de pago<\/td>\n<td valign=\"center\" width=\"491\">Transferencia bancaria, carta de cr\u00e9dito<\/td>\n<\/tr>\n<tr>\n<td valign=\"center\" width=\"132\">Plazo de producci\u00f3n<\/td>\n<td valign=\"center\" width=\"491\">20 d\u00edas h\u00e1biles para la muestra, 25 d\u00edas para el volumen<\/td>\n<\/tr>\n<tr>\n<td valign=\"center\" width=\"132\">Muestras<\/td>\n<td valign=\"center\" width=\"491\">Rango de precios de muestra de $2 a $100.<br \/>\nEjemplo de solicitud expresa pagada por el cliente<\/td>\n<\/tr>\n<tr>\n<td valign=\"center\" width=\"132\">Solicitud<\/td>\n<td valign=\"center\" width=\"491\">1. M\u00e1quina de control autom\u00e1tico<br \/>\n2. Industria de semiconductores<br \/>\n3. Maquinaria para la industria general<br \/>\n4. Equipo m\u00e9dico<br \/>\n5. Equipos de energ\u00eda solar<br \/>\n6. M\u00e1quina herramienta<br \/>\n7. Sistema de estacionamiento<br \/>\n8. Equipos de transporte ferroviario y a\u00e9reo de alta velocidad, etc.<\/td>\n<\/tr>\n<\/tbody>\n<\/table>\n<h2>Caracter\u00edsticas del engranaje c\u00f3nico recto<\/h2>\n<div>\n<ul>\n<li class=\"break-words\"><strong>Dise\u00f1o de dientes rectos<\/strong>:Los engranajes c\u00f3nicos rectos tienen dientes cortados de forma recta y se estrechan a lo largo de la superficie c\u00f3nica, lo que proporciona un dise\u00f1o simple y efectivo para transmitir potencia entre ejes que se cruzan.<\/li>\n<li class=\"break-words\"><strong>Transferencia de energ\u00eda eficiente<\/strong>:Estos engranajes est\u00e1n dise\u00f1ados para transferir torque de manera suave y confiable, generalmente en un \u00e1ngulo de 90 grados, lo que los hace adecuados para aplicaciones como diferenciales automotrices y maquinaria b\u00e1sica.<\/li>\n<li class=\"break-words\"><strong>Producci\u00f3n rentable<\/strong>:La geometr\u00eda sencilla de los dientes permite una fabricaci\u00f3n m\u00e1s f\u00e1cil y menos costosa en comparaci\u00f3n con los engranajes c\u00f3nicos espirales o helicoidales, ofreciendo una opci\u00f3n econ\u00f3mica para muchos sistemas.<\/li>\n<li class=\"break-words\"><strong>Capacidad de carga moderada<\/strong>:Si bien pueden soportar cargas moderadas, los engranajes c\u00f3nicos rectos tienen menos \u00e1rea de contacto con los dientes que los dise\u00f1os en espiral, lo que los hace m\u00e1s adecuados para aplicaciones con menores requisitos de torque o velocidad.<\/li>\n<li class=\"break-words\"><strong>Compacto y vers\u00e1til<\/strong>:Su forma c\u00f3nica permite una integraci\u00f3n compacta en sistemas mec\u00e1nicos, proporcionando versatilidad en dise\u00f1os donde el espacio es limitado, aunque pueden producir m\u00e1s ruido y vibraci\u00f3n en condiciones de alta velocidad.<\/li>\n<\/ul>\n<p><img loading=\"lazy\" decoding=\"async\" class=\"alignnone size-full wp-image-7031\" src=\"https:\/\/fmp-components.com\/wp-content\/uploads\/2025\/03\/Straight-Bevel-Gear-1.webp\" alt=\"Engranaje c\u00f3nico recto\" width=\"969\" height=\"648\" title=\"\" srcset=\"https:\/\/fmp-components.com\/wp-content\/uploads\/2025\/03\/Straight-Bevel-Gear-1.webp 969w, https:\/\/fmp-components.com\/wp-content\/uploads\/2025\/03\/Straight-Bevel-Gear-1-480x321.webp 480w\" sizes=\"(min-width: 0px) and (max-width: 480px) 480px, (min-width: 481px) 969px, 100vw\" \/><\/p>\n<\/div>\n<h2>Acerca de FMP<\/h2>\n<p>FMP es un fabricante italiano l\u00edder de engranajes y cremalleras, reconocido por su experiencia en la producci\u00f3n de componentes est\u00e1ndar y soluciones a medida. Adem\u00e1s de nuestra gama de piezas est\u00e1ndar, FMP se especializa en la fabricaci\u00f3n de engranajes est\u00e1ndar y especializados basados en planos o muestras proporcionadas por nuestros clientes. Nuestros engranajes est\u00e1n disponibles en una variedad de materiales, incluyendo acero al carbono, acero inoxidable, aluminio, cobre, lat\u00f3n y configuraciones de pl\u00e1stico helicoidal o recto. Si necesita engranajes personalizados, no dude en contactarnos por correo electr\u00f3nico. El equipo de ingenieros profesionales de FMP responder\u00e1 a su consulta en 24 horas.<\/p>\n<p><img loading=\"lazy\" decoding=\"async\" class=\"alignnone size-full wp-image-7010\" src=\"https:\/\/fmp-components.com\/wp-content\/uploads\/2025\/03\/bevel-gear-3.webp\" alt=\"engranaje c\u00f3nico\" width=\"1076\" height=\"721\" title=\"\" srcset=\"https:\/\/fmp-components.com\/wp-content\/uploads\/2025\/03\/bevel-gear-3.webp 1076w, https:\/\/fmp-components.com\/wp-content\/uploads\/2025\/03\/bevel-gear-3-980x657.webp 980w, https:\/\/fmp-components.com\/wp-content\/uploads\/2025\/03\/bevel-gear-3-480x322.webp 480w\" sizes=\"(min-width: 0px) and (max-width: 480px) 480px, (min-width: 481px) and (max-width: 980px) 980px, (min-width: 981px) 1076px, 100vw\" \/><\/p>","protected":false},"excerpt":{"rendered":"<p>A straight bevel gear is a type of bevel gear with straight, tapered teeth cut along the gear\u2019s conical surface, designed to transmit power efficiently between intersecting shafts, typically at a 90-degree angle, offering simplicity and reliability in applications like automotive differentials and machinery. At FMP Company, we proudly manufacture a wide range of bevel [&hellip;]<\/p>","protected":false},"featured_media":4345,"comment_status":"open","ping_status":"closed","template":"","meta":{"_et_pb_use_builder":"","_et_pb_old_content":"","_et_gb_content_width":""},"product_brand":[],"product_cat":[106],"product_tag":[],"class_list":{"0":"post-7030","1":"product","2":"type-product","3":"status-publish","4":"has-post-thumbnail","6":"product_cat-bevel-gears","8":"first","9":"instock","10":"shipping-taxable","11":"product-type-simple"},"_links":{"self":[{"href":"https:\/\/fmp-components.com\/es\/wp-json\/wp\/v2\/product\/7030","targetHints":{"allow":["GET"]}}],"collection":[{"href":"https:\/\/fmp-components.com\/es\/wp-json\/wp\/v2\/product"}],"about":[{"href":"https:\/\/fmp-components.com\/es\/wp-json\/wp\/v2\/types\/product"}],"replies":[{"embeddable":true,"href":"https:\/\/fmp-components.com\/es\/wp-json\/wp\/v2\/comments?post=7030"}],"wp:featuredmedia":[{"embeddable":true,"href":"https:\/\/fmp-components.com\/es\/wp-json\/wp\/v2\/media\/4345"}],"wp:attachment":[{"href":"https:\/\/fmp-components.com\/es\/wp-json\/wp\/v2\/media?parent=7030"}],"wp:term":[{"taxonomy":"product_brand","embeddable":true,"href":"https:\/\/fmp-components.com\/es\/wp-json\/wp\/v2\/product_brand?post=7030"},{"taxonomy":"product_cat","embeddable":true,"href":"https:\/\/fmp-components.com\/es\/wp-json\/wp\/v2\/product_cat?post=7030"},{"taxonomy":"product_tag","embeddable":true,"href":"https:\/\/fmp-components.com\/es\/wp-json\/wp\/v2\/product_tag?post=7030"}],"curies":[{"name":"gracias","href":"https:\/\/api.w.org\/{rel}","templated":true}]}}