{"id":7026,"date":"2025-03-14T07:30:53","date_gmt":"2025-03-14T07:30:53","guid":{"rendered":"https:\/\/fmp-components.com\/?post_type=product&#038;p=7026"},"modified":"2025-03-27T01:25:36","modified_gmt":"2025-03-27T01:25:36","slug":"helical-bevel-gear","status":"publish","type":"product","link":"https:\/\/fmp-components.com\/es\/product\/helical-bevel-gear\/","title":{"rendered":"Engranaje c\u00f3nico helicoidal"},"content":{"rendered":"<table style=\"border-collapse: collapse; width: 99.2%; height: 7px;\" border=\"0\" width=\"163\" cellspacing=\"0\" cellpadding=\"0\">\n<tbody>\n<tr style=\"height: 14.40pt;\">\n<td style=\"height: 14.40pt; width: 49.80pt;\" width=\"83\" height=\"24\"><img loading=\"lazy\" decoding=\"async\" class=\"alignnone size-full wp-image-7027\" src=\"https:\/\/fmp-components.com\/wp-content\/uploads\/2025\/03\/helical-bevel-gear-3.webp\" alt=\"engranaje c\u00f3nico helicoidal\" width=\"850\" height=\"589\" title=\"\" srcset=\"https:\/\/fmp-components.com\/wp-content\/uploads\/2025\/03\/helical-bevel-gear-3.webp 850w, https:\/\/fmp-components.com\/wp-content\/uploads\/2025\/03\/helical-bevel-gear-3-480x333.webp 480w\" sizes=\"(min-width: 0px) and (max-width: 480px) 480px, (min-width: 481px) 850px, 100vw\" \/><\/td>\n<td style=\"width: 48.00pt;\" align=\"right\" width=\"80\"><img loading=\"lazy\" decoding=\"async\" class=\"alignnone size-full wp-image-7028\" src=\"https:\/\/fmp-components.com\/wp-content\/uploads\/2025\/03\/helical-bevel-gear-2.webp\" alt=\"engranaje c\u00f3nico helicoidal\" width=\"835\" height=\"612\" title=\"\" srcset=\"https:\/\/fmp-components.com\/wp-content\/uploads\/2025\/03\/helical-bevel-gear-2.webp 835w, https:\/\/fmp-components.com\/wp-content\/uploads\/2025\/03\/helical-bevel-gear-2-480x352.webp 480w\" sizes=\"(min-width: 0px) and (max-width: 480px) 480px, (min-width: 481px) 835px, 100vw\" \/><\/td>\n<\/tr>\n<\/tbody>\n<\/table>\n<table class=\"table\" border=\"1\" width=\"100%\" cellspacing=\"0\" cellpadding=\"0\">\n<tbody>\n<tr class=\"firstRow\">\n<td valign=\"center\" width=\"132\">N\u00famero de modelo<\/td>\n<td valign=\"center\" width=\"491\">M3, M4, M5, M8, M12 y etc.<\/td>\n<\/tr>\n<tr>\n<td valign=\"center\" width=\"132\">Material<\/td>\n<td valign=\"center\" width=\"491\">Lat\u00f3n, acero C45, acero inoxidable, cobre, POM, aluminio, aleaci\u00f3n, etc.<\/td>\n<\/tr>\n<tr>\n<td valign=\"center\" width=\"132\">Tratamiento de superficies<\/td>\n<td valign=\"center\" width=\"491\">Zincado, Niquelado, Pasivaci\u00f3n, Oxidaci\u00f3n, Anodizaci\u00f3n,<br \/>\nGeomet, Dacromet, \u00f3xido negro, fosfataci\u00f3n, recubrimiento en polvo y electroforesis<\/td>\n<\/tr>\n<tr>\n<td valign=\"center\" width=\"132\">Est\u00e1ndar<\/td>\n<td valign=\"center\" width=\"491\">ISO, DIN, ANSI, JIS, BS y no est\u00e1ndar.<\/td>\n<\/tr>\n<tr>\n<td valign=\"center\" width=\"132\">Precisi\u00f3n<\/td>\n<td valign=\"center\" width=\"491\">DIN6,DIN7,DIN8,DIN9.<\/td>\n<\/tr>\n<tr>\n<td valign=\"center\" width=\"132\">Tratamiento dental<\/td>\n<td valign=\"center\" width=\"491\">Endurecido, fresado o rectificado<\/td>\n<\/tr>\n<tr>\n<td valign=\"center\" width=\"132\">Tolerancia<\/td>\n<td valign=\"center\" width=\"491\">0,001 mm-0,01 mm-0,1 mm<\/td>\n<\/tr>\n<tr>\n<td valign=\"center\" width=\"132\">Finalizar<\/td>\n<td valign=\"center\" width=\"491\">granallado\/chorro de arena, tratamiento t\u00e9rmico, recocido, templado, pulido, anodizado, galvanizado<\/td>\n<\/tr>\n<tr>\n<td valign=\"center\" width=\"132\">Embalaje de art\u00edculos<\/td>\n<td valign=\"center\" width=\"491\">Bolsa de pl\u00e1stico + cajas de cart\u00f3n o embalaje de madera<\/td>\n<\/tr>\n<tr>\n<td valign=\"center\" width=\"132\">Condiciones de pago<\/td>\n<td valign=\"center\" width=\"491\">Transferencia bancaria, carta de cr\u00e9dito<\/td>\n<\/tr>\n<tr>\n<td valign=\"center\" width=\"132\">Plazo de producci\u00f3n<\/td>\n<td valign=\"center\" width=\"491\">20 d\u00edas h\u00e1biles para la muestra, 25 d\u00edas para el volumen<\/td>\n<\/tr>\n<tr>\n<td valign=\"center\" width=\"132\">Muestras<\/td>\n<td valign=\"center\" width=\"491\">Rango de precios de muestra de $2 a $100.<br \/>\nEjemplo de solicitud expresa pagada por el cliente<\/td>\n<\/tr>\n<tr>\n<td valign=\"center\" width=\"132\">Solicitud<\/td>\n<td valign=\"center\" width=\"491\">1. M\u00e1quina de control autom\u00e1tico<br \/>\n2. Industria de semiconductores<br \/>\n3. Maquinaria para la industria general<br \/>\n4. Equipo m\u00e9dico<br \/>\n5. Equipos de energ\u00eda solar<br \/>\n6. M\u00e1quina herramienta<br \/>\n7. Sistema de estacionamiento<br \/>\n8. Equipos de transporte ferroviario y a\u00e9reo de alta velocidad, etc.<\/td>\n<\/tr>\n<\/tbody>\n<\/table>\n<h2>Caracter\u00edsticas del engranaje c\u00f3nico helicoidal<\/h2>\n<div>\n<ul>\n<li class=\"break-words\"><strong>Configuraci\u00f3n de dientes helicoidales<\/strong>:Los engranajes c\u00f3nicos helicoidales combinan los dientes en \u00e1ngulo de <a href=\"https:\/\/fmp-components.com\/es\/bevel-gear-2\/\">engranajes c\u00f3nicos<\/a> con un giro helicoidal, donde los dientes est\u00e1n curvados e inclinados, lo que permite un contacto gradual y un acoplamiento m\u00e1s suave en comparaci\u00f3n con los engranajes c\u00f3nicos rectos.<\/li>\n<li class=\"break-words\"><strong>Capacidad de carga mejorada<\/strong>:El dise\u00f1o helicoidal distribuye las fuerzas a trav\u00e9s de m\u00faltiples dientes durante el engrane, mejorando la capacidad del engranaje para soportar mayores cargas y torque, haci\u00e9ndolo adecuado para aplicaciones industriales y automotrices de servicio pesado.<\/li>\n<li class=\"break-words\"><strong>Ruido y vibraci\u00f3n reducidos<\/strong>:El enganche gradual de los dientes debido al \u00e1ngulo helicoidal minimiza el impacto y el deslizamiento, lo que da como resultado un funcionamiento m\u00e1s silencioso y una menor vibraci\u00f3n, ideal para maquinaria de precisi\u00f3n y transmisiones de veh\u00edculos.<\/li>\n<li class=\"break-words\"><strong>Transmisi\u00f3n de potencia en \u00e1ngulo<\/strong>:Al igual que otros engranajes c\u00f3nicos, los engranajes c\u00f3nicos helicoidales transmiten potencia entre ejes que se cruzan (normalmente a 90 grados), lo que ofrece versatilidad en dise\u00f1os compactos, como cajas de engranajes y sistemas diferenciales.<\/li>\n<li class=\"break-words\"><strong>Alta eficiencia y durabilidad<\/strong>:Fabricados con materiales robustos como acero endurecido y combinados con una lubricaci\u00f3n adecuada, estos engranajes proporcionan una excelente eficiencia y durabilidad a largo plazo en condiciones exigentes, equilibrando el rendimiento y la resistencia al desgaste.<\/li>\n<\/ul>\n<\/div>\n<p><img loading=\"lazy\" decoding=\"async\" class=\"alignnone size-full wp-image-7029\" src=\"https:\/\/fmp-components.com\/wp-content\/uploads\/2025\/03\/helical-bevel-gear-1.webp\" alt=\"engranaje c\u00f3nico helicoidal\" width=\"1000\" height=\"1000\" title=\"\" srcset=\"https:\/\/fmp-components.com\/wp-content\/uploads\/2025\/03\/helical-bevel-gear-1.webp 1000w, https:\/\/fmp-components.com\/wp-content\/uploads\/2025\/03\/helical-bevel-gear-1-980x980.webp 980w, https:\/\/fmp-components.com\/wp-content\/uploads\/2025\/03\/helical-bevel-gear-1-480x480.webp 480w\" sizes=\"(min-width: 0px) and (max-width: 480px) 480px, (min-width: 481px) and (max-width: 980px) 980px, (min-width: 981px) 1000px, 100vw\" \/><\/p>\n<h2>Acerca de FMP<\/h2>\n<p>FMP es un fabricante italiano l\u00edder de engranajes y cremalleras, reconocido por su experiencia en la producci\u00f3n de componentes est\u00e1ndar y soluciones a medida. Adem\u00e1s de nuestra gama de piezas est\u00e1ndar, FMP se especializa en la fabricaci\u00f3n de engranajes est\u00e1ndar y especializados basados en planos o muestras proporcionadas por nuestros clientes. Nuestros engranajes est\u00e1n disponibles en una variedad de materiales, incluyendo acero al carbono, acero inoxidable, aluminio, cobre, lat\u00f3n y configuraciones de pl\u00e1stico helicoidal o recto. Si necesita engranajes personalizados, no dude en contactarnos por correo electr\u00f3nico. El equipo de ingenieros profesionales de FMP responder\u00e1 a su consulta en 24 horas.<\/p>\n<p><img loading=\"lazy\" decoding=\"async\" class=\"alignnone size-full wp-image-7010\" src=\"https:\/\/fmp-components.com\/wp-content\/uploads\/2025\/03\/bevel-gear-3.webp\" alt=\"engranaje c\u00f3nico\" width=\"1076\" height=\"721\" title=\"\" srcset=\"https:\/\/fmp-components.com\/wp-content\/uploads\/2025\/03\/bevel-gear-3.webp 1076w, https:\/\/fmp-components.com\/wp-content\/uploads\/2025\/03\/bevel-gear-3-980x657.webp 980w, https:\/\/fmp-components.com\/wp-content\/uploads\/2025\/03\/bevel-gear-3-480x322.webp 480w\" sizes=\"(min-width: 0px) and (max-width: 480px) 480px, (min-width: 481px) and (max-width: 980px) 980px, (min-width: 981px) 1076px, 100vw\" \/><\/p>","protected":false},"excerpt":{"rendered":"<p>Model Number M3,M4,M5,M8,M12 and etc. Material Brass, C45 steel, Stainless steel, Copper, POM, Aluminum, Alloy, and so on Surface treatment Zinc-plated, Nickel plated, Passivation, Oxidation, Anodization, Geomet, Dacromet, Black Oxide, Phosphatizing, Powder Coating, and Electrophoresis Standard ISO, DIN, ANSI, JIS, BS, and Non-standard. Precision DIN6,DIN7,DIN8,DIN9. Teeth treatment Hardened, Milled, or Ground Tolerance 0.001mm-0.01mm-0.1mm Finish shot\/sandblast, [&hellip;]<\/p>","protected":false},"featured_media":4335,"comment_status":"open","ping_status":"closed","template":"","meta":{"_et_pb_use_builder":"","_et_pb_old_content":"","_et_gb_content_width":""},"product_brand":[],"product_cat":[106],"product_tag":[],"class_list":{"0":"post-7026","1":"product","2":"type-product","3":"status-publish","4":"has-post-thumbnail","6":"product_cat-bevel-gears","8":"first","9":"instock","10":"shipping-taxable","11":"product-type-simple"},"_links":{"self":[{"href":"https:\/\/fmp-components.com\/es\/wp-json\/wp\/v2\/product\/7026","targetHints":{"allow":["GET"]}}],"collection":[{"href":"https:\/\/fmp-components.com\/es\/wp-json\/wp\/v2\/product"}],"about":[{"href":"https:\/\/fmp-components.com\/es\/wp-json\/wp\/v2\/types\/product"}],"replies":[{"embeddable":true,"href":"https:\/\/fmp-components.com\/es\/wp-json\/wp\/v2\/comments?post=7026"}],"wp:featuredmedia":[{"embeddable":true,"href":"https:\/\/fmp-components.com\/es\/wp-json\/wp\/v2\/media\/4335"}],"wp:attachment":[{"href":"https:\/\/fmp-components.com\/es\/wp-json\/wp\/v2\/media?parent=7026"}],"wp:term":[{"taxonomy":"product_brand","embeddable":true,"href":"https:\/\/fmp-components.com\/es\/wp-json\/wp\/v2\/product_brand?post=7026"},{"taxonomy":"product_cat","embeddable":true,"href":"https:\/\/fmp-components.com\/es\/wp-json\/wp\/v2\/product_cat?post=7026"},{"taxonomy":"product_tag","embeddable":true,"href":"https:\/\/fmp-components.com\/es\/wp-json\/wp\/v2\/product_tag?post=7026"}],"curies":[{"name":"gracias","href":"https:\/\/api.w.org\/{rel}","templated":true}]}}