{"id":7021,"date":"2025-03-14T06:47:26","date_gmt":"2025-03-14T06:47:26","guid":{"rendered":"https:\/\/fmp-components.com\/?post_type=product&#038;p=7021"},"modified":"2025-03-14T06:47:27","modified_gmt":"2025-03-14T06:47:27","slug":"zero-degree-spiral-bevel-gear","status":"publish","type":"product","link":"https:\/\/fmp-components.com\/es\/product\/zero-degree-spiral-bevel-gear\/","title":{"rendered":"Engranaje c\u00f3nico espiral de cero grados"},"content":{"rendered":"<h2>Especificaci\u00f3n<\/h2>\n<table class=\"table\" border=\"1\" width=\"100%\" cellspacing=\"0\" cellpadding=\"0\">\n<tbody>\n<tr class=\"firstRow\">\n<td valign=\"center\" width=\"132\">N\u00famero de modelo<\/td>\n<td valign=\"center\" width=\"491\">M3, M4, M5, M8, M12 y etc.<\/td>\n<\/tr>\n<tr>\n<td valign=\"center\" width=\"132\">Material<\/td>\n<td valign=\"center\" width=\"491\">Lat\u00f3n, acero C45, acero inoxidable, cobre, POM, aluminio, aleaci\u00f3n, etc.<\/td>\n<\/tr>\n<tr>\n<td valign=\"center\" width=\"132\">Tratamiento de superficies<\/td>\n<td valign=\"center\" width=\"491\">Zincado, Niquelado, Pasivaci\u00f3n, Oxidaci\u00f3n, Anodizaci\u00f3n,<br \/>\nGeomet, Dacromet, \u00f3xido negro, fosfataci\u00f3n, recubrimiento en polvo y electroforesis<\/td>\n<\/tr>\n<tr>\n<td valign=\"center\" width=\"132\">Est\u00e1ndar<\/td>\n<td valign=\"center\" width=\"491\">ISO, DIN, ANSI, JIS, BS y no est\u00e1ndar.<\/td>\n<\/tr>\n<tr>\n<td valign=\"center\" width=\"132\">Precisi\u00f3n<\/td>\n<td valign=\"center\" width=\"491\">DIN6,DIN7,DIN8,DIN9.<\/td>\n<\/tr>\n<tr>\n<td valign=\"center\" width=\"132\">Tratamiento dental<\/td>\n<td valign=\"center\" width=\"491\">Endurecido, fresado o rectificado<\/td>\n<\/tr>\n<tr>\n<td valign=\"center\" width=\"132\">Tolerancia<\/td>\n<td valign=\"center\" width=\"491\">0,001 mm-0,01 mm-0,1 mm<\/td>\n<\/tr>\n<tr>\n<td valign=\"center\" width=\"132\">Finalizar<\/td>\n<td valign=\"center\" width=\"491\">granallado\/chorro de arena, tratamiento t\u00e9rmico, recocido, templado, pulido, anodizado, galvanizado<\/td>\n<\/tr>\n<tr>\n<td valign=\"center\" width=\"132\">Embalaje de art\u00edculos<\/td>\n<td valign=\"center\" width=\"491\">Bolsa de pl\u00e1stico + cajas de cart\u00f3n o embalaje de madera<\/td>\n<\/tr>\n<tr>\n<td valign=\"center\" width=\"132\">Condiciones de pago<\/td>\n<td valign=\"center\" width=\"491\">Transferencia bancaria, carta de cr\u00e9dito<\/td>\n<\/tr>\n<tr>\n<td valign=\"center\" width=\"132\">Plazo de producci\u00f3n<\/td>\n<td valign=\"center\" width=\"491\">20 d\u00edas h\u00e1biles para la muestra, 25 d\u00edas para el volumen<\/td>\n<\/tr>\n<tr>\n<td valign=\"center\" width=\"132\">Muestras<\/td>\n<td valign=\"center\" width=\"491\">Rango de precios de muestra de $2 a $100.<br \/>\nEjemplo de solicitud expresa pagada por el cliente<\/td>\n<\/tr>\n<tr>\n<td valign=\"center\" width=\"132\">Solicitud<\/td>\n<td valign=\"center\" width=\"491\">1. M\u00e1quina de control autom\u00e1tico<br \/>\n2. Industria de semiconductores<br \/>\n3. Maquinaria para la industria general<br \/>\n4. Equipo m\u00e9dico<br \/>\n5. Equipos de energ\u00eda solar<br \/>\n6. M\u00e1quina herramienta<br \/>\n7. Sistema de estacionamiento<br \/>\n8. Equipos de transporte ferroviario y a\u00e9reo de alta velocidad, etc.<\/td>\n<\/tr>\n<\/tbody>\n<\/table>\n<h2>Caracter\u00edsticas del engranaje c\u00f3nico espiral de cero grados<\/h2>\n<div>\n<ul>\n<li class=\"break-words\"><strong>Geometr\u00eda de dientes rectos<\/strong>:A diferencia de los engranajes c\u00f3nicos espirales t\u00edpicos con dientes curvos, los engranajes c\u00f3nicos espirales de cero grados tienen dientes rectos alineados en un \u00e1ngulo espiral de 0 grados, parecidos a los engranajes c\u00f3nicos rectos pero con una forma c\u00f3nica para los ejes que se cruzan.<\/li>\n<li class=\"break-words\"><strong>Transmisi\u00f3n de potencia eficiente<\/strong>Estos engranajes proporcionan una transferencia de torque suave y eficiente entre ejes en un \u00e1ngulo (generalmente 90 grados), lo que los hace adecuados para aplicaciones automotrices e industriales que requieren cambios de direcci\u00f3n precisos.<\/li>\n<li class=\"break-words\"><strong>Ruido y vibraci\u00f3n reducidos<\/strong>El dise\u00f1o de cero grados minimiza el contacto deslizante entre los dientes en comparaci\u00f3n con los \u00e1ngulos de espiral m\u00e1s altos, lo que da como resultado un funcionamiento m\u00e1s silencioso y una menor vibraci\u00f3n, ideal para entornos sensibles al ruido.<\/li>\n<li class=\"break-words\"><strong>Fabricaci\u00f3n simplificada<\/strong>:Con dientes rectos y sin curvatura en espiral, los engranajes c\u00f3nicos espirales de cero grados son m\u00e1s f\u00e1ciles y menos costosos de producir que los engranajes c\u00f3nicos espirales tradicionales, al mismo tiempo que ofrecen un rendimiento s\u00f3lido.<\/li>\n<li class=\"break-words\"><strong>Alta capacidad de carga<\/strong>A pesar de su dise\u00f1o m\u00e1s simple, estos engranajes est\u00e1n construidos con materiales duraderos como acero endurecido, lo que les permite soportar cargas y tensiones significativas en sistemas como diferenciales o cajas de cambios.<\/li>\n<\/ul>\n<div>\n<div>\n<h3>Proveedor de engranajes c\u00f3nicos de pl\u00e1stico<\/h3>\n<p>FMP tiene todos los engranajes de pl\u00e1stico que necesita. Ofrecemos engranajes rectos de pl\u00e1stico de precisi\u00f3n, cremalleras de pl\u00e1stico, engranajes helicoidales y c\u00f3nicos de pl\u00e1stico, tornillos sin fin y sinfines de pl\u00e1stico, engranajes c\u00f3nicos de pl\u00e1stico, engranajes de pl\u00e1stico, pi\u00f1ones de pl\u00e1stico y cremalleras de pl\u00e1stico.<\/p>\n<p>Solicite ayuda para encontrar el equipo adecuado o la modificaci\u00f3n de un art\u00edculo est\u00e1ndar del cat\u00e1logo o un dise\u00f1o personalizado; nuestros ingenieros le proporcionar\u00e1n la mejor soluci\u00f3n para su aplicaci\u00f3n.<\/p>\n<p><img loading=\"lazy\" decoding=\"async\" class=\"alignnone size-full wp-image-7019\" src=\"https:\/\/fmp-components.com\/wp-content\/uploads\/2025\/03\/Plastic-Bevel-Gears-Supplier1.webp\" alt=\"Proveedor de engranajes c\u00f3nicos de pl\u00e1stico\" width=\"1200\" height=\"1000\" title=\"\" srcset=\"https:\/\/fmp-components.com\/wp-content\/uploads\/2025\/03\/Plastic-Bevel-Gears-Supplier1.webp 1200w, https:\/\/fmp-components.com\/wp-content\/uploads\/2025\/03\/Plastic-Bevel-Gears-Supplier1-980x817.webp 980w, https:\/\/fmp-components.com\/wp-content\/uploads\/2025\/03\/Plastic-Bevel-Gears-Supplier1-480x400.webp 480w\" sizes=\"(min-width: 0px) and (max-width: 480px) 480px, (min-width: 481px) and (max-width: 980px) 980px, (min-width: 981px) 1200px, 100vw\" \/><\/p>\n<\/div>\n<\/div>\n<div class=\"table-responsive\">\n<h2>Acerca de FMP<\/h2>\n<p>FMP es un fabricante italiano l\u00edder de engranajes y cremalleras, reconocido por su experiencia en la producci\u00f3n de componentes est\u00e1ndar y soluciones a medida. Adem\u00e1s de nuestra gama de piezas est\u00e1ndar, FMP se especializa en la fabricaci\u00f3n de engranajes est\u00e1ndar y especializados basados en planos o muestras proporcionadas por nuestros clientes. Nuestros engranajes est\u00e1n disponibles en una variedad de materiales, incluyendo acero al carbono, acero inoxidable, aluminio, cobre, lat\u00f3n y configuraciones de pl\u00e1stico helicoidal o recto. Si necesita engranajes personalizados, no dude en contactarnos por correo electr\u00f3nico. El equipo de ingenieros profesionales de FMP responder\u00e1 a su consulta en 24 horas.<\/p>\n<p><img loading=\"lazy\" decoding=\"async\" class=\"alignnone size-full wp-image-7010\" src=\"https:\/\/fmp-components.com\/wp-content\/uploads\/2025\/03\/bevel-gear-3.webp\" alt=\"engranaje c\u00f3nico\" width=\"1076\" height=\"721\" title=\"\" srcset=\"https:\/\/fmp-components.com\/wp-content\/uploads\/2025\/03\/bevel-gear-3.webp 1076w, https:\/\/fmp-components.com\/wp-content\/uploads\/2025\/03\/bevel-gear-3-980x657.webp 980w, https:\/\/fmp-components.com\/wp-content\/uploads\/2025\/03\/bevel-gear-3-480x322.webp 480w\" sizes=\"(min-width: 0px) and (max-width: 480px) 480px, (min-width: 481px) and (max-width: 980px) 980px, (min-width: 981px) 1076px, 100vw\" \/><\/p>\n<\/div>\n<\/div>","protected":false},"excerpt":{"rendered":"<p>Specification Model Number M3,M4,M5,M8,M12 and etc. Material Brass, C45 steel, Stainless steel, Copper, POM, Aluminum, Alloy, and so on Surface treatment Zinc-plated, Nickel plated, Passivation, Oxidation, Anodization, Geomet, Dacromet, Black Oxide, Phosphatizing, Powder Coating, and Electrophoresis Standard ISO, DIN, ANSI, JIS, BS, and Non-standard. Precision DIN6,DIN7,DIN8,DIN9. Teeth treatment Hardened, Milled, or Ground Tolerance 0.001mm-0.01mm-0.1mm Finish [&hellip;]<\/p>","protected":false},"featured_media":4346,"comment_status":"open","ping_status":"closed","template":"","meta":{"_et_pb_use_builder":"","_et_pb_old_content":"","_et_gb_content_width":""},"product_brand":[],"product_cat":[106],"product_tag":[],"class_list":{"0":"post-7021","1":"product","2":"type-product","3":"status-publish","4":"has-post-thumbnail","6":"product_cat-bevel-gears","8":"first","9":"instock","10":"shipping-taxable","11":"product-type-simple"},"_links":{"self":[{"href":"https:\/\/fmp-components.com\/es\/wp-json\/wp\/v2\/product\/7021","targetHints":{"allow":["GET"]}}],"collection":[{"href":"https:\/\/fmp-components.com\/es\/wp-json\/wp\/v2\/product"}],"about":[{"href":"https:\/\/fmp-components.com\/es\/wp-json\/wp\/v2\/types\/product"}],"replies":[{"embeddable":true,"href":"https:\/\/fmp-components.com\/es\/wp-json\/wp\/v2\/comments?post=7021"}],"wp:featuredmedia":[{"embeddable":true,"href":"https:\/\/fmp-components.com\/es\/wp-json\/wp\/v2\/media\/4346"}],"wp:attachment":[{"href":"https:\/\/fmp-components.com\/es\/wp-json\/wp\/v2\/media?parent=7021"}],"wp:term":[{"taxonomy":"product_brand","embeddable":true,"href":"https:\/\/fmp-components.com\/es\/wp-json\/wp\/v2\/product_brand?post=7021"},{"taxonomy":"product_cat","embeddable":true,"href":"https:\/\/fmp-components.com\/es\/wp-json\/wp\/v2\/product_cat?post=7021"},{"taxonomy":"product_tag","embeddable":true,"href":"https:\/\/fmp-components.com\/es\/wp-json\/wp\/v2\/product_tag?post=7021"}],"curies":[{"name":"gracias","href":"https:\/\/api.w.org\/{rel}","templated":true}]}}