{"id":7016,"date":"2025-03-14T06:40:35","date_gmt":"2025-03-14T06:40:35","guid":{"rendered":"https:\/\/fmp-components.com\/?post_type=product&#038;p=7016"},"modified":"2025-03-27T01:30:16","modified_gmt":"2025-03-27T01:30:16","slug":"automotive-bevel-gear","status":"publish","type":"product","link":"https:\/\/fmp-components.com\/es\/product\/automotive-bevel-gear\/","title":{"rendered":"Engranaje c\u00f3nico automotriz"},"content":{"rendered":"<p>Dimensiones: \u03a63 mm - \u03a6120 mm<br \/>\nM\u00f3dulo: M2.2<br \/>\nTipo de material: Metal seg\u00fan lo requiera el cliente<\/p>\n<h2>Especificaci\u00f3n del producto<\/h2>\n<div class=\"table-responsive\">\n<table class=\"table\" style=\"width: 100.25%; height: 353px;\" border=\"1\">\n<tbody>\n<tr>\n<td colspan=\"2\">Engranaje c\u00f3nico automotriz<\/td>\n<\/tr>\n<tr>\n<td>Dimensi\u00f3n<\/td>\n<td>\u03a612 mm<\/td>\n<\/tr>\n<tr>\n<td>M\u00f3dulo<\/td>\n<td>M0.15-M2.2<\/td>\n<\/tr>\n<tr>\n<td>Tipo de material<\/td>\n<td>Metal, Bronce, Acero, Aleaci\u00f3n, POM, Zinc, Aluminio, Hierro, Acero inoxidable, Lat\u00f3n, Cobre<\/td>\n<\/tr>\n<tr>\n<td>Grado de mallado<\/td>\n<td>JGMA 1, JIS 6, AGMA 13, estruendo 6, Din5, AGMA12<\/td>\n<\/tr>\n<tr>\n<td>Solicitud<\/td>\n<td>Automotriz, Militar, Aeronaves, Mec\u00e1nica, Industrial, M\u00e9dica<\/td>\n<\/tr>\n<tr>\n<td>Personalizado<\/td>\n<td>Fabricante de equipos originales (ODM)\/fabricante de equipos originales (OEM)<\/td>\n<\/tr>\n<tr>\n<td>Muestra<\/td>\n<td>Muestra disponible<\/td>\n<\/tr>\n<tr>\n<td>Modos de embalaje<\/td>\n<td>Envasado al vac\u00edo con bandeja de pl\u00e1stico<\/td>\n<\/tr>\n<tr>\n<td>Modos de entrega<\/td>\n<td>DHL y UPS<\/td>\n<\/tr>\n<tr>\n<td>Certificado<\/td>\n<td>ISO 9001:2008\/TS16949<\/td>\n<\/tr>\n<\/tbody>\n<\/table>\n<\/div>\n<h2>Caracter\u00edsticas del engranaje c\u00f3nico automotriz<\/h2>\n<div>\n<ul>\n<li class=\"break-words\"><strong>Transmisi\u00f3n de potencia en \u00e1ngulo<\/strong>: <a href=\"https:\/\/fmp-components.com\/es\/bevel-gear-2\/\">Engranajes c\u00f3nicos<\/a> Est\u00e1n dise\u00f1ados para transmitir potencia entre ejes que se intersecan en un \u00e1ngulo, normalmente 90 grados, lo que los hace ideales para aplicaciones como diferenciales en veh\u00edculos donde es necesario cambiar la direcci\u00f3n del torque.<\/li>\n<li class=\"break-words\"><strong>Alta capacidad de carga<\/strong>Estos engranajes est\u00e1n dise\u00f1ados para soportar un torque y una carga significativos, lo que garantiza durabilidad y confiabilidad bajo las tensiones del funcionamiento del autom\u00f3vil, como en sistemas de tracci\u00f3n trasera o en las cuatro ruedas.<\/li>\n<li class=\"break-words\"><strong>Dise\u00f1o de dientes de precisi\u00f3n<\/strong>:Los dientes de los engranajes c\u00f3nicos se cortan en \u00e1ngulo (recto, espiral o hipoide), lo que permite un engrane suave y una transferencia de potencia eficiente al tiempo que reduce el ruido y la vibraci\u00f3n durante el funcionamiento.<\/li>\n<li class=\"break-words\"><strong>Compacto y vers\u00e1til<\/strong>Los engranajes c\u00f3nicos permiten dise\u00f1os compactos en sistemas automotrices, como ejes y mecanismos de direcci\u00f3n, debido a su capacidad de adaptarse a espacios reducidos y mantener la funcionalidad en varias relaciones de transmisi\u00f3n.<\/li>\n<li class=\"break-words\"><strong>Resistencia al desgaste<\/strong>Fabricados con materiales robustos como acero endurecido o aleaciones, y a menudo combinados con sistemas de lubricaci\u00f3n, los engranajes c\u00f3nicos para autom\u00f3viles est\u00e1n dise\u00f1ados para resistir el desgaste y prolongar la vida \u00fatil en condiciones de alta velocidad y alta presi\u00f3n.<\/li>\n<\/ul>\n<\/div>\n<div class=\"table-responsive\">\n<h2>Acerca de FMP<\/h2>\n<p>FMP es un fabricante italiano l\u00edder de engranajes y cremalleras, reconocido por su experiencia en la producci\u00f3n de componentes est\u00e1ndar y soluciones a medida. Adem\u00e1s de nuestra gama de piezas est\u00e1ndar, FMP se especializa en la fabricaci\u00f3n de engranajes est\u00e1ndar y especializados basados en planos o muestras proporcionadas por nuestros clientes. Nuestros engranajes est\u00e1n disponibles en una variedad de materiales, incluyendo acero al carbono, acero inoxidable, aluminio, cobre, lat\u00f3n y configuraciones de pl\u00e1stico helicoidal o recto. Si necesita engranajes personalizados, no dude en contactarnos por correo electr\u00f3nico. El equipo de ingenieros profesionales de FMP responder\u00e1 a su consulta en 24 horas.<\/p>\n<p><img loading=\"lazy\" decoding=\"async\" class=\"alignnone size-full wp-image-7010\" src=\"https:\/\/fmp-components.com\/wp-content\/uploads\/2025\/03\/bevel-gear-3.webp\" alt=\"engranaje c\u00f3nico\" width=\"1076\" height=\"721\" title=\"\" srcset=\"https:\/\/fmp-components.com\/wp-content\/uploads\/2025\/03\/bevel-gear-3.webp 1076w, https:\/\/fmp-components.com\/wp-content\/uploads\/2025\/03\/bevel-gear-3-980x657.webp 980w, https:\/\/fmp-components.com\/wp-content\/uploads\/2025\/03\/bevel-gear-3-480x322.webp 480w\" sizes=\"(min-width: 0px) and (max-width: 480px) 480px, (min-width: 481px) and (max-width: 980px) 980px, (min-width: 981px) 1076px, 100vw\" \/><\/p>\n<\/div>","protected":false},"excerpt":{"rendered":"<p>Dimension:\u03a63mm- \u03a6120mm Module: M2.2 Material Type: Metal as customer required Product Specification Automotive Bevel Gear Dimension \u03a612mm Module M0.15-M2.2 Material Type Metal, Bronze, Steel, Alloy, POM, Zinc, Aluminum, Iron, Stainless, Brass, Copper Meshing Grade JGMA 1, JIS 6, AGMA 13, DIN 6,Din5,AGMA12 Application Automotive, Military, Aircraft, Mechanical, industrial, Medical Customized ODM\/OEM Sample Sample available Modes [&hellip;]<\/p>","protected":false},"featured_media":4331,"comment_status":"open","ping_status":"closed","template":"","meta":{"_et_pb_use_builder":"","_et_pb_old_content":"","_et_gb_content_width":""},"product_brand":[],"product_cat":[106],"product_tag":[],"class_list":{"0":"post-7016","1":"product","2":"type-product","3":"status-publish","4":"has-post-thumbnail","6":"product_cat-bevel-gears","8":"first","9":"instock","10":"shipping-taxable","11":"product-type-simple"},"_links":{"self":[{"href":"https:\/\/fmp-components.com\/es\/wp-json\/wp\/v2\/product\/7016","targetHints":{"allow":["GET"]}}],"collection":[{"href":"https:\/\/fmp-components.com\/es\/wp-json\/wp\/v2\/product"}],"about":[{"href":"https:\/\/fmp-components.com\/es\/wp-json\/wp\/v2\/types\/product"}],"replies":[{"embeddable":true,"href":"https:\/\/fmp-components.com\/es\/wp-json\/wp\/v2\/comments?post=7016"}],"wp:featuredmedia":[{"embeddable":true,"href":"https:\/\/fmp-components.com\/es\/wp-json\/wp\/v2\/media\/4331"}],"wp:attachment":[{"href":"https:\/\/fmp-components.com\/es\/wp-json\/wp\/v2\/media?parent=7016"}],"wp:term":[{"taxonomy":"product_brand","embeddable":true,"href":"https:\/\/fmp-components.com\/es\/wp-json\/wp\/v2\/product_brand?post=7016"},{"taxonomy":"product_cat","embeddable":true,"href":"https:\/\/fmp-components.com\/es\/wp-json\/wp\/v2\/product_cat?post=7016"},{"taxonomy":"product_tag","embeddable":true,"href":"https:\/\/fmp-components.com\/es\/wp-json\/wp\/v2\/product_tag?post=7016"}],"curies":[{"name":"gracias","href":"https:\/\/api.w.org\/{rel}","templated":true}]}}