{"id":7006,"date":"2025-03-14T06:03:43","date_gmt":"2025-03-14T06:03:43","guid":{"rendered":"https:\/\/fmp-components.com\/?post_type=product&#038;p=7006"},"modified":"2025-03-27T01:32:14","modified_gmt":"2025-03-27T01:32:14","slug":"aircraft-bevel-gear","status":"publish","type":"product","link":"https:\/\/fmp-components.com\/es\/product\/aircraft-bevel-gear\/","title":{"rendered":"Engranaje c\u00f3nico de aeronave"},"content":{"rendered":"<p>Dimensiones: \u03a63 mm - \u03a6120 mm<br \/>\nM\u00f3dulo: M2.0<br \/>\nTipo de material: Metal seg\u00fan lo requiera el cliente<\/p>\n<h2>Especificaci\u00f3n del producto<\/h2>\n<div class=\"table-responsive\">\n<table class=\"table\" style=\"width: 99.125%; height: 352px;\" border=\"1\">\n<tbody>\n<tr>\n<td style=\"width: 99.2395%;\" colspan=\"2\">Engranaje c\u00f3nico de aeronave<\/td>\n<\/tr>\n<tr>\n<td style=\"width: 18.5044%;\">Dimensi\u00f3n<\/td>\n<td style=\"width: 80.7351%;\">\u03a610 mm<\/td>\n<\/tr>\n<tr>\n<td style=\"width: 18.5044%;\">M\u00f3dulo<\/td>\n<td style=\"width: 80.7351%;\">M0.15-M2.2<\/td>\n<\/tr>\n<tr>\n<td style=\"width: 18.5044%;\">Tipo de material<\/td>\n<td style=\"width: 80.7351%;\">Metal, Bronce, Acero, Aleaci\u00f3n, POM, Zinc, Aluminio, Hierro, Acero inoxidable, Lat\u00f3n, Cobre<\/td>\n<\/tr>\n<tr>\n<td style=\"width: 18.5044%;\">Grado de mallado<\/td>\n<td style=\"width: 80.7351%;\">JGMA 1, JIS 6, AGMA 13, estruendo 6, Din5, AGMA12<\/td>\n<\/tr>\n<tr>\n<td style=\"width: 18.5044%;\">Solicitud<\/td>\n<td style=\"width: 80.7351%;\">Automotriz, Militar, Aeronaves, Mec\u00e1nica, Industrial, M\u00e9dica<\/td>\n<\/tr>\n<tr>\n<td style=\"width: 18.5044%;\">Personalizado<\/td>\n<td style=\"width: 80.7351%;\">Fabricante de equipos originales (ODM)\/fabricante de equipos originales (OEM)<\/td>\n<\/tr>\n<tr>\n<td style=\"width: 18.5044%;\">Muestra<\/td>\n<td style=\"width: 80.7351%;\">Muestra disponible<\/td>\n<\/tr>\n<tr>\n<td style=\"width: 18.5044%;\">Modos de embalaje<\/td>\n<td style=\"width: 80.7351%;\">Envasado al vac\u00edo con bandeja de pl\u00e1stico<\/td>\n<\/tr>\n<tr>\n<td style=\"width: 18.5044%;\">Modos de entrega<\/td>\n<td style=\"width: 80.7351%;\">DHL y UPS<\/td>\n<\/tr>\n<tr>\n<td style=\"width: 18.5044%;\">Certificado<\/td>\n<td style=\"width: 80.7351%;\">ISO 9001:2008\/TS16949<\/td>\n<\/tr>\n<\/tbody>\n<\/table>\n<h2>Caracter\u00edsticas del engranaje c\u00f3nico de la aeronave<\/h2>\n<div>\n<ul>\n<li class=\"break-words\"><strong>Dise\u00f1o de dientes en \u00e1ngulo<\/strong>: El <a href=\"https:\/\/fmp-components.com\/es\/bevel-gear-2\/\">engranaje c\u00f3nico<\/a> tiene dientes cortados en \u00e1ngulo sobre una superficie c\u00f3nica, lo que le permite engranar con otro engranaje para transmitir potencia entre ejes que se cruzan, generalmente en un \u00e1ngulo de 90 grados.<\/li>\n<li class=\"break-words\"><strong>Alta precisi\u00f3n<\/strong>Est\u00e1 dise\u00f1ado con tolerancias estrictas para garantizar una transferencia de potencia suave, precisa y confiable, fundamental para las demandas de precisi\u00f3n de los sistemas de aeronaves.<\/li>\n<li class=\"break-words\"><strong>Compacto y ligero<\/strong>El dise\u00f1o est\u00e1 optimizado para aprovechar el espacio y ser liviano, reduciendo el peso total de la aeronave y manteniendo la integridad estructural en espacios reducidos.<\/li>\n<li class=\"break-words\"><strong>Capacidad de carga<\/strong>Fabricado con materiales duraderos como acero endurecido o titanio, puede soportar altos torques y cargas pesadas, lo que garantiza el rendimiento bajo las tensiones del vuelo.<\/li>\n<li class=\"break-words\"><strong>Versatilidad<\/strong>Admite varias configuraciones (por ejemplo, dientes rectos, espirales o cero), lo que ofrece flexibilidad para adaptarse a diferentes aplicaciones de aeronaves, como motores o mecanismos de control, con una vibraci\u00f3n y un ruido m\u00ednimos.<\/li>\n<\/ul>\n<p><img loading=\"lazy\" decoding=\"async\" class=\"size-full wp-image-4330 aligncenter\" src=\"https:\/\/fmp-components.com\/wp-content\/uploads\/2025\/01\/Aircraft-Bevel-Gear.webp\" alt=\"Engranaje c\u00f3nico de aeronave\" width=\"600\" height=\"600\" title=\"\" srcset=\"https:\/\/fmp-components.com\/wp-content\/uploads\/2025\/01\/Aircraft-Bevel-Gear.webp 600w, https:\/\/fmp-components.com\/wp-content\/uploads\/2025\/01\/Aircraft-Bevel-Gear-480x480.webp 480w\" sizes=\"(min-width: 0px) and (max-width: 480px) 480px, (min-width: 481px) 600px, 100vw\" \/><\/p>\n<\/div>\n<\/div>\n<div class=\"table-responsive\">\n<h2>Acerca de FMP<\/h2>\n<p>FMP es un fabricante italiano l\u00edder de engranajes y cremalleras, reconocido por su experiencia en la producci\u00f3n de componentes est\u00e1ndar y soluciones a medida. Adem\u00e1s de nuestra gama de piezas est\u00e1ndar, FMP se especializa en la fabricaci\u00f3n de engranajes est\u00e1ndar y especializados basados en planos o muestras proporcionadas por nuestros clientes. Nuestros engranajes est\u00e1n disponibles en una variedad de materiales, incluyendo acero al carbono, acero inoxidable, aluminio, cobre, lat\u00f3n y configuraciones de pl\u00e1stico helicoidal o recto. Si necesita engranajes personalizados, no dude en contactarnos por correo electr\u00f3nico. El equipo de ingenieros profesionales de FMP responder\u00e1 a su consulta en 24 horas.<\/p>\n<p><img loading=\"lazy\" decoding=\"async\" class=\"alignnone size-full wp-image-7010\" src=\"https:\/\/fmp-components.com\/wp-content\/uploads\/2025\/03\/bevel-gear-3.webp\" alt=\"engranaje c\u00f3nico\" width=\"1076\" height=\"721\" title=\"\" srcset=\"https:\/\/fmp-components.com\/wp-content\/uploads\/2025\/03\/bevel-gear-3.webp 1076w, https:\/\/fmp-components.com\/wp-content\/uploads\/2025\/03\/bevel-gear-3-980x657.webp 980w, https:\/\/fmp-components.com\/wp-content\/uploads\/2025\/03\/bevel-gear-3-480x322.webp 480w\" sizes=\"(min-width: 0px) and (max-width: 480px) 480px, (min-width: 481px) and (max-width: 980px) 980px, (min-width: 981px) 1076px, 100vw\" \/><\/p>\n<\/div>","protected":false},"excerpt":{"rendered":"<p>Dimension:\u03a63mm- \u03a6120mm Module: M2.0 Material Type: Metal as customer required Product Specification Aircraft Bevel Gear Dimension \u03a610mm Module M0.15-M2.2 Material Type Metal, Bronze, Steel, Alloy, POM, Zinc, Aluminum, Iron, Stainless, Brass, Copper Meshing Grade JGMA 1, JIS 6, AGMA 13, DIN 6,Din5,AGMA12 Application Automotive, Military, Aircraft, Mechanical, industrial, Medical Customized ODM\/OEM Sample Sample available Modes [&hellip;]<\/p>","protected":false},"featured_media":4330,"comment_status":"open","ping_status":"closed","template":"","meta":{"_et_pb_use_builder":"","_et_pb_old_content":"","_et_gb_content_width":""},"product_brand":[],"product_cat":[106],"product_tag":[],"class_list":{"0":"post-7006","1":"product","2":"type-product","3":"status-publish","4":"has-post-thumbnail","6":"product_cat-bevel-gears","8":"first","9":"instock","10":"shipping-taxable","11":"product-type-simple"},"_links":{"self":[{"href":"https:\/\/fmp-components.com\/es\/wp-json\/wp\/v2\/product\/7006","targetHints":{"allow":["GET"]}}],"collection":[{"href":"https:\/\/fmp-components.com\/es\/wp-json\/wp\/v2\/product"}],"about":[{"href":"https:\/\/fmp-components.com\/es\/wp-json\/wp\/v2\/types\/product"}],"replies":[{"embeddable":true,"href":"https:\/\/fmp-components.com\/es\/wp-json\/wp\/v2\/comments?post=7006"}],"wp:featuredmedia":[{"embeddable":true,"href":"https:\/\/fmp-components.com\/es\/wp-json\/wp\/v2\/media\/4330"}],"wp:attachment":[{"href":"https:\/\/fmp-components.com\/es\/wp-json\/wp\/v2\/media?parent=7006"}],"wp:term":[{"taxonomy":"product_brand","embeddable":true,"href":"https:\/\/fmp-components.com\/es\/wp-json\/wp\/v2\/product_brand?post=7006"},{"taxonomy":"product_cat","embeddable":true,"href":"https:\/\/fmp-components.com\/es\/wp-json\/wp\/v2\/product_cat?post=7006"},{"taxonomy":"product_tag","embeddable":true,"href":"https:\/\/fmp-components.com\/es\/wp-json\/wp\/v2\/product_tag?post=7006"}],"curies":[{"name":"gracias","href":"https:\/\/api.w.org\/{rel}","templated":true}]}}