{"id":6946,"date":"2025-03-13T03:46:50","date_gmt":"2025-03-13T03:46:50","guid":{"rendered":"https:\/\/fmp-components.com\/?post_type=product&#038;p=6946"},"modified":"2025-03-27T01:34:39","modified_gmt":"2025-03-27T01:34:39","slug":"sintered-metal-bevel-gears","status":"publish","type":"product","link":"https:\/\/fmp-components.com\/es\/product\/sintered-metal-bevel-gears\/","title":{"rendered":"Engranajes c\u00f3nicos de metal sinterizado"},"content":{"rendered":"<div>\n<h3>Acerca de los engranajes c\u00f3nicos de metal sinterizado<\/h3>\n<p class=\"break-words\">metal sinterizado <a href=\"https:\/\/fmp-components.com\/es\/bevel-gear-2\/\">engranajes c\u00f3nicos<\/a> Son componentes de ingenier\u00eda de precisi\u00f3n fabricados mediante un proceso de sinterizaci\u00f3n, donde los polvos met\u00e1licos se compactan y calientan para formar engranajes resistentes y duraderos con forma c\u00f3nica. Estos engranajes se utilizan ampliamente en diversas industrias por su capacidad para transmitir movimiento y potencia entre ejes que se intersecan, generalmente a un \u00e1ngulo de 90 grados. Ofrecen ventajas como alta resistencia, resistencia al desgaste y rentabilidad gracias al proceso de pulvimetalurgia.<\/p>\n<p class=\"break-words\">En FMP Company, nos especializamos en la producci\u00f3n de una amplia gama de engranajes c\u00f3nicos de metal sinterizado para satisfacer diversas necesidades de aplicaci\u00f3n. Tambi\u00e9n ofrecemos servicios de personalizaci\u00f3n para adaptar nuestros productos a sus requisitos espec\u00edficos. Si no encuentra el modelo exacto que necesita en nuestro cat\u00e1logo, significa que a\u00fan no lo hemos actualizado. No dude en enviarnos un correo electr\u00f3nico con las especificaciones que desea y nuestros ingenieros le responder\u00e1n en un plazo de 24 horas para ayudarle.\u00a0<img loading=\"lazy\" decoding=\"async\" class=\"alignnone size-full wp-image-6952\" src=\"https:\/\/fmp-components.com\/wp-content\/uploads\/2025\/03\/Sintered-Metal-bevel-gear-maintain.webp\" alt=\"Engranaje c\u00f3nico de metal sinterizado\" width=\"1300\" height=\"946\" title=\"\" srcset=\"https:\/\/fmp-components.com\/wp-content\/uploads\/2025\/03\/Sintered-Metal-bevel-gear-maintain.webp 1300w, https:\/\/fmp-components.com\/wp-content\/uploads\/2025\/03\/Sintered-Metal-bevel-gear-maintain-1280x931.webp 1280w, https:\/\/fmp-components.com\/wp-content\/uploads\/2025\/03\/Sintered-Metal-bevel-gear-maintain-980x713.webp 980w, https:\/\/fmp-components.com\/wp-content\/uploads\/2025\/03\/Sintered-Metal-bevel-gear-maintain-480x349.webp 480w\" sizes=\"(min-width: 0px) and (max-width: 480px) 480px, (min-width: 481px) and (max-width: 980px) 980px, (min-width: 981px) and (max-width: 1280px) 1280px, (min-width: 1281px) 1300px, 100vw\" \/><\/p>\n<h3>Especificaci\u00f3n<\/h3>\n<\/div>\n<table class=\"table\" border=\"1\" width=\"100%\" cellspacing=\"0\" cellpadding=\"0\">\n<tbody>\n<tr class=\"firstRow\">\n<td valign=\"center\" width=\"132\">N\u00famero de modelo<\/td>\n<td valign=\"center\" width=\"491\">M3, M4, M5, M8, M12 y etc.<\/td>\n<\/tr>\n<tr>\n<td valign=\"center\" width=\"132\">Material<\/td>\n<td valign=\"center\" width=\"491\">Lat\u00f3n, acero C45, acero inoxidable, cobre, POM, aluminio, aleaci\u00f3n, etc.<\/td>\n<\/tr>\n<tr>\n<td valign=\"center\" width=\"132\">Tratamiento de superficies<\/td>\n<td valign=\"center\" width=\"491\">Zincado, Niquelado, Pasivaci\u00f3n, Oxidaci\u00f3n, Anodizaci\u00f3n,<br \/>\nGeomet, Dacromet, \u00f3xido negro, fosfataci\u00f3n, recubrimiento en polvo y electroforesis<\/td>\n<\/tr>\n<tr>\n<td valign=\"center\" width=\"132\">Est\u00e1ndar<\/td>\n<td valign=\"center\" width=\"491\">ISO, DIN, ANSI, JIS, BS y no est\u00e1ndar.<\/td>\n<\/tr>\n<tr>\n<td valign=\"center\" width=\"132\">Precisi\u00f3n<\/td>\n<td valign=\"center\" width=\"491\">DIN6,DIN7,DIN8,DIN9.<\/td>\n<\/tr>\n<tr>\n<td valign=\"center\" width=\"132\">Tratamiento dental<\/td>\n<td valign=\"center\" width=\"491\">Endurecido, fresado o rectificado<\/td>\n<\/tr>\n<tr>\n<td valign=\"center\" width=\"132\">Tolerancia<\/td>\n<td valign=\"center\" width=\"491\">0,001 mm-0,01 mm-0,1 mm<\/td>\n<\/tr>\n<tr>\n<td valign=\"center\" width=\"132\">Finalizar<\/td>\n<td valign=\"center\" width=\"491\">granallado\/chorro de arena, tratamiento t\u00e9rmico, recocido, templado, pulido, anodizado, galvanizado<\/td>\n<\/tr>\n<tr>\n<td valign=\"center\" width=\"132\">Embalaje de art\u00edculos<\/td>\n<td valign=\"center\" width=\"491\">Bolsa de pl\u00e1stico + cajas de cart\u00f3n o embalaje de madera<\/td>\n<\/tr>\n<tr>\n<td valign=\"center\" width=\"132\">Condiciones de pago<\/td>\n<td valign=\"center\" width=\"491\">Transferencia bancaria, carta de cr\u00e9dito<\/td>\n<\/tr>\n<tr>\n<td valign=\"center\" width=\"132\">Plazo de producci\u00f3n<\/td>\n<td valign=\"center\" width=\"491\">20 d\u00edas h\u00e1biles para la muestra, 25 d\u00edas para el volumen<\/td>\n<\/tr>\n<tr>\n<td valign=\"center\" width=\"132\">Muestras<\/td>\n<td valign=\"center\" width=\"491\">Rango de precios de muestra de $2 a $100.<br \/>\nEjemplo de solicitud expresa pagada por el cliente<\/td>\n<\/tr>\n<tr>\n<td valign=\"center\" width=\"132\">Solicitud<\/td>\n<td valign=\"center\" width=\"491\">1. M\u00e1quina de control autom\u00e1tico<br \/>\n2. Industria de semiconductores<br \/>\n3. Maquinaria para la industria general<br \/>\n4. Equipo m\u00e9dico<br \/>\n5. Equipos de energ\u00eda solar<br \/>\n6. M\u00e1quina herramienta<br \/>\n7. Sistema de estacionamiento<br \/>\n8. Equipos de transporte ferroviario y a\u00e9reo de alta velocidad, etc.<\/td>\n<\/tr>\n<\/tbody>\n<\/table>\n<p><img loading=\"lazy\" decoding=\"async\" class=\"alignnone wp-image-6953\" src=\"https:\/\/fmp-components.com\/wp-content\/uploads\/2025\/03\/Sintered-Metal-bevel-gear-work.webp\" alt=\"Engranaje c\u00f3nico de metal sinterizado\" width=\"772\" height=\"587\" title=\"\" srcset=\"https:\/\/fmp-components.com\/wp-content\/uploads\/2025\/03\/Sintered-Metal-bevel-gear-work.webp 772w, https:\/\/fmp-components.com\/wp-content\/uploads\/2025\/03\/Sintered-Metal-bevel-gear-work-480x365.webp 480w\" sizes=\"(min-width: 0px) and (max-width: 480px) 480px, (min-width: 481px) 772px, 100vw\" \/><\/p>","protected":false},"excerpt":{"rendered":"<p>About Sintered Metal bevel gears Sintered metal bevel gears are precision-engineered components made through a sintering process, where metal powders are compacted and heated to form strong, durable gears with a conical shape. These gears are widely used in various industries for their ability to transmit motion and power between intersecting shafts, typically at a [&hellip;]<\/p>","protected":false},"featured_media":6951,"comment_status":"open","ping_status":"closed","template":"","meta":{"_et_pb_use_builder":"","_et_pb_old_content":"","_et_gb_content_width":""},"product_brand":[],"product_cat":[106],"product_tag":[],"class_list":{"0":"post-6946","1":"product","2":"type-product","3":"status-publish","4":"has-post-thumbnail","6":"product_cat-bevel-gears","8":"first","9":"instock","10":"shipping-taxable","11":"product-type-simple"},"_links":{"self":[{"href":"https:\/\/fmp-components.com\/es\/wp-json\/wp\/v2\/product\/6946","targetHints":{"allow":["GET"]}}],"collection":[{"href":"https:\/\/fmp-components.com\/es\/wp-json\/wp\/v2\/product"}],"about":[{"href":"https:\/\/fmp-components.com\/es\/wp-json\/wp\/v2\/types\/product"}],"replies":[{"embeddable":true,"href":"https:\/\/fmp-components.com\/es\/wp-json\/wp\/v2\/comments?post=6946"}],"wp:featuredmedia":[{"embeddable":true,"href":"https:\/\/fmp-components.com\/es\/wp-json\/wp\/v2\/media\/6951"}],"wp:attachment":[{"href":"https:\/\/fmp-components.com\/es\/wp-json\/wp\/v2\/media?parent=6946"}],"wp:term":[{"taxonomy":"product_brand","embeddable":true,"href":"https:\/\/fmp-components.com\/es\/wp-json\/wp\/v2\/product_brand?post=6946"},{"taxonomy":"product_cat","embeddable":true,"href":"https:\/\/fmp-components.com\/es\/wp-json\/wp\/v2\/product_cat?post=6946"},{"taxonomy":"product_tag","embeddable":true,"href":"https:\/\/fmp-components.com\/es\/wp-json\/wp\/v2\/product_tag?post=6946"}],"curies":[{"name":"gracias","href":"https:\/\/api.w.org\/{rel}","templated":true}]}}