{"id":6943,"date":"2025-03-13T03:22:40","date_gmt":"2025-03-13T03:22:40","guid":{"rendered":"https:\/\/fmp-components.com\/?post_type=product&#038;p=6943"},"modified":"2025-03-27T01:33:31","modified_gmt":"2025-03-27T01:33:31","slug":"90-degree-bevel-gears","status":"publish","type":"product","link":"https:\/\/fmp-components.com\/es\/product\/90-degree-bevel-gears\/","title":{"rendered":"Engranajes c\u00f3nicos de 90 grados"},"content":{"rendered":"<div>\n<h2>Acerca de los engranajes c\u00f3nicos de 90 grados<\/h2>\n<p>90 grados <a href=\"https:\/\/fmp-components.com\/es\/bevel-gear-2\/\">Engranajes c\u00f3nicos<\/a> Son piezas incre\u00edbles que ayudan a transmitir energ\u00eda entre dos varillas que se conectan en una esquina, formando un \u00e1ngulo de 90 grados. Se encuentran en muchas cosas, como coches, aviones, m\u00e1quinas enormes e incluso robots, porque son muy buenos para transmitir energ\u00eda en peque\u00f1os y cuidadosos giros. Estos engranajes tienen forma de cono y diferentes tipos de dientes: rectos, espirales rizados o un tipo especial llamado zerol. Esto significa que pueden funcionar para tareas f\u00e1ciles y lentas o r\u00e1pidas y dif\u00edciles, lo que los hace muy \u00fatiles para la construcci\u00f3n actual.<\/p>\n<p>En FMP Company, fabricamos todo tipo de engranajes c\u00f3nicos de 90 grados, como los rectos, los espirales e incluso juegos de engranajes en caja, todos de excelente calidad y resistencia. Tambi\u00e9n los fabricamos a su gusto, con el n\u00famero perfecto de dientes, el material adecuado (como metal o pl\u00e1stico) y el tama\u00f1o que necesita. Si no encuentra el engranaje que busca en nuestra lista, no se preocupe, significa que a\u00fan no lo hemos a\u00f1adido. Simplemente env\u00edenos un correo electr\u00f3nico con sus necesidades y nuestros ingenieros le responder\u00e1n en 24 horas con la soluci\u00f3n perfecta para su proyecto.<\/p>\n<table style=\"width: 100%;\" border=\"0\" width=\"100%\" cellspacing=\"0\" cellpadding=\"0\">\n<tbody>\n<tr style=\"height: 14.40pt;\">\n<td style=\"height: 14.4pt; width: 50.6281%;\" align=\"right\" width=\"80\" height=\"24\"><img loading=\"lazy\" decoding=\"async\" class=\"alignnone wp-image-6949\" src=\"https:\/\/fmp-components.com\/wp-content\/uploads\/2025\/03\/90-degree-bevel-gears-maintain.webp\" alt=\"Mantenimiento de engranajes c\u00f3nicos de 90 grados\" width=\"413\" height=\"413\" title=\"\"><\/td>\n<td style=\"width: 49.2462%;\" align=\"right\" width=\"154\"><img loading=\"lazy\" decoding=\"async\" class=\"alignnone wp-image-6950\" src=\"https:\/\/fmp-components.com\/wp-content\/uploads\/2025\/03\/90-degree-bevel-gears-advantages.webp\" alt=\"Engranajes c\u00f3nicos de 90 grados\" width=\"392\" height=\"392\" title=\"\"><\/td>\n<\/tr>\n<\/tbody>\n<\/table>\n<\/div>\n<h3>1. Engranaje c\u00f3nico recto est\u00e1ndar \u2013 Modelo A<\/h3>\n<table style=\"width: 100%;\" border=\"1\" width=\"100%\" cellspacing=\"0\" cellpadding=\"0\">\n<tbody>\n<tr style=\"height: 57.60pt;\">\n<td class=\"et2\" style=\"height: 57.60pt; width: 106.80pt;\" width=\"178\" height=\"96\"><strong>Nombre del modelo<\/strong><\/td>\n<td class=\"et2\" style=\"width: 49.80pt;\" width=\"83\"><strong>M\u00f3dulo<\/strong><\/td>\n<td class=\"et2\" style=\"width: 48.00pt;\" width=\"80\"><strong>Conteo de dientes<\/strong><\/td>\n<td class=\"et2\" style=\"width: 92.40pt;\" width=\"154\"><strong>Relaci\u00f3n<\/strong><\/td>\n<td class=\"et2\" style=\"width: 48.00pt;\" width=\"80\"><strong>Di\u00e1metro del orificio del eje<\/strong><\/td>\n<td class=\"et2\" style=\"width: 91.80pt;\" width=\"153\"><strong>Material<\/strong><\/td>\n<td class=\"et2\" style=\"width: 48.00pt;\" width=\"80\"><strong>\u00c1ngulo de presi\u00f3n<\/strong><\/td>\n<td class=\"et2\" style=\"width: 86.40pt;\" width=\"144\"><strong>Di\u00e1metro exterior<\/strong><\/td>\n<td class=\"et2\" style=\"width: 115.20pt;\" width=\"192\"><strong>Dureza de la superficie del diente<\/strong><\/td>\n<td class=\"et2\" style=\"width: 60.60pt;\" width=\"101\"><strong>Velocidad m\u00e1xima<\/strong><\/td>\n<td class=\"et2\" style=\"width: 108.60pt;\" width=\"181\"><strong>Solicitud<\/strong><\/td>\n<\/tr>\n<tr style=\"height: 14.40pt;\">\n<td style=\"height: 14.40pt;\" height=\"24\">Engranaje c\u00f3nico recto A<\/td>\n<td align=\"right\">1<\/td>\n<td align=\"right\">20<\/td>\n<td>1:1 (Engranaje de inglete)<\/td>\n<td>10 mil\u00edmetros<\/td>\n<td>Acero al carbono 45#<\/td>\n<td>20\u00b0<\/td>\n<td>22 mil\u00edmetros<\/td>\n<td>Endurecido (HRC 40-45)<\/td>\n<td>1000 RPM<\/td>\n<td>Maquinaria de baja velocidad<\/td>\n<\/tr>\n<\/tbody>\n<\/table>\n<h3>2. Engranaje c\u00f3nico recto est\u00e1ndar \u2013 Modelo B<\/h3>\n<table style=\"width: 100%;\" border=\"1\" width=\"100%\" cellspacing=\"0\" cellpadding=\"0\">\n<tbody>\n<tr style=\"height: 57.60pt;\">\n<td class=\"et2\" style=\"height: 57.60pt; width: 106.80pt;\" width=\"178\" height=\"96\"><strong>Nombre del modelo<\/strong><\/td>\n<td class=\"et2\" style=\"width: 49.80pt;\" width=\"83\"><strong>M\u00f3dulo<\/strong><\/td>\n<td class=\"et2\" style=\"width: 48.00pt;\" width=\"80\"><strong>Conteo de dientes<\/strong><\/td>\n<td class=\"et2\" style=\"width: 92.40pt;\" width=\"154\"><strong>Relaci\u00f3n<\/strong><\/td>\n<td class=\"et2\" style=\"width: 48.00pt;\" width=\"80\"><strong>Di\u00e1metro del orificio del eje<\/strong><\/td>\n<td class=\"et2\" style=\"width: 91.80pt;\" width=\"153\"><strong>Material<\/strong><\/td>\n<td class=\"et2\" style=\"width: 48.00pt;\" width=\"80\"><strong>\u00c1ngulo de presi\u00f3n<\/strong><\/td>\n<td class=\"et2\" style=\"width: 86.40pt;\" width=\"144\"><strong>Di\u00e1metro exterior<\/strong><\/td>\n<td class=\"et2\" style=\"width: 115.20pt;\" width=\"192\"><strong>Dureza de la superficie del diente<\/strong><\/td>\n<td class=\"et2\" style=\"width: 60.60pt;\" width=\"101\"><strong>Velocidad m\u00e1xima<\/strong><\/td>\n<td class=\"et2\" style=\"width: 108.60pt;\" width=\"181\"><strong>Solicitud<\/strong><\/td>\n<\/tr>\n<tr style=\"height: 14.40pt;\">\n<td style=\"height: 14.40pt;\" height=\"24\">Engranaje c\u00f3nico recto B<\/td>\n<td align=\"right\">2<\/td>\n<td align=\"right\">30<\/td>\n<td class=\"et3\" align=\"right\">2:01<\/td>\n<td>14 mil\u00edmetros<\/td>\n<td>Acero inoxidable<\/td>\n<td>20\u00b0<\/td>\n<td>64 mil\u00edmetros<\/td>\n<td>Endurecido (HRC 45-50)<\/td>\n<td>800 RPM<\/td>\n<td>Transmisiones de servicio mediano<\/td>\n<\/tr>\n<\/tbody>\n<\/table>\n<h3>3. Engranaje c\u00f3nico espiral \u2013 Modelo C<\/h3>\n<table style=\"width: 100%;\" border=\"1\" width=\"100%\" cellspacing=\"0\" cellpadding=\"0\">\n<thead class=\"border-b border-primary\/20\">\n<tr class=\"border-primary\/10\">\n<th class=\"break-words\">Nombre del modelo<\/th>\n<th class=\"break-words\">M\u00f3dulo<\/th>\n<th class=\"break-words\">Conteo de dientes<\/th>\n<th class=\"break-words\">Relaci\u00f3n<\/th>\n<th class=\"break-words\">Di\u00e1metro del orificio del eje<\/th>\n<th class=\"break-words\">Material<\/th>\n<th class=\"break-words\">\u00c1ngulo de presi\u00f3n<\/th>\n<th class=\"break-words\">Di\u00e1metro exterior<\/th>\n<th class=\"break-words\">Dureza de la superficie del diente<\/th>\n<th class=\"break-words\">Reacci\u00f3n<\/th>\n<th class=\"break-words\">Velocidad m\u00e1xima<\/th>\n<th class=\"break-words\">Solicitud<\/th>\n<\/tr>\n<\/thead>\n<tbody>\n<tr class=\"border-primary\/10\">\n<td class=\"break-words\">Engranaje c\u00f3nico espiral C<\/td>\n<td class=\"break-words\">1.5<\/td>\n<td class=\"break-words\">25<\/td>\n<td class=\"break-words\">1:1<\/td>\n<td class=\"break-words\">12 mil\u00edmetros<\/td>\n<td class=\"break-words\">Acero carburizado<\/td>\n<td class=\"break-words\">20\u00b0<\/td>\n<td class=\"break-words\">40 mil\u00edmetros<\/td>\n<td class=\"break-words\">Endurecido (HRC 50-55)<\/td>\n<td class=\"break-words\">5-10 minutos de arco<\/td>\n<td class=\"break-words\">2000 RPM<\/td>\n<td class=\"break-words\">Rob\u00f3tica de alta velocidad<\/td>\n<\/tr>\n<\/tbody>\n<\/table>\n<h4>4. Engranaje c\u00f3nico espiral \u2013 Modelo D<\/h4>\n<table style=\"width: 100%;\" border=\"1\" width=\"100%\" cellspacing=\"0\" cellpadding=\"0\">\n<tbody>\n<tr style=\"height: 57.60pt;\">\n<td class=\"et2\" style=\"height: 57.60pt; width: 106.80pt;\" width=\"178\" height=\"96\"><strong>Nombre del modelo<\/strong><\/td>\n<td class=\"et2\" style=\"width: 49.80pt;\" width=\"83\"><strong>M\u00f3dulo<\/strong><\/td>\n<td class=\"et2\" style=\"width: 48.00pt;\" width=\"80\"><strong>Conteo de dientes<\/strong><\/td>\n<td class=\"et2\" style=\"width: 92.40pt;\" width=\"154\"><strong>Relaci\u00f3n<\/strong><\/td>\n<td class=\"et2\" style=\"width: 48.00pt;\" width=\"80\"><strong>Di\u00e1metro del orificio del eje<\/strong><\/td>\n<td class=\"et2\" style=\"width: 91.80pt;\" width=\"153\"><strong>Material<\/strong><\/td>\n<td class=\"et2\" style=\"width: 48.00pt;\" width=\"80\"><strong>\u00c1ngulo de presi\u00f3n<\/strong><\/td>\n<td class=\"et2\" style=\"width: 86.40pt;\" width=\"144\"><strong>Di\u00e1metro exterior<\/strong><\/td>\n<td class=\"et2\" style=\"width: 115.20pt;\" width=\"192\"><strong>Dureza de la superficie del diente<\/strong><\/td>\n<td class=\"et2\" style=\"width: 60.60pt;\" width=\"101\"><strong>Reacci\u00f3n<\/strong><\/td>\n<td class=\"et2\" style=\"width: 108.60pt;\" width=\"181\"><strong>Velocidad m\u00e1xima<\/strong><\/td>\n<td class=\"et2\" style=\"width: 48.00pt;\" width=\"80\"><strong>Solicitud<\/strong><\/td>\n<\/tr>\n<tr style=\"height: 14.40pt;\">\n<td style=\"height: 14.40pt;\" height=\"24\">Engranaje c\u00f3nico espiral D<\/td>\n<td align=\"right\">3<\/td>\n<td align=\"right\">40<\/td>\n<td>1.5:1<\/td>\n<td>16 mil\u00edmetros<\/td>\n<td>Acero endurecido<\/td>\n<td>20\u00b0<\/td>\n<td>126 mil\u00edmetros<\/td>\n<td>Endurecido (HRC 55-60)<\/td>\n<td>3-8 minutos de arco<\/td>\n<td>1500 RPM<\/td>\n<td>Maquinaria pesada<\/td>\n<\/tr>\n<\/tbody>\n<\/table>\n<h3>5. Caja de engranajes c\u00f3nicos de 90 grados \u2013 Modelo E (Salida \u00fanica)<\/h3>\n<table style=\"width: 100%; height: 57px;\" border=\"1\" width=\"100%\" cellspacing=\"0\" cellpadding=\"0\">\n<tbody>\n<tr style=\"height: 43.20pt;\">\n<td class=\"et2\" style=\"height: 43px; width: 106.8pt;\" width=\"178\" height=\"72\"><strong>Nombre del modelo<\/strong><\/td>\n<td class=\"et2\" style=\"width: 49.8pt; height: 43px;\" width=\"83\"><strong>Tipo<\/strong><\/td>\n<td class=\"et2\" style=\"width: 48pt; height: 43px;\" width=\"80\"><strong>M\u00f3dulo<\/strong><\/td>\n<td class=\"et2\" style=\"width: 92.4pt; height: 43px;\" width=\"154\"><strong>Conteo de dientes<\/strong><\/td>\n<td class=\"et2\" style=\"width: 48pt; height: 43px;\" width=\"80\"><strong>Relaci\u00f3n<\/strong><\/td>\n<td class=\"et2\" style=\"width: 91.8pt; height: 43px;\" width=\"153\"><strong>Di\u00e1metro del eje<\/strong><\/td>\n<td class=\"et2\" style=\"width: 48pt; height: 43px;\" width=\"80\"><strong>Material de la carcasa<\/strong><\/td>\n<td class=\"et2\" style=\"width: 86.4pt; height: 43px;\" width=\"144\"><strong>Par de salida nominal<\/strong><\/td>\n<td class=\"et2\" style=\"width: 115.2pt; height: 43px;\" width=\"192\"><strong>Velocidad m\u00e1xima<\/strong><\/td>\n<td class=\"et2\" style=\"width: 60.6pt; height: 43px;\" width=\"101\"><strong>Clasificaci\u00f3n de protecci\u00f3n<\/strong><\/td>\n<td class=\"et2\" style=\"width: 108.6pt; height: 43px;\" width=\"181\"><strong>Peso<\/strong><\/td>\n<td class=\"et2\" style=\"width: 48pt; height: 43px;\" width=\"80\"><strong>Solicitud<\/strong><\/td>\n<\/tr>\n<tr style=\"height: 14.40pt;\">\n<td style=\"height: 14px;\" height=\"24\">Caja de engranajes c\u00f3nicos E<\/td>\n<td style=\"height: 14px;\">Eje de salida \u00fanico<\/td>\n<td style=\"height: 14px;\" align=\"right\">1<\/td>\n<td style=\"height: 14px;\" align=\"right\">20<\/td>\n<td class=\"et3\" style=\"height: 14px;\" align=\"right\">1:01<\/td>\n<td style=\"height: 14px;\">8 mil\u00edmetros<\/td>\n<td style=\"height: 14px;\">Aluminio fundido<\/td>\n<td style=\"height: 14px;\">50 Nm<\/td>\n<td style=\"height: 14px;\">1800 RPM<\/td>\n<td style=\"height: 14px;\">IP65<\/td>\n<td style=\"height: 14px;\">0,8 kilogramos<\/td>\n<td style=\"height: 14px;\">Proyectos mec\u00e1nicos de bricolaje<\/td>\n<\/tr>\n<\/tbody>\n<\/table>\n<h3>6. Caja de engranajes c\u00f3nicos de 90 grados \u2013 Modelo F (doble salida)<\/h3>\n<table style=\"width: 100%;\" border=\"1\" width=\"100%\" cellspacing=\"0\" cellpadding=\"0\">\n<thead class=\"border-b border-primary\/20\">\n<tr class=\"border-primary\/10\">\n<th class=\"break-words\">Nombre del modelo<\/th>\n<th class=\"break-words\">Tipo<\/th>\n<th class=\"break-words\">M\u00f3dulo<\/th>\n<th class=\"break-words\">Conteo de dientes<\/th>\n<th class=\"break-words\">Relaci\u00f3n<\/th>\n<th class=\"break-words\">Di\u00e1metro del eje<\/th>\n<th class=\"break-words\">Material de la carcasa<\/th>\n<th class=\"break-words\">Par de salida nominal<\/th>\n<th class=\"break-words\">Velocidad m\u00e1xima<\/th>\n<th class=\"break-words\">Clasificaci\u00f3n de protecci\u00f3n<\/th>\n<th class=\"break-words\">Peso<\/th>\n<th class=\"break-words\">Solicitud<\/th>\n<\/tr>\n<\/thead>\n<tbody>\n<tr class=\"border-primary\/10\">\n<td class=\"break-words\">Caja de engranajes c\u00f3nicos F<\/td>\n<td class=\"break-words\">Eje de salida doble<\/td>\n<td class=\"break-words\">2<\/td>\n<td class=\"break-words\">30<\/td>\n<td class=\"break-words\">2:1<\/td>\n<td class=\"break-words\">12 mil\u00edmetros<\/td>\n<td class=\"break-words\">Aluminio niquelado<\/td>\n<td class=\"break-words\">120 Nm<\/td>\n<td class=\"break-words\">1200 RPM<\/td>\n<td class=\"break-words\">IP67<\/td>\n<td class=\"break-words\">1,5 kilogramos<\/td>\n<td class=\"break-words\">Transportadores industriales<\/td>\n<\/tr>\n<\/tbody>\n<\/table>\n<h3>7. Engranaje c\u00f3nico recto est\u00e1ndar \u2013 Modelo G<\/h3>\n<table style=\"width: 100%;\" border=\"1\" width=\"100%\" cellspacing=\"0\" cellpadding=\"0\">\n<thead class=\"border-b border-primary\/20\">\n<tr class=\"border-primary\/10\">\n<th class=\"break-words\">Nombre del modelo<\/th>\n<th class=\"break-words\">M\u00f3dulo<\/th>\n<th class=\"break-words\">Conteo de dientes<\/th>\n<th class=\"break-words\">Relaci\u00f3n<\/th>\n<th class=\"break-words\">Di\u00e1metro del orificio del eje<\/th>\n<th class=\"break-words\">Material<\/th>\n<th class=\"break-words\">\u00c1ngulo de presi\u00f3n<\/th>\n<th class=\"break-words\">Di\u00e1metro exterior<\/th>\n<th class=\"break-words\">Dureza de la superficie del diente<\/th>\n<th class=\"break-words\">Velocidad m\u00e1xima<\/th>\n<th class=\"break-words\">Solicitud<\/th>\n<\/tr>\n<\/thead>\n<tbody>\n<tr class=\"border-primary\/10\">\n<td class=\"break-words\">Engranaje c\u00f3nico recto G<\/td>\n<td class=\"break-words\">2.5<\/td>\n<td class=\"break-words\">16<\/td>\n<td class=\"break-words\">1:1 (Engranaje de inglete)<\/td>\n<td class=\"break-words\">12 mil\u00edmetros<\/td>\n<td class=\"break-words\">Aluminio<\/td>\n<td class=\"break-words\">14,5\u00b0<\/td>\n<td class=\"break-words\">42 mil\u00edmetros<\/td>\n<td class=\"break-words\">No endurecido<\/td>\n<td class=\"break-words\">900 RPM<\/td>\n<td class=\"break-words\">Sistemas ligeros<\/td>\n<\/tr>\n<\/tbody>\n<\/table>\n<h3>8. Engranaje c\u00f3nico espiral \u2013 Modelo H<\/h3>\n<table style=\"width: 100%;\" border=\"1\" width=\"100%\" cellspacing=\"0\" cellpadding=\"0\">\n<tbody>\n<tr style=\"height: 57.60pt;\">\n<td class=\"et2\" style=\"height: 57.60pt; width: 106.80pt;\" width=\"178\" height=\"96\"><strong>Nombre del modelo<\/strong><\/td>\n<td class=\"et2\" style=\"width: 49.80pt;\" width=\"83\"><strong>M\u00f3dulo<\/strong><\/td>\n<td class=\"et2\" style=\"width: 48.00pt;\" width=\"80\"><strong>Conteo de dientes<\/strong><\/td>\n<td class=\"et2\" style=\"width: 92.40pt;\" width=\"154\"><strong>Relaci\u00f3n<\/strong><\/td>\n<td class=\"et2\" style=\"width: 48.00pt;\" width=\"80\"><strong>Di\u00e1metro del orificio del eje<\/strong><\/td>\n<td class=\"et2\" style=\"width: 91.80pt;\" width=\"153\"><strong>Material<\/strong><\/td>\n<td class=\"et2\" style=\"width: 48.00pt;\" width=\"80\"><strong>\u00c1ngulo de presi\u00f3n<\/strong><\/td>\n<td class=\"et2\" style=\"width: 86.40pt;\" width=\"144\"><strong>Di\u00e1metro exterior<\/strong><\/td>\n<td class=\"et2\" style=\"width: 115.20pt;\" width=\"192\"><strong>Dureza de la superficie del diente<\/strong><\/td>\n<td class=\"et2\" style=\"width: 60.60pt;\" width=\"101\"><strong>Reacci\u00f3n<\/strong><\/td>\n<td class=\"et2\" style=\"width: 108.60pt;\" width=\"181\"><strong>Velocidad m\u00e1xima<\/strong><\/td>\n<td class=\"et2\" style=\"width: 48.00pt;\" width=\"80\"><strong>Solicitud<\/strong><\/td>\n<\/tr>\n<tr style=\"height: 14.40pt;\">\n<td style=\"height: 14.40pt;\" height=\"24\">Engranaje c\u00f3nico espiral H<\/td>\n<td align=\"right\">2.5<\/td>\n<td align=\"right\">35<\/td>\n<td class=\"et3\" align=\"right\">2:01<\/td>\n<td>14 mil\u00edmetros<\/td>\n<td>Acero carburizado<\/td>\n<td>20\u00b0<\/td>\n<td>90 mil\u00edmetros<\/td>\n<td>Endurecido (HRC 50-55)<\/td>\n<td>4-12 minutos de arco<\/td>\n<td>1800 RPM<\/td>\n<td>Diferenciales automotrices<\/td>\n<\/tr>\n<\/tbody>\n<\/table>\n<div>\n<h3>Caracter\u00edsticas de los engranajes c\u00f3nicos de 90 grados<\/h3>\n<p class=\"break-words\">Los engranajes c\u00f3nicos de 90 grados son engranajes especiales con forma de cono que mueven la potencia entre dos ejes que se encuentran en un \u00e1ngulo de 90 grados, como una esquina. Se pueden encontrar en autom\u00f3viles, aviones y m\u00e1quinas. Hay dos tipos principales: los engranajes c\u00f3nicos rectos tienen dientes simples y rectos y funcionan bien para cosas m\u00e1s lentas, como en las m\u00e1quinas de impresi\u00f3n, pero no se pueden pulir despu\u00e9s de endurecerlos con calor. Los engranajes c\u00f3nicos espirales tienen dientes curvos que giran, lo que los hace m\u00e1s silenciosos y mejores para trabajos r\u00e1pidos o pesados, como en los motores de los autom\u00f3viles. Se pueden pulir para ser extremadamente precisos. Estos engranajes pueden estar hechos de materiales resistentes como acero o incluso pl\u00e1stico. Los engranajes espirales son m\u00e1s dif\u00edciles de fabricar, pero son m\u00e1s resistentes y se est\u00e1n volviendo m\u00e1s populares porque son muy buenos en su trabajo.<\/p>\n<\/div>","protected":false},"excerpt":{"rendered":"<p>About 90 Degree Bevel Gears 90 Degree Bevel Gears are awesome parts that help pass energy between two rods that connect at a corner, making a 90-degree angle. You can find them in lots of things\u2014like cars, planes, huge machines, and even robots\u2014because they\u2019re really good at sending energy in small, careful twists. These gears [&hellip;]<\/p>","protected":false},"featured_media":6944,"comment_status":"open","ping_status":"closed","template":"","meta":{"_et_pb_use_builder":"","_et_pb_old_content":"","_et_gb_content_width":""},"product_brand":[],"product_cat":[91,106],"product_tag":[],"class_list":{"0":"post-6943","1":"product","2":"type-product","3":"status-publish","4":"has-post-thumbnail","6":"product_cat-gear-racks","7":"product_cat-bevel-gears","9":"first","10":"instock","11":"shipping-taxable","12":"product-type-simple"},"_links":{"self":[{"href":"https:\/\/fmp-components.com\/es\/wp-json\/wp\/v2\/product\/6943","targetHints":{"allow":["GET"]}}],"collection":[{"href":"https:\/\/fmp-components.com\/es\/wp-json\/wp\/v2\/product"}],"about":[{"href":"https:\/\/fmp-components.com\/es\/wp-json\/wp\/v2\/types\/product"}],"replies":[{"embeddable":true,"href":"https:\/\/fmp-components.com\/es\/wp-json\/wp\/v2\/comments?post=6943"}],"wp:featuredmedia":[{"embeddable":true,"href":"https:\/\/fmp-components.com\/es\/wp-json\/wp\/v2\/media\/6944"}],"wp:attachment":[{"href":"https:\/\/fmp-components.com\/es\/wp-json\/wp\/v2\/media?parent=6943"}],"wp:term":[{"taxonomy":"product_brand","embeddable":true,"href":"https:\/\/fmp-components.com\/es\/wp-json\/wp\/v2\/product_brand?post=6943"},{"taxonomy":"product_cat","embeddable":true,"href":"https:\/\/fmp-components.com\/es\/wp-json\/wp\/v2\/product_cat?post=6943"},{"taxonomy":"product_tag","embeddable":true,"href":"https:\/\/fmp-components.com\/es\/wp-json\/wp\/v2\/product_tag?post=6943"}],"curies":[{"name":"gracias","href":"https:\/\/api.w.org\/{rel}","templated":true}]}}