{"id":6654,"date":"2025-03-11T06:36:21","date_gmt":"2025-03-11T06:36:21","guid":{"rendered":"https:\/\/fmp-components.com\/product\/customized-3-stage-hydraulic-cylinder-telescopic-hydraulic-cylinder"},"modified":"2025-03-18T01:04:30","modified_gmt":"2025-03-18T01:04:30","slug":"customized-3-stage-hydraulic-cylinder-telescopic-hydraulic-cylinder","status":"publish","type":"product","link":"https:\/\/fmp-components.com\/es\/product\/customized-3-stage-hydraulic-cylinder-telescopic-hydraulic-cylinder\/","title":{"rendered":"Cilindro hidr\u00e1ulico telesc\u00f3pico de 3 etapas personalizado"},"content":{"rendered":"<h2>Cilindro hidr\u00e1ulico telesc\u00f3pico de 3 etapas personalizado<\/h2>\n<p>Experimente el rendimiento de vanguardia de nuestro cilindro hidr\u00e1ulico telesc\u00f3pico de 3 etapas personalizado. Este extraordinario producto, una nueva oferta para 2025, est\u00e1 dise\u00f1ado para ofrecer la m\u00e1xima eficiencia en diversos contextos industriales. Su aplicaci\u00f3n se extiende a sectores como talleres de reparaci\u00f3n de maquinaria, agricultura, energ\u00eda y miner\u00eda, fabricaci\u00f3n de maquinaria y f\u00e1bricas de maquinaria.<\/p>\n<h3>Caracter\u00edsticas y especificaciones del producto<\/h3>\n<p>Nuestro cilindro hidr\u00e1ulico es est\u00e1ndar, de tipo \u00e9mbolo, accionado por fuerza hidr\u00e1ulica. Con su robusto cuerpo de acero, ofrece un empuje m\u00e1ximo de 3000 y una fuerza de tiro m\u00e1xima de 20 toneladas. Cuenta con certificaci\u00f3n ISO9001:2000 y ofrece di\u00e1metros de 2 a 6 pulgadas, v\u00e1stagos de 1,125 a 4 pulgadas, carreras de 4 a 100 pulgadas y pasadores de 0,5 a 2 pulgadas. El producto est\u00e1 disponible en un elegante color negro, pesa 28 kg y cuenta con un a\u00f1o de garant\u00eda.<\/p>\n<table style=\"width: 92.2717%; height: 115px;\" border=\"\">\n<tbody>\n<tr style=\"height: 23px;\">\n<th style=\"width: 43.5028%; height: 23px;\">Tama\u00f1o del orificio<\/th>\n<td style=\"width: 444.068%; height: 23px;\">2-6 pulgadas<\/td>\n<\/tr>\n<tr style=\"height: 23px;\">\n<th style=\"width: 43.5028%; height: 23px;\">Tama\u00f1o de la varilla<\/th>\n<td style=\"width: 444.068%; height: 23px;\">1,125-4 pulgadas<\/td>\n<\/tr>\n<tr style=\"height: 23px;\">\n<th style=\"width: 43.5028%; height: 23px;\">Tama\u00f1o del trazo<\/th>\n<td style=\"width: 444.068%; height: 23px;\">4-100 pulgadas<\/td>\n<\/tr>\n<tr style=\"height: 23px;\">\n<th style=\"width: 43.5028%; height: 23px;\">Tama\u00f1o del pin<\/th>\n<td style=\"width: 444.068%; height: 23px;\">0,5-2 pulgadas<\/td>\n<\/tr>\n<tr style=\"height: 23px;\">\n<th style=\"width: 43.5028%; height: 23px;\">Puertos<\/th>\n<td style=\"width: 444.068%; height: 23px;\">G\/SAE\/NPT\/M<\/td>\n<\/tr>\n<\/tbody>\n<\/table>\n<h3>Ventajas clave<\/h3>\n<ul>\n<li>Ahorro de energ\u00eda<\/li>\n<li>Altamente eficiente<\/li>\n<li>Seguro y confiable<\/li>\n<\/ul>\n<p><img loading=\"lazy\" decoding=\"async\" class=\"alignnone wp-image-6661\" src=\"https:\/\/fmp-components.com\/wp-content\/uploads\/2025\/03\/telescopic-hydraulic-cylinder-10.webp\" alt=\"cilindro hidr\u00e1ulico telesc\u00f3pico\" width=\"904\" height=\"904\" title=\"\" srcset=\"https:\/\/fmp-components.com\/wp-content\/uploads\/2025\/03\/telescopic-hydraulic-cylinder-10.webp 904w, https:\/\/fmp-components.com\/wp-content\/uploads\/2025\/03\/telescopic-hydraulic-cylinder-10-480x480.webp 480w\" sizes=\"(min-width: 0px) and (max-width: 480px) 480px, (min-width: 481px) 904px, 100vw\" \/><\/p>\n<h3>Principio de funcionamiento y aplicaciones<\/h3>\n<p>El cilindro hidr\u00e1ulico convierte la energ\u00eda hidr\u00e1ulica en movimiento mec\u00e1nico, transformando la presi\u00f3n en fuerza. Esto lo convierte en una herramienta indispensable en diversas aplicaciones industriales, como talleres de reparaci\u00f3n de maquinaria, granjas, energ\u00eda y miner\u00eda, fabricaci\u00f3n de maquinaria y f\u00e1bricas de maquinaria.<\/p>\n<h2>Cilindros hidr\u00e1ulicos y unidades de potencia<\/h2>\n<p>Los cilindros hidr\u00e1ulicos y las unidades de potencia forman parte integral de los sistemas hidr\u00e1ulicos. La colaboraci\u00f3n entre estos dos componentes garantiza la amplia aplicaci\u00f3n de la tecnolog\u00eda hidr\u00e1ulica en todos los sectores industriales, proporcionando un soporte fiable de potencia y control para diversos equipos de ingenier\u00eda y maquinaria.<\/p>\n<h3>Acerca de FMP<\/h3>\n<p>FMP es un fabricante italiano de primer nivel, reconocido por su experiencia en el dise\u00f1o, desarrollo y producci\u00f3n de cilindros hidr\u00e1ulicos de alta calidad. Con d\u00e9cadas de experiencia en el sector, combinamos a la perfecci\u00f3n la artesan\u00eda tradicional italiana con tecnolog\u00eda de vanguardia para ofrecer soluciones hidr\u00e1ulicas excepcionales, adaptadas a las diversas necesidades de nuestros clientes globales. Ubicada en Italia, un centro de excelencia en ingenier\u00eda, FMP se ha consolidado como una marca de confianza en el sector hidr\u00e1ulico, dedicada a proporcionar productos fiables, duraderos e innovadores que impulsan a empresas de todo el mundo.<\/p>\n<p>Nuestra empresa combina las mejores pr\u00e1cticas de fabricaci\u00f3n avanzada con un enfoque innovador. Gracias a a\u00f1os de experiencia en sistemas hidr\u00e1ulicos, FMP se ha convertido en una empresa moderna que destaca en investigaci\u00f3n, dise\u00f1o y producci\u00f3n. Ofrecemos una amplia gama de cilindros hidr\u00e1ulicos, incluyendo cilindros de doble efecto, cilindros de elevaci\u00f3n para autom\u00f3viles, cilindros para maquinaria agr\u00edcola y soluciones de ingenier\u00eda personalizada para diversas aplicaciones industriales. Ya sea para construcci\u00f3n, instalaciones industriales, agricultura o maquinaria pesada, nuestros cilindros hidr\u00e1ulicos est\u00e1n dise\u00f1ados para funcionar en las condiciones m\u00e1s exigentes, garantizando seguridad, eficiencia y durabilidad.<\/p>\n<p>En FMP, nos enorgullecemos de nuestras instalaciones de producci\u00f3n de vanguardia, equipadas con maquinaria de precisi\u00f3n y sistemas de prueba avanzados. Nuestros procesos de fabricaci\u00f3n cumplen con rigurosos est\u00e1ndares nacionales e internacionales, garantizando que cada cilindro hidr\u00e1ulico producido cumpla con los m\u00e1s altos est\u00e1ndares de calidad y fiabilidad. Con un equipo t\u00e9cnico cualificado y equipos de \u00faltima generaci\u00f3n, mantenemos un estricto control de calidad en cada etapa de la producci\u00f3n, desde la selecci\u00f3n de la materia prima hasta la inspecci\u00f3n final. Este compromiso con la excelencia nos ha valido certificaciones y el reconocimiento de las autoridades del sector, lo que refuerza nuestra reputaci\u00f3n como socio confiable.<\/p>\n<p><img loading=\"lazy\" decoding=\"async\" class=\"alignnone size-full wp-image-6720\" src=\"https:\/\/fmp-components.com\/wp-content\/uploads\/2025\/03\/hydraulic-cylinder-8.webp\" alt=\"Cilindros hidr\u00e1ulicos telesc\u00f3picos\" width=\"933\" height=\"526\" title=\"\" srcset=\"https:\/\/fmp-components.com\/wp-content\/uploads\/2025\/03\/hydraulic-cylinder-8.webp 933w, https:\/\/fmp-components.com\/wp-content\/uploads\/2025\/03\/hydraulic-cylinder-8-480x271.webp 480w\" sizes=\"(min-width: 0px) and (max-width: 480px) 480px, (min-width: 481px) 933px, 100vw\" \/><\/p>\n<p>Nuestra misi\u00f3n es clara y ambiciosa: ofrecer a nuestros clientes cilindros hidr\u00e1ulicos que superen sus expectativas en rendimiento, durabilidad y valor. Nos adherimos a los principios fundamentales de profesionalismo, integridad y orientaci\u00f3n al cliente. Fomentando una cultura de innovaci\u00f3n y precisi\u00f3n, mejoramos continuamente nuestros productos para mantenernos a la vanguardia en un mercado competitivo. Nuestra amplia gama de productos y nuestra capacidad para ofrecer soluciones a medida nos convierten en la opci\u00f3n preferida de las empresas que buscan cilindros hidr\u00e1ulicos de alto rendimiento.<\/p>\n<p>FMP es m\u00e1s que un simple fabricante; somos socios comprometidos con su \u00e9xito. Entendemos que nuestros clientes dependen de nosotros para proporcionarles herramientas que mejoren su productividad y seguridad. Por eso, nos dedicamos a ofrecer no solo productos de primera calidad, sino tambi\u00e9n un servicio excepcional. Desde la consulta inicial hasta el soporte posventa, colaboramos estrechamente con nuestros clientes para garantizar que sus necesidades se satisfagan con profesionalismo y atenci\u00f3n. Nuestros precios competitivos, combinados con un compromiso inquebrantable con la calidad, hacen de FMP la opci\u00f3n inteligente para las empresas que buscan invertir en soluciones hidr\u00e1ulicas confiables.<\/p>","protected":false},"excerpt":{"rendered":"<p>Customized 3 Stage Hydraulic Cylinder Telescopic Hydraulic Cylinder Experience the cutting-edge performance of our Customized 3 Stage hydraulic cylinder Telescopic Hydraulic Cylinder. This remarkable product is a new offering for 2025, and is designed to deliver maximum efficiency in a variety of industrial contexts. Its application is widespread across industries such as Machinery Repair Shops, [&hellip;]<\/p>","protected":false},"featured_media":6780,"comment_status":"closed","ping_status":"closed","template":"","meta":{"_et_pb_use_builder":"","_et_pb_old_content":"","_et_gb_content_width":""},"product_brand":[],"product_cat":[103],"product_tag":[34,105],"class_list":{"0":"post-6654","1":"product","2":"type-product","3":"status-publish","4":"has-post-thumbnail","6":"product_cat-telescopic-hydraulic-cylinders","7":"product_tag-hydraulic-cylinder","8":"product_tag-telescopic-hydraulic-cylinders","10":"first","11":"instock","12":"product-type-simple"},"_links":{"self":[{"href":"https:\/\/fmp-components.com\/es\/wp-json\/wp\/v2\/product\/6654","targetHints":{"allow":["GET"]}}],"collection":[{"href":"https:\/\/fmp-components.com\/es\/wp-json\/wp\/v2\/product"}],"about":[{"href":"https:\/\/fmp-components.com\/es\/wp-json\/wp\/v2\/types\/product"}],"replies":[{"embeddable":true,"href":"https:\/\/fmp-components.com\/es\/wp-json\/wp\/v2\/comments?post=6654"}],"wp:featuredmedia":[{"embeddable":true,"href":"https:\/\/fmp-components.com\/es\/wp-json\/wp\/v2\/media\/6780"}],"wp:attachment":[{"href":"https:\/\/fmp-components.com\/es\/wp-json\/wp\/v2\/media?parent=6654"}],"wp:term":[{"taxonomy":"product_brand","embeddable":true,"href":"https:\/\/fmp-components.com\/es\/wp-json\/wp\/v2\/product_brand?post=6654"},{"taxonomy":"product_cat","embeddable":true,"href":"https:\/\/fmp-components.com\/es\/wp-json\/wp\/v2\/product_cat?post=6654"},{"taxonomy":"product_tag","embeddable":true,"href":"https:\/\/fmp-components.com\/es\/wp-json\/wp\/v2\/product_tag?post=6654"}],"curies":[{"name":"gracias","href":"https:\/\/api.w.org\/{rel}","templated":true}]}}