{"id":6653,"date":"2025-03-11T06:36:21","date_gmt":"2025-03-11T06:36:21","guid":{"rendered":"https:\/\/fmp-components.com\/product\/small-hydraulic-telescopic-cylinder-for-dump-trailer"},"modified":"2025-03-12T08:26:30","modified_gmt":"2025-03-12T08:26:30","slug":"small-hydraulic-telescopic-cylinder-for-dump-trailer","status":"publish","type":"product","link":"https:\/\/fmp-components.com\/es\/product\/small-hydraulic-telescopic-cylinder-for-dump-trailer\/","title":{"rendered":"Cilindro telesc\u00f3pico hidr\u00e1ulico peque\u00f1o para remolque volquete"},"content":{"rendered":"<h2>Cilindro telesc\u00f3pico hidr\u00e1ulico peque\u00f1o para remolque volquete<\/h2>\n<p>Presentamos nuestro peque\u00f1o cilindro telesc\u00f3pico hidr\u00e1ulico para remolque basculante. Este cilindro vers\u00e1til y robusto est\u00e1 dise\u00f1ado para una amplia gama de aplicaciones en diversas industrias, como talleres de reparaci\u00f3n de maquinaria, granjas, energ\u00eda y miner\u00eda, fabricaci\u00f3n de maquinaria y f\u00e1bricas de maquinaria. Es la soluci\u00f3n perfecta para quienes buscan un cilindro hidr\u00e1ulico fiable y eficiente.<\/p>\n<p><img loading=\"lazy\" decoding=\"async\" class=\"alignnone size-full wp-image-6660\" src=\"https:\/\/fmp-components.com\/wp-content\/uploads\/2025\/03\/hydraulic-cylinder-workshop-4.webp\" alt=\"cilindro hidr\u00e1ulico telesc\u00f3pico\" width=\"914\" height=\"733\" title=\"\" srcset=\"https:\/\/fmp-components.com\/wp-content\/uploads\/2025\/03\/hydraulic-cylinder-workshop-4.webp 914w, https:\/\/fmp-components.com\/wp-content\/uploads\/2025\/03\/hydraulic-cylinder-workshop-4-480x385.webp 480w\" sizes=\"(min-width: 0px) and (max-width: 480px) 480px, (min-width: 481px) 914px, 100vw\" \/><\/p>\n<h3>Caracter\u00edsticas y beneficios clave<\/h3>\n<p>Nuestro cilindro telesc\u00f3pico hidr\u00e1ulico viene con una variedad de caracter\u00edsticas y beneficios que lo distinguen de la competencia:<\/p>\n<ul>\n<li>Garant\u00eda de un a\u00f1o<\/li>\n<li>Certificaci\u00f3n ISO9001:2000<\/li>\n<li>Estructura est\u00e1ndar de un cilindro de \u00e9mbolo<\/li>\n<li>Energ\u00eda hidr\u00e1ulica<\/li>\n<li>Material del cuerpo de acero para m\u00e1xima durabilidad.<\/li>\n<li>Empuje m\u00e1ximo de 3000 y tracci\u00f3n m\u00e1xima de 20 toneladas.<\/li>\n<li>Cilindro hidr\u00e1ulico de m\u00faltiples etapas<\/li>\n<li>Varias opciones de puerto: G\/SAE\/NPT\/M<\/li>\n<li>Color negro<\/li>\n<\/ul>\n<h3>Especificaciones t\u00e9cnicas<\/h3>\n<p>Las especificaciones t\u00e9cnicas de nuestro cilindro telesc\u00f3pico hidr\u00e1ulico son las siguientes:<\/p>\n<table style=\"width: 95.4089%;\" border=\"\">\n<tbody>\n<tr>\n<td style=\"width: 42.9379%;\"><i>Tama\u00f1o del orificio<\/i><\/td>\n<td style=\"width: 450.282%;\">2-6 pulgadas<\/td>\n<\/tr>\n<tr>\n<td style=\"width: 42.9379%;\"><i>Tama\u00f1o de la varilla<\/i><\/td>\n<td style=\"width: 450.282%;\">1,125-4 pulgadas<\/td>\n<\/tr>\n<tr>\n<td style=\"width: 42.9379%;\"><i>Tama\u00f1o del trazo<\/i><\/td>\n<td style=\"width: 450.282%;\">4-100 pulgadas<\/td>\n<\/tr>\n<tr>\n<td style=\"width: 42.9379%;\"><i>Tama\u00f1o del pin<\/i><\/td>\n<td style=\"width: 450.282%;\">0,5-2 pulgadas<\/td>\n<\/tr>\n<tr>\n<td style=\"width: 42.9379%;\"><i>Puertos<\/i><\/td>\n<td style=\"width: 450.282%;\">G\/SAE\/NPT\/M<\/td>\n<\/tr>\n<\/tbody>\n<\/table>\n<h2>Principio de funcionamiento y aplicaciones<\/h2>\n<p>El peque\u00f1o cilindro telesc\u00f3pico hidr\u00e1ulico funciona mediante la potencia hidr\u00e1ulica para generar fuerza mec\u00e1nica. Esta fuerza se utiliza para realizar trabajos en diversas aplicaciones, especialmente en maquinaria y equipos pesados en talleres de reparaci\u00f3n de maquinaria, granjas, energ\u00eda y miner\u00eda, y en la fabricaci\u00f3n de maquinaria y f\u00e1bricas de maquinaria.<\/p>\n<h2>Cilindros hidr\u00e1ulicos y unidades de potencia<\/h2>\n<p>El cilindro hidr\u00e1ulico y la unidad de potencia son partes integrales de los sistemas hidr\u00e1ulicos: el primero convierte la energ\u00eda hidr\u00e1ulica en movimiento mec\u00e1nico y el segundo proporciona la energ\u00eda y las se\u00f1ales de control que requiere el sistema. Su acci\u00f3n sin\u00e9rgica garantiza la amplia aplicaci\u00f3n de la tecnolog\u00eda hidr\u00e1ulica en el sector industrial, proporcionando potencia y control fiables para diversos equipos de ingenier\u00eda y mec\u00e1nicos. Tambi\u00e9n ofrecemos unidades de potencia a la venta.<\/p>\n<h3>Preguntas frecuentes<\/h3>\n<p>P: \u00bfEs usted una empresa comercial o un fabricante?<br \/>\nA: Somos un fabricante.<\/p>\n<p>P: \u00bfCu\u00e1nto tiempo dura el env\u00edo?<br \/>\nR: Generalmente son entre 25 y 35 d\u00edas.<\/p>\n<p>P: \u00bfOfrecen muestras? \u00bfSon gratuitas o tienen un coste adicional?<br \/>\nR: S\u00ed, proporcionamos muestras, pero no son gratuitas.<\/p>\n<h3>Acerca de FMP<\/h3>\n<p>FMP es un fabricante italiano de primer nivel, reconocido por su experiencia en el dise\u00f1o, desarrollo y producci\u00f3n de cilindros hidr\u00e1ulicos de alta calidad. Con d\u00e9cadas de experiencia en el sector, combinamos a la perfecci\u00f3n la artesan\u00eda tradicional italiana con tecnolog\u00eda de vanguardia para ofrecer soluciones hidr\u00e1ulicas excepcionales, adaptadas a las diversas necesidades de nuestros clientes globales. Ubicada en Italia, un centro de excelencia en ingenier\u00eda, FMP se ha consolidado como una marca de confianza en el sector hidr\u00e1ulico, dedicada a proporcionar productos fiables, duraderos e innovadores que impulsan a empresas de todo el mundo.<\/p>\n<p>Nuestra empresa combina las mejores pr\u00e1cticas de fabricaci\u00f3n avanzada con un enfoque innovador. Gracias a a\u00f1os de experiencia en sistemas hidr\u00e1ulicos, FMP se ha convertido en una empresa moderna que destaca en investigaci\u00f3n, dise\u00f1o y producci\u00f3n. Ofrecemos una amplia gama de cilindros hidr\u00e1ulicos, incluyendo cilindros de doble efecto, cilindros de elevaci\u00f3n para autom\u00f3viles, cilindros para maquinaria agr\u00edcola y soluciones de ingenier\u00eda personalizada para diversas aplicaciones industriales. Ya sea para construcci\u00f3n, instalaciones industriales, agricultura o maquinaria pesada, nuestros cilindros hidr\u00e1ulicos est\u00e1n dise\u00f1ados para funcionar en las condiciones m\u00e1s exigentes, garantizando seguridad, eficiencia y durabilidad.<\/p>\n<p>En FMP, nos enorgullecemos de nuestras instalaciones de producci\u00f3n de vanguardia, equipadas con maquinaria de precisi\u00f3n y sistemas de prueba avanzados. Nuestros procesos de fabricaci\u00f3n cumplen con rigurosos est\u00e1ndares nacionales e internacionales, garantizando que cada cilindro hidr\u00e1ulico producido cumpla con los m\u00e1s altos est\u00e1ndares de calidad y fiabilidad. Con un equipo t\u00e9cnico cualificado y equipos de \u00faltima generaci\u00f3n, mantenemos un estricto control de calidad en cada etapa de la producci\u00f3n, desde la selecci\u00f3n de la materia prima hasta la inspecci\u00f3n final. Este compromiso con la excelencia nos ha valido certificaciones y el reconocimiento de las autoridades del sector, lo que refuerza nuestra reputaci\u00f3n como socio confiable.<\/p>\n<p><img loading=\"lazy\" decoding=\"async\" class=\"alignnone size-full wp-image-6720\" src=\"https:\/\/fmp-components.com\/wp-content\/uploads\/2025\/03\/hydraulic-cylinder-8.webp\" alt=\"Cilindros hidr\u00e1ulicos telesc\u00f3picos\" width=\"933\" height=\"526\" title=\"\" srcset=\"https:\/\/fmp-components.com\/wp-content\/uploads\/2025\/03\/hydraulic-cylinder-8.webp 933w, https:\/\/fmp-components.com\/wp-content\/uploads\/2025\/03\/hydraulic-cylinder-8-480x271.webp 480w\" sizes=\"(min-width: 0px) and (max-width: 480px) 480px, (min-width: 481px) 933px, 100vw\" \/><\/p>\n<p>Nuestra misi\u00f3n es clara y ambiciosa: ofrecer a nuestros clientes cilindros hidr\u00e1ulicos que superen sus expectativas en rendimiento, durabilidad y valor. Nos adherimos a los principios fundamentales de profesionalismo, integridad y orientaci\u00f3n al cliente. Fomentando una cultura de innovaci\u00f3n y precisi\u00f3n, mejoramos continuamente nuestros productos para mantenernos a la vanguardia en un mercado competitivo. Nuestra amplia gama de productos y nuestra capacidad para ofrecer soluciones a medida nos convierten en la opci\u00f3n preferida de las empresas que buscan cilindros hidr\u00e1ulicos de alto rendimiento.<\/p>\n<p>FMP es m\u00e1s que un simple fabricante; somos socios comprometidos con su \u00e9xito. Entendemos que nuestros clientes dependen de nosotros para proporcionarles herramientas que mejoren su productividad y seguridad. Por eso, nos dedicamos a ofrecer no solo productos de primera calidad, sino tambi\u00e9n un servicio excepcional. Desde la consulta inicial hasta el soporte posventa, colaboramos estrechamente con nuestros clientes para garantizar que sus necesidades se satisfagan con profesionalismo y atenci\u00f3n. Nuestros precios competitivos, combinados con un compromiso inquebrantable con la calidad, hacen de FMP la opci\u00f3n inteligente para las empresas que buscan invertir en soluciones hidr\u00e1ulicas confiables.<\/p>","protected":false},"excerpt":{"rendered":"<p>Small Hydraulic Telescopic Cylinder for Dump Trailer Introducing our Small Hydraulic Telescopic Cylinder for Dump Trailer. This versatile and robust cylinder is designed for a wide range of applications across several industries such as machinery repair shops, farms, energy and mining, machinery manufacturing, and machinery factories. It is the perfect solution for those seeking a [&hellip;]<\/p>","protected":false},"featured_media":6763,"comment_status":"closed","ping_status":"closed","template":"","meta":{"_et_pb_use_builder":"","_et_pb_old_content":"","_et_gb_content_width":""},"product_brand":[],"product_cat":[103],"product_tag":[34,105],"class_list":{"0":"post-6653","1":"product","2":"type-product","3":"status-publish","4":"has-post-thumbnail","6":"product_cat-telescopic-hydraulic-cylinders","7":"product_tag-hydraulic-cylinder","8":"product_tag-telescopic-hydraulic-cylinders","10":"first","11":"instock","12":"product-type-simple"},"_links":{"self":[{"href":"https:\/\/fmp-components.com\/es\/wp-json\/wp\/v2\/product\/6653","targetHints":{"allow":["GET"]}}],"collection":[{"href":"https:\/\/fmp-components.com\/es\/wp-json\/wp\/v2\/product"}],"about":[{"href":"https:\/\/fmp-components.com\/es\/wp-json\/wp\/v2\/types\/product"}],"replies":[{"embeddable":true,"href":"https:\/\/fmp-components.com\/es\/wp-json\/wp\/v2\/comments?post=6653"}],"wp:featuredmedia":[{"embeddable":true,"href":"https:\/\/fmp-components.com\/es\/wp-json\/wp\/v2\/media\/6763"}],"wp:attachment":[{"href":"https:\/\/fmp-components.com\/es\/wp-json\/wp\/v2\/media?parent=6653"}],"wp:term":[{"taxonomy":"product_brand","embeddable":true,"href":"https:\/\/fmp-components.com\/es\/wp-json\/wp\/v2\/product_brand?post=6653"},{"taxonomy":"product_cat","embeddable":true,"href":"https:\/\/fmp-components.com\/es\/wp-json\/wp\/v2\/product_cat?post=6653"},{"taxonomy":"product_tag","embeddable":true,"href":"https:\/\/fmp-components.com\/es\/wp-json\/wp\/v2\/product_tag?post=6653"}],"curies":[{"name":"gracias","href":"https:\/\/api.w.org\/{rel}","templated":true}]}}