{"id":6651,"date":"2025-03-11T06:36:21","date_gmt":"2025-03-11T06:36:21","guid":{"rendered":"https:\/\/fmp-components.com\/product\/italy-manufacturing-price-customized-stage-mini-3-ton-to-100-ton-double-acting-telescopic-hydraulic-cylinders-for-dump-trucks"},"modified":"2025-03-12T08:22:27","modified_gmt":"2025-03-12T08:22:27","slug":"italy-manufacturing-price-customized-stage-mini-3-ton-to-100-ton-double-acting-telescopic-hydraulic-cylinders-for-dump-trucks","status":"publish","type":"product","link":"https:\/\/fmp-components.com\/es\/product\/italy-manufacturing-price-customized-stage-mini-3-ton-to-100-ton-double-acting-telescopic-hydraulic-cylinders-for-dump-trucks\/","title":{"rendered":"Cilindros hidr\u00e1ulicos telesc\u00f3picos de doble efecto para camiones volquete, de 3 a 100 toneladas, personalizados, de fabricaci\u00f3n italiana."},"content":{"rendered":"<h2>Cilindros hidr\u00e1ulicos telesc\u00f3picos de doble efecto para camiones volquete, de 3 a 100 toneladas, personalizados, de fabricaci\u00f3n italiana.<\/h2>\n<p>Nuestros cilindros hidr\u00e1ulicos telesc\u00f3picos ofrecen una funcionalidad y durabilidad excepcionales incluso en las aplicaciones m\u00e1s exigentes. Componente esencial en una amplia gama de maquinaria, estos cilindros hidr\u00e1ulicos proporcionan la fuerza necesaria para mover, elevar o comprimir materiales en plantas de fabricaci\u00f3n, talleres de reparaci\u00f3n de maquinaria, explotaciones agr\u00edcolas y en la industria energ\u00e9tica y minera.<\/p>\n<h3>Especificaciones del producto<\/h3>\n<p>Nuestros cilindros hidr\u00e1ulicos se pueden personalizar seg\u00fan sus necesidades. Est\u00e1n dise\u00f1ados con di\u00e1metros de entre 20 y 250 mm, con una capacidad m\u00e1xima de empuje de 3000 y una tracci\u00f3n m\u00e1xima de 600. El cuerpo est\u00e1 hecho de acero robusto, lo que garantiza una larga vida \u00fatil. Ofrecemos un a\u00f1o de garant\u00eda para los componentes principales y contamos con la certificaci\u00f3n ISO 9001:2000 por nuestro sistema de gesti\u00f3n de calidad.<\/p>\n<table style=\"width: 96.9169%;\" border=\"\">\n<tbody>\n<tr>\n<td style=\"width: 42.3729%;\">Tama\u00f1o del orificio<\/td>\n<td style=\"width: 451.977%;\">3,75-4,5 pulgadas<\/td>\n<\/tr>\n<tr>\n<td style=\"width: 42.3729%;\">Capacidad<\/td>\n<td style=\"width: 451.977%;\">7-12 toneladas<\/td>\n<\/tr>\n<tr>\n<td style=\"width: 42.3729%;\">Tama\u00f1o del trazo<\/td>\n<td style=\"width: 451.977%;\">78-144 pulgadas<\/td>\n<\/tr>\n<tr>\n<td style=\"width: 42.3729%;\">Tama\u00f1o del pin<\/td>\n<td style=\"width: 451.977%;\">1.015<\/td>\n<\/tr>\n<tr>\n<td style=\"width: 42.3729%;\">Puertos<\/td>\n<td style=\"width: 451.977%;\">G\/SAE\/NPT\/M<\/td>\n<\/tr>\n<\/tbody>\n<\/table>\n<h2>Caracter\u00edsticas y ventajas clave<\/h2>\n<ul>\n<li>Eficiencia energ\u00e9tica<\/li>\n<li>Altamente eficiente<\/li>\n<li>Seguro y confiable<\/li>\n<li>Personalizable para adaptarse a requisitos espec\u00edficos<\/li>\n<\/ul>\n<p><img loading=\"lazy\" decoding=\"async\" class=\"alignnone  wp-image-6658\" src=\"https:\/\/fmp-components.com\/wp-content\/uploads\/2025\/03\/telescopic-hydraulic-cylinder-6.webp\" alt=\"cilindro hidr\u00e1ulico telesc\u00f3pico\" width=\"858\" height=\"858\" title=\"\" srcset=\"https:\/\/fmp-components.com\/wp-content\/uploads\/2025\/03\/telescopic-hydraulic-cylinder-6.webp 858w, https:\/\/fmp-components.com\/wp-content\/uploads\/2025\/03\/telescopic-hydraulic-cylinder-6-480x480.webp 480w\" sizes=\"(min-width: 0px) and (max-width: 480px) 480px, (min-width: 481px) 858px, 100vw\" \/><\/p>\n<h2>Comprensi\u00f3n de los sistemas hidr\u00e1ulicos<\/h2>\n<p>El cilindro hidr\u00e1ulico es el coraz\u00f3n del sistema hidr\u00e1ulico, convirtiendo la presi\u00f3n del fluido en movimiento mec\u00e1nico. Gracias a esta conversi\u00f3n, los cilindros pueden ejercer una fuerza considerable, lo que los hace esenciales en diversas aplicaciones industriales.<\/p>\n<h2>Aplicaciones de los cilindros hidr\u00e1ulicos<\/h2>\n<p>Nuestros cilindros hidr\u00e1ulicos son ampliamente utilizados en camiones de volteo, proporcionando la fuerza necesaria para levantar la plataforma del cami\u00f3n y descargar el material de manera eficiente y segura.<\/p>\n<h2>Cilindros hidr\u00e1ulicos y unidades de potencia<\/h2>\n<p>La armon\u00eda entre los cilindros hidr\u00e1ulicos y las unidades de potencia es crucial para el funcionamiento eficiente del sistema hidr\u00e1ulico. Estos dos componentes garantizan la amplia aplicaci\u00f3n de la tecnolog\u00eda hidr\u00e1ulica en el \u00e1mbito industrial, proporcionando potencia y control fiables para diversos dispositivos mec\u00e1nicos y de ingenier\u00eda. En FMP, tambi\u00e9n ofrecemos unidades de potencia a la venta.<\/p>\n<h2>Preguntas frecuentes<\/h2>\n<h3>Q1: \u00bfCu\u00e1l es el per\u00edodo de garant\u00eda de los cilindros hidr\u00e1ulicos?<\/h3>\n<p>A1: Ofrecemos una garant\u00eda de un a\u00f1o en los componentes principales de nuestros cilindros hidr\u00e1ulicos.<\/p>\n<h3>P2: \u00bfSe pueden personalizar los cilindros hidr\u00e1ulicos?<\/h3>\n<p>A2: S\u00ed, nuestros cilindros hidr\u00e1ulicos se pueden personalizar seg\u00fan sus requisitos.<\/p>\n<h3>P3: \u00bfPara qu\u00e9 industrias son adecuados estos cilindros hidr\u00e1ulicos?<\/h3>\n<p>A3: Son adecuados para su uso en plantas de fabricaci\u00f3n, talleres de reparaci\u00f3n de maquinaria, granjas y la industria energ\u00e9tica y minera.<\/p>\n<h3>Acerca de FMP<\/h3>\n<p>FMP es un fabricante italiano de primer nivel, reconocido por su experiencia en el dise\u00f1o, desarrollo y producci\u00f3n de cilindros hidr\u00e1ulicos de alta calidad. Con d\u00e9cadas de experiencia en el sector, combinamos a la perfecci\u00f3n la artesan\u00eda tradicional italiana con tecnolog\u00eda de vanguardia para ofrecer soluciones hidr\u00e1ulicas excepcionales, adaptadas a las diversas necesidades de nuestros clientes globales. Ubicada en Italia, un centro de excelencia en ingenier\u00eda, FMP se ha consolidado como una marca de confianza en el sector hidr\u00e1ulico, dedicada a proporcionar productos fiables, duraderos e innovadores que impulsan a empresas de todo el mundo.<\/p>\n<p>Nuestra empresa combina las mejores pr\u00e1cticas de fabricaci\u00f3n avanzada con un enfoque innovador. Gracias a a\u00f1os de experiencia en sistemas hidr\u00e1ulicos, FMP se ha convertido en una empresa moderna que destaca en investigaci\u00f3n, dise\u00f1o y producci\u00f3n. Ofrecemos una amplia gama de cilindros hidr\u00e1ulicos, incluyendo cilindros de doble efecto, cilindros de elevaci\u00f3n para autom\u00f3viles, cilindros para maquinaria agr\u00edcola y soluciones de ingenier\u00eda personalizada para diversas aplicaciones industriales. Ya sea para construcci\u00f3n, instalaciones industriales, agricultura o maquinaria pesada, nuestros cilindros hidr\u00e1ulicos est\u00e1n dise\u00f1ados para funcionar en las condiciones m\u00e1s exigentes, garantizando seguridad, eficiencia y durabilidad.<\/p>\n<p>En FMP, nos enorgullecemos de nuestras instalaciones de producci\u00f3n de vanguardia, equipadas con maquinaria de precisi\u00f3n y sistemas de prueba avanzados. Nuestros procesos de fabricaci\u00f3n cumplen con rigurosos est\u00e1ndares nacionales e internacionales, garantizando que cada cilindro hidr\u00e1ulico producido cumpla con los m\u00e1s altos est\u00e1ndares de calidad y fiabilidad. Con un equipo t\u00e9cnico cualificado y equipos de \u00faltima generaci\u00f3n, mantenemos un estricto control de calidad en cada etapa de la producci\u00f3n, desde la selecci\u00f3n de la materia prima hasta la inspecci\u00f3n final. Este compromiso con la excelencia nos ha valido certificaciones y el reconocimiento de las autoridades del sector, lo que refuerza nuestra reputaci\u00f3n como socio confiable.<\/p>\n<p><img loading=\"lazy\" decoding=\"async\" class=\"alignnone size-full wp-image-6720\" src=\"https:\/\/fmp-components.com\/wp-content\/uploads\/2025\/03\/hydraulic-cylinder-8.webp\" alt=\"Cilindros hidr\u00e1ulicos telesc\u00f3picos\" width=\"933\" height=\"526\" title=\"\" srcset=\"https:\/\/fmp-components.com\/wp-content\/uploads\/2025\/03\/hydraulic-cylinder-8.webp 933w, https:\/\/fmp-components.com\/wp-content\/uploads\/2025\/03\/hydraulic-cylinder-8-480x271.webp 480w\" sizes=\"(min-width: 0px) and (max-width: 480px) 480px, (min-width: 481px) 933px, 100vw\" \/><\/p>\n<p>Nuestra misi\u00f3n es clara y ambiciosa: ofrecer a nuestros clientes cilindros hidr\u00e1ulicos que superen sus expectativas en rendimiento, durabilidad y valor. Nos adherimos a los principios fundamentales de profesionalismo, integridad y orientaci\u00f3n al cliente. Fomentando una cultura de innovaci\u00f3n y precisi\u00f3n, mejoramos continuamente nuestros productos para mantenernos a la vanguardia en un mercado competitivo. Nuestra amplia gama de productos y nuestra capacidad para ofrecer soluciones a medida nos convierten en la opci\u00f3n preferida de las empresas que buscan cilindros hidr\u00e1ulicos de alto rendimiento.<\/p>\n<p>FMP es m\u00e1s que un simple fabricante; somos socios comprometidos con su \u00e9xito. Entendemos que nuestros clientes dependen de nosotros para proporcionarles herramientas que mejoren su productividad y seguridad. Por eso, nos dedicamos a ofrecer no solo productos de primera calidad, sino tambi\u00e9n un servicio excepcional. Desde la consulta inicial hasta el soporte posventa, colaboramos estrechamente con nuestros clientes para garantizar que sus necesidades se satisfagan con profesionalismo y atenci\u00f3n. Nuestros precios competitivos, combinados con un compromiso inquebrantable con la calidad, hacen de FMP la opci\u00f3n inteligente para las empresas que buscan invertir en soluciones hidr\u00e1ulicas confiables.<\/p>","protected":false},"excerpt":{"rendered":"<p>Italy Manufacturing Price Customized Stage Mini 3 Ton to 100 Ton Double Acting Telescopic Hydraulic Cylinders for Dump Trucks Our Telescopic Hydraulic Cylinders deliver exceptional functionality and durability even in the most demanding applications. A critical component in a wide range of machinery, these hydraulic cylinders provide the force necessary for moving, lifting, or compressing [&hellip;]<\/p>","protected":false},"featured_media":6761,"comment_status":"closed","ping_status":"closed","template":"","meta":{"_et_pb_use_builder":"","_et_pb_old_content":"","_et_gb_content_width":""},"product_brand":[],"product_cat":[103],"product_tag":[34,105],"class_list":{"0":"post-6651","1":"product","2":"type-product","3":"status-publish","4":"has-post-thumbnail","6":"product_cat-telescopic-hydraulic-cylinders","7":"product_tag-hydraulic-cylinder","8":"product_tag-telescopic-hydraulic-cylinders","10":"first","11":"instock","12":"product-type-simple"},"_links":{"self":[{"href":"https:\/\/fmp-components.com\/es\/wp-json\/wp\/v2\/product\/6651","targetHints":{"allow":["GET"]}}],"collection":[{"href":"https:\/\/fmp-components.com\/es\/wp-json\/wp\/v2\/product"}],"about":[{"href":"https:\/\/fmp-components.com\/es\/wp-json\/wp\/v2\/types\/product"}],"replies":[{"embeddable":true,"href":"https:\/\/fmp-components.com\/es\/wp-json\/wp\/v2\/comments?post=6651"}],"wp:featuredmedia":[{"embeddable":true,"href":"https:\/\/fmp-components.com\/es\/wp-json\/wp\/v2\/media\/6761"}],"wp:attachment":[{"href":"https:\/\/fmp-components.com\/es\/wp-json\/wp\/v2\/media?parent=6651"}],"wp:term":[{"taxonomy":"product_brand","embeddable":true,"href":"https:\/\/fmp-components.com\/es\/wp-json\/wp\/v2\/product_brand?post=6651"},{"taxonomy":"product_cat","embeddable":true,"href":"https:\/\/fmp-components.com\/es\/wp-json\/wp\/v2\/product_cat?post=6651"},{"taxonomy":"product_tag","embeddable":true,"href":"https:\/\/fmp-components.com\/es\/wp-json\/wp\/v2\/product_tag?post=6651"}],"curies":[{"name":"gracias","href":"https:\/\/api.w.org\/{rel}","templated":true}]}}