{"id":6650,"date":"2025-03-11T06:36:21","date_gmt":"2025-03-11T06:36:21","guid":{"rendered":"https:\/\/fmp-components.com\/product\/good-quality-telescopic-hydraulic-cylinder-dump-truck-and-trailer-hydraulic-cylinder"},"modified":"2025-03-12T08:21:57","modified_gmt":"2025-03-12T08:21:57","slug":"good-quality-telescopic-hydraulic-cylinder-dump-truck-and-trailer-hydraulic-cylinder","status":"publish","type":"product","link":"https:\/\/fmp-components.com\/es\/product\/good-quality-telescopic-hydraulic-cylinder-dump-truck-and-trailer-hydraulic-cylinder\/","title":{"rendered":"Cilindro hidr\u00e1ulico telesc\u00f3pico de buena calidad para camiones volquete y remolques."},"content":{"rendered":"<h2>Cilindro hidr\u00e1ulico telesc\u00f3pico de buena calidad para camiones volquete y remolques.<\/h2>\n<p>El cilindro hidr\u00e1ulico telesc\u00f3pico es un equipo esencial que ofrece resistencia y durabilidad. Su funci\u00f3n es transformar la potencia hidr\u00e1ulica en potencia mec\u00e1nica, proporcionando fuerza y \u200b\u200bcontrol fiables en diversas aplicaciones.<\/p>\n<h2>Importancia y usos del cilindro hidr\u00e1ulico telesc\u00f3pico<\/h2>\n<p>Los cilindros hidr\u00e1ulicos telesc\u00f3picos son fundamentales en industrias como plantas de fabricaci\u00f3n, talleres de reparaci\u00f3n de maquinaria, explotaciones agr\u00edcolas, energ\u00eda y miner\u00eda. Desempe\u00f1an un papel vital en operaciones que requieren gran fuerza, como la elevaci\u00f3n de cargas pesadas y el prensado de materiales.<\/p>\n<h2>Par\u00e1metros t\u00e9cnicos del producto<\/h2>\n<p>El cilindro hidr\u00e1ulico telesc\u00f3pico tiene un peso de 13 kg, con un empuje m\u00e1ximo de 3000 y una tracci\u00f3n m\u00e1xima de 600. El producto cuenta con la certificaci\u00f3n ISO9001:2000, lo que garantiza su calidad y rendimiento.<\/p>\n<table style=\"width: 96.0373%;\" border=\"\">\n<tbody>\n<tr>\n<td style=\"width: 42.3729%;\">Tama\u00f1o del orificio<\/td>\n<td style=\"width: 447.458%;\">3,75-4,5 pulgadas<\/td>\n<\/tr>\n<tr>\n<td style=\"width: 42.3729%;\">Capacidad<\/td>\n<td style=\"width: 447.458%;\">7-12 toneladas<\/td>\n<\/tr>\n<tr>\n<td style=\"width: 42.3729%;\">Tama\u00f1o del trazo<\/td>\n<td style=\"width: 447.458%;\">78-144 pulgadas<\/td>\n<\/tr>\n<tr>\n<td style=\"width: 42.3729%;\">Tama\u00f1o del pin<\/td>\n<td style=\"width: 447.458%;\">1.015<\/td>\n<\/tr>\n<tr>\n<td style=\"width: 42.3729%;\">Puertos<\/td>\n<td style=\"width: 447.458%;\">G\/SAE\/NPT\/M<\/td>\n<\/tr>\n<\/tbody>\n<\/table>\n<h2>Caracter\u00edsticas y ventajas \u00fanicas<\/h2>\n<ul>\n<li style=\"list-style-type: none;\">\n<ul>\n<li><strong>Eficiencia energ\u00e9tica:<\/strong> El cilindro hidr\u00e1ulico telesc\u00f3pico est\u00e1 dise\u00f1ado para maximizar la productividad y minimizar el consumo de energ\u00eda.<\/li>\n<li><strong>Rendimiento alto:<\/strong> Este producto ofrece un funcionamiento confiable y eficiente, incluso en las condiciones m\u00e1s duras.<\/li>\n<\/ul>\n<\/li>\n<\/ul>\n<ul>\n<li><strong>Seguridad:<\/strong> Su dise\u00f1o robusto garantiza la seguridad durante el funcionamiento, evitando posibles accidentes o fallos de funcionamiento.<\/li>\n<\/ul>\n<h3>Sistemas hidr\u00e1ulicos y principio de funcionamiento<\/h3>\n<p>El cilindro hidr\u00e1ulico telesc\u00f3pico funciona seg\u00fan los principios de los sistemas hidr\u00e1ulicos. Transforma la energ\u00eda hidr\u00e1ulica en energ\u00eda mec\u00e1nica, ejerciendo fuerza mediante el movimiento del fluido dentro del cilindro. La presi\u00f3n del fluido aplica fuerza sobre el pist\u00f3n, lo que lo mueve y realiza trabajo.<\/p>\n<h2>Aplicaci\u00f3n del cilindro hidr\u00e1ulico telesc\u00f3pico<\/h2>\n<p>Este cilindro hidr\u00e1ulico es aplicable en diversas industrias como plantas de fabricaci\u00f3n, talleres de reparaci\u00f3n de maquinaria, granjas, energ\u00eda y miner\u00eda, y m\u00e1s.<\/p>\n<p><img loading=\"lazy\" decoding=\"async\" class=\"alignnone  wp-image-6657\" src=\"https:\/\/fmp-components.com\/wp-content\/uploads\/2025\/03\/telescopic-hydraulic-cylinder-3.webp\" alt=\"cilindro hidr\u00e1ulico telesc\u00f3pico\" width=\"906\" height=\"906\" title=\"\" srcset=\"https:\/\/fmp-components.com\/wp-content\/uploads\/2025\/03\/telescopic-hydraulic-cylinder-3.webp 906w, https:\/\/fmp-components.com\/wp-content\/uploads\/2025\/03\/telescopic-hydraulic-cylinder-3-480x480.webp 480w\" sizes=\"(min-width: 0px) and (max-width: 480px) 480px, (min-width: 481px) 906px, 100vw\" \/><\/p>\n<h2>Cilindros hidr\u00e1ulicos y unidades de potencia<\/h2>\n<p>El cilindro hidr\u00e1ulico y la unidad de potencia son componentes indispensables de un sistema hidr\u00e1ulico. Su sinergia garantiza la amplia aplicaci\u00f3n de la tecnolog\u00eda hidr\u00e1ulica en el \u00e1mbito industrial, proporcionando potencia y control fiables para diversos equipos de ingenier\u00eda y mec\u00e1nicos. El cilindro hidr\u00e1ulico, como actuador, se encarga de transformar la energ\u00eda hidr\u00e1ulica en movimiento mec\u00e1nico, convirtiendo la presi\u00f3n en fuerza. La unidad de potencia, por su parte, es el n\u00facleo que proporciona la energ\u00eda y las se\u00f1ales de control necesarias para el sistema hidr\u00e1ulico. Su cooperaci\u00f3n coordinada permite el funcionamiento normal del sistema hidr\u00e1ulico. FMP tambi\u00e9n ofrece unidades de potencia a la venta.<\/p>\n<h2>Preguntas frecuentes<\/h2>\n<h3>Q1: \u00bfCu\u00e1l es la garant\u00eda del cilindro hidr\u00e1ulico telesc\u00f3pico?<\/h3>\n<p>A1: El producto viene con una garant\u00eda de 1 a\u00f1o.<\/p>\n<h3>P2: \u00bfCu\u00e1l es el empuje m\u00e1ximo que puede proporcionar el cilindro hidr\u00e1ulico telesc\u00f3pico?<\/h3>\n<p>A2: El empuje m\u00e1ximo que puede proporcionar el cilindro hidr\u00e1ulico telesc\u00f3pico es de 3000.<\/p>\n<h3>P3: \u00bfLos cilindros hidr\u00e1ulicos telesc\u00f3picos tienen certificaci\u00f3n ISO?<\/h3>\n<p>A3: S\u00ed, tienen certificaci\u00f3n ISO9001:2000.<\/p>\n<h3>Acerca de FMP<\/h3>\n<p>FMP es un fabricante italiano de primer nivel, reconocido por su experiencia en el dise\u00f1o, desarrollo y producci\u00f3n de cilindros hidr\u00e1ulicos de alta calidad. Con d\u00e9cadas de experiencia en el sector, combinamos a la perfecci\u00f3n la artesan\u00eda tradicional italiana con tecnolog\u00eda de vanguardia para ofrecer soluciones hidr\u00e1ulicas excepcionales, adaptadas a las diversas necesidades de nuestros clientes globales. Ubicada en Italia, un centro de excelencia en ingenier\u00eda, FMP se ha consolidado como una marca de confianza en el sector hidr\u00e1ulico, dedicada a proporcionar productos fiables, duraderos e innovadores que impulsan a empresas de todo el mundo.<\/p>\n<p>Nuestra empresa combina las mejores pr\u00e1cticas de fabricaci\u00f3n avanzada con un enfoque innovador. Gracias a a\u00f1os de experiencia en sistemas hidr\u00e1ulicos, FMP se ha convertido en una empresa moderna que destaca en investigaci\u00f3n, dise\u00f1o y producci\u00f3n. Ofrecemos una amplia gama de cilindros hidr\u00e1ulicos, incluyendo cilindros de doble efecto, cilindros de elevaci\u00f3n para autom\u00f3viles, cilindros para maquinaria agr\u00edcola y soluciones de ingenier\u00eda personalizada para diversas aplicaciones industriales. Ya sea para construcci\u00f3n, instalaciones industriales, agricultura o maquinaria pesada, nuestros cilindros hidr\u00e1ulicos est\u00e1n dise\u00f1ados para funcionar en las condiciones m\u00e1s exigentes, garantizando seguridad, eficiencia y durabilidad.<\/p>\n<p>En FMP, nos enorgullecemos de nuestras instalaciones de producci\u00f3n de vanguardia, equipadas con maquinaria de precisi\u00f3n y sistemas de prueba avanzados. Nuestros procesos de fabricaci\u00f3n cumplen con rigurosos est\u00e1ndares nacionales e internacionales, garantizando que cada cilindro hidr\u00e1ulico producido cumpla con los m\u00e1s altos est\u00e1ndares de calidad y fiabilidad. Con un equipo t\u00e9cnico cualificado y equipos de \u00faltima generaci\u00f3n, mantenemos un estricto control de calidad en cada etapa de la producci\u00f3n, desde la selecci\u00f3n de la materia prima hasta la inspecci\u00f3n final. Este compromiso con la excelencia nos ha valido certificaciones y el reconocimiento de las autoridades del sector, lo que refuerza nuestra reputaci\u00f3n como socio confiable.<\/p>\n<p><img loading=\"lazy\" decoding=\"async\" class=\"alignnone size-full wp-image-6720\" src=\"https:\/\/fmp-components.com\/wp-content\/uploads\/2025\/03\/hydraulic-cylinder-8.webp\" alt=\"Cilindros hidr\u00e1ulicos telesc\u00f3picos\" width=\"933\" height=\"526\" title=\"\" srcset=\"https:\/\/fmp-components.com\/wp-content\/uploads\/2025\/03\/hydraulic-cylinder-8.webp 933w, https:\/\/fmp-components.com\/wp-content\/uploads\/2025\/03\/hydraulic-cylinder-8-480x271.webp 480w\" sizes=\"(min-width: 0px) and (max-width: 480px) 480px, (min-width: 481px) 933px, 100vw\" \/><\/p>\n<p>Nuestra misi\u00f3n es clara y ambiciosa: ofrecer a nuestros clientes cilindros hidr\u00e1ulicos que superen sus expectativas en rendimiento, durabilidad y valor. Nos adherimos a los principios fundamentales de profesionalismo, integridad y orientaci\u00f3n al cliente. Fomentando una cultura de innovaci\u00f3n y precisi\u00f3n, mejoramos continuamente nuestros productos para mantenernos a la vanguardia en un mercado competitivo. Nuestra amplia gama de productos y nuestra capacidad para ofrecer soluciones a medida nos convierten en la opci\u00f3n preferida de las empresas que buscan cilindros hidr\u00e1ulicos de alto rendimiento.<\/p>\n<p>FMP es m\u00e1s que un simple fabricante; somos socios comprometidos con su \u00e9xito. Entendemos que nuestros clientes dependen de nosotros para proporcionarles herramientas que mejoren su productividad y seguridad. Por eso, nos dedicamos a ofrecer no solo productos de primera calidad, sino tambi\u00e9n un servicio excepcional. Desde la consulta inicial hasta el soporte posventa, colaboramos estrechamente con nuestros clientes para garantizar que sus necesidades se satisfagan con profesionalismo y atenci\u00f3n. Nuestros precios competitivos, combinados con un compromiso inquebrantable con la calidad, hacen de FMP la opci\u00f3n inteligente para las empresas que buscan invertir en soluciones hidr\u00e1ulicas confiables.<\/p>","protected":false},"excerpt":{"rendered":"<p>Good Quality Telescopic Hydraulic Cylinder Dump Truck And Trailer Hydraulic Cylinder The Telescopic Hydraulic Cylinder is an essential piece of equipment, offering both strength and durability. Its role is to transform hydraulic power into mechanical power, providing reliable force and control in various applications. Importance and Uses of Telescopic Hydraulic Cylinder Telescopic Hydraulic Cylinders are [&hellip;]<\/p>","protected":false},"featured_media":6760,"comment_status":"closed","ping_status":"closed","template":"","meta":{"_et_pb_use_builder":"","_et_pb_old_content":"","_et_gb_content_width":""},"product_brand":[],"product_cat":[103],"product_tag":[34,105],"class_list":{"0":"post-6650","1":"product","2":"type-product","3":"status-publish","4":"has-post-thumbnail","6":"product_cat-telescopic-hydraulic-cylinders","7":"product_tag-hydraulic-cylinder","8":"product_tag-telescopic-hydraulic-cylinders","10":"first","11":"instock","12":"product-type-simple"},"_links":{"self":[{"href":"https:\/\/fmp-components.com\/es\/wp-json\/wp\/v2\/product\/6650","targetHints":{"allow":["GET"]}}],"collection":[{"href":"https:\/\/fmp-components.com\/es\/wp-json\/wp\/v2\/product"}],"about":[{"href":"https:\/\/fmp-components.com\/es\/wp-json\/wp\/v2\/types\/product"}],"replies":[{"embeddable":true,"href":"https:\/\/fmp-components.com\/es\/wp-json\/wp\/v2\/comments?post=6650"}],"wp:featuredmedia":[{"embeddable":true,"href":"https:\/\/fmp-components.com\/es\/wp-json\/wp\/v2\/media\/6760"}],"wp:attachment":[{"href":"https:\/\/fmp-components.com\/es\/wp-json\/wp\/v2\/media?parent=6650"}],"wp:term":[{"taxonomy":"product_brand","embeddable":true,"href":"https:\/\/fmp-components.com\/es\/wp-json\/wp\/v2\/product_brand?post=6650"},{"taxonomy":"product_cat","embeddable":true,"href":"https:\/\/fmp-components.com\/es\/wp-json\/wp\/v2\/product_cat?post=6650"},{"taxonomy":"product_tag","embeddable":true,"href":"https:\/\/fmp-components.com\/es\/wp-json\/wp\/v2\/product_tag?post=6650"}],"curies":[{"name":"gracias","href":"https:\/\/api.w.org\/{rel}","templated":true}]}}