{"id":6648,"date":"2025-03-11T06:36:21","date_gmt":"2025-03-11T06:36:21","guid":{"rendered":"https:\/\/fmp-components.com\/product\/20-ton-hydraulic-cylinder-double-acting-telescopic-hydraulic-cylinder"},"modified":"2025-03-18T01:55:17","modified_gmt":"2025-03-18T01:55:17","slug":"20-ton-hydraulic-cylinder-double-acting-telescopic-hydraulic-cylinder","status":"publish","type":"product","link":"https:\/\/fmp-components.com\/es\/product\/20-ton-hydraulic-cylinder-double-acting-telescopic-hydraulic-cylinder\/","title":{"rendered":"Cilindro hidr\u00e1ulico telesc\u00f3pico de doble efecto de 20 toneladas"},"content":{"rendered":"<h2>Cilindro hidr\u00e1ulico telesc\u00f3pico de doble efecto de 20 toneladas<\/h2>\n<p>Este cilindro hidr\u00e1ulico telesc\u00f3pico de 20 toneladas es de doble efecto, nuevo y con 1 a\u00f1o de garant\u00eda. Es apto para diversas industrias, como talleres de reparaci\u00f3n de maquinaria, agricultura, energ\u00eda y miner\u00eda, y fabricaci\u00f3n de maquinaria.<\/p>\n<h3>Especificaciones del producto<\/h3>\n<p>El cilindro hidr\u00e1ulico pesa 120 kg y tiene una capacidad m\u00e1xima de empuje de 3000. Es un cilindro hidr\u00e1ulico multietapa con puertos G\/SAE\/NPT\/M y puede levantar una carga m\u00e1xima de 20 toneladas. Cuenta con certificaci\u00f3n ISO9001:2000 y se ofrece en color negro est\u00e1ndar.<\/p>\n<h3>Par\u00e1metros detallados<\/h3>\n<table style=\"width: 93.7263%; height: 127px;\" border=\"\">\n<tbody>\n<tr>\n<th>Tama\u00f1o del orificio<\/th>\n<td>2-6 pulgadas<\/td>\n<\/tr>\n<tr>\n<th>Tama\u00f1o de la varilla<\/th>\n<td>1,125-4 pulgadas<\/td>\n<\/tr>\n<tr>\n<th>Tama\u00f1o del trazo<\/th>\n<td>4-100 pulgadas<\/td>\n<\/tr>\n<tr>\n<th>Tama\u00f1o del pin<\/th>\n<td>0,5-2 pulgadas<\/td>\n<\/tr>\n<tr>\n<th>Puertos<\/th>\n<td>G\/SAE\/NPT\/M<\/td>\n<\/tr>\n<\/tbody>\n<\/table>\n<h2>Caracter\u00edsticas y ventajas \u00fanicas<\/h2>\n<ul>\n<li>Eficiencia energ\u00e9tica<\/li>\n<li>Altamente eficiente<\/li>\n<li>Seguro de usar<\/li>\n<\/ul>\n<h2>Sistema hidr\u00e1ulico y principio de funcionamiento<\/h2>\n<p>El cilindro hidr\u00e1ulico funciona seg\u00fan el principio fundamental de convertir la energ\u00eda hidr\u00e1ulica en movimiento mec\u00e1nico. Esta transformaci\u00f3n comienza cuando el fluido hidr\u00e1ulico se presuriza dentro del cilindro. Al aplicar presi\u00f3n al fluido, este ejerce fuerza sobre un pist\u00f3n dentro del cilindro, lo que provoca su movimiento. Este movimiento genera un movimiento lineal, que puede aprovecharse para realizar una amplia gama de tareas mec\u00e1nicas. La eficiencia de este proceso permite que los sistemas hidr\u00e1ulicos proporcionen una potencia considerable con entradas relativamente peque\u00f1as, lo que los hace ideales para aplicaciones que requieren una fuerza considerable en un formato compacto.<\/p>\n<p><img loading=\"lazy\" decoding=\"async\" class=\"alignnone wp-image-6656\" src=\"https:\/\/fmp-components.com\/wp-content\/uploads\/2025\/03\/telescopic-hydraulic-cylinder-5.webp\" alt=\"cilindro hidr\u00e1ulico telesc\u00f3pico\" width=\"917\" height=\"917\" title=\"\" srcset=\"https:\/\/fmp-components.com\/wp-content\/uploads\/2025\/03\/telescopic-hydraulic-cylinder-5.webp 917w, https:\/\/fmp-components.com\/wp-content\/uploads\/2025\/03\/telescopic-hydraulic-cylinder-5-480x480.webp 480w\" sizes=\"(min-width: 0px) and (max-width: 480px) 480px, (min-width: 481px) 917px, 100vw\" \/><\/p>\n<p>El intrincado dise\u00f1o de los cilindros hidr\u00e1ulicos les permite funcionar eficazmente en diversas condiciones. Al utilizar fluido hidr\u00e1ulico incompresible, estos sistemas pueden transmitir fuerza a largas distancias con m\u00ednima p\u00e9rdida de energ\u00eda. Adem\u00e1s, la capacidad de controlar el flujo y la presi\u00f3n del fluido hidr\u00e1ulico permite un control preciso de la velocidad y la posici\u00f3n del pist\u00f3n, lo que aumenta la versatilidad y la capacidad de respuesta de los sistemas hidr\u00e1ulicos.<\/p>\n<h2>Escenarios de aplicaci\u00f3n<\/h2>\n<p>Los cilindros hidr\u00e1ulicos son parte integral de numerosas industrias y demuestran su versatilidad y eficacia en diversas aplicaciones, entre ellas:<\/p>\n<ul>\n<li><strong>Fabricaci\u00f3n y Mantenimiento de Maquinaria:<\/strong> En entornos de fabricaci\u00f3n, los cilindros hidr\u00e1ulicos se utilizan para tareas como la elevaci\u00f3n de componentes pesados, el prensado de materiales y el manejo de maquinaria automatizada. Desempe\u00f1an un papel fundamental en las l\u00edneas de montaje y las operaciones de mantenimiento, proporcionando la fuerza y \u200b\u200bla precisi\u00f3n necesarias para garantizar un funcionamiento fluido.<\/li>\n<li><strong>Agricultura:<\/strong> En la agricultura, los cilindros hidr\u00e1ulicos se emplean en diversos equipos, como tractores y cosechadoras. Facilitan tareas como elevar y bajar implementos, inclinar arados y operar implementos, mejorando la productividad y la eficiencia en las operaciones agr\u00edcolas.<\/li>\n<li><strong>Energ\u00eda y Miner\u00eda:<\/strong> Los sistemas hidr\u00e1ulicos son cruciales en los sectores energ\u00e9tico y minero, donde se utilizan para perforar, excavar y elevar cargas pesadas. Su capacidad para operar en condiciones extremas y proporcionar una gran potencia los hace indispensables en estos entornos hostiles.<\/li>\n<li><strong>Construcci\u00f3n:<\/strong> Los cilindros hidr\u00e1ulicos se encuentran com\u00fanmente en maquinaria de construcci\u00f3n, como excavadoras, bulldozers y gr\u00faas. Permiten potentes capacidades de elevaci\u00f3n y excavaci\u00f3n, facilitando diversas tareas de construcci\u00f3n con precisi\u00f3n y facilidad.<\/li>\n<li><strong>Transporte:<\/strong> En el sector del transporte, los cilindros hidr\u00e1ulicos se utilizan en veh\u00edculos para diversas funciones, entre ellas, levantar portones traseros, operar frenos hidr\u00e1ulicos y controlar sistemas de suspensi\u00f3n, lo que contribuye a la seguridad y el rendimiento.<\/li>\n<\/ul>\n<p>La amplia aplicaci\u00f3n de los cilindros hidr\u00e1ulicos en estas industrias resalta su papel esencial en la ingenier\u00eda y la maquinaria modernas, impulsando la eficiencia y la productividad en numerosos entornos.<\/p>\n<h2>Cilindros hidr\u00e1ulicos y unidades de potencia<\/h2>\n<p>El cilindro hidr\u00e1ulico y la unidad de potencia son componentes integrales del sistema hidr\u00e1ulico. Su funcionamiento combinado garantiza la amplia aplicaci\u00f3n de la tecnolog\u00eda hidr\u00e1ulica en el sector industrial, proporcionando potencia y control fiables para diversos equipos de ingenier\u00eda y mec\u00e1nicos. El cilindro hidr\u00e1ulico, como actuador, se encarga de convertir la energ\u00eda hidr\u00e1ulica en movimiento mec\u00e1nico, convirtiendo la presi\u00f3n en fuerza. La unidad de potencia es el n\u00facleo que proporciona la energ\u00eda y las se\u00f1ales de control que requiere el sistema hidr\u00e1ulico. La operaci\u00f3n coordinada de ambos permite el funcionamiento normal del sistema hidr\u00e1ulico. FMP tambi\u00e9n ofrece unidades de potencia a la venta.<\/p>\n<h2>Preguntas frecuentes<\/h2>\n<p>P: \u00bfEs usted una empresa comercial o un fabricante?<br \/>\nA: Somos un fabricante.<\/p>\n<p>P: \u00bfCu\u00e1l es el tiempo de entrega?<br \/>\nR: Generalmente son entre 25 y 35 d\u00edas.<\/p>\n<p>P: \u00bfOfrecen muestras? \u00bfSon gratuitas o tienen un costo adicional?<br \/>\nR: S\u00ed, podr\u00edamos ofrecer la muestra, pero no es gratis.<\/p>\n<h3>Acerca de FMP<\/h3>\n<p>FMP es un fabricante italiano de primer nivel, reconocido por su experiencia en el dise\u00f1o, desarrollo y producci\u00f3n de cilindros hidr\u00e1ulicos de alta calidad. Con d\u00e9cadas de experiencia en el sector, combinamos a la perfecci\u00f3n la artesan\u00eda tradicional italiana con tecnolog\u00eda de vanguardia para ofrecer soluciones hidr\u00e1ulicas excepcionales, adaptadas a las diversas necesidades de nuestros clientes globales. Ubicada en Italia, un centro de excelencia en ingenier\u00eda, FMP se ha consolidado como una marca de confianza en el sector hidr\u00e1ulico, dedicada a proporcionar productos fiables, duraderos e innovadores que impulsan a empresas de todo el mundo.<\/p>\n<p>Nuestra empresa combina las mejores pr\u00e1cticas de fabricaci\u00f3n avanzada con un enfoque innovador. Gracias a a\u00f1os de experiencia en sistemas hidr\u00e1ulicos, FMP se ha convertido en una empresa moderna que destaca en investigaci\u00f3n, dise\u00f1o y producci\u00f3n. Ofrecemos una amplia gama de cilindros hidr\u00e1ulicos, incluyendo cilindros de doble efecto, cilindros de elevaci\u00f3n para autom\u00f3viles, cilindros para maquinaria agr\u00edcola y soluciones de ingenier\u00eda personalizada para diversas aplicaciones industriales. Ya sea para construcci\u00f3n, instalaciones industriales, agricultura o maquinaria pesada, nuestros cilindros hidr\u00e1ulicos est\u00e1n dise\u00f1ados para funcionar en las condiciones m\u00e1s exigentes, garantizando seguridad, eficiencia y durabilidad.<\/p>\n<p>En FMP, nos enorgullecemos de nuestras instalaciones de producci\u00f3n de vanguardia, equipadas con maquinaria de precisi\u00f3n y sistemas de prueba avanzados. Nuestros procesos de fabricaci\u00f3n cumplen con rigurosos est\u00e1ndares nacionales e internacionales, garantizando que cada cilindro hidr\u00e1ulico producido cumpla con los m\u00e1s altos est\u00e1ndares de calidad y fiabilidad. Con un equipo t\u00e9cnico cualificado y equipos de \u00faltima generaci\u00f3n, mantenemos un estricto control de calidad en cada etapa de la producci\u00f3n, desde la selecci\u00f3n de la materia prima hasta la inspecci\u00f3n final. Este compromiso con la excelencia nos ha valido certificaciones y el reconocimiento de las autoridades del sector, lo que refuerza nuestra reputaci\u00f3n como socio confiable.<\/p>\n<p><img loading=\"lazy\" decoding=\"async\" class=\"alignnone size-full wp-image-6720\" src=\"https:\/\/fmp-components.com\/wp-content\/uploads\/2025\/03\/hydraulic-cylinder-8.webp\" alt=\"Cilindros hidr\u00e1ulicos telesc\u00f3picos\" width=\"933\" height=\"526\" title=\"\" srcset=\"https:\/\/fmp-components.com\/wp-content\/uploads\/2025\/03\/hydraulic-cylinder-8.webp 933w, https:\/\/fmp-components.com\/wp-content\/uploads\/2025\/03\/hydraulic-cylinder-8-480x271.webp 480w\" sizes=\"(min-width: 0px) and (max-width: 480px) 480px, (min-width: 481px) 933px, 100vw\" \/><\/p>\n<p>Nuestra misi\u00f3n es clara y ambiciosa: ofrecer a nuestros clientes cilindros hidr\u00e1ulicos que superen sus expectativas en rendimiento, durabilidad y valor. Nos adherimos a los principios fundamentales de profesionalismo, integridad y orientaci\u00f3n al cliente. Fomentando una cultura de innovaci\u00f3n y precisi\u00f3n, mejoramos continuamente nuestros productos para mantenernos a la vanguardia en un mercado competitivo. Nuestra amplia gama de productos y nuestra capacidad para ofrecer soluciones a medida nos convierten en la opci\u00f3n preferida de las empresas que buscan cilindros hidr\u00e1ulicos de alto rendimiento.<\/p>\n<p>FMP es m\u00e1s que un simple fabricante; somos socios comprometidos con su \u00e9xito. Entendemos que nuestros clientes dependen de nosotros para proporcionarles herramientas que mejoren su productividad y seguridad. Por eso, nos dedicamos a ofrecer no solo productos de primera calidad, sino tambi\u00e9n un servicio excepcional. Desde la consulta inicial hasta el soporte posventa, colaboramos estrechamente con nuestros clientes para garantizar que sus necesidades se satisfagan con profesionalismo y atenci\u00f3n. Nuestros precios competitivos, combinados con un compromiso inquebrantable con la calidad, hacen de FMP la opci\u00f3n inteligente para las empresas que buscan invertir en soluciones hidr\u00e1ulicas confiables.<\/p>","protected":false},"excerpt":{"rendered":"<p>20 Ton Hydraulic Cylinder Double Acting Telescopic Hydraulic Cylinder This 20 Ton hydraulic cylinder is a double acting telescopic hydraulic cylinder that is new with a 1-year warranty. It is suitable for use in various industries including machinery repair shops, farms, energy and mining, machinery manufacturing, and machinery factories. Product Specifications The hydraulic cylinder weighs [&hellip;]<\/p>","protected":false},"featured_media":6758,"comment_status":"closed","ping_status":"closed","template":"","meta":{"_et_pb_use_builder":"","_et_pb_old_content":"","_et_gb_content_width":""},"product_brand":[],"product_cat":[103],"product_tag":[34,105],"class_list":{"0":"post-6648","1":"product","2":"type-product","3":"status-publish","4":"has-post-thumbnail","6":"product_cat-telescopic-hydraulic-cylinders","7":"product_tag-hydraulic-cylinder","8":"product_tag-telescopic-hydraulic-cylinders","10":"first","11":"instock","12":"product-type-simple"},"_links":{"self":[{"href":"https:\/\/fmp-components.com\/es\/wp-json\/wp\/v2\/product\/6648","targetHints":{"allow":["GET"]}}],"collection":[{"href":"https:\/\/fmp-components.com\/es\/wp-json\/wp\/v2\/product"}],"about":[{"href":"https:\/\/fmp-components.com\/es\/wp-json\/wp\/v2\/types\/product"}],"replies":[{"embeddable":true,"href":"https:\/\/fmp-components.com\/es\/wp-json\/wp\/v2\/comments?post=6648"}],"wp:featuredmedia":[{"embeddable":true,"href":"https:\/\/fmp-components.com\/es\/wp-json\/wp\/v2\/media\/6758"}],"wp:attachment":[{"href":"https:\/\/fmp-components.com\/es\/wp-json\/wp\/v2\/media?parent=6648"}],"wp:term":[{"taxonomy":"product_brand","embeddable":true,"href":"https:\/\/fmp-components.com\/es\/wp-json\/wp\/v2\/product_brand?post=6648"},{"taxonomy":"product_cat","embeddable":true,"href":"https:\/\/fmp-components.com\/es\/wp-json\/wp\/v2\/product_cat?post=6648"},{"taxonomy":"product_tag","embeddable":true,"href":"https:\/\/fmp-components.com\/es\/wp-json\/wp\/v2\/product_tag?post=6648"}],"curies":[{"name":"gracias","href":"https:\/\/api.w.org\/{rel}","templated":true}]}}