{"id":6644,"date":"2025-03-11T06:35:17","date_gmt":"2025-03-11T06:35:17","guid":{"rendered":"https:\/\/fmp-components.com\/product\/long-stroke-double-acting-telescopic-hydraulic-cylinder"},"modified":"2025-03-12T08:31:23","modified_gmt":"2025-03-12T08:31:23","slug":"long-stroke-double-acting-telescopic-hydraulic-cylinder","status":"publish","type":"product","link":"https:\/\/fmp-components.com\/es\/product\/long-stroke-double-acting-telescopic-hydraulic-cylinder\/","title":{"rendered":"Cilindro hidr\u00e1ulico telesc\u00f3pico de doble efecto y carrera larga"},"content":{"rendered":"<h2>Cilindro hidr\u00e1ulico telesc\u00f3pico de doble efecto y carrera larga<\/h2>\n<p>Este nuevo cilindro hidr\u00e1ulico telesc\u00f3pico de doble efecto y carrera larga es el complemento perfecto para su maquinaria industrial. Con un peso de 32 kg y un a\u00f1o de garant\u00eda, es la opci\u00f3n ideal para talleres de reparaci\u00f3n de maquinaria, granjas, energ\u00eda y miner\u00eda, y f\u00e1bricas de maquinaria.<\/p>\n<h3>Especificaciones del producto<\/h3>\n<table style=\"width: 91.7171%;\" border=\"\">\n<tbody>\n<tr>\n<th style=\"width: 16.9576%;\">Tama\u00f1o del orificio<\/th>\n<th style=\"width: 20.4489%;\">Tama\u00f1o de la varilla<\/th>\n<th style=\"width: 19.9501%;\">Tama\u00f1o del trazo<\/th>\n<th style=\"width: 16.4589%;\">Tama\u00f1o del pin<\/th>\n<th style=\"width: 134.775%;\">Puertos<\/th>\n<\/tr>\n<tr>\n<td style=\"width: 16.9576%;\">2-6 pulgadas<\/td>\n<td style=\"width: 20.4489%;\">1,125-4 pulgadas<\/td>\n<td style=\"width: 19.9501%;\">4-100 pulgadas<\/td>\n<td style=\"width: 16.4589%;\">0,5-2 pulgadas<\/td>\n<td style=\"width: 134.775%;\">G\/SAE\/NPT\/M<\/td>\n<\/tr>\n<\/tbody>\n<\/table>\n<p>Nuestro cilindro hidr\u00e1ulico est\u00e1 fabricado con acero de alta calidad, lo que garantiza su durabilidad y longevidad. Es un cilindro de \u00e9mbolo est\u00e1ndar con un empuje m\u00e1ximo de 3000 y una tracci\u00f3n m\u00e1xima de 20 toneladas. Este cilindro hidr\u00e1ulico multietapa cuenta con la certificaci\u00f3n ISO9001:2000, lo que garantiza los m\u00e1s altos est\u00e1ndares de calidad.<\/p>\n<h2>Caracter\u00edsticas y beneficios \u00fanicos<\/h2>\n<ul>\n<li>Eficiencia energ\u00e9tica: Nuestro cilindro hidr\u00e1ulico utiliza energ\u00eda hidr\u00e1ulica, lo que reduce los costos de energ\u00eda y mantiene un rendimiento \u00f3ptimo.<\/li>\n<li>Altamente eficiente: con un empuje m\u00e1ximo de 3000, nuestro cilindro proporciona un rendimiento potente.<\/li>\n<li>Seguro: Certificado con ISO9001:2000, nuestro cilindro hidr\u00e1ulico cumple con los est\u00e1ndares internacionales de seguridad.<\/li>\n<\/ul>\n<p><img loading=\"lazy\" decoding=\"async\" class=\"alignnone  wp-image-6663\" src=\"https:\/\/fmp-components.com\/wp-content\/uploads\/2025\/03\/telescopic-hydraulic-cylinder-11.webp\" alt=\"cilindro hidr\u00e1ulico telesc\u00f3pico\" width=\"886\" height=\"886\" title=\"\" srcset=\"https:\/\/fmp-components.com\/wp-content\/uploads\/2025\/03\/telescopic-hydraulic-cylinder-11.webp 886w, https:\/\/fmp-components.com\/wp-content\/uploads\/2025\/03\/telescopic-hydraulic-cylinder-11-480x480.webp 480w\" sizes=\"(min-width: 0px) and (max-width: 480px) 480px, (min-width: 481px) 886px, 100vw\" \/><\/p>\n<h2>Principio de funcionamiento y aplicaciones<\/h2>\n<p>Un cilindro hidr\u00e1ulico funciona transformando la potencia hidr\u00e1ulica en movimiento mec\u00e1nico. Cuando se presuriza un fluido hidr\u00e1ulico, este ejerce fuerza sobre un pist\u00f3n dentro del cilindro, lo que provoca su movimiento lineal. Esta transformaci\u00f3n de energ\u00eda permite al cilindro hidr\u00e1ulico realizar diversas tareas mec\u00e1nicas de forma eficiente y eficaz.<\/p>\n<p>Nuestro cilindro hidr\u00e1ulico telesc\u00f3pico de doble efecto y carrera larga es especialmente adecuado para una variedad de aplicaciones en diversas industrias, que incluyen:<\/p>\n<ul>\n<li><strong>Talleres de fabricaci\u00f3n y reparaci\u00f3n de maquinaria:<\/strong> En estos entornos, nuestro cilindro hidr\u00e1ulico se utiliza para elevar componentes de maquinaria pesada, facilitar las reparaciones y garantizar un funcionamiento fluido en las l\u00edneas de montaje. Su dise\u00f1o robusto le permite soportar las exigencias del uso diario en entornos industriales con mucha actividad.<\/li>\n<li><strong>Granjas:<\/strong> Las operaciones agr\u00edcolas se benefician de nuestro cilindro hidr\u00e1ulico para tareas como la elevaci\u00f3n y posicionamiento de equipos, el manejo de arados y la optimizaci\u00f3n del rendimiento de los tractores. Su alta capacidad de empuje garantiza la capacidad de manejar las cargas pesadas t\u00edpicas de las aplicaciones agr\u00edcolas.<\/li>\n<li><strong>Energ\u00eda y Miner\u00eda:<\/strong> En los sectores energ\u00e9tico y minero, nuestro cilindro hidr\u00e1ulico es esencial para la perforaci\u00f3n, excavaci\u00f3n y manipulaci\u00f3n de materiales. Su capacidad de rendimiento fiable en condiciones extremas lo hace indispensable para equipos que operan en entornos hostiles.<\/li>\n<li><strong>F\u00e1bricas:<\/strong> En las plantas de fabricaci\u00f3n, nuestro cilindro hidr\u00e1ulico desempe\u00f1a un papel fundamental en la automatizaci\u00f3n de procesos, la elevaci\u00f3n de materiales y la operaci\u00f3n de maquinaria. Su eficiencia y potencia contribuyen a una mayor productividad y a la optimizaci\u00f3n de las operaciones.<\/li>\n<\/ul>\n<p>En general, la versatilidad de nuestro cilindro hidr\u00e1ulico telesc\u00f3pico de doble efecto de carrera larga lo convierte en un componente esencial en diversas industrias, impulsando la eficiencia y la eficacia en una amplia gama de aplicaciones.<\/p>\n<h2>Preguntas frecuentes<\/h2>\n<h3>P: \u00bfEs usted una empresa comercial o un fabricante?<\/h3>\n<p>A: Somos un fabricante.<\/p>\n<h3>P: \u00bfCu\u00e1nto tiempo dura el env\u00edo?<\/h3>\n<p>R: Generalmente son entre 25 y 35 d\u00edas.<\/p>\n<h3>P: \u00bfProporcionan muestras?<\/h3>\n<p>R: S\u00ed, podr\u00edamos ofrecer la muestra, pero no es gratis.<\/p>\n<h3>Acerca de FMP<\/h3>\n<p>FMP es un fabricante italiano de primer nivel, reconocido por su experiencia en el dise\u00f1o, desarrollo y producci\u00f3n de cilindros hidr\u00e1ulicos de alta calidad. Con d\u00e9cadas de experiencia en el sector, combinamos a la perfecci\u00f3n la artesan\u00eda tradicional italiana con tecnolog\u00eda de vanguardia para ofrecer soluciones hidr\u00e1ulicas excepcionales, adaptadas a las diversas necesidades de nuestros clientes globales. Ubicada en Italia, un centro de excelencia en ingenier\u00eda, FMP se ha consolidado como una marca de confianza en el sector hidr\u00e1ulico, dedicada a proporcionar productos fiables, duraderos e innovadores que impulsan a empresas de todo el mundo.<\/p>\n<p>Nuestra empresa combina las mejores pr\u00e1cticas de fabricaci\u00f3n avanzada con un enfoque innovador. Gracias a a\u00f1os de experiencia en sistemas hidr\u00e1ulicos, FMP se ha convertido en una empresa moderna que destaca en investigaci\u00f3n, dise\u00f1o y producci\u00f3n. Ofrecemos una amplia gama de cilindros hidr\u00e1ulicos, incluyendo cilindros de doble efecto, cilindros de elevaci\u00f3n para autom\u00f3viles, cilindros para maquinaria agr\u00edcola y soluciones de ingenier\u00eda personalizada para diversas aplicaciones industriales. Ya sea para construcci\u00f3n, instalaciones industriales, agricultura o maquinaria pesada, nuestros cilindros hidr\u00e1ulicos est\u00e1n dise\u00f1ados para funcionar en las condiciones m\u00e1s exigentes, garantizando seguridad, eficiencia y durabilidad.<\/p>\n<p>En FMP, nos enorgullecemos de nuestras instalaciones de producci\u00f3n de vanguardia, equipadas con maquinaria de precisi\u00f3n y sistemas de prueba avanzados. Nuestros procesos de fabricaci\u00f3n cumplen con rigurosos est\u00e1ndares nacionales e internacionales, garantizando que cada cilindro hidr\u00e1ulico producido cumpla con los m\u00e1s altos est\u00e1ndares de calidad y fiabilidad. Con un equipo t\u00e9cnico cualificado y equipos de \u00faltima generaci\u00f3n, mantenemos un estricto control de calidad en cada etapa de la producci\u00f3n, desde la selecci\u00f3n de la materia prima hasta la inspecci\u00f3n final. Este compromiso con la excelencia nos ha valido certificaciones y el reconocimiento de las autoridades del sector, lo que refuerza nuestra reputaci\u00f3n como socio confiable.<\/p>\n<p><img loading=\"lazy\" decoding=\"async\" class=\"alignnone size-full wp-image-6720\" src=\"https:\/\/fmp-components.com\/wp-content\/uploads\/2025\/03\/hydraulic-cylinder-8.webp\" alt=\"Cilindros hidr\u00e1ulicos telesc\u00f3picos\" width=\"933\" height=\"526\" title=\"\" srcset=\"https:\/\/fmp-components.com\/wp-content\/uploads\/2025\/03\/hydraulic-cylinder-8.webp 933w, https:\/\/fmp-components.com\/wp-content\/uploads\/2025\/03\/hydraulic-cylinder-8-480x271.webp 480w\" sizes=\"(min-width: 0px) and (max-width: 480px) 480px, (min-width: 481px) 933px, 100vw\" \/><\/p>\n<p>Nuestra misi\u00f3n es clara y ambiciosa: ofrecer a nuestros clientes cilindros hidr\u00e1ulicos que superen sus expectativas en rendimiento, durabilidad y valor. Nos adherimos a los principios fundamentales de profesionalismo, integridad y orientaci\u00f3n al cliente. Fomentando una cultura de innovaci\u00f3n y precisi\u00f3n, mejoramos continuamente nuestros productos para mantenernos a la vanguardia en un mercado competitivo. Nuestra amplia gama de productos y nuestra capacidad para ofrecer soluciones a medida nos convierten en la opci\u00f3n preferida de las empresas que buscan cilindros hidr\u00e1ulicos de alto rendimiento.<\/p>\n<p>FMP es m\u00e1s que un simple fabricante; somos socios comprometidos con su \u00e9xito. Entendemos que nuestros clientes dependen de nosotros para proporcionarles herramientas que mejoren su productividad y seguridad. Por eso, nos dedicamos a ofrecer no solo productos de primera calidad, sino tambi\u00e9n un servicio excepcional. Desde la consulta inicial hasta el soporte posventa, colaboramos estrechamente con nuestros clientes para garantizar que sus necesidades se satisfagan con profesionalismo y atenci\u00f3n. Nuestros precios competitivos, combinados con un compromiso inquebrantable con la calidad, hacen de FMP la opci\u00f3n inteligente para las empresas que buscan invertir en soluciones hidr\u00e1ulicas confiables.<\/p>","protected":false},"excerpt":{"rendered":"<p>Long Stroke Double Acting Telescopic Hydraulic Cylinder This brand new Long Stroke Double Acting Telescopic hydraulic cylinder is the perfect addition to your industrial machinery. With a weight of 32 KG and a one-year warranty, it&#8217;s the ideal choice for machinery repair shops, farms, energy &amp; mining, machinery manufacturing, and machinery factories. Product Specifications Bore [&hellip;]<\/p>","protected":false},"featured_media":6765,"comment_status":"closed","ping_status":"closed","template":"","meta":{"_et_pb_use_builder":"","_et_pb_old_content":"","_et_gb_content_width":""},"product_brand":[],"product_cat":[103],"product_tag":[34,105],"class_list":{"0":"post-6644","1":"product","2":"type-product","3":"status-publish","4":"has-post-thumbnail","6":"product_cat-telescopic-hydraulic-cylinders","7":"product_tag-hydraulic-cylinder","8":"product_tag-telescopic-hydraulic-cylinders","10":"first","11":"instock","12":"product-type-simple"},"_links":{"self":[{"href":"https:\/\/fmp-components.com\/es\/wp-json\/wp\/v2\/product\/6644","targetHints":{"allow":["GET"]}}],"collection":[{"href":"https:\/\/fmp-components.com\/es\/wp-json\/wp\/v2\/product"}],"about":[{"href":"https:\/\/fmp-components.com\/es\/wp-json\/wp\/v2\/types\/product"}],"replies":[{"embeddable":true,"href":"https:\/\/fmp-components.com\/es\/wp-json\/wp\/v2\/comments?post=6644"}],"wp:featuredmedia":[{"embeddable":true,"href":"https:\/\/fmp-components.com\/es\/wp-json\/wp\/v2\/media\/6765"}],"wp:attachment":[{"href":"https:\/\/fmp-components.com\/es\/wp-json\/wp\/v2\/media?parent=6644"}],"wp:term":[{"taxonomy":"product_brand","embeddable":true,"href":"https:\/\/fmp-components.com\/es\/wp-json\/wp\/v2\/product_brand?post=6644"},{"taxonomy":"product_cat","embeddable":true,"href":"https:\/\/fmp-components.com\/es\/wp-json\/wp\/v2\/product_cat?post=6644"},{"taxonomy":"product_tag","embeddable":true,"href":"https:\/\/fmp-components.com\/es\/wp-json\/wp\/v2\/product_tag?post=6644"}],"curies":[{"name":"gracias","href":"https:\/\/api.w.org\/{rel}","templated":true}]}}