{"id":6638,"date":"2025-03-11T06:35:17","date_gmt":"2025-03-11T06:35:17","guid":{"rendered":"https:\/\/fmp-components.com\/product\/double-acting-dump-truck-4-stage-hydraulic-cylinder-telescopic-hydraulic-cylinder"},"modified":"2025-03-12T09:00:33","modified_gmt":"2025-03-12T09:00:33","slug":"double-acting-dump-truck-4-stage-hydraulic-cylinder-telescopic-hydraulic-cylinder","status":"publish","type":"product","link":"https:\/\/fmp-components.com\/es\/product\/double-acting-dump-truck-4-stage-hydraulic-cylinder-telescopic-hydraulic-cylinder\/","title":{"rendered":"Cilindro hidr\u00e1ulico telesc\u00f3pico de 4 etapas para cami\u00f3n volquete de doble efecto"},"content":{"rendered":"<h2>Cilindro hidr\u00e1ulico telesc\u00f3pico de 4 etapas para cami\u00f3n volquete de doble efecto<\/h2>\n<p>Presentamos el nuevo cilindro hidr\u00e1ulico telesc\u00f3pico de 4 etapas de doble efecto para camiones volquete. Este revolucionario cilindro hidr\u00e1ulico est\u00e1 dise\u00f1ado para ayudarle a lograr la m\u00e1xima eficiencia y rendimiento en sus operaciones de maquinaria.<\/p>\n<h3>Caracter\u00edsticas y funciones principales<\/h3>\n<p>El cilindro hidr\u00e1ulico es un componente esencial en talleres de reparaci\u00f3n de maquinaria, granjas, sectores energ\u00e9ticos, miner\u00eda, fabricaci\u00f3n de maquinaria y f\u00e1bricas de maquinaria. Es una herramienta esencial para maquinaria pesada, ofreciendo un empuje m\u00e1ximo de 3000 y una fuerza de tiro m\u00e1xima de 20 toneladas. El cilindro est\u00e1 fabricado con acero resistente, lo que garantiza su resistencia incluso en las condiciones de trabajo m\u00e1s exigentes.<\/p>\n<h3>Par\u00e1metros t\u00e9cnicos<\/h3>\n<table style=\"width: 95.0937%;\" border=\"\">\n<tbody>\n<tr>\n<td style=\"width: 42.8571%;\"><i>Tama\u00f1o del orificio<\/i><\/td>\n<td style=\"width: 384.571%;\">2-6 pulgadas<\/td>\n<\/tr>\n<tr>\n<td style=\"width: 42.8571%;\"><i>Tama\u00f1o de la varilla<\/i><\/td>\n<td style=\"width: 384.571%;\">1,125-4 pulgadas<\/td>\n<\/tr>\n<tr>\n<td style=\"width: 42.8571%;\"><i>Tama\u00f1o del trazo<\/i><\/td>\n<td style=\"width: 384.571%;\">4-100 pulgadas<\/td>\n<\/tr>\n<tr>\n<td style=\"width: 42.8571%;\"><i>Tama\u00f1o del pin<\/i><\/td>\n<td style=\"width: 384.571%;\">0,5-2 pulgadas<\/td>\n<\/tr>\n<tr>\n<td style=\"width: 42.8571%;\"><i>Puertos<\/i><\/td>\n<td style=\"width: 384.571%;\">G\/SAE\/NPT\/M<\/td>\n<\/tr>\n<\/tbody>\n<\/table>\n<h2>Ventajas \u00fanicas<\/h2>\n<ul>\n<li>Eficiencia energ\u00e9tica<\/li>\n<li>Rendimiento alto<\/li>\n<li>Seguridad y fiabilidad<\/li>\n<\/ul>\n<h3>Sistemas hidr\u00e1ulicos y principio de funcionamiento<\/h3>\n<p>El cilindro hidr\u00e1ulico funciona convirtiendo la energ\u00eda hidr\u00e1ulica en movimiento mec\u00e1nico, transformando la presi\u00f3n en fuerza. El cilindro es un componente clave del sistema hidr\u00e1ulico, garantizando su funcionamiento fluido y eficiente.<\/p>\n<p><img loading=\"lazy\" decoding=\"async\" class=\"alignnone  wp-image-6659\" src=\"https:\/\/fmp-components.com\/wp-content\/uploads\/2025\/03\/telescopic-hydraulic-cylinder-12.webp\" alt=\"cilindro hidr\u00e1ulico telesc\u00f3pico\" width=\"773\" height=\"773\" title=\"\" srcset=\"https:\/\/fmp-components.com\/wp-content\/uploads\/2025\/03\/telescopic-hydraulic-cylinder-12.webp 773w, https:\/\/fmp-components.com\/wp-content\/uploads\/2025\/03\/telescopic-hydraulic-cylinder-12-480x480.webp 480w\" sizes=\"(min-width: 0px) and (max-width: 480px) 480px, (min-width: 481px) 773px, 100vw\" \/><\/p>\n<h3>Escenarios de aplicaci\u00f3n<\/h3>\n<p>Nuestros cilindros hidr\u00e1ulicos se utilizan ampliamente en diversas industrias, como talleres de reparaci\u00f3n de maquinaria, granjas, industrias energ\u00e9ticas y mineras, entre otras. Est\u00e1n dise\u00f1ados para funcionar en condiciones exigentes, ofreciendo una durabilidad y un rendimiento excepcionales.<\/p>\n<h2>Cilindros hidr\u00e1ulicos y unidades de potencia<\/h2>\n<p>El cilindro hidr\u00e1ulico y la unidad de potencia son componentes esenciales del sistema hidr\u00e1ulico. Trabajan en conjunto para garantizar la amplia aplicaci\u00f3n de la tecnolog\u00eda hidr\u00e1ulica en el \u00e1mbito industrial, proporcionando potencia y control fiables para diversos equipos de ingenier\u00eda y mec\u00e1nicos. El cilindro hidr\u00e1ulico, como elemento de accionamiento, se encarga de convertir la energ\u00eda hidr\u00e1ulica en movimiento mec\u00e1nico, convirtiendo la presi\u00f3n en fuerza. La unidad de potencia, por su parte, es el n\u00facleo que proporciona la energ\u00eda y las se\u00f1ales de control que requiere el sistema hidr\u00e1ulico.<\/p>\n<h3>Preguntas frecuentes<\/h3>\n<p><b>P: \u00bfCu\u00e1l es la fuerza m\u00e1xima de tracci\u00f3n del cilindro hidr\u00e1ulico?<\/b><br \/>\nR: La fuerza m\u00e1xima de tracci\u00f3n de nuestro cilindro hidr\u00e1ulico es de 20 toneladas.<\/p>\n<p><b>P: \u00bfDe qu\u00e9 material est\u00e1 hecho el cilindro hidr\u00e1ulico?<\/b><br \/>\nR: Nuestro cilindro hidr\u00e1ulico est\u00e1 hecho de acero resistente y duradero.<\/p>\n<p><b>P: \u00bfOfrecen servicios personalizados?<\/b><br \/>\nR: S\u00ed, ofrecemos servicios personalizados. Puede adaptar sus cilindros hidr\u00e1ulicos a sus necesidades espec\u00edficas.<\/p>\n<h3>Acerca de FMP<\/h3>\n<p class=\"break-words\">FMP es un fabricante italiano l\u00edder especializado en el dise\u00f1o, desarrollo y producci\u00f3n de cilindros hidr\u00e1ulicos de alta calidad. Con una rica tradici\u00f3n arraigada en d\u00e9cadas de experiencia, combinamos con orgullo la artesan\u00eda italiana con tecnolog\u00eda de vanguardia para ofrecer soluciones hidr\u00e1ulicas excepcionales, adaptadas a las diversas necesidades de nuestra clientela global. Con sede en Italia, un centro de excelencia en ingenier\u00eda, FMP se erige como una marca de confianza en la industria hidr\u00e1ulica, comprometida con el suministro de productos fiables, duraderos e innovadores que impulsan a empresas de todo el mundo.<\/p>\n<p class=\"break-words\">Nuestra empresa integra lo mejor de la fabricaci\u00f3n avanzada con un enfoque innovador. Gracias a a\u00f1os de experiencia en sistemas hidr\u00e1ulicos, FMP se ha convertido en una empresa moderna que destaca en investigaci\u00f3n, dise\u00f1o y producci\u00f3n. Nos especializamos en una amplia gama de cilindros hidr\u00e1ulicos, incluyendo cilindros de doble efecto, cilindros de elevaci\u00f3n para autom\u00f3viles, cilindros para maquinaria agr\u00edcola y soluciones de ingenier\u00eda personalizada para diversas aplicaciones industriales. Ya sea para construcci\u00f3n, instalaciones industriales, agricultura o maquinaria pesada, nuestros cilindros hidr\u00e1ulicos est\u00e1n dise\u00f1ados para funcionar en las condiciones m\u00e1s exigentes, garantizando seguridad, eficiencia y durabilidad.<\/p>\n<p><img loading=\"lazy\" decoding=\"async\" class=\"alignnone size-full wp-image-6720\" src=\"https:\/\/fmp-components.com\/wp-content\/uploads\/2025\/03\/hydraulic-cylinder-8.webp\" alt=\"Cilindros hidr\u00e1ulicos telesc\u00f3picos\" width=\"933\" height=\"526\" title=\"\" srcset=\"https:\/\/fmp-components.com\/wp-content\/uploads\/2025\/03\/hydraulic-cylinder-8.webp 933w, https:\/\/fmp-components.com\/wp-content\/uploads\/2025\/03\/hydraulic-cylinder-8-480x271.webp 480w\" sizes=\"(min-width: 0px) and (max-width: 480px) 480px, (min-width: 481px) 933px, 100vw\" \/><\/p>\n<p class=\"break-words\">En FMP, nos enorgullecemos de nuestras instalaciones de producci\u00f3n de vanguardia, equipadas con maquinaria de precisi\u00f3n y sistemas de prueba avanzados. Nuestros procesos de fabricaci\u00f3n cumplen rigurosos est\u00e1ndares nacionales e internacionales, lo que garantiza que cada cilindro hidr\u00e1ulico que sale de nuestra f\u00e1brica sea de la m\u00e1s alta calidad y fiabilidad. Nuestro equipo t\u00e9cnico cualificado, junto con equipos de vanguardia, nos permite mantener un estricto control de calidad en cada etapa de la producci\u00f3n, desde la selecci\u00f3n de la materia prima hasta la inspecci\u00f3n final. Esta dedicaci\u00f3n a la excelencia nos ha valido certificaciones y el reconocimiento de las autoridades del sector, consolidando a\u00fan m\u00e1s nuestra reputaci\u00f3n como socio confiable.<\/p>\n<p class=\"break-words\">Nuestra misi\u00f3n es simple pero ambiciosa: ofrecer a nuestros clientes cilindros hidr\u00e1ulicos que superen sus expectativas en rendimiento, durabilidad y valor. Nos guiamos por los principios de profesionalismo, integridad y orientaci\u00f3n al cliente. Fomentando una cultura de innovaci\u00f3n y precisi\u00f3n, perfeccionamos continuamente nuestros productos para mantenernos a la vanguardia en un mercado competitivo. Nuestra amplia gama de productos y nuestra capacidad para ofrecer soluciones a medida nos convierten en la opci\u00f3n predilecta para las empresas que buscan cilindros hidr\u00e1ulicos de alto rendimiento.<\/p>\n<p class=\"break-words\">FMP es m\u00e1s que un simple fabricante: somos un socio clave para su \u00e9xito. Entendemos que nuestros clientes conf\u00edan en nosotros para ofrecerles herramientas que mejoran su productividad y seguridad. Por eso, nos comprometemos a ofrecer no solo productos de primera calidad, sino tambi\u00e9n un servicio excepcional. Desde la consulta inicial hasta el soporte posventa, trabajamos estrechamente con nuestros clientes para garantizar que sus necesidades se satisfagan con profesionalismo y atenci\u00f3n. Nuestros precios competitivos, junto con nuestro firme compromiso con la calidad, hacen de FMP la opci\u00f3n inteligente para las empresas que buscan invertir en soluciones hidr\u00e1ulicas de confianza.<\/p>","protected":false},"excerpt":{"rendered":"<p>Double Acting Dump Truck 4 Stage Hydraulic Cylinder Telescopic Hydraulic Cylinder Introducing the brand new Double Acting Dump Truck 4 Stage hydraulic cylinder Telescopic Hydraulic Cylinder. This revolutionary hydraulic cylinder is designed to help you achieve maximum efficiency and performance in your machinery operations. Key Features and Functions The hydraulic cylinder is a core component [&hellip;]<\/p>","protected":false},"featured_media":6778,"comment_status":"closed","ping_status":"closed","template":"","meta":{"_et_pb_use_builder":"","_et_pb_old_content":"","_et_gb_content_width":""},"product_brand":[],"product_cat":[103],"product_tag":[34,105],"class_list":{"0":"post-6638","1":"product","2":"type-product","3":"status-publish","4":"has-post-thumbnail","6":"product_cat-telescopic-hydraulic-cylinders","7":"product_tag-hydraulic-cylinder","8":"product_tag-telescopic-hydraulic-cylinders","10":"first","11":"instock","12":"product-type-simple"},"_links":{"self":[{"href":"https:\/\/fmp-components.com\/es\/wp-json\/wp\/v2\/product\/6638","targetHints":{"allow":["GET"]}}],"collection":[{"href":"https:\/\/fmp-components.com\/es\/wp-json\/wp\/v2\/product"}],"about":[{"href":"https:\/\/fmp-components.com\/es\/wp-json\/wp\/v2\/types\/product"}],"replies":[{"embeddable":true,"href":"https:\/\/fmp-components.com\/es\/wp-json\/wp\/v2\/comments?post=6638"}],"wp:featuredmedia":[{"embeddable":true,"href":"https:\/\/fmp-components.com\/es\/wp-json\/wp\/v2\/media\/6778"}],"wp:attachment":[{"href":"https:\/\/fmp-components.com\/es\/wp-json\/wp\/v2\/media?parent=6638"}],"wp:term":[{"taxonomy":"product_brand","embeddable":true,"href":"https:\/\/fmp-components.com\/es\/wp-json\/wp\/v2\/product_brand?post=6638"},{"taxonomy":"product_cat","embeddable":true,"href":"https:\/\/fmp-components.com\/es\/wp-json\/wp\/v2\/product_cat?post=6638"},{"taxonomy":"product_tag","embeddable":true,"href":"https:\/\/fmp-components.com\/es\/wp-json\/wp\/v2\/product_tag?post=6638"}],"curies":[{"name":"gracias","href":"https:\/\/api.w.org\/{rel}","templated":true}]}}