{"id":6636,"date":"2025-03-11T06:35:17","date_gmt":"2025-03-11T06:35:17","guid":{"rendered":"https:\/\/fmp-components.com\/product\/factory-customized-small-multi-stage-dump-truck-hydraulic-cylinder"},"modified":"2025-03-12T08:57:19","modified_gmt":"2025-03-12T08:57:19","slug":"factory-customized-small-multi-stage-dump-truck-hydraulic-cylinder","status":"publish","type":"product","link":"https:\/\/fmp-components.com\/es\/product\/factory-customized-small-multi-stage-dump-truck-hydraulic-cylinder\/","title":{"rendered":"Cilindro hidr\u00e1ulico para cami\u00f3n volquete multietapa peque\u00f1o personalizado de f\u00e1brica"},"content":{"rendered":"<h2>Cilindro hidr\u00e1ulico para cami\u00f3n volquete multietapa peque\u00f1o personalizado de f\u00e1brica<\/h2>\n<p>FMP le ofrece un cilindro hidr\u00e1ulico para camiones volquete multietapa peque\u00f1os, fabricado a medida, ideal para talleres de reparaci\u00f3n de maquinaria, explotaciones agr\u00edcolas, el sector energ\u00e9tico, la miner\u00eda, la fabricaci\u00f3n de maquinaria y f\u00e1bricas de maquinaria. Este cilindro hidr\u00e1ulico no solo es altamente eficiente, sino tambi\u00e9n seguro y ahorra energ\u00eda.<\/p>\n<h3>Caracter\u00edsticas y funciones del producto<\/h3>\n<p>Este peque\u00f1o cilindro hidr\u00e1ulico multietapa para camiones volquete est\u00e1 dise\u00f1ado con una estructura de \u00e9mbolo est\u00e1ndar y es de accionamiento hidr\u00e1ulico. Su cuerpo es de acero, lo que le proporciona m\u00e1xima durabilidad y fiabilidad. Con un empuje m\u00e1ximo de 3000 y una fuerza de tracci\u00f3n m\u00e1xima de 20 toneladas, este cilindro hidr\u00e1ulico est\u00e1 dise\u00f1ado para funcionar en cualquier condici\u00f3n.<\/p>\n<h3>Especificaciones del producto<\/h3>\n<p>Nuestro cilindro hidr\u00e1ulico cuenta con la certificaci\u00f3n ISO 9001:2000, lo que garantiza su calidad y rendimiento. Es de elegante color negro y pesa 28 kg. El di\u00e1metro del cilindro var\u00eda de 2 a 6 pulgadas, el del v\u00e1stago de 1,125 a 4 pulgadas y la carrera de 4 a 100 pulgadas. El di\u00e1metro del pasador oscila entre 0,5 y 2 pulgadas. El producto incluye una garant\u00eda de 1 a\u00f1o para los componentes principales, como el rodamiento y el propio cilindro hidr\u00e1ulico.<\/p>\n<table style=\"width: 97.4897%;\" border=\"1\">\n<tbody>\n<tr>\n<td style=\"width: 42.8571%;\"><i>Tama\u00f1o del orificio<\/i><\/td>\n<td style=\"width: 395.429%;\">2-6 pulgadas<\/td>\n<\/tr>\n<tr>\n<td style=\"width: 42.8571%;\"><i>Tama\u00f1o de la varilla<\/i><\/td>\n<td style=\"width: 395.429%;\">1,125-4 pulgadas<\/td>\n<\/tr>\n<tr>\n<td style=\"width: 42.8571%;\"><i>Tama\u00f1o del trazo<\/i><\/td>\n<td style=\"width: 395.429%;\">4-100 pulgadas<\/td>\n<\/tr>\n<tr>\n<td style=\"width: 42.8571%;\"><i>Tama\u00f1o del pin<\/i><\/td>\n<td style=\"width: 395.429%;\">0,5-2 pulgadas<\/td>\n<\/tr>\n<tr>\n<td style=\"width: 42.8571%;\"><i>Puertos<\/i><\/td>\n<td style=\"width: 395.429%;\">G\/SAE\/NPT\/M<\/td>\n<\/tr>\n<\/tbody>\n<\/table>\n<h2>Sistemas hidr\u00e1ulicos y c\u00f3mo funcionan<\/h2>\n<p>El cilindro hidr\u00e1ulico act\u00faa como actuador en un sistema hidr\u00e1ulico. Convierte la energ\u00eda hidr\u00e1ulica en movimiento mec\u00e1nico y transforma la presi\u00f3n en fuerza. Por otro lado, la unidad de potencia es el n\u00facleo del sistema, ya que proporciona la energ\u00eda y las se\u00f1ales de control necesarias.<\/p>\n<p><img loading=\"lazy\" decoding=\"async\" class=\"alignnone  wp-image-6657\" src=\"https:\/\/fmp-components.com\/wp-content\/uploads\/2025\/03\/telescopic-hydraulic-cylinder-3.webp\" alt=\"cilindro hidr\u00e1ulico telesc\u00f3pico\" width=\"801\" height=\"801\" title=\"\" srcset=\"https:\/\/fmp-components.com\/wp-content\/uploads\/2025\/03\/telescopic-hydraulic-cylinder-3.webp 801w, https:\/\/fmp-components.com\/wp-content\/uploads\/2025\/03\/telescopic-hydraulic-cylinder-3-480x480.webp 480w\" sizes=\"(min-width: 0px) and (max-width: 480px) 480px, (min-width: 481px) 801px, 100vw\" \/><\/p>\n<h2>Aplicaciones de los cilindros hidr\u00e1ulicos<\/h2>\n<p>Nuestros cilindros hidr\u00e1ulicos son aplicables en una amplia gama de industrias, incluyendo talleres de reparaci\u00f3n de maquinaria, explotaciones agr\u00edcolas, energ\u00eda, miner\u00eda, fabricaci\u00f3n de maquinaria y f\u00e1bricas de maquinaria. Son \u00fatiles para levantar cargas pesadas, empujar o tirar objetos grandes y muchas otras aplicaciones que requieren un control potente y preciso.<\/p>\n<h3>Acerca de FMP<\/h3>\n<p class=\"break-words\">FMP es un fabricante italiano l\u00edder especializado en el dise\u00f1o, desarrollo y producci\u00f3n de cilindros hidr\u00e1ulicos de alta calidad. Con una rica tradici\u00f3n arraigada en d\u00e9cadas de experiencia, combinamos con orgullo la artesan\u00eda italiana con tecnolog\u00eda de vanguardia para ofrecer soluciones hidr\u00e1ulicas excepcionales, adaptadas a las diversas necesidades de nuestra clientela global. Con sede en Italia, un centro de excelencia en ingenier\u00eda, FMP se erige como una marca de confianza en la industria hidr\u00e1ulica, comprometida con el suministro de productos fiables, duraderos e innovadores que impulsan a empresas de todo el mundo.<\/p>\n<p class=\"break-words\">Nuestra empresa integra lo mejor de la fabricaci\u00f3n avanzada con un enfoque innovador. Gracias a a\u00f1os de experiencia en sistemas hidr\u00e1ulicos, FMP se ha convertido en una empresa moderna que destaca en investigaci\u00f3n, dise\u00f1o y producci\u00f3n. Nos especializamos en una amplia gama de cilindros hidr\u00e1ulicos, incluyendo cilindros de doble efecto, cilindros de elevaci\u00f3n para autom\u00f3viles, cilindros para maquinaria agr\u00edcola y soluciones de ingenier\u00eda personalizada para diversas aplicaciones industriales. Ya sea para construcci\u00f3n, instalaciones industriales, agricultura o maquinaria pesada, nuestros cilindros hidr\u00e1ulicos est\u00e1n dise\u00f1ados para funcionar en las condiciones m\u00e1s exigentes, garantizando seguridad, eficiencia y durabilidad.<\/p>\n<p><img loading=\"lazy\" decoding=\"async\" class=\"alignnone size-full wp-image-6720\" src=\"https:\/\/fmp-components.com\/wp-content\/uploads\/2025\/03\/hydraulic-cylinder-8.webp\" alt=\"Cilindros hidr\u00e1ulicos telesc\u00f3picos\" width=\"933\" height=\"526\" title=\"\" srcset=\"https:\/\/fmp-components.com\/wp-content\/uploads\/2025\/03\/hydraulic-cylinder-8.webp 933w, https:\/\/fmp-components.com\/wp-content\/uploads\/2025\/03\/hydraulic-cylinder-8-480x271.webp 480w\" sizes=\"(min-width: 0px) and (max-width: 480px) 480px, (min-width: 481px) 933px, 100vw\" \/><\/p>\n<p class=\"break-words\">En FMP, nos enorgullecemos de nuestras instalaciones de producci\u00f3n de vanguardia, equipadas con maquinaria de precisi\u00f3n y sistemas de prueba avanzados. Nuestros procesos de fabricaci\u00f3n cumplen rigurosos est\u00e1ndares nacionales e internacionales, lo que garantiza que cada cilindro hidr\u00e1ulico que sale de nuestra f\u00e1brica sea de la m\u00e1s alta calidad y fiabilidad. Nuestro equipo t\u00e9cnico cualificado, junto con equipos de vanguardia, nos permite mantener un estricto control de calidad en cada etapa de la producci\u00f3n, desde la selecci\u00f3n de la materia prima hasta la inspecci\u00f3n final. Esta dedicaci\u00f3n a la excelencia nos ha valido certificaciones y el reconocimiento de las autoridades del sector, consolidando a\u00fan m\u00e1s nuestra reputaci\u00f3n como socio confiable.<\/p>\n<p class=\"break-words\">Nuestra misi\u00f3n es simple pero ambiciosa: ofrecer a nuestros clientes cilindros hidr\u00e1ulicos que superen sus expectativas en rendimiento, durabilidad y valor. Nos guiamos por los principios de profesionalismo, integridad y orientaci\u00f3n al cliente. Fomentando una cultura de innovaci\u00f3n y precisi\u00f3n, perfeccionamos continuamente nuestros productos para mantenernos a la vanguardia en un mercado competitivo. Nuestra amplia gama de productos y nuestra capacidad para ofrecer soluciones a medida nos convierten en la opci\u00f3n predilecta para las empresas que buscan cilindros hidr\u00e1ulicos de alto rendimiento.<\/p>\n<p class=\"break-words\">FMP es m\u00e1s que un simple fabricante: somos un socio clave para su \u00e9xito. Entendemos que nuestros clientes conf\u00edan en nosotros para ofrecerles herramientas que mejoran su productividad y seguridad. Por eso, nos comprometemos a ofrecer no solo productos de primera calidad, sino tambi\u00e9n un servicio excepcional. Desde la consulta inicial hasta el soporte posventa, trabajamos estrechamente con nuestros clientes para garantizar que sus necesidades se satisfagan con profesionalismo y atenci\u00f3n. Nuestros precios competitivos, junto con nuestro firme compromiso con la calidad, hacen de FMP la opci\u00f3n inteligente para las empresas que buscan invertir en soluciones hidr\u00e1ulicas de confianza.<\/p>","protected":false},"excerpt":{"rendered":"<p>Factory Customized Small Multi Stage Dump Truck Hydraulic Cylinder FMP brings you a Factory Customized Small Multi Stage Dump Truck hydraulic cylinder, perfect for machinery repair shops, farms, energy, mining, machinery manufacturing, and machinery factories. This hydraulic cylinder is not only highly efficient but also energy-saving and safe. Product Features and Functions This small multi-stage [&hellip;]<\/p>","protected":false},"featured_media":6776,"comment_status":"closed","ping_status":"closed","template":"","meta":{"_et_pb_use_builder":"","_et_pb_old_content":"","_et_gb_content_width":""},"product_brand":[],"product_cat":[103],"product_tag":[34,105],"class_list":{"0":"post-6636","1":"product","2":"type-product","3":"status-publish","4":"has-post-thumbnail","6":"product_cat-telescopic-hydraulic-cylinders","7":"product_tag-hydraulic-cylinder","8":"product_tag-telescopic-hydraulic-cylinders","10":"first","11":"instock","12":"product-type-simple"},"_links":{"self":[{"href":"https:\/\/fmp-components.com\/es\/wp-json\/wp\/v2\/product\/6636","targetHints":{"allow":["GET"]}}],"collection":[{"href":"https:\/\/fmp-components.com\/es\/wp-json\/wp\/v2\/product"}],"about":[{"href":"https:\/\/fmp-components.com\/es\/wp-json\/wp\/v2\/types\/product"}],"replies":[{"embeddable":true,"href":"https:\/\/fmp-components.com\/es\/wp-json\/wp\/v2\/comments?post=6636"}],"wp:featuredmedia":[{"embeddable":true,"href":"https:\/\/fmp-components.com\/es\/wp-json\/wp\/v2\/media\/6776"}],"wp:attachment":[{"href":"https:\/\/fmp-components.com\/es\/wp-json\/wp\/v2\/media?parent=6636"}],"wp:term":[{"taxonomy":"product_brand","embeddable":true,"href":"https:\/\/fmp-components.com\/es\/wp-json\/wp\/v2\/product_brand?post=6636"},{"taxonomy":"product_cat","embeddable":true,"href":"https:\/\/fmp-components.com\/es\/wp-json\/wp\/v2\/product_cat?post=6636"},{"taxonomy":"product_tag","embeddable":true,"href":"https:\/\/fmp-components.com\/es\/wp-json\/wp\/v2\/product_tag?post=6636"}],"curies":[{"name":"gracias","href":"https:\/\/api.w.org\/{rel}","templated":true}]}}