{"id":6633,"date":"2025-03-11T06:35:17","date_gmt":"2025-03-11T06:35:17","guid":{"rendered":"https:\/\/fmp-components.com\/product\/5-stage-hydraulic-telescopic-cylinder-flatbed-tow-truck-hydraulic-cylinder"},"modified":"2025-03-12T08:46:08","modified_gmt":"2025-03-12T08:46:08","slug":"5-stage-hydraulic-telescopic-cylinder-flatbed-tow-truck-hydraulic-cylinder","status":"publish","type":"product","link":"https:\/\/fmp-components.com\/es\/product\/5-stage-hydraulic-telescopic-cylinder-flatbed-tow-truck-hydraulic-cylinder\/","title":{"rendered":"Cilindro hidr\u00e1ulico telesc\u00f3pico de 5 etapas para gr\u00faa de plataforma"},"content":{"rendered":"<h2>Cilindro hidr\u00e1ulico telesc\u00f3pico de 5 etapas para gr\u00faa de plataforma<\/h2>\n<p>Presentamos nuestro nuevo cilindro telesc\u00f3pico hidr\u00e1ulico de 5 etapas para gr\u00faas de plataforma, un producto de vanguardia que ofrece un rendimiento y una durabilidad superiores. Este cilindro hidr\u00e1ulico es un componente clave en diversas industrias, como talleres de reparaci\u00f3n de maquinaria, granjas, energ\u00eda y miner\u00eda, y f\u00e1bricas de maquinaria. Con su estructura est\u00e1ndar y potencia hidr\u00e1ulica, este producto es una herramienta esencial en sus operaciones.<\/p>\n<h3>Especificaciones del producto<\/h3>\n<p>Nuestro cilindro telesc\u00f3pico hidr\u00e1ulico de 5 etapas est\u00e1 fabricado con acero de alta calidad, lo que garantiza su durabilidad y fiabilidad a largo plazo. Incluye un a\u00f1o de garant\u00eda y componentes esenciales, como un rodamiento y el propio cilindro hidr\u00e1ulico. El producto tambi\u00e9n cuenta con las siguientes caracter\u00edsticas t\u00e9cnicas:<\/p>\n<table style=\"width: 92.4062%;\" border=\"\">\n<tbody>\n<tr>\n<td style=\"width: 43.4286%;\"><b>Tama\u00f1o del orificio<\/b><\/td>\n<td style=\"width: 381.714%;\">2-6 pulgadas<\/td>\n<\/tr>\n<tr>\n<td style=\"width: 43.4286%;\"><b>Tama\u00f1o de la varilla<\/b><\/td>\n<td style=\"width: 381.714%;\">1,125-4 pulgadas<\/td>\n<\/tr>\n<tr>\n<td style=\"width: 43.4286%;\"><b>Tama\u00f1o del trazo<\/b><\/td>\n<td style=\"width: 381.714%;\">4-100 pulgadas<\/td>\n<\/tr>\n<tr>\n<td style=\"width: 43.4286%;\"><b>Tama\u00f1o del pin<\/b><\/td>\n<td style=\"width: 381.714%;\">0,5-2 pulgadas<\/td>\n<\/tr>\n<tr>\n<td style=\"width: 43.4286%;\"><b>Puertos<\/b><\/td>\n<td style=\"width: 381.714%;\">G\/SAE\/NPT\/M<\/td>\n<\/tr>\n<\/tbody>\n<\/table>\n<p><img loading=\"lazy\" decoding=\"async\" class=\"alignnone  wp-image-6658\" src=\"https:\/\/fmp-components.com\/wp-content\/uploads\/2025\/03\/telescopic-hydraulic-cylinder-6.webp\" alt=\"cilindro hidr\u00e1ulico telesc\u00f3pico\" width=\"777\" height=\"777\" title=\"\" srcset=\"https:\/\/fmp-components.com\/wp-content\/uploads\/2025\/03\/telescopic-hydraulic-cylinder-6.webp 777w, https:\/\/fmp-components.com\/wp-content\/uploads\/2025\/03\/telescopic-hydraulic-cylinder-6-480x480.webp 480w\" sizes=\"(min-width: 0px) and (max-width: 480px) 480px, (min-width: 481px) 777px, 100vw\" \/><\/p>\n<h2>Caracter\u00edsticas y beneficios \u00fanicos<\/h2>\n<ul>\n<li>Eficiencia energ\u00e9tica: Nuestro cilindro hidr\u00e1ulico est\u00e1 dise\u00f1ado para optimizar el uso de energ\u00eda, reduciendo costos.<\/li>\n<li>Alto rendimiento: con un empuje m\u00e1ximo de 3000 y una tracci\u00f3n m\u00e1xima de 20 toneladas, garantiza un funcionamiento suave y eficiente.<\/li>\n<li>Seguridad: El producto cumple con las normas ISO9001:2000, garantizando la seguridad y confiabilidad de su uso.<\/li>\n<\/ul>\n<h2>Sistemas hidr\u00e1ulicos y principio de funcionamiento<\/h2>\n<p>El cilindro hidr\u00e1ulico, como parte integral de los sistemas hidr\u00e1ulicos, funciona convirtiendo la presi\u00f3n del fluido en fuerza y \u200b\u200bmovimiento. Es un componente esencial en diversas m\u00e1quinas y equipos, proporcionando la potencia y el control necesarios para un funcionamiento eficiente.<\/p>\n<h2>Escenarios de aplicaci\u00f3n<\/h2>\n<p>Nuestro cilindro telesc\u00f3pico hidr\u00e1ulico de 5 etapas es vers\u00e1til y se puede utilizar en una amplia variedad de industrias, incluidos talleres de reparaci\u00f3n de maquinaria, granjas, energ\u00eda y miner\u00eda, fabricaci\u00f3n de maquinaria y f\u00e1bricas de maquinaria.<\/p>\n<h2>Cilindros hidr\u00e1ulicos y unidades de potencia<\/h2>\n<p>Un cilindro hidr\u00e1ulico y una unidad de potencia son componentes esenciales de un sistema hidr\u00e1ulico. Trabajan juntos para garantizar la amplia aplicaci\u00f3n de la tecnolog\u00eda hidr\u00e1ulica en el sector industrial, proporcionando potencia y control fiables para diversos equipos de ingenier\u00eda y mec\u00e1nicos. FMP tambi\u00e9n ofrece unidades de potencia a la venta.<\/p>\n<h3>Preguntas frecuentes<\/h3>\n<p><b>P: \u00bfCu\u00e1nto tiempo es el tiempo de entrega del cilindro telesc\u00f3pico hidr\u00e1ulico de 5 etapas?<\/b><br \/>\nA: El tiempo de entrega general es de 25 a 35 d\u00edas.<\/p>\n<p><b>P: \u00bfProporcionan muestras?<\/b><br \/>\nR: S\u00ed, ofrecemos muestras, pero no son gratuitas.<\/p>\n<p><b>P: \u00bfPuedo personalizar el cilindro telesc\u00f3pico hidr\u00e1ulico de 5 etapas seg\u00fan mis necesidades?<\/b><br \/>\nR: S\u00ed, podemos personalizar el producto seg\u00fan sus muestras o dibujos t\u00e9cnicos.<\/p>\n<h3>Acerca de FMP<\/h3>\n<p class=\"break-words\">FMP es un fabricante italiano l\u00edder especializado en el dise\u00f1o, desarrollo y producci\u00f3n de cilindros hidr\u00e1ulicos de alta calidad. Con una rica tradici\u00f3n arraigada en d\u00e9cadas de experiencia, combinamos con orgullo la artesan\u00eda italiana con tecnolog\u00eda de vanguardia para ofrecer soluciones hidr\u00e1ulicas excepcionales, adaptadas a las diversas necesidades de nuestra clientela global. Con sede en Italia, un centro de excelencia en ingenier\u00eda, FMP se erige como una marca de confianza en la industria hidr\u00e1ulica, comprometida con el suministro de productos fiables, duraderos e innovadores que impulsan a empresas de todo el mundo.<\/p>\n<p class=\"break-words\">Nuestra empresa integra lo mejor de la fabricaci\u00f3n avanzada con un enfoque innovador. Gracias a a\u00f1os de experiencia en sistemas hidr\u00e1ulicos, FMP se ha convertido en una empresa moderna que destaca en investigaci\u00f3n, dise\u00f1o y producci\u00f3n. Nos especializamos en una amplia gama de cilindros hidr\u00e1ulicos, incluyendo cilindros de doble efecto, cilindros de elevaci\u00f3n para autom\u00f3viles, cilindros para maquinaria agr\u00edcola y soluciones de ingenier\u00eda personalizada para diversas aplicaciones industriales. Ya sea para construcci\u00f3n, instalaciones industriales, agricultura o maquinaria pesada, nuestros cilindros hidr\u00e1ulicos est\u00e1n dise\u00f1ados para funcionar en las condiciones m\u00e1s exigentes, garantizando seguridad, eficiencia y durabilidad.<\/p>\n<p><img loading=\"lazy\" decoding=\"async\" class=\"alignnone size-full wp-image-6720\" src=\"https:\/\/fmp-components.com\/wp-content\/uploads\/2025\/03\/hydraulic-cylinder-8.webp\" alt=\"Cilindros hidr\u00e1ulicos telesc\u00f3picos\" width=\"933\" height=\"526\" title=\"\" srcset=\"https:\/\/fmp-components.com\/wp-content\/uploads\/2025\/03\/hydraulic-cylinder-8.webp 933w, https:\/\/fmp-components.com\/wp-content\/uploads\/2025\/03\/hydraulic-cylinder-8-480x271.webp 480w\" sizes=\"(min-width: 0px) and (max-width: 480px) 480px, (min-width: 481px) 933px, 100vw\" \/><\/p>\n<p class=\"break-words\">En FMP, nos enorgullecemos de nuestras instalaciones de producci\u00f3n de vanguardia, equipadas con maquinaria de precisi\u00f3n y sistemas de prueba avanzados. Nuestros procesos de fabricaci\u00f3n cumplen rigurosos est\u00e1ndares nacionales e internacionales, lo que garantiza que cada cilindro hidr\u00e1ulico que sale de nuestra f\u00e1brica sea de la m\u00e1s alta calidad y fiabilidad. Nuestro equipo t\u00e9cnico cualificado, junto con equipos de vanguardia, nos permite mantener un estricto control de calidad en cada etapa de la producci\u00f3n, desde la selecci\u00f3n de la materia prima hasta la inspecci\u00f3n final. Esta dedicaci\u00f3n a la excelencia nos ha valido certificaciones y el reconocimiento de las autoridades del sector, consolidando a\u00fan m\u00e1s nuestra reputaci\u00f3n como socio confiable.<\/p>\n<p class=\"break-words\">Nuestra misi\u00f3n es simple pero ambiciosa: ofrecer a nuestros clientes cilindros hidr\u00e1ulicos que superen sus expectativas en rendimiento, durabilidad y valor. Nos guiamos por los principios de profesionalismo, integridad y orientaci\u00f3n al cliente. Fomentando una cultura de innovaci\u00f3n y precisi\u00f3n, perfeccionamos continuamente nuestros productos para mantenernos a la vanguardia en un mercado competitivo. Nuestra amplia gama de productos y nuestra capacidad para ofrecer soluciones a medida nos convierten en la opci\u00f3n predilecta para las empresas que buscan cilindros hidr\u00e1ulicos de alto rendimiento.<\/p>\n<p class=\"break-words\">FMP es m\u00e1s que un simple fabricante: somos un socio clave para su \u00e9xito. Entendemos que nuestros clientes conf\u00edan en nosotros para ofrecerles herramientas que mejoran su productividad y seguridad. Por eso, nos comprometemos a ofrecer no solo productos de primera calidad, sino tambi\u00e9n un servicio excepcional. Desde la consulta inicial hasta el soporte posventa, trabajamos estrechamente con nuestros clientes para garantizar que sus necesidades se satisfagan con profesionalismo y atenci\u00f3n. Nuestros precios competitivos, junto con nuestro firme compromiso con la calidad, hacen de FMP la opci\u00f3n inteligente para las empresas que buscan invertir en soluciones hidr\u00e1ulicas de confianza.<\/p>","protected":false},"excerpt":{"rendered":"<p>5 Stage Hydraulic Telescopic Cylinder Flatbed Tow Truck Hydraulic Cylinder Introducing our new 5 Stage Hydraulic Telescopic Cylinder for Flatbed Tow Trucks, a state-of-the-art product that offers superior performance and durability. This hydraulic cylinder is a key component in many industries, including machinery repair shops, farms, energy &amp; mining, machinery manufacturing, and machinery factories. With [&hellip;]<\/p>","protected":false},"featured_media":6772,"comment_status":"closed","ping_status":"closed","template":"","meta":{"_et_pb_use_builder":"","_et_pb_old_content":"","_et_gb_content_width":""},"product_brand":[],"product_cat":[103],"product_tag":[34,105],"class_list":{"0":"post-6633","1":"product","2":"type-product","3":"status-publish","4":"has-post-thumbnail","6":"product_cat-telescopic-hydraulic-cylinders","7":"product_tag-hydraulic-cylinder","8":"product_tag-telescopic-hydraulic-cylinders","10":"first","11":"instock","12":"product-type-simple"},"_links":{"self":[{"href":"https:\/\/fmp-components.com\/es\/wp-json\/wp\/v2\/product\/6633","targetHints":{"allow":["GET"]}}],"collection":[{"href":"https:\/\/fmp-components.com\/es\/wp-json\/wp\/v2\/product"}],"about":[{"href":"https:\/\/fmp-components.com\/es\/wp-json\/wp\/v2\/types\/product"}],"replies":[{"embeddable":true,"href":"https:\/\/fmp-components.com\/es\/wp-json\/wp\/v2\/comments?post=6633"}],"wp:featuredmedia":[{"embeddable":true,"href":"https:\/\/fmp-components.com\/es\/wp-json\/wp\/v2\/media\/6772"}],"wp:attachment":[{"href":"https:\/\/fmp-components.com\/es\/wp-json\/wp\/v2\/media?parent=6633"}],"wp:term":[{"taxonomy":"product_brand","embeddable":true,"href":"https:\/\/fmp-components.com\/es\/wp-json\/wp\/v2\/product_brand?post=6633"},{"taxonomy":"product_cat","embeddable":true,"href":"https:\/\/fmp-components.com\/es\/wp-json\/wp\/v2\/product_cat?post=6633"},{"taxonomy":"product_tag","embeddable":true,"href":"https:\/\/fmp-components.com\/es\/wp-json\/wp\/v2\/product_tag?post=6633"}],"curies":[{"name":"gracias","href":"https:\/\/api.w.org\/{rel}","templated":true}]}}