{"id":6627,"date":"2025-03-11T06:35:17","date_gmt":"2025-03-11T06:35:17","guid":{"rendered":"https:\/\/fmp-components.com\/product\/customized-small-multistage-dump-truck-hydraulic-cylinder"},"modified":"2025-03-14T00:34:14","modified_gmt":"2025-03-14T00:34:14","slug":"customized-small-multistage-dump-truck-hydraulic-cylinder","status":"publish","type":"product","link":"https:\/\/fmp-components.com\/es\/product\/customized-small-multistage-dump-truck-hydraulic-cylinder\/","title":{"rendered":"Cilindro hidr\u00e1ulico personalizado para cami\u00f3n volquete multietapa peque\u00f1o"},"content":{"rendered":"<h2>Cilindro hidr\u00e1ulico personalizado para cami\u00f3n volquete multietapa peque\u00f1o<\/h2>\n<p>Presentamos nuestro cilindro hidr\u00e1ulico multietapa personalizado de alta gama para camiones volquete peque\u00f1os. Es una herramienta vers\u00e1til y robusta, dise\u00f1ada para diversos sectores industriales. Ideal para talleres de reparaci\u00f3n de maquinaria, granjas, sectores energ\u00e9tico y minero, y f\u00e1bricas de maquinaria. Su impecable dise\u00f1o y funcionalidad superior lo convierten en un recurso indispensable en aplicaciones hidr\u00e1ulicas.<\/p>\n<h2>Especificaciones del producto<\/h2>\n<p>El cilindro hidr\u00e1ulico tiene un a\u00f1o de garant\u00eda y pesa tan solo 27 kg. Es un producto est\u00e1ndar fabricado con un robusto cuerpo de acero, capaz de soportar un empuje m\u00e1ximo de 3000 y una tracci\u00f3n m\u00e1xima de 20 toneladas. El cilindro cuenta con la certificaci\u00f3n ISO 9001:2000 y est\u00e1 disponible en un elegante color negro.<\/p>\n<table style=\"width: 102.27%;\" border=\"\">\n<tbody>\n<tr>\n<th style=\"width: 17.0854%;\">Tama\u00f1o del orificio<\/th>\n<th style=\"width: 20.3518%;\">Tama\u00f1o de la varilla<\/th>\n<th style=\"width: 19.8492%;\">Tama\u00f1o del trazo<\/th>\n<th style=\"width: 16.3317%;\">Tama\u00f1o del pin<\/th>\n<th style=\"width: 126.884%;\">Puertos<\/th>\n<\/tr>\n<tr>\n<td style=\"width: 17.0854%;\">2-6 pulgadas<\/td>\n<td style=\"width: 20.3518%;\">1,125-4 pulgadas<\/td>\n<td style=\"width: 19.8492%;\">4-100 pulgadas<\/td>\n<td style=\"width: 16.3317%;\">0,5-2 pulgadas<\/td>\n<td style=\"width: 126.884%;\">G\/SAE\/NPT\/M<\/td>\n<\/tr>\n<\/tbody>\n<\/table>\n<h2>Caracter\u00edsticas y ventajas \u00fanicas<\/h2>\n<ul>\n<li>Eficiencia energ\u00e9tica: El cilindro hidr\u00e1ulico funciona con un consumo m\u00ednimo de energ\u00eda, maximizando la productividad y minimizando los costos.<\/li>\n<li>Alta eficiencia: Su dise\u00f1o multietapa asegura un rendimiento y eficiencia \u00f3ptimos en todas las aplicaciones.<\/li>\n<li>Seguridad: Nuestros cilindros hidr\u00e1ulicos est\u00e1n dise\u00f1ados con la seguridad como prioridad, garantizando un funcionamiento confiable y minimizando el riesgo de accidentes.<\/li>\n<\/ul>\n<h2>Comprensi\u00f3n de los sistemas hidr\u00e1ulicos<\/h2>\n<p>El sistema hidr\u00e1ulico funciona seg\u00fan el principio de la mec\u00e1nica de fluidos. El cilindro hidr\u00e1ulico multietapa es un componente crucial que convierte la energ\u00eda hidr\u00e1ulica en energ\u00eda mec\u00e1nica, proporcionando la potencia necesaria para diversas m\u00e1quinas y equipos.<\/p>\n<h2>Cilindros hidr\u00e1ulicos y unidades de potencia<\/h2>\n<p>El cilindro hidr\u00e1ulico y la unidad de potencia son partes integrales de un sistema hidr\u00e1ulico. Su sinergia garantiza la amplia aplicaci\u00f3n de la tecnolog\u00eda hidr\u00e1ulica en sectores industriales, proporcionando potencia y control fiables para diversos equipos de ingenier\u00eda y maquinaria. FMP tambi\u00e9n ofrece unidades de potencia a la venta.<\/p>\n<h2>Preguntas frecuentes<\/h2>\n<ol>\n<li>P: \u00bfEs usted una empresa comercial o un fabricante?<br \/>\nA: Somos una f\u00e1brica.<\/li>\n<li>P: \u00bfCu\u00e1nto tiempo dura el env\u00edo?<br \/>\nR: Generalmente son entre 25 y 35 d\u00edas.<\/li>\n<li>P: \u00bfPueden producir seg\u00fan las muestras?<br \/>\nR: S\u00ed, podemos fabricarlo seg\u00fan sus muestras o planos t\u00e9cnicos. Fabricamos los moldes y accesorios.<\/li>\n<\/ol>\n<h3>Acerca de FMP<\/h3>\n<p class=\"break-words\">FMP es un fabricante italiano l\u00edder especializado en el dise\u00f1o, desarrollo y producci\u00f3n de cilindros hidr\u00e1ulicos de alta calidad. Con una rica tradici\u00f3n arraigada en d\u00e9cadas de experiencia, combinamos con orgullo la artesan\u00eda italiana con tecnolog\u00eda de vanguardia para ofrecer soluciones hidr\u00e1ulicas excepcionales, adaptadas a las diversas necesidades de nuestra clientela global. Con sede en Italia, un centro de excelencia en ingenier\u00eda, FMP se erige como una marca de confianza en la industria hidr\u00e1ulica, comprometida con el suministro de productos fiables, duraderos e innovadores que impulsan a empresas de todo el mundo.<\/p>\n<p class=\"break-words\">Nuestra empresa integra lo mejor de la fabricaci\u00f3n avanzada con un enfoque innovador. Gracias a a\u00f1os de experiencia en sistemas hidr\u00e1ulicos, FMP se ha convertido en una empresa moderna que destaca en investigaci\u00f3n, dise\u00f1o y producci\u00f3n. Nos especializamos en una amplia gama de cilindros hidr\u00e1ulicos, incluyendo cilindros de doble efecto, cilindros de elevaci\u00f3n para autom\u00f3viles, cilindros para maquinaria agr\u00edcola y soluciones de ingenier\u00eda personalizada para diversas aplicaciones industriales. Ya sea para construcci\u00f3n, instalaciones industriales, agricultura o maquinaria pesada, nuestros cilindros hidr\u00e1ulicos est\u00e1n dise\u00f1ados para funcionar en las condiciones m\u00e1s exigentes, garantizando seguridad, eficiencia y durabilidad.<\/p>\n<p><img loading=\"lazy\" decoding=\"async\" class=\"alignnone size-full wp-image-6720\" src=\"https:\/\/fmp-components.com\/wp-content\/uploads\/2025\/03\/hydraulic-cylinder-8.webp\" alt=\"Cilindros hidr\u00e1ulicos telesc\u00f3picos\" width=\"933\" height=\"526\" title=\"\" srcset=\"https:\/\/fmp-components.com\/wp-content\/uploads\/2025\/03\/hydraulic-cylinder-8.webp 933w, https:\/\/fmp-components.com\/wp-content\/uploads\/2025\/03\/hydraulic-cylinder-8-480x271.webp 480w\" sizes=\"(min-width: 0px) and (max-width: 480px) 480px, (min-width: 481px) 933px, 100vw\" \/><\/p>\n<p class=\"break-words\">En FMP, nos enorgullecemos de nuestras instalaciones de producci\u00f3n de vanguardia, equipadas con maquinaria de precisi\u00f3n y sistemas de prueba avanzados. Nuestros procesos de fabricaci\u00f3n cumplen rigurosos est\u00e1ndares nacionales e internacionales, lo que garantiza que cada cilindro hidr\u00e1ulico que sale de nuestra f\u00e1brica sea de la m\u00e1s alta calidad y fiabilidad. Nuestro equipo t\u00e9cnico cualificado, junto con equipos de vanguardia, nos permite mantener un estricto control de calidad en cada etapa de la producci\u00f3n, desde la selecci\u00f3n de la materia prima hasta la inspecci\u00f3n final. Esta dedicaci\u00f3n a la excelencia nos ha valido certificaciones y el reconocimiento de las autoridades del sector, consolidando a\u00fan m\u00e1s nuestra reputaci\u00f3n como socio confiable.<\/p>\n<p class=\"break-words\">Nuestra misi\u00f3n es simple pero ambiciosa: ofrecer a nuestros clientes cilindros hidr\u00e1ulicos que superen sus expectativas en rendimiento, durabilidad y valor. Nos guiamos por los principios de profesionalismo, integridad y orientaci\u00f3n al cliente. Fomentando una cultura de innovaci\u00f3n y precisi\u00f3n, perfeccionamos continuamente nuestros productos para mantenernos a la vanguardia en un mercado competitivo. Nuestra amplia gama de productos y nuestra capacidad para ofrecer soluciones a medida nos convierten en la opci\u00f3n predilecta para las empresas que buscan cilindros hidr\u00e1ulicos de alto rendimiento.<\/p>\n<p class=\"break-words\">FMP es m\u00e1s que un simple fabricante: somos un socio clave para su \u00e9xito. Entendemos que nuestros clientes conf\u00edan en nosotros para ofrecerles herramientas que mejoran su productividad y seguridad. Por eso, nos comprometemos a ofrecer no solo productos de primera calidad, sino tambi\u00e9n un servicio excepcional. Desde la consulta inicial hasta el soporte posventa, trabajamos estrechamente con nuestros clientes para garantizar que sus necesidades se satisfagan con profesionalismo y atenci\u00f3n. Nuestros precios competitivos, junto con nuestro firme compromiso con la calidad, hacen de FMP la opci\u00f3n inteligente para las empresas que buscan invertir en soluciones hidr\u00e1ulicas de confianza.<\/p>","protected":false},"excerpt":{"rendered":"<p>Customized Small Multistage Dump Truck Hydraulic Cylinder Introducing our top-tier, Customized Small Multistage Dump Truck hydraulic cylinder, a versatile and robust tool engineered for various industrial sectors. Perfect for machinery repair shops, farms, energy &amp; mining sectors, machinery manufacturing, and machinery factories. Its impeccable design and superior functionality make it an indispensable asset in hydraulic [&hellip;]<\/p>","protected":false},"featured_media":6781,"comment_status":"closed","ping_status":"closed","template":"","meta":{"_et_pb_use_builder":"","_et_pb_old_content":"","_et_gb_content_width":""},"product_brand":[],"product_cat":[103],"product_tag":[34,105],"class_list":{"0":"post-6627","1":"product","2":"type-product","3":"status-publish","4":"has-post-thumbnail","6":"product_cat-telescopic-hydraulic-cylinders","7":"product_tag-hydraulic-cylinder","8":"product_tag-telescopic-hydraulic-cylinders","10":"first","11":"instock","12":"product-type-simple"},"_links":{"self":[{"href":"https:\/\/fmp-components.com\/es\/wp-json\/wp\/v2\/product\/6627","targetHints":{"allow":["GET"]}}],"collection":[{"href":"https:\/\/fmp-components.com\/es\/wp-json\/wp\/v2\/product"}],"about":[{"href":"https:\/\/fmp-components.com\/es\/wp-json\/wp\/v2\/types\/product"}],"replies":[{"embeddable":true,"href":"https:\/\/fmp-components.com\/es\/wp-json\/wp\/v2\/comments?post=6627"}],"wp:featuredmedia":[{"embeddable":true,"href":"https:\/\/fmp-components.com\/es\/wp-json\/wp\/v2\/media\/6781"}],"wp:attachment":[{"href":"https:\/\/fmp-components.com\/es\/wp-json\/wp\/v2\/media?parent=6627"}],"wp:term":[{"taxonomy":"product_brand","embeddable":true,"href":"https:\/\/fmp-components.com\/es\/wp-json\/wp\/v2\/product_brand?post=6627"},{"taxonomy":"product_cat","embeddable":true,"href":"https:\/\/fmp-components.com\/es\/wp-json\/wp\/v2\/product_cat?post=6627"},{"taxonomy":"product_tag","embeddable":true,"href":"https:\/\/fmp-components.com\/es\/wp-json\/wp\/v2\/product_tag?post=6627"}],"curies":[{"name":"gracias","href":"https:\/\/api.w.org\/{rel}","templated":true}]}}