{"id":6626,"date":"2025-03-11T06:33:57","date_gmt":"2025-03-11T06:33:57","guid":{"rendered":"https:\/\/fmp-components.com\/product\/3-stage-small-hydraulic-cylinder-telescopic-dump-truck-hydraulic-cylinder"},"modified":"2025-03-18T01:03:30","modified_gmt":"2025-03-18T01:03:30","slug":"3-stage-small-hydraulic-cylinder-telescopic-dump-truck-hydraulic-cylinder","status":"publish","type":"product","link":"https:\/\/fmp-components.com\/es\/product\/3-stage-small-hydraulic-cylinder-telescopic-dump-truck-hydraulic-cylinder\/","title":{"rendered":"Cilindro hidr\u00e1ulico peque\u00f1o de 3 etapas para cami\u00f3n volquete telesc\u00f3pico"},"content":{"rendered":"<h2>Cilindro hidr\u00e1ulico peque\u00f1o de 3 etapas para cami\u00f3n volquete telesc\u00f3pico<\/h2>\n<p>Presentamos el cilindro hidr\u00e1ulico peque\u00f1o de 3 etapas para camiones volquete telesc\u00f3picos, un nuevo producto para 2025, dise\u00f1ado para brindar eficiencia y durabilidad. Este cilindro hidr\u00e1ulico es un componente crucial en talleres de reparaci\u00f3n de maquinaria, granjas, industrias energ\u00e9ticas y mineras, y f\u00e1bricas de maquinaria. Con 1 a\u00f1o de garant\u00eda y certificaci\u00f3n ISO9001:2000, garantiza un rendimiento confiable y garant\u00eda de calidad.<\/p>\n<h3>Especificaciones t\u00e9cnicas<\/h3>\n<p>El cilindro hidr\u00e1ulico peque\u00f1o de 3 etapas para cami\u00f3n volquete telesc\u00f3pico cuenta con un cuerpo de acero y una estructura de cilindro de \u00e9mbolo est\u00e1ndar. Funciona con potencia hidr\u00e1ulica, con un empuje m\u00e1ximo de 3000 y una tracci\u00f3n m\u00e1xima de 20 toneladas. A continuaci\u00f3n, se detallan las especificaciones:<\/p>\n<table style=\"width: 95.9759%;\">\n<tbody>\n<tr>\n<th style=\"width: 42.8571%;\">Tama\u00f1o del orificio<\/th>\n<th style=\"width: 388.571%;\">2-6 pulgadas<\/th>\n<\/tr>\n<tr>\n<td style=\"width: 42.8571%;\">Tama\u00f1o de la varilla<\/td>\n<td style=\"width: 388.571%;\">1,125-4 pulgadas<\/td>\n<\/tr>\n<tr>\n<td style=\"width: 42.8571%;\">Tama\u00f1o del trazo<\/td>\n<td style=\"width: 388.571%;\">4-100 pulgadas<\/td>\n<\/tr>\n<tr>\n<td style=\"width: 42.8571%;\">Tama\u00f1o del pin<\/td>\n<td style=\"width: 388.571%;\">0,5-2 pulgadas<\/td>\n<\/tr>\n<tr>\n<td style=\"width: 42.8571%;\">Puertos<\/td>\n<td style=\"width: 388.571%;\">G\/SAE\/NPT\/M<\/td>\n<\/tr>\n<\/tbody>\n<\/table>\n<h3>Caracter\u00edsticas y ventajas \u00fanicas<\/h3>\n<p>Este cilindro hidr\u00e1ulico es energ\u00e9ticamente eficiente, altamente eficiente y seguro de usar. Su dise\u00f1o multietapa permite mayores longitudes de extensi\u00f3n, lo que lo hace ideal para aplicaciones que requieren carreras largas pero con espacio de instalaci\u00f3n limitado. Tambi\u00e9n destaca por su alta capacidad de carga, resiliencia y dise\u00f1o compacto.<\/p>\n<h2>Sistemas hidr\u00e1ulicos y principio de funcionamiento<\/h2>\n<p>Los sistemas hidr\u00e1ulicos se dise\u00f1an en torno al principio fundamental de la presi\u00f3n del fluido. En el n\u00facleo de estos sistemas se encuentra el cilindro hidr\u00e1ulico, que desempe\u00f1a un papel crucial en la conversi\u00f3n de energ\u00eda hidr\u00e1ulica en movimiento mec\u00e1nico. Al introducir fluido hidr\u00e1ulico en el cilindro, este se presuriza, lo que provoca el movimiento del pist\u00f3n en su interior. Este movimiento del pist\u00f3n est\u00e1 directamente relacionado con una varilla fijada a \u00e9l; a medida que el pist\u00f3n se mueve, la varilla se extiende o se retrae. Este movimiento lineal se aprovecha para realizar diversos tipos de trabajo, como levantar cargas pesadas, empujar equipos o aplicar fuerza en procesos de fabricaci\u00f3n.<\/p>\n<p>La eficiencia de los sistemas hidr\u00e1ulicos se debe en gran medida a la ley de Pascal, que establece que cuando se aplica presi\u00f3n a un fluido confinado, esta se transmite sin disminuir en todas las direcciones. Esto significa que una fuerza relativamente peque\u00f1a aplicada en un punto puede generar una fuerza mucho mayor en otro, lo que permite importantes ventajas mec\u00e1nicas en tareas que requieren levantar objetos pesados \u200b\u200bo movimientos precisos.<\/p>\n<p><img loading=\"lazy\" decoding=\"async\" class=\"alignnone size-full wp-image-6787\" src=\"https:\/\/fmp-components.com\/wp-content\/uploads\/2025\/03\/Telescopic-Hydraulic-Cylinders-3.webp\" alt=\"Cilindros hidr\u00e1ulicos telesc\u00f3picos\" width=\"800\" height=\"800\" title=\"\" srcset=\"https:\/\/fmp-components.com\/wp-content\/uploads\/2025\/03\/Telescopic-Hydraulic-Cylinders-3.webp 800w, https:\/\/fmp-components.com\/wp-content\/uploads\/2025\/03\/Telescopic-Hydraulic-Cylinders-3-480x480.webp 480w\" sizes=\"(min-width: 0px) and (max-width: 480px) 480px, (min-width: 481px) 800px, 100vw\" \/><\/p>\n<h2>Escenarios de aplicaci\u00f3n<\/h2>\n<p>La versatilidad de nuestro cilindro hidr\u00e1ulico lo convierte en un componente invaluable en numerosas industrias. Una aplicaci\u00f3n destacada es en camiones volquete, donde el cilindro hidr\u00e1ulico se utiliza para elevar la plataforma del cami\u00f3n, facilitando la descarga de materiales como grava, arena o escombros de construcci\u00f3n. Este mecanismo permite operaciones de descarga eficientes y eficaces, cruciales en los sectores de la construcci\u00f3n y el transporte.<\/p>\n<p>Adem\u00e1s de los camiones de volteo, los cilindros hidr\u00e1ulicos se utilizan ampliamente en una variedad de maquinarias en varias industrias, entre las que se incluyen:<\/p>\n<ul>\n<li><strong>Construcci\u00f3n<\/strong>Los cilindros hidr\u00e1ulicos impulsan excavadoras, topadoras y gr\u00faas, lo que les permite realizar tareas pesadas de elevaci\u00f3n, excavaci\u00f3n y movimiento de tierra con precisi\u00f3n y control.<\/li>\n<li><strong>Miner\u00eda<\/strong>:En la industria minera, los cilindros hidr\u00e1ulicos son esenciales para operar equipos como perforadoras y cargadoras, donde proporcionan la fuerza necesaria para penetrar la tierra y mover grandes cantidades de material.<\/li>\n<li><strong>Agricultura<\/strong>En la maquinaria agr\u00edcola, los cilindros hidr\u00e1ulicos ayudan en el funcionamiento de tractores, arados y cosechadoras, permitiendo a los agricultores levantar y ajustar el equipo sin esfuerzo, lo que mejora la productividad en la granja.<\/li>\n<li><strong>Fabricaci\u00f3n<\/strong>Los cilindros hidr\u00e1ulicos tambi\u00e9n se encuentran en l\u00edneas de montaje y equipos de fabricaci\u00f3n, donde proporcionan la fuerza necesaria para presionar, dar forma y mover componentes durante los procesos de producci\u00f3n.<\/li>\n<\/ul>\n<p>La aplicaci\u00f3n de los cilindros hidr\u00e1ulicos es amplia y variada, lo que demuestra su papel crucial en la mejora de la eficiencia y la productividad en numerosos campos. Su capacidad para generar movimientos potentes y controlados los hace esenciales para la maquinaria moderna y las operaciones industriales.<\/p>\n<h2>Cilindros hidr\u00e1ulicos y unidades de potencia<\/h2>\n<p>Los cilindros hidr\u00e1ulicos y las unidades de potencia son componentes indispensables de los sistemas hidr\u00e1ulicos. Su sinergia garantiza el uso generalizado de la tecnolog\u00eda hidr\u00e1ulica en el sector industrial, proporcionando potencia y control fiables para diversos equipos de ingenier\u00eda y mec\u00e1nicos. El cilindro hidr\u00e1ulico, como actuador, se encarga de convertir la energ\u00eda hidr\u00e1ulica en movimiento mec\u00e1nico, convirtiendo la presi\u00f3n en fuerza. La unidad de potencia, por su parte, es el n\u00facleo que proporciona la energ\u00eda y las se\u00f1ales de control que requiere el sistema hidr\u00e1ulico. La coordinaci\u00f3n entre ambos permite el funcionamiento normal del sistema hidr\u00e1ulico. En FMP, tambi\u00e9n ofrecemos unidades de potencia a la venta.<\/p>\n<h2>Preguntas frecuentes<\/h2>\n<p><b>P: \u00bfEs usted una empresa comercial o un fabricante?<\/b><br \/>\nA: Somos un fabricante.<\/p>\n<p><b>P: \u00bfCu\u00e1nto tiempo dura el env\u00edo?<\/b><br \/>\nR: Generalmente son entre 25 y 35 d\u00edas.<\/p>\n<p><b>P: \u00bfOfrecen muestras? \u00bfSon gratuitas o tienen un costo adicional?<\/b><br \/>\nR: S\u00ed, podr\u00edamos ofrecer la muestra, pero no es gratis.<\/p>\n<h3>Acerca de FMP<\/h3>\n<p class=\"break-words\">FMP es un fabricante italiano l\u00edder especializado en el dise\u00f1o, desarrollo y producci\u00f3n de cilindros hidr\u00e1ulicos de alta calidad. Con una rica tradici\u00f3n arraigada en d\u00e9cadas de experiencia, combinamos con orgullo la artesan\u00eda italiana con tecnolog\u00eda de vanguardia para ofrecer soluciones hidr\u00e1ulicas excepcionales, adaptadas a las diversas necesidades de nuestra clientela global. Con sede en Italia, un centro de excelencia en ingenier\u00eda, FMP se erige como una marca de confianza en la industria hidr\u00e1ulica, comprometida con el suministro de productos fiables, duraderos e innovadores que impulsan a empresas de todo el mundo.<\/p>\n<p class=\"break-words\">Nuestra empresa integra lo mejor de la fabricaci\u00f3n avanzada con un enfoque innovador. Gracias a a\u00f1os de experiencia en sistemas hidr\u00e1ulicos, FMP se ha convertido en una empresa moderna que destaca en investigaci\u00f3n, dise\u00f1o y producci\u00f3n. Nos especializamos en una amplia gama de cilindros hidr\u00e1ulicos, incluyendo cilindros de doble efecto, cilindros de elevaci\u00f3n para autom\u00f3viles, cilindros para maquinaria agr\u00edcola y soluciones de ingenier\u00eda personalizada para diversas aplicaciones industriales. Ya sea para construcci\u00f3n, instalaciones industriales, agricultura o maquinaria pesada, nuestros cilindros hidr\u00e1ulicos est\u00e1n dise\u00f1ados para funcionar en las condiciones m\u00e1s exigentes, garantizando seguridad, eficiencia y durabilidad.<\/p>\n<p><img loading=\"lazy\" decoding=\"async\" class=\"alignnone size-full wp-image-6720\" src=\"https:\/\/fmp-components.com\/wp-content\/uploads\/2025\/03\/hydraulic-cylinder-8.webp\" alt=\"Cilindros hidr\u00e1ulicos telesc\u00f3picos\" width=\"933\" height=\"526\" title=\"\" srcset=\"https:\/\/fmp-components.com\/wp-content\/uploads\/2025\/03\/hydraulic-cylinder-8.webp 933w, https:\/\/fmp-components.com\/wp-content\/uploads\/2025\/03\/hydraulic-cylinder-8-480x271.webp 480w\" sizes=\"(min-width: 0px) and (max-width: 480px) 480px, (min-width: 481px) 933px, 100vw\" \/><\/p>\n<p class=\"break-words\">En FMP, nos enorgullecemos de nuestras instalaciones de producci\u00f3n de vanguardia, equipadas con maquinaria de precisi\u00f3n y sistemas de prueba avanzados. Nuestros procesos de fabricaci\u00f3n cumplen rigurosos est\u00e1ndares nacionales e internacionales, lo que garantiza que cada cilindro hidr\u00e1ulico que sale de nuestra f\u00e1brica sea de la m\u00e1s alta calidad y fiabilidad. Nuestro equipo t\u00e9cnico cualificado, junto con equipos de vanguardia, nos permite mantener un estricto control de calidad en cada etapa de la producci\u00f3n, desde la selecci\u00f3n de la materia prima hasta la inspecci\u00f3n final. Esta dedicaci\u00f3n a la excelencia nos ha valido certificaciones y el reconocimiento de las autoridades del sector, consolidando a\u00fan m\u00e1s nuestra reputaci\u00f3n como socio confiable.<\/p>\n<p class=\"break-words\">Nuestra misi\u00f3n es simple pero ambiciosa: ofrecer a nuestros clientes cilindros hidr\u00e1ulicos que superen sus expectativas en rendimiento, durabilidad y valor. Nos guiamos por los principios de profesionalismo, integridad y orientaci\u00f3n al cliente. Fomentando una cultura de innovaci\u00f3n y precisi\u00f3n, perfeccionamos continuamente nuestros productos para mantenernos a la vanguardia en un mercado competitivo. Nuestra amplia gama de productos y nuestra capacidad para ofrecer soluciones a medida nos convierten en la opci\u00f3n predilecta para las empresas que buscan cilindros hidr\u00e1ulicos de alto rendimiento.<\/p>\n<p class=\"break-words\">FMP es m\u00e1s que un simple fabricante: somos un socio clave para su \u00e9xito. Entendemos que nuestros clientes conf\u00edan en nosotros para ofrecerles herramientas que mejoran su productividad y seguridad. Por eso, nos comprometemos a ofrecer no solo productos de primera calidad, sino tambi\u00e9n un servicio excepcional. Desde la consulta inicial hasta el soporte posventa, trabajamos estrechamente con nuestros clientes para garantizar que sus necesidades se satisfagan con profesionalismo y atenci\u00f3n. Nuestros precios competitivos, junto con nuestro firme compromiso con la calidad, hacen de FMP la opci\u00f3n inteligente para las empresas que buscan invertir en soluciones hidr\u00e1ulicas de confianza.<\/p>","protected":false},"excerpt":{"rendered":"<p>3 Stage Small Hydraulic Cylinder Telescopic Dump Truck Hydraulic Cylinder Introducing the 3 Stage Small Hydraulic Cylinder Telescopic Dump Truck Hydraulic Cylinder, a new product for 2025, designed for efficiency and durability. This hydraulic cylinder is a crucial component in machinery repair shops, farms, energy &amp; mining industries, and machinery factories. With its 1 Year [&hellip;]<\/p>","protected":false},"featured_media":6787,"comment_status":"closed","ping_status":"closed","template":"","meta":{"_et_pb_use_builder":"","_et_pb_old_content":"","_et_gb_content_width":""},"product_brand":[],"product_cat":[103],"product_tag":[34,105],"class_list":{"0":"post-6626","1":"product","2":"type-product","3":"status-publish","4":"has-post-thumbnail","6":"product_cat-telescopic-hydraulic-cylinders","7":"product_tag-hydraulic-cylinder","8":"product_tag-telescopic-hydraulic-cylinders","10":"first","11":"instock","12":"product-type-simple"},"_links":{"self":[{"href":"https:\/\/fmp-components.com\/es\/wp-json\/wp\/v2\/product\/6626","targetHints":{"allow":["GET"]}}],"collection":[{"href":"https:\/\/fmp-components.com\/es\/wp-json\/wp\/v2\/product"}],"about":[{"href":"https:\/\/fmp-components.com\/es\/wp-json\/wp\/v2\/types\/product"}],"replies":[{"embeddable":true,"href":"https:\/\/fmp-components.com\/es\/wp-json\/wp\/v2\/comments?post=6626"}],"wp:featuredmedia":[{"embeddable":true,"href":"https:\/\/fmp-components.com\/es\/wp-json\/wp\/v2\/media\/6787"}],"wp:attachment":[{"href":"https:\/\/fmp-components.com\/es\/wp-json\/wp\/v2\/media?parent=6626"}],"wp:term":[{"taxonomy":"product_brand","embeddable":true,"href":"https:\/\/fmp-components.com\/es\/wp-json\/wp\/v2\/product_brand?post=6626"},{"taxonomy":"product_cat","embeddable":true,"href":"https:\/\/fmp-components.com\/es\/wp-json\/wp\/v2\/product_cat?post=6626"},{"taxonomy":"product_tag","embeddable":true,"href":"https:\/\/fmp-components.com\/es\/wp-json\/wp\/v2\/product_tag?post=6626"}],"curies":[{"name":"gracias","href":"https:\/\/api.w.org\/{rel}","templated":true}]}}