{"id":6618,"date":"2025-03-11T06:33:57","date_gmt":"2025-03-11T06:33:57","guid":{"rendered":"https:\/\/fmp-components.com\/product\/factory-direct-sale-3-stages-hydraulic-cylinder-double-acting-hydraulic-cylinder-for-dump-truck"},"modified":"2025-03-14T01:06:40","modified_gmt":"2025-03-14T01:06:40","slug":"factory-direct-sale-3-stages-hydraulic-cylinder-double-acting-hydraulic-cylinder-for-dump-truck","status":"publish","type":"product","link":"https:\/\/fmp-components.com\/es\/product\/factory-direct-sale-3-stages-hydraulic-cylinder-double-acting-hydraulic-cylinder-for-dump-truck\/","title":{"rendered":"Cilindro hidr\u00e1ulico de 3 etapas de doble efecto para cami\u00f3n volquete, venta directa de f\u00e1brica"},"content":{"rendered":"<h2>Cilindro hidr\u00e1ulico de 3 etapas de doble efecto para cami\u00f3n volquete, venta directa de f\u00e1brica<\/h2>\n<p>Presentamos nuestro cilindro hidr\u00e1ulico de 3 etapas de doble efecto para camiones volquete, de venta directa de f\u00e1brica. Este cilindro hidr\u00e1ulico de \u00faltima generaci\u00f3n est\u00e1 dise\u00f1ado para ofrecer un rendimiento y una fiabilidad excepcionales para sus necesidades de maquinaria.<\/p>\n<h3>Caracter\u00edsticas y beneficios del producto<\/h3>\n<p>Este cilindro hidr\u00e1ulico de doble efecto ofrece durabilidad y eficiencia superiores, lo que lo convierte en un componente esencial para diversas aplicaciones industriales. Desde talleres de reparaci\u00f3n de maquinaria, granjas, industrias energ\u00e9ticas y mineras hasta la fabricaci\u00f3n de maquinaria y f\u00e1bricas, este cilindro hidr\u00e1ulico es la soluci\u00f3n perfecta.<\/p>\n<h3>Especificaciones t\u00e9cnicas<\/h3>\n<table style=\"width: 97.3405%;\" border=\"\">\n<tbody>\n<tr>\n<th style=\"width: 43.4286%;\">Tama\u00f1o del orificio<\/th>\n<td style=\"width: 404.571%;\">2-6 pulgadas<\/td>\n<\/tr>\n<tr>\n<th style=\"width: 43.4286%;\">Tama\u00f1o de la varilla<\/th>\n<td style=\"width: 404.571%;\">1,125-4 pulgadas<\/td>\n<\/tr>\n<tr>\n<th style=\"width: 43.4286%;\">Tama\u00f1o del trazo<\/th>\n<td style=\"width: 404.571%;\">4-100 pulgadas<\/td>\n<\/tr>\n<tr>\n<th style=\"width: 43.4286%;\">Tama\u00f1o del pin<\/th>\n<td style=\"width: 404.571%;\">0,5-2 pulgadas<\/td>\n<\/tr>\n<tr>\n<th style=\"width: 43.4286%;\">Puertos<\/th>\n<td style=\"width: 404.571%;\">G\/SAE\/NPT\/M<\/td>\n<\/tr>\n<\/tbody>\n<\/table>\n<h2>Ventajas \u00fanicas del producto<\/h2>\n<ul>\n<li>Eficiencia energ\u00e9tica<\/li>\n<li>Altamente durable y confiable<\/li>\n<li>Seguro y protegido para todas las operaciones<\/li>\n<\/ul>\n<h2>Comprensi\u00f3n del sistema hidr\u00e1ulico<\/h2>\n<p>El sistema hidr\u00e1ulico funciona seg\u00fan el principio de presi\u00f3n ejercida sobre un fluido incompresible. Este cilindro hidr\u00e1ulico, como componente esencial, contribuye a la conversi\u00f3n de energ\u00eda hidr\u00e1ulica en energ\u00eda mec\u00e1nica, proporcionando as\u00ed el empuje necesario para el funcionamiento de la maquinaria.<\/p>\n<p><img loading=\"lazy\" decoding=\"async\" class=\"alignnone  wp-image-6659\" src=\"https:\/\/fmp-components.com\/wp-content\/uploads\/2025\/03\/telescopic-hydraulic-cylinder-12.webp\" alt=\"cilindro hidr\u00e1ulico telesc\u00f3pico\" width=\"841\" height=\"841\" title=\"\" srcset=\"https:\/\/fmp-components.com\/wp-content\/uploads\/2025\/03\/telescopic-hydraulic-cylinder-12.webp 841w, https:\/\/fmp-components.com\/wp-content\/uploads\/2025\/03\/telescopic-hydraulic-cylinder-12-480x480.webp 480w\" sizes=\"(min-width: 0px) and (max-width: 480px) 480px, (min-width: 481px) 841px, 100vw\" \/><\/p>\n<h2>Aplicaci\u00f3n del cilindro hidr\u00e1ulico<\/h2>\n<p>Nuestro cilindro hidr\u00e1ulico se utiliza ampliamente en diversos campos, como talleres de reparaci\u00f3n de maquinaria, granjas, industrias energ\u00e9ticas y mineras, fabricaci\u00f3n de maquinaria y f\u00e1bricas. Con un empuje m\u00e1ximo de 3000 y una fuerza de tiro m\u00e1xima de 20 toneladas, ofrece un rendimiento \u00f3ptimo para operaciones de alta exigencia.<\/p>\n<h2>Cilindros hidr\u00e1ulicos y unidades de potencia<\/h2>\n<p>Los cilindros hidr\u00e1ulicos y las unidades de potencia forman parte integral del sistema hidr\u00e1ulico. Su funci\u00f3n combinada garantiza la amplia aplicaci\u00f3n de la tecnolog\u00eda hidr\u00e1ulica en diversos sectores industriales. Como actuador, el cilindro hidr\u00e1ulico convierte la energ\u00eda hidr\u00e1ulica en movimiento mec\u00e1nico. La unidad de potencia, por su parte, proporciona la energ\u00eda y las se\u00f1ales de control necesarias para el sistema hidr\u00e1ulico. Su funcionamiento coordinado permite el correcto funcionamiento del sistema hidr\u00e1ulico. FMP tambi\u00e9n ofrece unidades de potencia.<\/p>\n<h2>Preguntas frecuentes<\/h2>\n<p><b>P: \u00bfEs usted una empresa comercial o un fabricante?<\/b><br \/>\nA: Somos una f\u00e1brica.<\/p>\n<p><b>P: \u00bfCu\u00e1nto tiempo dura el env\u00edo?<\/b><br \/>\nR: Generalmente son entre 25 y 35 d\u00edas.<\/p>\n<p><b>P: \u00bfOfrecen muestras? \u00bfSon gratuitas o tienen un costo adicional?<\/b><br \/>\nR: S\u00ed, podr\u00edamos ofrecer la muestra, pero no es gratis.<\/p>\n<h3>Acerca de FMP<\/h3>\n<p class=\"break-words\">FMP es un fabricante italiano l\u00edder especializado en el dise\u00f1o, desarrollo y producci\u00f3n de cilindros hidr\u00e1ulicos de alta calidad. Con una rica tradici\u00f3n arraigada en d\u00e9cadas de experiencia, combinamos con orgullo la artesan\u00eda italiana con tecnolog\u00eda de vanguardia para ofrecer soluciones hidr\u00e1ulicas excepcionales, adaptadas a las diversas necesidades de nuestra clientela global. Con sede en Italia, un centro de excelencia en ingenier\u00eda, FMP se erige como una marca de confianza en la industria hidr\u00e1ulica, comprometida con el suministro de productos fiables, duraderos e innovadores que impulsan a empresas de todo el mundo.<\/p>\n<p class=\"break-words\">Nuestra empresa integra lo mejor de la fabricaci\u00f3n avanzada con un enfoque innovador. Gracias a a\u00f1os de experiencia en sistemas hidr\u00e1ulicos, FMP se ha convertido en una empresa moderna que destaca en investigaci\u00f3n, dise\u00f1o y producci\u00f3n. Nos especializamos en una amplia gama de cilindros hidr\u00e1ulicos, incluyendo cilindros de doble efecto, cilindros de elevaci\u00f3n para autom\u00f3viles, cilindros para maquinaria agr\u00edcola y soluciones de ingenier\u00eda personalizada para diversas aplicaciones industriales. Ya sea para construcci\u00f3n, instalaciones industriales, agricultura o maquinaria pesada, nuestros cilindros hidr\u00e1ulicos est\u00e1n dise\u00f1ados para funcionar en las condiciones m\u00e1s exigentes, garantizando seguridad, eficiencia y durabilidad.<\/p>\n<p><img loading=\"lazy\" decoding=\"async\" class=\"alignnone size-full wp-image-6720\" src=\"https:\/\/fmp-components.com\/wp-content\/uploads\/2025\/03\/hydraulic-cylinder-8.webp\" alt=\"Cilindros hidr\u00e1ulicos telesc\u00f3picos\" width=\"933\" height=\"526\" title=\"\" srcset=\"https:\/\/fmp-components.com\/wp-content\/uploads\/2025\/03\/hydraulic-cylinder-8.webp 933w, https:\/\/fmp-components.com\/wp-content\/uploads\/2025\/03\/hydraulic-cylinder-8-480x271.webp 480w\" sizes=\"(min-width: 0px) and (max-width: 480px) 480px, (min-width: 481px) 933px, 100vw\" \/><\/p>\n<p class=\"break-words\">En FMP, nos enorgullecemos de nuestras instalaciones de producci\u00f3n de vanguardia, equipadas con maquinaria de precisi\u00f3n y sistemas de prueba avanzados. Nuestros procesos de fabricaci\u00f3n cumplen rigurosos est\u00e1ndares nacionales e internacionales, lo que garantiza que cada cilindro hidr\u00e1ulico que sale de nuestra f\u00e1brica sea de la m\u00e1s alta calidad y fiabilidad. Nuestro equipo t\u00e9cnico cualificado, junto con equipos de vanguardia, nos permite mantener un estricto control de calidad en cada etapa de la producci\u00f3n, desde la selecci\u00f3n de la materia prima hasta la inspecci\u00f3n final. Esta dedicaci\u00f3n a la excelencia nos ha valido certificaciones y el reconocimiento de las autoridades del sector, consolidando a\u00fan m\u00e1s nuestra reputaci\u00f3n como socio confiable.<\/p>\n<p class=\"break-words\">Nuestra misi\u00f3n es simple pero ambiciosa: ofrecer a nuestros clientes cilindros hidr\u00e1ulicos que superen sus expectativas en rendimiento, durabilidad y valor. Nos guiamos por los principios de profesionalismo, integridad y orientaci\u00f3n al cliente. Fomentando una cultura de innovaci\u00f3n y precisi\u00f3n, perfeccionamos continuamente nuestros productos para mantenernos a la vanguardia en un mercado competitivo. Nuestra amplia gama de productos y nuestra capacidad para ofrecer soluciones a medida nos convierten en la opci\u00f3n predilecta para las empresas que buscan cilindros hidr\u00e1ulicos de alto rendimiento.<\/p>\n<p class=\"break-words\">FMP es m\u00e1s que un simple fabricante: somos un socio clave para su \u00e9xito. Entendemos que nuestros clientes conf\u00edan en nosotros para ofrecerles herramientas que mejoran su productividad y seguridad. Por eso, nos comprometemos a ofrecer no solo productos de primera calidad, sino tambi\u00e9n un servicio excepcional. Desde la consulta inicial hasta el soporte posventa, trabajamos estrechamente con nuestros clientes para garantizar que sus necesidades se satisfagan con profesionalismo y atenci\u00f3n. Nuestros precios competitivos, junto con nuestro firme compromiso con la calidad, hacen de FMP la opci\u00f3n inteligente para las empresas que buscan invertir en soluciones hidr\u00e1ulicas de confianza.<\/p>","protected":false},"excerpt":{"rendered":"<p>Factory Direct Sale 3 Stages Hydraulic Cylinder Double Acting Hydraulic Cylinder For Dump Truck Introducing our Factory Direct Sale 3 Stages Hydraulic Cylinder Double Acting Hydraulic Cylinder for Dump Truck. A state-of-the-art hydraulic cylinder, this product is designed to deliver exceptional performance and reliability for your machinery needs. Product Features and Benefits This double acting [&hellip;]<\/p>","protected":false},"featured_media":6794,"comment_status":"closed","ping_status":"closed","template":"","meta":{"_et_pb_use_builder":"","_et_pb_old_content":"","_et_gb_content_width":""},"product_brand":[],"product_cat":[103],"product_tag":[34,105],"class_list":{"0":"post-6618","1":"product","2":"type-product","3":"status-publish","4":"has-post-thumbnail","6":"product_cat-telescopic-hydraulic-cylinders","7":"product_tag-hydraulic-cylinder","8":"product_tag-telescopic-hydraulic-cylinders","10":"first","11":"instock","12":"product-type-simple"},"_links":{"self":[{"href":"https:\/\/fmp-components.com\/es\/wp-json\/wp\/v2\/product\/6618","targetHints":{"allow":["GET"]}}],"collection":[{"href":"https:\/\/fmp-components.com\/es\/wp-json\/wp\/v2\/product"}],"about":[{"href":"https:\/\/fmp-components.com\/es\/wp-json\/wp\/v2\/types\/product"}],"replies":[{"embeddable":true,"href":"https:\/\/fmp-components.com\/es\/wp-json\/wp\/v2\/comments?post=6618"}],"wp:featuredmedia":[{"embeddable":true,"href":"https:\/\/fmp-components.com\/es\/wp-json\/wp\/v2\/media\/6794"}],"wp:attachment":[{"href":"https:\/\/fmp-components.com\/es\/wp-json\/wp\/v2\/media?parent=6618"}],"wp:term":[{"taxonomy":"product_brand","embeddable":true,"href":"https:\/\/fmp-components.com\/es\/wp-json\/wp\/v2\/product_brand?post=6618"},{"taxonomy":"product_cat","embeddable":true,"href":"https:\/\/fmp-components.com\/es\/wp-json\/wp\/v2\/product_cat?post=6618"},{"taxonomy":"product_tag","embeddable":true,"href":"https:\/\/fmp-components.com\/es\/wp-json\/wp\/v2\/product_tag?post=6618"}],"curies":[{"name":"gracias","href":"https:\/\/api.w.org\/{rel}","templated":true}]}}