{"id":6615,"date":"2025-03-11T06:33:57","date_gmt":"2025-03-11T06:33:57","guid":{"rendered":"https:\/\/fmp-components.com\/product\/premium-quality-5-stage-telescopic-hydraulic-cylinder-double-acting-hydraulic-cylinder"},"modified":"2025-03-14T01:22:41","modified_gmt":"2025-03-14T01:22:41","slug":"premium-quality-5-stage-telescopic-hydraulic-cylinder-double-acting-hydraulic-cylinder","status":"publish","type":"product","link":"https:\/\/fmp-components.com\/es\/product\/premium-quality-5-stage-telescopic-hydraulic-cylinder-double-acting-hydraulic-cylinder\/","title":{"rendered":"Cilindro hidr\u00e1ulico telesc\u00f3pico de 5 etapas de primera calidad y doble efecto."},"content":{"rendered":"<h2>Cilindro hidr\u00e1ulico telesc\u00f3pico de 5 etapas de primera calidad y doble efecto.<\/h2>\n<p>El cilindro hidr\u00e1ulico telesc\u00f3pico de 5 etapas de doble efecto y alta calidad es un producto de primera l\u00ednea, dise\u00f1ado para ofrecer un rendimiento superior en todas las industrias aplicables. Con su cuerpo de acero de alta calidad y su potente potencia hidr\u00e1ulica, es un componente esencial para una amplia gama de maquinaria en sectores como el agr\u00edcola, el energ\u00e9tico, el minero, la fabricaci\u00f3n de maquinaria y los talleres de reparaci\u00f3n.<\/p>\n<p><img loading=\"lazy\" decoding=\"async\" class=\"alignnone size-full wp-image-6797\" src=\"https:\/\/fmp-components.com\/wp-content\/uploads\/2025\/03\/Telescopic-Hydraulic-Cylinders-13.webp\" alt=\"Cilindros hidr\u00e1ulicos telesc\u00f3picos\" width=\"800\" height=\"800\" title=\"\" srcset=\"https:\/\/fmp-components.com\/wp-content\/uploads\/2025\/03\/Telescopic-Hydraulic-Cylinders-13.webp 800w, https:\/\/fmp-components.com\/wp-content\/uploads\/2025\/03\/Telescopic-Hydraulic-Cylinders-13-480x480.webp 480w\" sizes=\"(min-width: 0px) and (max-width: 480px) 480px, (min-width: 481px) 800px, 100vw\" \/><\/p>\n<h3>Caracter\u00edsticas y especificaciones<\/h3>\n<table style=\"width: 101.89%;\" border=\"\">\n<tbody>\n<tr>\n<th style=\"width: 17.0854%;\">Tama\u00f1o del orificio<\/th>\n<th style=\"width: 20.3518%;\">Tama\u00f1o de la varilla<\/th>\n<th style=\"width: 19.8492%;\">Tama\u00f1o del trazo<\/th>\n<th style=\"width: 16.3317%;\">Tama\u00f1o del pin<\/th>\n<th style=\"width: 126.131%;\">Puertos<\/th>\n<\/tr>\n<tr>\n<td style=\"width: 17.0854%;\">2-6 pulgadas<\/td>\n<td style=\"width: 20.3518%;\">1,125-4 pulgadas<\/td>\n<td style=\"width: 19.8492%;\">4-100 pulgadas<\/td>\n<td style=\"width: 16.3317%;\">0,5-2 pulgadas<\/td>\n<td style=\"width: 126.131%;\">G\/SAE\/NPT\/M<\/td>\n<\/tr>\n<\/tbody>\n<\/table>\n<h3>Caracter\u00edsticas y ventajas \u00fanicas<\/h3>\n<ul>\n<li style=\"list-style-type: none;\">\n<ul>\n<li>Eficiencia energ\u00e9tica<\/li>\n<li>Altamente eficaz<\/li>\n<li>Seguro de usar<\/li>\n<\/ul>\n<\/li>\n<\/ul>\n<h2>Principio de funcionamiento de los sistemas hidr\u00e1ulicos<\/h2>\n<p>Un sistema hidr\u00e1ulico funciona seg\u00fan el principio de potencia fluida, donde la presi\u00f3n se utiliza para generar, controlar y transmitir potencia. El cilindro hidr\u00e1ulico, como actuador, convierte la energ\u00eda hidr\u00e1ulica en trabajo mec\u00e1nico \u00fatil, proporcionando potencia fiable y soporte de control para diversos equipos de ingenier\u00eda y mec\u00e1nicos.<\/p>\n<h2>Aplicaciones<\/h2>\n<p>Este cilindro hidr\u00e1ulico telesc\u00f3pico es vers\u00e1til y se utiliza en una variedad de escenarios, desde talleres de reparaci\u00f3n de maquinaria hasta granjas e industrias de energ\u00eda y miner\u00eda.<\/p>\n<h2>Cilindros hidr\u00e1ulicos y unidades de potencia<\/h2>\n<p>Los cilindros hidr\u00e1ulicos y las unidades de potencia son partes integrales de un sistema hidr\u00e1ulico. Trabajan en sinton\u00eda para garantizar la amplia aplicaci\u00f3n de la tecnolog\u00eda hidr\u00e1ulica en el sector industrial, proporcionando potencia y control fiables para diversos equipos de ingenier\u00eda y mec\u00e1nicos. FMP tambi\u00e9n ofrece unidades de potencia junto con cilindros hidr\u00e1ulicos.<\/p>\n<h2>Preguntas frecuentes<\/h2>\n<p><strong>P: \u00bfEs usted una empresa comercial o un fabricante?<\/strong><br \/>\nA: Somos un fabricante.<\/p>\n<p><strong>P: \u00bfCu\u00e1nto tiempo dura el env\u00edo?<\/strong><br \/>\nR: Generalmente son entre 25 y 35 d\u00edas.<\/p>\n<p><strong>P: \u00bfProporcionan muestras?<\/strong><br \/>\nR: S\u00ed, podr\u00edamos ofrecer muestras, pero no son gratuitas.<\/p>\n<h3>Acerca de FMP<\/h3>\n<p class=\"break-words\">FMP es un fabricante italiano l\u00edder especializado en el dise\u00f1o, desarrollo y producci\u00f3n de cilindros hidr\u00e1ulicos de alta calidad. Con una rica tradici\u00f3n arraigada en d\u00e9cadas de experiencia, combinamos con orgullo la artesan\u00eda italiana con tecnolog\u00eda de vanguardia para ofrecer soluciones hidr\u00e1ulicas excepcionales, adaptadas a las diversas necesidades de nuestra clientela global. Con sede en Italia, un centro de excelencia en ingenier\u00eda, FMP se erige como una marca de confianza en la industria hidr\u00e1ulica, comprometida con el suministro de productos fiables, duraderos e innovadores que impulsan a empresas de todo el mundo.<\/p>\n<p class=\"break-words\">Nuestra empresa integra lo mejor de la fabricaci\u00f3n avanzada con un enfoque innovador. Gracias a a\u00f1os de experiencia en sistemas hidr\u00e1ulicos, FMP se ha convertido en una empresa moderna que destaca en investigaci\u00f3n, dise\u00f1o y producci\u00f3n. Nos especializamos en una amplia gama de cilindros hidr\u00e1ulicos, incluyendo cilindros de doble efecto, cilindros de elevaci\u00f3n para autom\u00f3viles, cilindros para maquinaria agr\u00edcola y soluciones de ingenier\u00eda personalizada para diversas aplicaciones industriales. Ya sea para construcci\u00f3n, instalaciones industriales, agricultura o maquinaria pesada, nuestros cilindros hidr\u00e1ulicos est\u00e1n dise\u00f1ados para funcionar en las condiciones m\u00e1s exigentes, garantizando seguridad, eficiencia y durabilidad.<\/p>\n<p><img loading=\"lazy\" decoding=\"async\" class=\"alignnone size-full wp-image-6720\" src=\"https:\/\/fmp-components.com\/wp-content\/uploads\/2025\/03\/hydraulic-cylinder-8.webp\" alt=\"Cilindros hidr\u00e1ulicos telesc\u00f3picos\" width=\"933\" height=\"526\" title=\"\" srcset=\"https:\/\/fmp-components.com\/wp-content\/uploads\/2025\/03\/hydraulic-cylinder-8.webp 933w, https:\/\/fmp-components.com\/wp-content\/uploads\/2025\/03\/hydraulic-cylinder-8-480x271.webp 480w\" sizes=\"(min-width: 0px) and (max-width: 480px) 480px, (min-width: 481px) 933px, 100vw\" \/><\/p>\n<p class=\"break-words\">En FMP, nos enorgullecemos de nuestras instalaciones de producci\u00f3n de vanguardia, equipadas con maquinaria de precisi\u00f3n y sistemas de prueba avanzados. Nuestros procesos de fabricaci\u00f3n cumplen rigurosos est\u00e1ndares nacionales e internacionales, lo que garantiza que cada cilindro hidr\u00e1ulico que sale de nuestra f\u00e1brica sea de la m\u00e1s alta calidad y fiabilidad. Nuestro equipo t\u00e9cnico cualificado, junto con equipos de vanguardia, nos permite mantener un estricto control de calidad en cada etapa de la producci\u00f3n, desde la selecci\u00f3n de la materia prima hasta la inspecci\u00f3n final. Esta dedicaci\u00f3n a la excelencia nos ha valido certificaciones y el reconocimiento de las autoridades del sector, consolidando a\u00fan m\u00e1s nuestra reputaci\u00f3n como socio confiable.<\/p>\n<p class=\"break-words\">Nuestra misi\u00f3n es simple pero ambiciosa: ofrecer a nuestros clientes cilindros hidr\u00e1ulicos que superen sus expectativas en rendimiento, durabilidad y valor. Nos guiamos por los principios de profesionalismo, integridad y orientaci\u00f3n al cliente. Fomentando una cultura de innovaci\u00f3n y precisi\u00f3n, perfeccionamos continuamente nuestros productos para mantenernos a la vanguardia en un mercado competitivo. Nuestra amplia gama de productos y nuestra capacidad para ofrecer soluciones a medida nos convierten en la opci\u00f3n predilecta para las empresas que buscan cilindros hidr\u00e1ulicos de alto rendimiento.<\/p>\n<p class=\"break-words\">FMP es m\u00e1s que un simple fabricante: somos un socio clave para su \u00e9xito. Entendemos que nuestros clientes conf\u00edan en nosotros para ofrecerles herramientas que mejoran su productividad y seguridad. Por eso, nos comprometemos a ofrecer no solo productos de primera calidad, sino tambi\u00e9n un servicio excepcional. Desde la consulta inicial hasta el soporte posventa, trabajamos estrechamente con nuestros clientes para garantizar que sus necesidades se satisfagan con profesionalismo y atenci\u00f3n. Nuestros precios competitivos, junto con nuestro firme compromiso con la calidad, hacen de FMP la opci\u00f3n inteligente para las empresas que buscan invertir en soluciones hidr\u00e1ulicas de confianza.<\/p>","protected":false},"excerpt":{"rendered":"<p>Premium Quality 5 Stage Telescopic Hydraulic Cylinder Double Acting Hydraulic Cylinder The Premium Quality 5 Stage Telescopic Hydraulic Cylinder Double Acting Hydraulic Cylinder is a top-tier product, designed to deliver superior performance in all applicable industries. With its high-quality steel body and powerful hydraulic power, it is the essential component for a range of machinery [&hellip;]<\/p>","protected":false},"featured_media":6796,"comment_status":"closed","ping_status":"closed","template":"","meta":{"_et_pb_use_builder":"","_et_pb_old_content":"","_et_gb_content_width":""},"product_brand":[],"product_cat":[103],"product_tag":[34,105],"class_list":{"0":"post-6615","1":"product","2":"type-product","3":"status-publish","4":"has-post-thumbnail","6":"product_cat-telescopic-hydraulic-cylinders","7":"product_tag-hydraulic-cylinder","8":"product_tag-telescopic-hydraulic-cylinders","10":"first","11":"instock","12":"product-type-simple"},"_links":{"self":[{"href":"https:\/\/fmp-components.com\/es\/wp-json\/wp\/v2\/product\/6615","targetHints":{"allow":["GET"]}}],"collection":[{"href":"https:\/\/fmp-components.com\/es\/wp-json\/wp\/v2\/product"}],"about":[{"href":"https:\/\/fmp-components.com\/es\/wp-json\/wp\/v2\/types\/product"}],"replies":[{"embeddable":true,"href":"https:\/\/fmp-components.com\/es\/wp-json\/wp\/v2\/comments?post=6615"}],"wp:featuredmedia":[{"embeddable":true,"href":"https:\/\/fmp-components.com\/es\/wp-json\/wp\/v2\/media\/6796"}],"wp:attachment":[{"href":"https:\/\/fmp-components.com\/es\/wp-json\/wp\/v2\/media?parent=6615"}],"wp:term":[{"taxonomy":"product_brand","embeddable":true,"href":"https:\/\/fmp-components.com\/es\/wp-json\/wp\/v2\/product_brand?post=6615"},{"taxonomy":"product_cat","embeddable":true,"href":"https:\/\/fmp-components.com\/es\/wp-json\/wp\/v2\/product_cat?post=6615"},{"taxonomy":"product_tag","embeddable":true,"href":"https:\/\/fmp-components.com\/es\/wp-json\/wp\/v2\/product_tag?post=6615"}],"curies":[{"name":"gracias","href":"https:\/\/api.w.org\/{rel}","templated":true}]}}