{"id":6614,"date":"2025-03-11T06:33:57","date_gmt":"2025-03-11T06:33:57","guid":{"rendered":"https:\/\/fmp-components.com\/product\/quality-assurance-hydraulic-cylinder-double-acting-5-stage-hydraulic-telescopic-cylinder"},"modified":"2025-03-14T00:49:46","modified_gmt":"2025-03-14T00:49:46","slug":"quality-assurance-hydraulic-cylinder-double-acting-5-stage-hydraulic-telescopic-cylinder","status":"publish","type":"product","link":"https:\/\/fmp-components.com\/es\/product\/quality-assurance-hydraulic-cylinder-double-acting-5-stage-hydraulic-telescopic-cylinder\/","title":{"rendered":"Cilindro hidr\u00e1ulico telesc\u00f3pico de 5 etapas y doble efecto con garant\u00eda de calidad"},"content":{"rendered":"<h2>Cilindro hidr\u00e1ulico telesc\u00f3pico de 5 etapas y doble efecto con garant\u00eda de calidad<\/h2>\n<p>Presentamos nuestro cilindro hidr\u00e1ulico telesc\u00f3pico hidr\u00e1ulico de doble efecto de 5 etapas con garant\u00eda de calidad. Este producto de vanguardia est\u00e1 dise\u00f1ado para diversas aplicaciones en industrias como talleres de reparaci\u00f3n de maquinaria, agricultura, energ\u00eda y miner\u00eda, fabricaci\u00f3n de maquinaria y f\u00e1bricas de maquinaria. Este cilindro hidr\u00e1ulico se fabrica con los m\u00e1s altos est\u00e1ndares de calidad, lo que garantiza un funcionamiento robusto y fiable.<\/p>\n<h3>Caracter\u00edsticas y beneficios del producto<\/h3>\n<ul>\n<li>Doble acci\u00f3n: proporciona control tanto en la extensi\u00f3n como en la retracci\u00f3n de la varilla, proporcionando mayor seguridad y precisi\u00f3n en la operaci\u00f3n.<\/li>\n<li>Dise\u00f1o telesc\u00f3pico de 5 etapas: ofrece una carrera de trabajo m\u00e1s larga que un cilindro de una sola etapa de la misma longitud cerrada.<\/li>\n<li>Material del cuerpo de acero: garantiza durabilidad y rendimiento a largo plazo incluso en condiciones de trabajo dif\u00edciles.<\/li>\n<li>Alto rendimiento: con un empuje m\u00e1ximo de 3000 y una tracci\u00f3n m\u00e1xima de 20 toneladas, este cilindro hidr\u00e1ulico puede manejar aplicaciones de trabajo pesado.<\/li>\n<li>Garant\u00eda de calidad: nuestro cilindro hidr\u00e1ulico viene con una garant\u00eda de 1 a\u00f1o en los componentes principales, informes de pruebas proporcionados y certificaci\u00f3n ISO9001:2000.<\/li>\n<\/ul>\n<h3>Especificaciones t\u00e9cnicas<\/h3>\n<table style=\"width: 101.022%;\" border=\"\">\n<tbody>\n<tr>\n<td style=\"width: 42.8571%;\"><i>Tama\u00f1o del orificio<\/i><\/td>\n<td style=\"width: 411.429%;\">2-6 pulgadas<\/td>\n<\/tr>\n<tr>\n<td style=\"width: 42.8571%;\"><i>Tama\u00f1o de la varilla<\/i><\/td>\n<td style=\"width: 411.429%;\">1,125-4 pulgadas<\/td>\n<\/tr>\n<tr>\n<td style=\"width: 42.8571%;\"><i>Tama\u00f1o del trazo<\/i><\/td>\n<td style=\"width: 411.429%;\">4-100 pulgadas<\/td>\n<\/tr>\n<tr>\n<td style=\"width: 42.8571%;\"><i>Tama\u00f1o del pin<\/i><\/td>\n<td style=\"width: 411.429%;\">0,5-2 pulgadas<\/td>\n<\/tr>\n<tr>\n<td style=\"width: 42.8571%;\"><i>Puertos<\/i><\/td>\n<td style=\"width: 411.429%;\">G\/SAE\/NPT\/M<\/td>\n<\/tr>\n<\/tbody>\n<\/table>\n<h2>Aplicaci\u00f3n de cilindros hidr\u00e1ulicos<\/h2>\n<p>Nuestros cilindros hidr\u00e1ulicos se utilizan ampliamente en una amplia gama de aplicaciones, demostrando su versatilidad y eficacia en diversos sectores. Desde talleres de reparaci\u00f3n de maquinaria hasta campos agr\u00edcolas, producci\u00f3n de energ\u00eda, operaciones mineras, fabricaci\u00f3n de maquinaria y f\u00e1bricas industriales, estos cilindros desempe\u00f1an un papel crucial para facilitar tareas que requieren gran fuerza y \u200b\u200bprecisi\u00f3n.<\/p>\n<p>Una de las caracter\u00edsticas clave de nuestros cilindros hidr\u00e1ulicos es su dise\u00f1o multietapa, que les permite generar alta potencia manteniendo un tama\u00f1o compacto. Esto los hace ideales para aplicaciones que requieren una fuerza considerable a largas distancias. Por ejemplo, en talleres de reparaci\u00f3n de maquinaria, los cilindros hidr\u00e1ulicos se utilizan para elevar equipos pesados \u200b\u200bpara mantenimiento y reparaciones, garantizando as\u00ed la seguridad y la eficiencia durante el proceso.<\/p>\n<p>En la agricultura, estos cilindros facilitan el manejo de maquinaria agr\u00edcola, como tractores y cosechadoras, permitiendo a los agricultores realizar tareas como levantar arados o ajustar equipos con facilidad. El sector agr\u00edcola se beneficia enormemente de la potente capacidad de elevaci\u00f3n de los cilindros hidr\u00e1ulicos, lo que aumenta la productividad y reduce el trabajo manual.<\/p>\n<p>En las industrias energ\u00e9tica y minera, los cilindros hidr\u00e1ulicos son esenciales para operar equipos pesados \u200b\u200butilizados en perforaci\u00f3n, excavaci\u00f3n y manejo de materiales. Proporcionan la fuerza necesaria para mover grandes cantidades de tierra o materiales, lo que aumenta la seguridad y eficiencia de las operaciones. Adem\u00e1s, en la fabricaci\u00f3n de maquinaria y las f\u00e1bricas, los cilindros hidr\u00e1ulicos son esenciales para las l\u00edneas de montaje, donde facilitan el movimiento y la colocaci\u00f3n de componentes, contribuyendo a la optimizaci\u00f3n de los procesos de producci\u00f3n.<\/p>\n<p><img loading=\"lazy\" decoding=\"async\" class=\"alignnone size-full wp-image-6788\" src=\"https:\/\/fmp-components.com\/wp-content\/uploads\/2025\/03\/Telescopic-Hydraulic-Cylinders-4.webp\" alt=\"Cilindros hidr\u00e1ulicos telesc\u00f3picos\" width=\"800\" height=\"800\" title=\"\" srcset=\"https:\/\/fmp-components.com\/wp-content\/uploads\/2025\/03\/Telescopic-Hydraulic-Cylinders-4.webp 800w, https:\/\/fmp-components.com\/wp-content\/uploads\/2025\/03\/Telescopic-Hydraulic-Cylinders-4-480x480.webp 480w\" sizes=\"(min-width: 0px) and (max-width: 480px) 480px, (min-width: 481px) 800px, 100vw\" \/><\/p>\n<h2>Cilindros hidr\u00e1ulicos y unidades de potencia<\/h2>\n<p>Los cilindros hidr\u00e1ulicos y las unidades de potencia son componentes fundamentales de cualquier sistema hidr\u00e1ulico y trabajan en armon\u00eda para maximizar la eficacia de la tecnolog\u00eda hidr\u00e1ulica en aplicaciones industriales. El cilindro hidr\u00e1ulico act\u00faa como actuador, convirtiendo la presi\u00f3n hidr\u00e1ulica en movimiento mec\u00e1nico, mientras que la unidad de potencia genera y regula la presi\u00f3n del fluido hidr\u00e1ulico necesaria para operar el cilindro.<\/p>\n<p>Juntos, estos componentes garantizan que los sistemas hidr\u00e1ulicos proporcionen potencia fiable y un control preciso para diversos equipos de ingenier\u00eda y mec\u00e1nicos. La colaboraci\u00f3n entre los cilindros hidr\u00e1ulicos y las unidades de potencia permite una amplia gama de aplicaciones, desde elevaci\u00f3n y empuje hasta sujeci\u00f3n y plegado, lo que los hace indispensables en la fabricaci\u00f3n, la construcci\u00f3n y la extracci\u00f3n de recursos modernas.<\/p>\n<p>Adem\u00e1s, su eficiencia combinada no solo mejora la productividad, sino que tambi\u00e9n garantiza la seguridad y la precisi\u00f3n en las operaciones. Al aprovechar las ventajas de la tecnolog\u00eda hidr\u00e1ulica, las industrias pueden alcanzar mayores niveles de rendimiento, reducir el tiempo de inactividad y mejorar la eficiencia operativa general. Esta relaci\u00f3n simbi\u00f3tica entre los cilindros hidr\u00e1ulicos y las unidades de potencia ejemplifica el papel crucial que desempe\u00f1an los sistemas hidr\u00e1ulicos en el avance de las capacidades industriales y la innovaci\u00f3n.<\/p>\n<h2>Preguntas frecuentes<\/h2>\n<p><b>P: \u00bfCu\u00e1nto tiempo dura el env\u00edo?<\/b><br \/>\nR: Generalmente son entre 25 y 35 d\u00edas.<\/p>\n<p><b>P: \u00bfOfrecen muestras? \u00bfSon gratuitas o tienen un costo adicional?<\/b><br \/>\nR: S\u00ed, podr\u00edamos ofrecer la muestra, pero no es gratis.<\/p>\n<p><b>\u00bfPuede usted producir seg\u00fan las muestras?<\/b><br \/>\nR: S\u00ed, podemos fabricarlo seg\u00fan sus muestras o planos t\u00e9cnicos. Fabricamos los moldes y accesorios.<\/p>\n<h3>Acerca de FMP<\/h3>\n<p class=\"break-words\">FMP es un fabricante italiano l\u00edder especializado en el dise\u00f1o, desarrollo y producci\u00f3n de cilindros hidr\u00e1ulicos de alta calidad. Con una rica tradici\u00f3n arraigada en d\u00e9cadas de experiencia, combinamos con orgullo la artesan\u00eda italiana con tecnolog\u00eda de vanguardia para ofrecer soluciones hidr\u00e1ulicas excepcionales, adaptadas a las diversas necesidades de nuestra clientela global. Con sede en Italia, un centro de excelencia en ingenier\u00eda, FMP se erige como una marca de confianza en la industria hidr\u00e1ulica, comprometida con el suministro de productos fiables, duraderos e innovadores que impulsan a empresas de todo el mundo.<\/p>\n<p class=\"break-words\">Nuestra empresa integra lo mejor de la fabricaci\u00f3n avanzada con un enfoque innovador. Gracias a a\u00f1os de experiencia en sistemas hidr\u00e1ulicos, FMP se ha convertido en una empresa moderna que destaca en investigaci\u00f3n, dise\u00f1o y producci\u00f3n. Nos especializamos en una amplia gama de cilindros hidr\u00e1ulicos, incluyendo cilindros de doble efecto, cilindros de elevaci\u00f3n para autom\u00f3viles, cilindros para maquinaria agr\u00edcola y soluciones de ingenier\u00eda personalizada para diversas aplicaciones industriales. Ya sea para construcci\u00f3n, instalaciones industriales, agricultura o maquinaria pesada, nuestros cilindros hidr\u00e1ulicos est\u00e1n dise\u00f1ados para funcionar en las condiciones m\u00e1s exigentes, garantizando seguridad, eficiencia y durabilidad.<\/p>\n<p><img loading=\"lazy\" decoding=\"async\" class=\"alignnone size-full wp-image-6720\" src=\"https:\/\/fmp-components.com\/wp-content\/uploads\/2025\/03\/hydraulic-cylinder-8.webp\" alt=\"Cilindros hidr\u00e1ulicos telesc\u00f3picos\" width=\"933\" height=\"526\" title=\"\" srcset=\"https:\/\/fmp-components.com\/wp-content\/uploads\/2025\/03\/hydraulic-cylinder-8.webp 933w, https:\/\/fmp-components.com\/wp-content\/uploads\/2025\/03\/hydraulic-cylinder-8-480x271.webp 480w\" sizes=\"(min-width: 0px) and (max-width: 480px) 480px, (min-width: 481px) 933px, 100vw\" \/><\/p>\n<p class=\"break-words\">En FMP, nos enorgullecemos de nuestras instalaciones de producci\u00f3n de vanguardia, equipadas con maquinaria de precisi\u00f3n y sistemas de prueba avanzados. Nuestros procesos de fabricaci\u00f3n cumplen rigurosos est\u00e1ndares nacionales e internacionales, lo que garantiza que cada cilindro hidr\u00e1ulico que sale de nuestra f\u00e1brica sea de la m\u00e1s alta calidad y fiabilidad. Nuestro equipo t\u00e9cnico cualificado, junto con equipos de vanguardia, nos permite mantener un estricto control de calidad en cada etapa de la producci\u00f3n, desde la selecci\u00f3n de la materia prima hasta la inspecci\u00f3n final. Esta dedicaci\u00f3n a la excelencia nos ha valido certificaciones y el reconocimiento de las autoridades del sector, consolidando a\u00fan m\u00e1s nuestra reputaci\u00f3n como socio confiable.<\/p>\n<p class=\"break-words\">Nuestra misi\u00f3n es simple pero ambiciosa: ofrecer a nuestros clientes cilindros hidr\u00e1ulicos que superen sus expectativas en rendimiento, durabilidad y valor. Nos guiamos por los principios de profesionalismo, integridad y orientaci\u00f3n al cliente. Fomentando una cultura de innovaci\u00f3n y precisi\u00f3n, perfeccionamos continuamente nuestros productos para mantenernos a la vanguardia en un mercado competitivo. Nuestra amplia gama de productos y nuestra capacidad para ofrecer soluciones a medida nos convierten en la opci\u00f3n predilecta para las empresas que buscan cilindros hidr\u00e1ulicos de alto rendimiento.<\/p>\n<p class=\"break-words\">FMP es m\u00e1s que un simple fabricante: somos un socio clave para su \u00e9xito. Entendemos que nuestros clientes conf\u00edan en nosotros para ofrecerles herramientas que mejoran su productividad y seguridad. Por eso, nos comprometemos a ofrecer no solo productos de primera calidad, sino tambi\u00e9n un servicio excepcional. Desde la consulta inicial hasta el soporte posventa, trabajamos estrechamente con nuestros clientes para garantizar que sus necesidades se satisfagan con profesionalismo y atenci\u00f3n. Nuestros precios competitivos, junto con nuestro firme compromiso con la calidad, hacen de FMP la opci\u00f3n inteligente para las empresas que buscan invertir en soluciones hidr\u00e1ulicas de confianza.<\/p>","protected":false},"excerpt":{"rendered":"<p>Quality Assurance Hydraulic Cylinder Double Acting 5 Stage Hydraulic Telescopic Cylinder Introducing our Quality Assurance hydraulic cylinder Double Acting 5 Stage Hydraulic Telescopic Cylinder, a state-of-the-art product designed for various applications in industries such as machinery repair shops, farms, energy &amp; mining, machinery manufacturing, and from machinery factories. This hydraulic cylinder is built with the [&hellip;]<\/p>","protected":false},"featured_media":6788,"comment_status":"closed","ping_status":"closed","template":"","meta":{"_et_pb_use_builder":"","_et_pb_old_content":"","_et_gb_content_width":""},"product_brand":[],"product_cat":[103],"product_tag":[34,105],"class_list":{"0":"post-6614","1":"product","2":"type-product","3":"status-publish","4":"has-post-thumbnail","6":"product_cat-telescopic-hydraulic-cylinders","7":"product_tag-hydraulic-cylinder","8":"product_tag-telescopic-hydraulic-cylinders","10":"first","11":"instock","12":"product-type-simple"},"_links":{"self":[{"href":"https:\/\/fmp-components.com\/es\/wp-json\/wp\/v2\/product\/6614","targetHints":{"allow":["GET"]}}],"collection":[{"href":"https:\/\/fmp-components.com\/es\/wp-json\/wp\/v2\/product"}],"about":[{"href":"https:\/\/fmp-components.com\/es\/wp-json\/wp\/v2\/types\/product"}],"replies":[{"embeddable":true,"href":"https:\/\/fmp-components.com\/es\/wp-json\/wp\/v2\/comments?post=6614"}],"wp:featuredmedia":[{"embeddable":true,"href":"https:\/\/fmp-components.com\/es\/wp-json\/wp\/v2\/media\/6788"}],"wp:attachment":[{"href":"https:\/\/fmp-components.com\/es\/wp-json\/wp\/v2\/media?parent=6614"}],"wp:term":[{"taxonomy":"product_brand","embeddable":true,"href":"https:\/\/fmp-components.com\/es\/wp-json\/wp\/v2\/product_brand?post=6614"},{"taxonomy":"product_cat","embeddable":true,"href":"https:\/\/fmp-components.com\/es\/wp-json\/wp\/v2\/product_cat?post=6614"},{"taxonomy":"product_tag","embeddable":true,"href":"https:\/\/fmp-components.com\/es\/wp-json\/wp\/v2\/product_tag?post=6614"}],"curies":[{"name":"gracias","href":"https:\/\/api.w.org\/{rel}","templated":true}]}}