{"id":6610,"date":"2025-03-11T06:33:57","date_gmt":"2025-03-11T06:33:57","guid":{"rendered":"https:\/\/fmp-components.com\/product\/small-telescopic-hydraulic-cylinder-with-long-stroke-for-dump-truck"},"modified":"2025-03-17T08:44:57","modified_gmt":"2025-03-17T08:44:57","slug":"small-telescopic-hydraulic-cylinder-with-long-stroke-for-dump-truck","status":"publish","type":"product","link":"https:\/\/fmp-components.com\/es\/product\/small-telescopic-hydraulic-cylinder-with-long-stroke-for-dump-truck\/","title":{"rendered":"Cilindro hidr\u00e1ulico telesc\u00f3pico peque\u00f1o de carrera larga para cami\u00f3n volquete"},"content":{"rendered":"<h2>Cilindro hidr\u00e1ulico telesc\u00f3pico multietapa para remolque, fabricado en Italia, para volquetes de FMP.<\/h2>\n<p>El cilindro hidr\u00e1ulico telesc\u00f3pico multietapa para remolque es un producto premium de FMP, un reconocido fabricante con sede en Italia. FMP se dedica a proporcionar soluciones hidr\u00e1ulicas de alta calidad para diversas industrias, como plantas de fabricaci\u00f3n, talleres de reparaci\u00f3n de maquinaria, explotaciones agr\u00edcolas y empresas de energ\u00eda y miner\u00eda.<\/p>\n<p><img loading=\"lazy\" decoding=\"async\" class=\"alignnone wp-image-6754\" src=\"https:\/\/fmp-components.com\/wp-content\/uploads\/2025\/03\/Telescopic-Hydraulic-Cylinders-111.webp\" alt=\"Cilindros hidr\u00e1ulicos telesc\u00f3picos\" width=\"780\" height=\"780\" title=\"\" srcset=\"https:\/\/fmp-components.com\/wp-content\/uploads\/2025\/03\/Telescopic-Hydraulic-Cylinders-111.webp 780w, https:\/\/fmp-components.com\/wp-content\/uploads\/2025\/03\/Telescopic-Hydraulic-Cylinders-111-480x480.webp 480w\" sizes=\"(min-width: 0px) and (max-width: 480px) 480px, (min-width: 481px) 780px, 100vw\" \/><\/p>\n<h2>Caracter\u00edsticas y beneficios<\/h2>\n<ul>\n<li><strong>Ecol\u00f3gico:<\/strong> Nuestros cilindros hidr\u00e1ulicos utilizan aceite como medio de trabajo, promoviendo un funcionamiento ecol\u00f3gico.<\/li>\n<li><strong>Eficiente:<\/strong> Con un empuje m\u00e1ximo de 3000 y una tracci\u00f3n de 600, nuestros cilindros est\u00e1n dise\u00f1ados para la eficiencia.<\/li>\n<li><strong>Seguro:<\/strong> Todos nuestros productos cuentan con 1 a\u00f1o de garant\u00eda, asegurando la seguridad y tranquilidad de nuestros clientes.<\/li>\n<\/ul>\n<h2>Aplicaciones<\/h2>\n<p>Estos cilindros hidr\u00e1ulicos son ideales para camiones volquete y otras aplicaciones de trabajo pesado que requieren alta potencia y control de precisi\u00f3n.<\/p>\n<h2>Cilindros hidr\u00e1ulicos y unidades de potencia<\/h2>\n<p>Nuestros cilindros hidr\u00e1ulicos y unidades de potencia son componentes integrales de cualquier sistema hidr\u00e1ulico. Trabajan en conjunto para proporcionar potencia y control fiables para una amplia gama de aplicaciones industriales. Tambi\u00e9n ofrecemos unidades de potencia a la venta, lo que le garantiza una soluci\u00f3n hidr\u00e1ulica completa.<\/p>\n<h2>Preguntas frecuentes<\/h2>\n<dl>\n<dt>P1: \u00bfCu\u00e1l es la garant\u00eda de sus cilindros hidr\u00e1ulicos?<\/dt>\n<dd>A1: Ofrecemos una garant\u00eda de 1 a\u00f1o en todos nuestros cilindros hidr\u00e1ulicos.<\/dd>\n<dt>P2: \u00bfSe pueden personalizar las especificaciones del cilindro hidr\u00e1ulico?<\/dt>\n<dd>A2: S\u00ed, podemos dise\u00f1ar cilindros hidr\u00e1ulicos seg\u00fan sus requisitos espec\u00edficos.<\/dd>\n<dt>P3: \u00bfOfrecen tambi\u00e9n unidades de potencia?<\/dt>\n<dd>A3: S\u00ed, tambi\u00e9n proporcionamos unidades de potencia para complementar nuestros cilindros hidr\u00e1ulicos.<\/dd>\n<\/dl>\n<h3>Acerca de FMP<\/h3>\n<p class=\"break-words\">FMP es un fabricante italiano l\u00edder especializado en el dise\u00f1o, desarrollo y producci\u00f3n de cilindros hidr\u00e1ulicos de alta calidad. Con una rica tradici\u00f3n arraigada en d\u00e9cadas de experiencia, combinamos con orgullo la artesan\u00eda italiana con tecnolog\u00eda de vanguardia para ofrecer soluciones hidr\u00e1ulicas excepcionales, adaptadas a las diversas necesidades de nuestra clientela global. Con sede en Italia, un centro de excelencia en ingenier\u00eda, FMP se erige como una marca de confianza en la industria hidr\u00e1ulica, comprometida con el suministro de productos fiables, duraderos e innovadores que impulsan a empresas de todo el mundo.<\/p>\n<p class=\"break-words\">Nuestra empresa integra lo mejor de la fabricaci\u00f3n avanzada con un enfoque innovador. Gracias a a\u00f1os de experiencia en sistemas hidr\u00e1ulicos, FMP se ha convertido en una empresa moderna que destaca en investigaci\u00f3n, dise\u00f1o y producci\u00f3n. Nos especializamos en una amplia gama de cilindros hidr\u00e1ulicos, incluyendo cilindros de doble efecto, cilindros de elevaci\u00f3n para autom\u00f3viles, cilindros para maquinaria agr\u00edcola y soluciones de ingenier\u00eda personalizada para diversas aplicaciones industriales. Ya sea para construcci\u00f3n, instalaciones industriales, agricultura o maquinaria pesada, nuestros cilindros hidr\u00e1ulicos est\u00e1n dise\u00f1ados para funcionar en las condiciones m\u00e1s exigentes, garantizando seguridad, eficiencia y durabilidad.<\/p>\n<p><img loading=\"lazy\" decoding=\"async\" class=\"alignnone size-full wp-image-6720\" src=\"https:\/\/fmp-components.com\/wp-content\/uploads\/2025\/03\/hydraulic-cylinder-8.webp\" alt=\"Cilindros hidr\u00e1ulicos telesc\u00f3picos\" width=\"933\" height=\"526\" title=\"\" srcset=\"https:\/\/fmp-components.com\/wp-content\/uploads\/2025\/03\/hydraulic-cylinder-8.webp 933w, https:\/\/fmp-components.com\/wp-content\/uploads\/2025\/03\/hydraulic-cylinder-8-480x271.webp 480w\" sizes=\"(min-width: 0px) and (max-width: 480px) 480px, (min-width: 481px) 933px, 100vw\" \/><\/p>\n<p class=\"break-words\">En FMP, nos enorgullecemos de nuestras instalaciones de producci\u00f3n de vanguardia, equipadas con maquinaria de precisi\u00f3n y sistemas de prueba avanzados. Nuestros procesos de fabricaci\u00f3n cumplen rigurosos est\u00e1ndares nacionales e internacionales, lo que garantiza que cada cilindro hidr\u00e1ulico que sale de nuestra f\u00e1brica sea de la m\u00e1s alta calidad y fiabilidad. Nuestro equipo t\u00e9cnico cualificado, junto con equipos de vanguardia, nos permite mantener un estricto control de calidad en cada etapa de la producci\u00f3n, desde la selecci\u00f3n de la materia prima hasta la inspecci\u00f3n final. Esta dedicaci\u00f3n a la excelencia nos ha valido certificaciones y el reconocimiento de las autoridades del sector, consolidando a\u00fan m\u00e1s nuestra reputaci\u00f3n como socio confiable.<\/p>\n<p class=\"break-words\">Nuestra misi\u00f3n es simple pero ambiciosa: ofrecer a nuestros clientes cilindros hidr\u00e1ulicos que superen sus expectativas en rendimiento, durabilidad y valor. Nos guiamos por los principios de profesionalismo, integridad y orientaci\u00f3n al cliente. Fomentando una cultura de innovaci\u00f3n y precisi\u00f3n, perfeccionamos continuamente nuestros productos para mantenernos a la vanguardia en un mercado competitivo. Nuestra amplia gama de productos y nuestra capacidad para ofrecer soluciones a medida nos convierten en la opci\u00f3n predilecta para las empresas que buscan cilindros hidr\u00e1ulicos de alto rendimiento.<\/p>\n<p class=\"break-words\">FMP es m\u00e1s que un simple fabricante: somos un socio clave para su \u00e9xito. Entendemos que nuestros clientes conf\u00edan en nosotros para ofrecerles herramientas que mejoran su productividad y seguridad. Por eso, nos comprometemos a ofrecer no solo productos de primera calidad, sino tambi\u00e9n un servicio excepcional. Desde la consulta inicial hasta el soporte posventa, trabajamos estrechamente con nuestros clientes para garantizar que sus necesidades se satisfagan con profesionalismo y atenci\u00f3n. Nuestros precios competitivos, junto con nuestro firme compromiso con la calidad, hacen de FMP la opci\u00f3n inteligente para las empresas que buscan invertir en soluciones hidr\u00e1ulicas de confianza.<\/p>","protected":false},"excerpt":{"rendered":"<p>Italy Manufacturer Trailer Telescopic Multi Stages Hydraulic Cylinder Used For Dump Truck From FMP The Trailer Telescopic Multi Stages hydraulic cylinder is a premium product From FMP, a renowned manufacturer based in Italy City. FMP has been dedicated to providing high-quality hydraulic solutions for various industries including manufacturing plants, machinery repair shops, farms, and energy [&hellip;]<\/p>","protected":false},"featured_media":6808,"comment_status":"closed","ping_status":"closed","template":"","meta":{"_et_pb_use_builder":"","_et_pb_old_content":"","_et_gb_content_width":""},"product_brand":[],"product_cat":[103],"product_tag":[34,105],"class_list":{"0":"post-6610","1":"product","2":"type-product","3":"status-publish","4":"has-post-thumbnail","6":"product_cat-telescopic-hydraulic-cylinders","7":"product_tag-hydraulic-cylinder","8":"product_tag-telescopic-hydraulic-cylinders","10":"first","11":"instock","12":"product-type-simple"},"_links":{"self":[{"href":"https:\/\/fmp-components.com\/es\/wp-json\/wp\/v2\/product\/6610","targetHints":{"allow":["GET"]}}],"collection":[{"href":"https:\/\/fmp-components.com\/es\/wp-json\/wp\/v2\/product"}],"about":[{"href":"https:\/\/fmp-components.com\/es\/wp-json\/wp\/v2\/types\/product"}],"replies":[{"embeddable":true,"href":"https:\/\/fmp-components.com\/es\/wp-json\/wp\/v2\/comments?post=6610"}],"wp:featuredmedia":[{"embeddable":true,"href":"https:\/\/fmp-components.com\/es\/wp-json\/wp\/v2\/media\/6808"}],"wp:attachment":[{"href":"https:\/\/fmp-components.com\/es\/wp-json\/wp\/v2\/media?parent=6610"}],"wp:term":[{"taxonomy":"product_brand","embeddable":true,"href":"https:\/\/fmp-components.com\/es\/wp-json\/wp\/v2\/product_brand?post=6610"},{"taxonomy":"product_cat","embeddable":true,"href":"https:\/\/fmp-components.com\/es\/wp-json\/wp\/v2\/product_cat?post=6610"},{"taxonomy":"product_tag","embeddable":true,"href":"https:\/\/fmp-components.com\/es\/wp-json\/wp\/v2\/product_tag?post=6610"}],"curies":[{"name":"gracias","href":"https:\/\/api.w.org\/{rel}","templated":true}]}}