{"id":6609,"date":"2025-03-11T06:33:57","date_gmt":"2025-03-11T06:33:57","guid":{"rendered":"https:\/\/fmp-components.com\/product\/professional-double-acting-multi-stage-hydraulic-cylinder-for-press"},"modified":"2025-03-14T01:21:24","modified_gmt":"2025-03-14T01:21:24","slug":"professional-double-acting-multi-stage-hydraulic-cylinder-for-press","status":"publish","type":"product","link":"https:\/\/fmp-components.com\/es\/product\/professional-double-acting-multi-stage-hydraulic-cylinder-for-press\/","title":{"rendered":"Cilindro hidr\u00e1ulico multietapa de doble efecto profesional para prensa"},"content":{"rendered":"<h2>Cilindro hidr\u00e1ulico profesional de doble efecto y m\u00faltiples etapas para prensa<\/h2>\n<p>El cilindro hidr\u00e1ulico profesional de doble efecto y varias etapas para prensas es un componente robusto y fiable en el mundo de la hidr\u00e1ulica. Dise\u00f1ado con precisi\u00f3n, este cilindro es ideal para aplicaciones de prensado en diversas industrias, como talleres de reparaci\u00f3n de maquinaria, energ\u00eda y miner\u00eda.<\/p>\n<h3>Caracter\u00edsticas y especificaciones del producto<\/h3>\n<p>Este cilindro hidr\u00e1ulico cuenta con una serie de caracter\u00edsticas que lo distinguen en su sector. Ofrece un empuje m\u00e1ximo de 3000 y una fuerza de tracci\u00f3n m\u00e1xima de 20 toneladas. Est\u00e1 fabricado en acero resistente y tiene un di\u00e1metro interior de 2 a 6 pulgadas, un v\u00e1stago de 1,125 a 4 pulgadas y una carrera de 4 a 100 pulgadas.<\/p>\n<h3>Par\u00e1metros t\u00e9cnicos<\/h3>\n<table style=\"width: 96.4775%;\" border=\"\">\n<tbody>\n<tr>\n<th style=\"width: 43.4286%;\">Tama\u00f1o del orificio<\/th>\n<td style=\"width: 400.571%;\">2-6 pulgadas<\/td>\n<\/tr>\n<tr>\n<th style=\"width: 43.4286%;\">Tama\u00f1o de la varilla<\/th>\n<td style=\"width: 400.571%;\">1,125-4 pulgadas<\/td>\n<\/tr>\n<tr>\n<th style=\"width: 43.4286%;\">Tama\u00f1o del trazo<\/th>\n<td style=\"width: 400.571%;\">4-100 pulgadas<\/td>\n<\/tr>\n<tr>\n<th style=\"width: 43.4286%;\">Tama\u00f1o del pin<\/th>\n<td style=\"width: 400.571%;\">0,5-2 pulgadas<\/td>\n<\/tr>\n<tr>\n<th style=\"width: 43.4286%;\">Puertos<\/th>\n<td style=\"width: 400.571%;\">G\/SAE\/NPT\/M<\/td>\n<\/tr>\n<\/tbody>\n<\/table>\n<h2>Ventajas \u00fanicas<\/h2>\n<p>Este cilindro hidr\u00e1ulico es energ\u00e9ticamente eficiente, de alto rendimiento y seguro. Su mecanismo de doble efecto permite una mayor eficiencia y potencia. Adem\u00e1s, cuenta con la certificaci\u00f3n ISO 9001:2000, lo que garantiza su calidad y fiabilidad.<\/p>\n<h2>Sistemas hidr\u00e1ulicos y principios de funcionamiento<\/h2>\n<p>Los cilindros hidr\u00e1ulicos son un componente fundamental de cualquier sistema hidr\u00e1ulico, ya que desempe\u00f1an un papel crucial en la conversi\u00f3n de la energ\u00eda hidr\u00e1ulica en movimiento mec\u00e1nico. Esta conversi\u00f3n se logra mediante el uso de fluido hidr\u00e1ulico, que se presuriza y se dirige al interior del cilindro. Al entrar, el fluido ejerce una fuerza sobre el pist\u00f3n, provocando su movimiento. Este movimiento se traduce en movimiento lineal, que puede aprovecharse para realizar diversas tareas industriales, desde levantar cargas pesadas hasta operar maquinaria con precisi\u00f3n.<\/p>\n<p>Uno de los tipos m\u00e1s vers\u00e1tiles de cilindros hidr\u00e1ulicos es el de doble efecto. A diferencia de los cilindros de simple efecto, que solo pueden moverse en una direcci\u00f3n, los de doble efecto pueden extenderse y retraerse mediante fuerza hidr\u00e1ulica en ambas direcciones. Esta capacidad los hace ideales para una amplia gama de aplicaciones, como maquinaria de construcci\u00f3n, elevadores para autom\u00f3viles y equipos de manipulaci\u00f3n de materiales. La posibilidad de controlar el movimiento en ambas direcciones permite una mayor flexibilidad y eficiencia en las operaciones, lo que convierte a los cilindros de doble efecto en la opci\u00f3n preferida en muchos entornos industriales.<\/p>\n<p><img loading=\"lazy\" decoding=\"async\" class=\"alignnone size-full wp-image-6795\" src=\"https:\/\/fmp-components.com\/wp-content\/uploads\/2025\/03\/Telescopic-Hydraulic-Cylinders-11.webp\" alt=\"Cilindros hidr\u00e1ulicos telesc\u00f3picos\" width=\"800\" height=\"800\" title=\"\" srcset=\"https:\/\/fmp-components.com\/wp-content\/uploads\/2025\/03\/Telescopic-Hydraulic-Cylinders-11.webp 800w, https:\/\/fmp-components.com\/wp-content\/uploads\/2025\/03\/Telescopic-Hydraulic-Cylinders-11-480x480.webp 480w\" sizes=\"(min-width: 0px) and (max-width: 480px) 480px, (min-width: 481px) 800px, 100vw\" \/><\/p>\n<h2>Cilindros hidr\u00e1ulicos y unidades de potencia<\/h2>\n<p>Los cilindros hidr\u00e1ulicos y las unidades de potencia son componentes cr\u00edticos de un sistema hidr\u00e1ulico, ya que trabajan conjuntamente para aprovechar eficazmente la potencia hidr\u00e1ulica. El cilindro hidr\u00e1ulico act\u00faa como actuador, convirtiendo la presi\u00f3n hidr\u00e1ulica generada por la unidad de potencia en movimiento mec\u00e1nico. Por su parte, la unidad de potencia se encarga de generar y regular la presi\u00f3n del fluido hidr\u00e1ulico, suministrando la energ\u00eda necesaria al sistema.<\/p>\n<p>Esta colaboraci\u00f3n es fundamental para la amplia aplicaci\u00f3n de la tecnolog\u00eda hidr\u00e1ulica en todo el sector industrial. En conjunto, los cilindros hidr\u00e1ulicos y las unidades de potencia proporcionan energ\u00eda fiable y un control preciso para diversos equipos de ingenier\u00eda y mec\u00e1nicos. Por ejemplo, en entornos de fabricaci\u00f3n, esta sinergia permite el funcionamiento de prensas, transportadores y sistemas rob\u00f3ticos, lo que mejora la productividad y la eficiencia.<\/p>\n<p>Adem\u00e1s, la integraci\u00f3n de cilindros hidr\u00e1ulicos con unidades de potencia permite realizar tareas complejas que requieren tanto fuerza como precisi\u00f3n. Al ajustar la presi\u00f3n y el caudal del fluido hidr\u00e1ulico, los operarios pueden lograr un control preciso de los movimientos, lo que hace que los sistemas hidr\u00e1ulicos sean id\u00f3neos para aplicaciones que van desde el levantamiento de cargas pesadas hasta procesos de ensamblaje complejos.<\/p>\n<p>En resumen, la combinaci\u00f3n de cilindros hidr\u00e1ulicos y unidades de potencia ejemplifica la eficacia de los sistemas hidr\u00e1ulicos en las aplicaciones industriales modernas. Su capacidad para funcionar conjuntamente sin problemas garantiza que las industrias puedan aprovechar la tecnolog\u00eda hidr\u00e1ulica para mejorar la eficiencia operativa, aumentar la seguridad e incrementar la productividad general en una amplia gama de aplicaciones.<\/p>\n<h2>Preguntas frecuentes<\/h2>\n<p>P: \u00bfEs usted una empresa comercial o un fabricante?<br \/>\nA: Somos una f\u00e1brica.<\/p>\n<p>P: \u00bfCu\u00e1nto tiempo dura el env\u00edo?<br \/>\nR: Generalmente son entre 25 y 35 d\u00edas.<\/p>\n<p>P: \u00bfPueden producir seg\u00fan las muestras?<br \/>\nR: S\u00ed, podemos fabricarlo seg\u00fan sus muestras o planos t\u00e9cnicos. Fabricamos los moldes y accesorios.<\/p>\n<h3>Acerca de FMP<\/h3>\n<p class=\"break-words\">FMP es un fabricante italiano l\u00edder especializado en el dise\u00f1o, desarrollo y producci\u00f3n de cilindros hidr\u00e1ulicos de alta calidad. Con una rica tradici\u00f3n arraigada en d\u00e9cadas de experiencia, combinamos con orgullo la artesan\u00eda italiana con tecnolog\u00eda de vanguardia para ofrecer soluciones hidr\u00e1ulicas excepcionales, adaptadas a las diversas necesidades de nuestra clientela global. Con sede en Italia, un centro de excelencia en ingenier\u00eda, FMP se erige como una marca de confianza en la industria hidr\u00e1ulica, comprometida con el suministro de productos fiables, duraderos e innovadores que impulsan a empresas de todo el mundo.<\/p>\n<p class=\"break-words\">Nuestra empresa integra lo mejor de la fabricaci\u00f3n avanzada con un enfoque innovador. Gracias a a\u00f1os de experiencia en sistemas hidr\u00e1ulicos, FMP se ha convertido en una empresa moderna que destaca en investigaci\u00f3n, dise\u00f1o y producci\u00f3n. Nos especializamos en una amplia gama de cilindros hidr\u00e1ulicos, incluyendo cilindros de doble efecto, cilindros de elevaci\u00f3n para autom\u00f3viles, cilindros para maquinaria agr\u00edcola y soluciones de ingenier\u00eda personalizada para diversas aplicaciones industriales. Ya sea para construcci\u00f3n, instalaciones industriales, agricultura o maquinaria pesada, nuestros cilindros hidr\u00e1ulicos est\u00e1n dise\u00f1ados para funcionar en las condiciones m\u00e1s exigentes, garantizando seguridad, eficiencia y durabilidad.<\/p>\n<p><img loading=\"lazy\" decoding=\"async\" class=\"alignnone size-full wp-image-6720\" src=\"https:\/\/fmp-components.com\/wp-content\/uploads\/2025\/03\/hydraulic-cylinder-8.webp\" alt=\"Cilindros hidr\u00e1ulicos telesc\u00f3picos\" width=\"933\" height=\"526\" title=\"\" srcset=\"https:\/\/fmp-components.com\/wp-content\/uploads\/2025\/03\/hydraulic-cylinder-8.webp 933w, https:\/\/fmp-components.com\/wp-content\/uploads\/2025\/03\/hydraulic-cylinder-8-480x271.webp 480w\" sizes=\"(min-width: 0px) and (max-width: 480px) 480px, (min-width: 481px) 933px, 100vw\" \/><\/p>\n<p class=\"break-words\">En FMP, nos enorgullecemos de nuestras instalaciones de producci\u00f3n de vanguardia, equipadas con maquinaria de precisi\u00f3n y sistemas de prueba avanzados. Nuestros procesos de fabricaci\u00f3n cumplen rigurosos est\u00e1ndares nacionales e internacionales, lo que garantiza que cada cilindro hidr\u00e1ulico que sale de nuestra f\u00e1brica sea de la m\u00e1s alta calidad y fiabilidad. Nuestro equipo t\u00e9cnico cualificado, junto con equipos de vanguardia, nos permite mantener un estricto control de calidad en cada etapa de la producci\u00f3n, desde la selecci\u00f3n de la materia prima hasta la inspecci\u00f3n final. Esta dedicaci\u00f3n a la excelencia nos ha valido certificaciones y el reconocimiento de las autoridades del sector, consolidando a\u00fan m\u00e1s nuestra reputaci\u00f3n como socio confiable.<\/p>\n<p class=\"break-words\">Nuestra misi\u00f3n es simple pero ambiciosa: ofrecer a nuestros clientes cilindros hidr\u00e1ulicos que superen sus expectativas en rendimiento, durabilidad y valor. Nos guiamos por los principios de profesionalismo, integridad y orientaci\u00f3n al cliente. Fomentando una cultura de innovaci\u00f3n y precisi\u00f3n, perfeccionamos continuamente nuestros productos para mantenernos a la vanguardia en un mercado competitivo. Nuestra amplia gama de productos y nuestra capacidad para ofrecer soluciones a medida nos convierten en la opci\u00f3n predilecta para las empresas que buscan cilindros hidr\u00e1ulicos de alto rendimiento.<\/p>\n<p class=\"break-words\">FMP es m\u00e1s que un simple fabricante: somos un socio clave para su \u00e9xito. Entendemos que nuestros clientes conf\u00edan en nosotros para ofrecerles herramientas que mejoran su productividad y seguridad. Por eso, nos comprometemos a ofrecer no solo productos de primera calidad, sino tambi\u00e9n un servicio excepcional. Desde la consulta inicial hasta el soporte posventa, trabajamos estrechamente con nuestros clientes para garantizar que sus necesidades se satisfagan con profesionalismo y atenci\u00f3n. Nuestros precios competitivos, junto con nuestro firme compromiso con la calidad, hacen de FMP la opci\u00f3n inteligente para las empresas que buscan invertir en soluciones hidr\u00e1ulicas de confianza.<\/p>","protected":false},"excerpt":{"rendered":"<p>Professional Double Acting Multi Stage Hydraulic Cylinder for Press The Professional Double Acting multi stage hydraulic cylinder for press is a robust and reliable component in the world of hydraulics. Designed with precision, this cylinder is ideal for press applications in various industries such as machinery repair shops, energy, and mining. Product Features and Specifications [&hellip;]<\/p>","protected":false},"featured_media":6795,"comment_status":"closed","ping_status":"closed","template":"","meta":{"_et_pb_use_builder":"","_et_pb_old_content":"","_et_gb_content_width":""},"product_brand":[],"product_cat":[103],"product_tag":[34,105],"class_list":{"0":"post-6609","1":"product","2":"type-product","3":"status-publish","4":"has-post-thumbnail","6":"product_cat-telescopic-hydraulic-cylinders","7":"product_tag-hydraulic-cylinder","8":"product_tag-telescopic-hydraulic-cylinders","10":"first","11":"instock","12":"product-type-simple"},"_links":{"self":[{"href":"https:\/\/fmp-components.com\/es\/wp-json\/wp\/v2\/product\/6609","targetHints":{"allow":["GET"]}}],"collection":[{"href":"https:\/\/fmp-components.com\/es\/wp-json\/wp\/v2\/product"}],"about":[{"href":"https:\/\/fmp-components.com\/es\/wp-json\/wp\/v2\/types\/product"}],"replies":[{"embeddable":true,"href":"https:\/\/fmp-components.com\/es\/wp-json\/wp\/v2\/comments?post=6609"}],"wp:featuredmedia":[{"embeddable":true,"href":"https:\/\/fmp-components.com\/es\/wp-json\/wp\/v2\/media\/6795"}],"wp:attachment":[{"href":"https:\/\/fmp-components.com\/es\/wp-json\/wp\/v2\/media?parent=6609"}],"wp:term":[{"taxonomy":"product_brand","embeddable":true,"href":"https:\/\/fmp-components.com\/es\/wp-json\/wp\/v2\/product_brand?post=6609"},{"taxonomy":"product_cat","embeddable":true,"href":"https:\/\/fmp-components.com\/es\/wp-json\/wp\/v2\/product_cat?post=6609"},{"taxonomy":"product_tag","embeddable":true,"href":"https:\/\/fmp-components.com\/es\/wp-json\/wp\/v2\/product_tag?post=6609"}],"curies":[{"name":"gracias","href":"https:\/\/api.w.org\/{rel}","templated":true}]}}