{"id":6599,"date":"2025-03-11T06:32:38","date_gmt":"2025-03-11T06:32:38","guid":{"rendered":"https:\/\/fmp-components.com\/product\/telescopic-multi-stages-tipper-truck-hydraulic-cylinder-from-fmp"},"modified":"2025-03-12T03:13:48","modified_gmt":"2025-03-12T03:13:48","slug":"telescopic-multi-stages-tipper-truck-hydraulic-cylinder-from-fmp","status":"publish","type":"product","link":"https:\/\/fmp-components.com\/es\/product\/telescopic-multi-stages-tipper-truck-hydraulic-cylinder-from-fmp\/","title":{"rendered":"Cilindro hidr\u00e1ulico para cami\u00f3n volquete telesc\u00f3pico multietapa de FMP"},"content":{"rendered":"<h2>Cilindro hidr\u00e1ulico para cami\u00f3n volquete telesc\u00f3pico multietapa de FMP<\/h2>\n<p>Descubra la potencia de la hidr\u00e1ulica con nuestro cilindro hidr\u00e1ulico telesc\u00f3pico multietapa para camiones volquete. Este innovador producto de FMP est\u00e1 dise\u00f1ado para ofrecer un rendimiento, fiabilidad y durabilidad excelentes, convirti\u00e9ndose en una valiosa incorporaci\u00f3n para diversas industrias como plantas de fabricaci\u00f3n, talleres de reparaci\u00f3n de maquinaria, explotaciones agr\u00edcolas y el sector energ\u00e9tico y minero.<\/p>\n<h2>Caracter\u00edsticas y especificaciones del producto<\/h2>\n<p>Nuestro cilindro hidr\u00e1ulico telesc\u00f3pico multietapa para camiones volquete cuenta con numerosas caracter\u00edsticas que lo distinguen en el mercado. A continuaci\u00f3n, presentamos las especificaciones detalladas del producto:<\/p>\n<ul>\n<li>Condici\u00f3n: Nuevo<\/li>\n<li>Garant\u00eda: 1 a\u00f1o<\/li>\n<li>Industrias aplicables: Plantas de fabricaci\u00f3n, talleres de reparaci\u00f3n de maquinaria, explotaciones agr\u00edcolas, energ\u00eda y miner\u00eda.<\/li>\n<li>Inspecci\u00f3n de salida en v\u00eddeo: Proporcionada<\/li>\n<li>Informe de prueba de maquinaria: proporcionado<\/li>\n<li>Tipo de marketing: Nuevo producto 2021<\/li>\n<li>Garant\u00eda de los componentes principales: 1 a\u00f1o<\/li>\n<li>Componentes principales: Rodamiento<\/li>\n<li>Est\u00e1ndar o no est\u00e1ndar: Est\u00e1ndar<\/li>\n<li>Estructura: Cilindro de pist\u00f3n<\/li>\n<li>Potencia: Hidr\u00e1ulica<\/li>\n<li>Material del cuerpo: acero<\/li>\n<li>Empuje m\u00e1ximo: 3000<\/li>\n<li>Tipo: Cilindros hidr\u00e1ulicos peque\u00f1os<\/li>\n<li>Di\u00e1metro del orificio: Seg\u00fan sus necesidades<\/li>\n<li>Tracci\u00f3n m\u00e1xima: 600<\/li>\n<li>Certificaci\u00f3n: ISO9001:2000<\/li>\n<li>Fluido: Aceite<\/li>\n<li>Di\u00e1metro del cilindro: 20~250 mm<\/li>\n<li>Detalles del embalaje: Caja de hierro, caja de madera contrachapada o caja de cart\u00f3n<\/li>\n<\/ul>\n<h2>Caracter\u00edsticas y ventajas \u00fanicas<\/h2>\n<p>Nuestro cilindro hidr\u00e1ulico telesc\u00f3pico multietapa para camiones volquete cuenta con caracter\u00edsticas y ventajas \u00fanicas, como eficiencia energ\u00e9tica, alto rendimiento, seguridad y mucho m\u00e1s. Garantiza un funcionamiento sin problemas, lo que ayuda a las empresas a maximizar la productividad y minimizar el tiempo de inactividad.<\/p>\n<h2>Sistemas hidr\u00e1ulicos y principios de funcionamiento<\/h2>\n<p>Nuestro cilindro hidr\u00e1ulico funciona seg\u00fan principios sencillos: la fuerza del fluido a presi\u00f3n se utiliza para generar un movimiento lineal. Este mecanismo ofrece un rendimiento robusto y fiable, lo que lo convierte en una pieza indispensable en numerosas aplicaciones industriales.<\/p>\n<p><img loading=\"lazy\" decoding=\"async\" class=\"alignnone  wp-image-6658\" src=\"https:\/\/fmp-components.com\/wp-content\/uploads\/2025\/03\/telescopic-hydraulic-cylinder-6.webp\" alt=\"cilindro hidr\u00e1ulico telesc\u00f3pico\" width=\"928\" height=\"928\" title=\"\" srcset=\"https:\/\/fmp-components.com\/wp-content\/uploads\/2025\/03\/telescopic-hydraulic-cylinder-6.webp 928w, https:\/\/fmp-components.com\/wp-content\/uploads\/2025\/03\/telescopic-hydraulic-cylinder-6-480x480.webp 480w\" sizes=\"(min-width: 0px) and (max-width: 480px) 480px, (min-width: 481px) 928px, 100vw\" \/><\/p>\n<h2>Cilindros hidr\u00e1ulicos y unidades de potencia<\/h2>\n<p>Los cilindros hidr\u00e1ulicos y las unidades de potencia son componentes esenciales de un sistema hidr\u00e1ulico. Su sinergia garantiza la amplia aplicabilidad de la tecnolog\u00eda hidr\u00e1ulica en el sector industrial, proporcionando potencia y control fiables para diversos equipos de ingenier\u00eda y maquinaria. El cilindro hidr\u00e1ulico, como actuador, se encarga de convertir la energ\u00eda hidr\u00e1ulica en movimiento mec\u00e1nico, transformando la presi\u00f3n en fuerza. Por su parte, la unidad de potencia es el n\u00facleo que proporciona la energ\u00eda y las se\u00f1ales de control necesarias para el sistema hidr\u00e1ulico. Su funcionamiento coordinado es lo que permite que el sistema hidr\u00e1ulico funcione correctamente. En FMP, tambi\u00e9n ofrecemos unidades de potencia a la venta.<\/p>\n<h2>Preguntas frecuentes<\/h2>\n<p><strong>P1: \u00bfCu\u00e1l es el per\u00edodo de garant\u00eda del cilindro hidr\u00e1ulico para cami\u00f3n volquete telesc\u00f3pico de varias etapas?<\/strong><br \/>\nA1: El per\u00edodo de garant\u00eda del producto es de 1 a\u00f1o.<\/p>\n<p><strong>P2: \u00bfSe puede personalizar el cilindro hidr\u00e1ulico seg\u00fan nuestros requisitos?<\/strong><br \/>\nA2: S\u00ed, podemos dise\u00f1ar el cilindro hidr\u00e1ulico para usted de acuerdo con su solicitud.<\/p>\n<p><strong>P3: \u00bfCu\u00e1les son los componentes principales del cilindro hidr\u00e1ulico?<\/strong><br \/>\nA3: El componente central del cilindro hidr\u00e1ulico es el cojinete.<\/p>\n<h3>Acerca de FMP<\/h3>\n<p class=\"break-words\">FMP es un fabricante italiano l\u00edder especializado en el dise\u00f1o, desarrollo y producci\u00f3n de cilindros hidr\u00e1ulicos de alta calidad. Con una rica tradici\u00f3n arraigada en d\u00e9cadas de experiencia, combinamos con orgullo la artesan\u00eda italiana con tecnolog\u00eda de vanguardia para ofrecer soluciones hidr\u00e1ulicas excepcionales, adaptadas a las diversas necesidades de nuestra clientela global. Con sede en Italia, un centro de excelencia en ingenier\u00eda, FMP se erige como una marca de confianza en la industria hidr\u00e1ulica, comprometida con el suministro de productos fiables, duraderos e innovadores que impulsan a empresas de todo el mundo.<\/p>\n<p class=\"break-words\">Nuestra empresa integra lo mejor de la fabricaci\u00f3n avanzada con un enfoque innovador. Gracias a a\u00f1os de experiencia en sistemas hidr\u00e1ulicos, FMP se ha convertido en una empresa moderna que destaca en investigaci\u00f3n, dise\u00f1o y producci\u00f3n. Nos especializamos en una amplia gama de cilindros hidr\u00e1ulicos, incluyendo cilindros de doble efecto, cilindros de elevaci\u00f3n para autom\u00f3viles, cilindros para maquinaria agr\u00edcola y soluciones de ingenier\u00eda personalizada para diversas aplicaciones industriales. Ya sea para construcci\u00f3n, instalaciones industriales, agricultura o maquinaria pesada, nuestros cilindros hidr\u00e1ulicos est\u00e1n dise\u00f1ados para funcionar en las condiciones m\u00e1s exigentes, garantizando seguridad, eficiencia y durabilidad.<\/p>\n<p><img loading=\"lazy\" decoding=\"async\" class=\"alignnone size-full wp-image-6720\" src=\"https:\/\/fmp-components.com\/wp-content\/uploads\/2025\/03\/hydraulic-cylinder-8.webp\" alt=\"Cilindros hidr\u00e1ulicos telesc\u00f3picos\" width=\"933\" height=\"526\" title=\"\" srcset=\"https:\/\/fmp-components.com\/wp-content\/uploads\/2025\/03\/hydraulic-cylinder-8.webp 933w, https:\/\/fmp-components.com\/wp-content\/uploads\/2025\/03\/hydraulic-cylinder-8-480x271.webp 480w\" sizes=\"(min-width: 0px) and (max-width: 480px) 480px, (min-width: 481px) 933px, 100vw\" \/><\/p>\n<p class=\"break-words\">En FMP, nos enorgullecemos de nuestras instalaciones de producci\u00f3n de vanguardia, equipadas con maquinaria de precisi\u00f3n y sistemas de prueba avanzados. Nuestros procesos de fabricaci\u00f3n cumplen rigurosos est\u00e1ndares nacionales e internacionales, lo que garantiza que cada cilindro hidr\u00e1ulico que sale de nuestra f\u00e1brica sea de la m\u00e1s alta calidad y fiabilidad. Nuestro equipo t\u00e9cnico cualificado, junto con equipos de vanguardia, nos permite mantener un estricto control de calidad en cada etapa de la producci\u00f3n, desde la selecci\u00f3n de la materia prima hasta la inspecci\u00f3n final. Esta dedicaci\u00f3n a la excelencia nos ha valido certificaciones y el reconocimiento de las autoridades del sector, consolidando a\u00fan m\u00e1s nuestra reputaci\u00f3n como socio confiable.<\/p>\n<p class=\"break-words\">Nuestra misi\u00f3n es simple pero ambiciosa: ofrecer a nuestros clientes cilindros hidr\u00e1ulicos que superen sus expectativas en rendimiento, durabilidad y valor. Nos guiamos por los principios de profesionalismo, integridad y orientaci\u00f3n al cliente. Fomentando una cultura de innovaci\u00f3n y precisi\u00f3n, perfeccionamos continuamente nuestros productos para mantenernos a la vanguardia en un mercado competitivo. Nuestra amplia gama de productos y nuestra capacidad para ofrecer soluciones a medida nos convierten en la opci\u00f3n predilecta para las empresas que buscan cilindros hidr\u00e1ulicos de alto rendimiento.<\/p>\n<p class=\"break-words\">FMP es m\u00e1s que un simple fabricante: somos un socio clave para su \u00e9xito. Entendemos que nuestros clientes conf\u00edan en nosotros para ofrecerles herramientas que mejoran su productividad y seguridad. Por eso, nos comprometemos a ofrecer no solo productos de primera calidad, sino tambi\u00e9n un servicio excepcional. Desde la consulta inicial hasta el soporte posventa, trabajamos estrechamente con nuestros clientes para garantizar que sus necesidades se satisfagan con profesionalismo y atenci\u00f3n. Nuestros precios competitivos, junto con nuestro firme compromiso con la calidad, hacen de FMP la opci\u00f3n inteligente para las empresas que buscan invertir en soluciones hidr\u00e1ulicas de confianza.<\/p>","protected":false},"excerpt":{"rendered":"<p>Telescopic Multi Stages Tipper Truck Hydraulic Cylinder From FMP Discover the power of hydraulics with our Telescopic Multi Stages Tipper Truck Hydraulic Cylinder. This innovative product From FMP is designed to offer excellent performance, reliability, and longevity, making it a valuable addition to various industries such as manufacturing plants, machinery repair shops, farms, and the [&hellip;]<\/p>","protected":false},"featured_media":6709,"comment_status":"closed","ping_status":"closed","template":"","meta":{"_et_pb_use_builder":"","_et_pb_old_content":"","_et_gb_content_width":""},"product_brand":[],"product_cat":[103],"product_tag":[34,105],"class_list":{"0":"post-6599","1":"product","2":"type-product","3":"status-publish","4":"has-post-thumbnail","6":"product_cat-telescopic-hydraulic-cylinders","7":"product_tag-hydraulic-cylinder","8":"product_tag-telescopic-hydraulic-cylinders","10":"first","11":"instock","12":"product-type-simple"},"_links":{"self":[{"href":"https:\/\/fmp-components.com\/es\/wp-json\/wp\/v2\/product\/6599","targetHints":{"allow":["GET"]}}],"collection":[{"href":"https:\/\/fmp-components.com\/es\/wp-json\/wp\/v2\/product"}],"about":[{"href":"https:\/\/fmp-components.com\/es\/wp-json\/wp\/v2\/types\/product"}],"replies":[{"embeddable":true,"href":"https:\/\/fmp-components.com\/es\/wp-json\/wp\/v2\/comments?post=6599"}],"wp:featuredmedia":[{"embeddable":true,"href":"https:\/\/fmp-components.com\/es\/wp-json\/wp\/v2\/media\/6709"}],"wp:attachment":[{"href":"https:\/\/fmp-components.com\/es\/wp-json\/wp\/v2\/media?parent=6599"}],"wp:term":[{"taxonomy":"product_brand","embeddable":true,"href":"https:\/\/fmp-components.com\/es\/wp-json\/wp\/v2\/product_brand?post=6599"},{"taxonomy":"product_cat","embeddable":true,"href":"https:\/\/fmp-components.com\/es\/wp-json\/wp\/v2\/product_cat?post=6599"},{"taxonomy":"product_tag","embeddable":true,"href":"https:\/\/fmp-components.com\/es\/wp-json\/wp\/v2\/product_tag?post=6599"}],"curies":[{"name":"gracias","href":"https:\/\/api.w.org\/{rel}","templated":true}]}}