{"id":6588,"date":"2025-03-11T06:32:38","date_gmt":"2025-03-11T06:32:38","guid":{"rendered":"https:\/\/fmp-components.com\/product\/quality-manufacturing-flatbed-tow-truck-4-stage-hydraulic-cylinder"},"modified":"2025-03-17T08:52:37","modified_gmt":"2025-03-17T08:52:37","slug":"quality-manufacturing-flatbed-tow-truck-4-stage-hydraulic-cylinder","status":"publish","type":"product","link":"https:\/\/fmp-components.com\/es\/product\/quality-manufacturing-flatbed-tow-truck-4-stage-hydraulic-cylinder\/","title":{"rendered":"Cami\u00f3n de remolque de plataforma de fabricaci\u00f3n de calidad con cilindro hidr\u00e1ulico de 4 etapas"},"content":{"rendered":"<h2>Cami\u00f3n de remolque de plataforma de fabricaci\u00f3n de calidad con cilindro hidr\u00e1ulico de 4 etapas<\/h2>\n<p>El cilindro hidr\u00e1ulico de 4 etapas para gr\u00faas de plataforma Quality Manufacturing es un producto de alta gama, dise\u00f1ado para un rendimiento robusto y una larga durabilidad. Es indispensable en diversas industrias, como talleres de reparaci\u00f3n de maquinaria, granjas, energ\u00eda y miner\u00eda, fabricaci\u00f3n de maquinaria y f\u00e1bricas de maquinaria. Su funci\u00f3n principal reside en su capacidad para proporcionar potencia hidr\u00e1ulica confiable y eficiente, lo que lo convierte en un componente crucial en numerosas operaciones.<\/p>\n<h3>Especificaciones del producto<\/h3>\n<table style=\"width: 97.6642%;\" border=\"\">\n<tbody>\n<tr>\n<td style=\"width: 43.1818%;\"><b>Tama\u00f1o del orificio<\/b><\/td>\n<td style=\"width: 307.955%;\">2-6 pulgadas<\/td>\n<\/tr>\n<tr>\n<td style=\"width: 43.1818%;\"><b>Tama\u00f1o de la varilla<\/b><\/td>\n<td style=\"width: 307.955%;\">1,125-4 pulgadas<\/td>\n<\/tr>\n<tr>\n<td style=\"width: 43.1818%;\"><b>Tama\u00f1o del trazo<\/b><\/td>\n<td style=\"width: 307.955%;\">4-100 pulgadas<\/td>\n<\/tr>\n<tr>\n<td style=\"width: 43.1818%;\"><b>Tama\u00f1o del pin<\/b><\/td>\n<td style=\"width: 307.955%;\">0,5-2 pulgadas<\/td>\n<\/tr>\n<tr>\n<td style=\"width: 43.1818%;\"><b>Puertos<\/b><\/td>\n<td style=\"width: 307.955%;\">G\/SAE\/NPT\/M<\/td>\n<\/tr>\n<\/tbody>\n<\/table>\n<h3>Caracter\u00edsticas y beneficios clave<\/h3>\n<ul>\n<li style=\"list-style-type: none;\">\n<ul>\n<li>Operaci\u00f3n energ\u00e9ticamente eficiente<\/li>\n<li>Alto rendimiento y durabilidad<\/li>\n<li>Funcionalidad segura y estable<\/li>\n<li>Estructura est\u00e1ndar con un cilindro de \u00e9mbolo<\/li>\n<\/ul>\n<\/li>\n<\/ul>\n<ul>\n<li>Potencia hidr\u00e1ulica con un empuje m\u00e1ximo de 3000<\/li>\n<li>Material del cuerpo de acero para una mayor robustez.<\/li>\n<\/ul>\n<h2>Sistema hidr\u00e1ulico y principios de funcionamiento<\/h2>\n<p>El cilindro hidr\u00e1ulico multietapa funciona seg\u00fan el principio de presi\u00f3n de fluido. Implica la conversi\u00f3n de energ\u00eda hidr\u00e1ulica en movimiento mec\u00e1nico, transformando la presi\u00f3n en fuerza. Este proceso garantiza el funcionamiento fluido y eficiente de diversas m\u00e1quinas y equipos.<\/p>\n<h2>Aplicaciones del cilindro hidr\u00e1ulico<\/h2>\n<p>Las aplicaciones del cilindro hidr\u00e1ulico son diversas, desde talleres de reparaci\u00f3n de maquinaria hasta granjas, industrias energ\u00e9ticas y mineras, y fabricaci\u00f3n de maquinaria. Su dise\u00f1o robusto y su excelente rendimiento lo convierten en una parte integral de estas operaciones.<\/p>\n<h2>Cilindros hidr\u00e1ulicos y unidades de potencia<\/h2>\n<p>Los cilindros hidr\u00e1ulicos y las unidades de potencia son componentes indispensables de los sistemas hidr\u00e1ulicos. Su acci\u00f3n coordinada garantiza la amplia aplicaci\u00f3n de la tecnolog\u00eda hidr\u00e1ulica en diversos sectores industriales, proporcionando potencia y control fiables para diversos equipos de ingenier\u00eda y mec\u00e1nicos. FMP no solo ofrece cilindros hidr\u00e1ulicos de alta calidad, sino tambi\u00e9n unidades de potencia fiables.<\/p>\n<h2>Preguntas frecuentes<\/h2>\n<p><b>P: \u00bfEs usted una empresa comercial o un fabricante?<\/b><\/p>\n<p>R: Somos una f\u00e1brica ubicada en Italia.<\/p>\n<p><b>P: \u00bfCu\u00e1nto tiempo dura el env\u00edo?<\/b><\/p>\n<p>R: Generalmente, la entrega demora entre 25 y 35 d\u00edas.<\/p>\n<p><b>P: \u00bfPueden producir seg\u00fan las muestras?<\/b><\/p>\n<p>R: S\u00ed, podemos fabricarlo seg\u00fan sus muestras o planos t\u00e9cnicos. Fabricamos los moldes y accesorios.<\/p>\n<h3>Acerca de FMP<\/h3>\n<p class=\"break-words\">FMP es un fabricante italiano l\u00edder especializado en el dise\u00f1o, desarrollo y producci\u00f3n de cilindros hidr\u00e1ulicos de alta calidad. Con una rica tradici\u00f3n arraigada en d\u00e9cadas de experiencia, combinamos con orgullo la artesan\u00eda italiana con tecnolog\u00eda de vanguardia para ofrecer soluciones hidr\u00e1ulicas excepcionales, adaptadas a las diversas necesidades de nuestra clientela global. Con sede en Italia, un centro de excelencia en ingenier\u00eda, FMP se erige como una marca de confianza en la industria hidr\u00e1ulica, comprometida con el suministro de productos fiables, duraderos e innovadores que impulsan a empresas de todo el mundo.<\/p>\n<p class=\"break-words\">Nuestra empresa integra lo mejor de la fabricaci\u00f3n avanzada con un enfoque innovador. Gracias a a\u00f1os de experiencia en sistemas hidr\u00e1ulicos, FMP se ha convertido en una empresa moderna que destaca en investigaci\u00f3n, dise\u00f1o y producci\u00f3n. Nos especializamos en una amplia gama de cilindros hidr\u00e1ulicos, incluyendo cilindros de doble efecto, cilindros de elevaci\u00f3n para autom\u00f3viles, cilindros para maquinaria agr\u00edcola y soluciones de ingenier\u00eda personalizada para diversas aplicaciones industriales. Ya sea para construcci\u00f3n, instalaciones industriales, agricultura o maquinaria pesada, nuestros cilindros hidr\u00e1ulicos est\u00e1n dise\u00f1ados para funcionar en las condiciones m\u00e1s exigentes, garantizando seguridad, eficiencia y durabilidad.<\/p>\n<p><img loading=\"lazy\" decoding=\"async\" class=\"alignnone size-full wp-image-6720\" src=\"https:\/\/fmp-components.com\/wp-content\/uploads\/2025\/03\/hydraulic-cylinder-8.webp\" alt=\"Cilindros hidr\u00e1ulicos telesc\u00f3picos\" width=\"933\" height=\"526\" title=\"\" srcset=\"https:\/\/fmp-components.com\/wp-content\/uploads\/2025\/03\/hydraulic-cylinder-8.webp 933w, https:\/\/fmp-components.com\/wp-content\/uploads\/2025\/03\/hydraulic-cylinder-8-480x271.webp 480w\" sizes=\"(min-width: 0px) and (max-width: 480px) 480px, (min-width: 481px) 933px, 100vw\" \/><\/p>\n<p class=\"break-words\">En FMP, nos enorgullecemos de nuestras instalaciones de producci\u00f3n de vanguardia, equipadas con maquinaria de precisi\u00f3n y sistemas de prueba avanzados. Nuestros procesos de fabricaci\u00f3n cumplen rigurosos est\u00e1ndares nacionales e internacionales, lo que garantiza que cada cilindro hidr\u00e1ulico que sale de nuestra f\u00e1brica sea de la m\u00e1s alta calidad y fiabilidad. Nuestro equipo t\u00e9cnico cualificado, junto con equipos de vanguardia, nos permite mantener un estricto control de calidad en cada etapa de la producci\u00f3n, desde la selecci\u00f3n de la materia prima hasta la inspecci\u00f3n final. Esta dedicaci\u00f3n a la excelencia nos ha valido certificaciones y el reconocimiento de las autoridades del sector, consolidando a\u00fan m\u00e1s nuestra reputaci\u00f3n como socio confiable.<\/p>\n<p class=\"break-words\">Nuestra misi\u00f3n es simple pero ambiciosa: ofrecer a nuestros clientes cilindros hidr\u00e1ulicos que superen sus expectativas en rendimiento, durabilidad y valor. Nos guiamos por los principios de profesionalismo, integridad y orientaci\u00f3n al cliente. Fomentando una cultura de innovaci\u00f3n y precisi\u00f3n, perfeccionamos continuamente nuestros productos para mantenernos a la vanguardia en un mercado competitivo. Nuestra amplia gama de productos y nuestra capacidad para ofrecer soluciones a medida nos convierten en la opci\u00f3n predilecta para las empresas que buscan cilindros hidr\u00e1ulicos de alto rendimiento.<\/p>\n<p class=\"break-words\">FMP es m\u00e1s que un simple fabricante: somos un socio clave para su \u00e9xito. Entendemos que nuestros clientes conf\u00edan en nosotros para ofrecerles herramientas que mejoran su productividad y seguridad. Por eso, nos comprometemos a ofrecer no solo productos de primera calidad, sino tambi\u00e9n un servicio excepcional. Desde la consulta inicial hasta el soporte posventa, trabajamos estrechamente con nuestros clientes para garantizar que sus necesidades se satisfagan con profesionalismo y atenci\u00f3n. Nuestros precios competitivos, junto con nuestro firme compromiso con la calidad, hacen de FMP la opci\u00f3n inteligente para las empresas que buscan invertir en soluciones hidr\u00e1ulicas de confianza.<\/p>","protected":false},"excerpt":{"rendered":"<p>Quality Manufacturing Flatbed Tow Truck 4 Stage Hydraulic Cylinder The Quality Manufacturing Flatbed Tow Truck 4 Stage Hydraulic Cylinder is a top-of-the-line product designed for robust performance and long-lasting durability. It&#8217;s an indispensable part of various industries, including machinery repair shops, farms, energy and mining, machinery manufacturing, and machinery factories. This product&#8217;s central role lies [&hellip;]<\/p>","protected":false},"featured_media":6776,"comment_status":"closed","ping_status":"closed","template":"","meta":{"_et_pb_use_builder":"","_et_pb_old_content":"","_et_gb_content_width":""},"product_brand":[],"product_cat":[103],"product_tag":[34,105],"class_list":{"0":"post-6588","1":"product","2":"type-product","3":"status-publish","4":"has-post-thumbnail","6":"product_cat-telescopic-hydraulic-cylinders","7":"product_tag-hydraulic-cylinder","8":"product_tag-telescopic-hydraulic-cylinders","10":"first","11":"instock","12":"product-type-simple"},"_links":{"self":[{"href":"https:\/\/fmp-components.com\/es\/wp-json\/wp\/v2\/product\/6588","targetHints":{"allow":["GET"]}}],"collection":[{"href":"https:\/\/fmp-components.com\/es\/wp-json\/wp\/v2\/product"}],"about":[{"href":"https:\/\/fmp-components.com\/es\/wp-json\/wp\/v2\/types\/product"}],"replies":[{"embeddable":true,"href":"https:\/\/fmp-components.com\/es\/wp-json\/wp\/v2\/comments?post=6588"}],"wp:featuredmedia":[{"embeddable":true,"href":"https:\/\/fmp-components.com\/es\/wp-json\/wp\/v2\/media\/6776"}],"wp:attachment":[{"href":"https:\/\/fmp-components.com\/es\/wp-json\/wp\/v2\/media?parent=6588"}],"wp:term":[{"taxonomy":"product_brand","embeddable":true,"href":"https:\/\/fmp-components.com\/es\/wp-json\/wp\/v2\/product_brand?post=6588"},{"taxonomy":"product_cat","embeddable":true,"href":"https:\/\/fmp-components.com\/es\/wp-json\/wp\/v2\/product_cat?post=6588"},{"taxonomy":"product_tag","embeddable":true,"href":"https:\/\/fmp-components.com\/es\/wp-json\/wp\/v2\/product_tag?post=6588"}],"curies":[{"name":"gracias","href":"https:\/\/api.w.org\/{rel}","templated":true}]}}