{"id":6587,"date":"2025-03-11T06:32:38","date_gmt":"2025-03-11T06:32:38","guid":{"rendered":"https:\/\/fmp-components.com\/product\/high-quality-4-stage-telescopic-double-acting-telescopic-hydraulic-cylinder"},"modified":"2025-03-17T08:56:27","modified_gmt":"2025-03-17T08:56:27","slug":"high-quality-4-stage-telescopic-double-acting-telescopic-hydraulic-cylinder","status":"publish","type":"product","link":"https:\/\/fmp-components.com\/es\/product\/high-quality-4-stage-telescopic-double-acting-telescopic-hydraulic-cylinder\/","title":{"rendered":"Cilindro hidr\u00e1ulico telesc\u00f3pico de doble efecto de 4 etapas de alta calidad"},"content":{"rendered":"<p>&#8221;<\/p>\n<h2>Cilindro hidr\u00e1ulico telesc\u00f3pico de doble efecto de 4 etapas de alta calidad<\/h2>\n<p>Disfrute de la mejor calidad de nuestro cilindro hidr\u00e1ulico telesc\u00f3pico de doble efecto de 4 etapas, un producto de primer nivel que se destaca en su aplicaci\u00f3n en industrias como talleres de reparaci\u00f3n de maquinaria, granjas, energ\u00eda y miner\u00eda, fabricaci\u00f3n de maquinaria y f\u00e1brica de maquinaria.<\/p>\n<h3>Caracter\u00edsticas y funciones principales<\/h3>\n<p>Este cilindro hidr\u00e1ulico multietapa presume de un alto empuje de 3000 y una fuerza de tiro m\u00e1xima de 20 toneladas. Est\u00e1 accionado por fluido hidr\u00e1ulico y su estructura de acero resistente y duradero. Su estructura est\u00e1ndar es un cilindro de \u00e9mbolo, que ofrece un rendimiento y una eficiencia \u00f3ptimos.<\/p>\n<h3>Especificaciones t\u00e9cnicas<\/h3>\n<table style=\"width: 98.7112%;\" border=\"\">\n<tbody>\n<tr>\n<td style=\"width: 42.6136%;\"><i>Tama\u00f1o del orificio<\/i><\/td>\n<td style=\"width: 303.977%;\">2-6 pulgadas<\/td>\n<\/tr>\n<tr>\n<td style=\"width: 42.6136%;\"><i>Tama\u00f1o de la varilla<\/i><\/td>\n<td style=\"width: 303.977%;\">1,125-4 pulgadas<\/td>\n<\/tr>\n<tr>\n<td style=\"width: 42.6136%;\"><i>Tama\u00f1o del trazo<\/i><\/td>\n<td style=\"width: 303.977%;\">4-100 pulgadas<\/td>\n<\/tr>\n<tr>\n<td style=\"width: 42.6136%;\"><i>Tama\u00f1o del pin<\/i><\/td>\n<td style=\"width: 303.977%;\">0,5-2 pulgadas<\/td>\n<\/tr>\n<tr>\n<td style=\"width: 42.6136%;\"><i>Puertos<\/i><\/td>\n<td style=\"width: 303.977%;\">G\/SAE\/NPT\/M<\/td>\n<\/tr>\n<\/tbody>\n<\/table>\n<h3>Ventajas \u00fanicas<\/h3>\n<p>Nuestro cilindro hidr\u00e1ulico cuenta con la certificaci\u00f3n ISO9001:2000 y ofrece un a\u00f1o de garant\u00eda para sus componentes principales, incluyendo el rodamiento y el propio cilindro hidr\u00e1ulico. Gracias a sus caracter\u00edsticas de ahorro de energ\u00eda, alta eficiencia y seguridad, nuestro cilindro hidr\u00e1ulico ser\u00e1 sin duda una valiosa incorporaci\u00f3n a su maquinaria.<\/p>\n<p><img loading=\"lazy\" decoding=\"async\" class=\"alignnone size-full wp-image-6757\" src=\"https:\/\/fmp-components.com\/wp-content\/uploads\/2025\/03\/Telescopic-Hydraulic-Cylinders-114.webp\" alt=\"Cilindros hidr\u00e1ulicos telesc\u00f3picos\" width=\"2160\" height=\"2160\" title=\"\" srcset=\"https:\/\/fmp-components.com\/wp-content\/uploads\/2025\/03\/Telescopic-Hydraulic-Cylinders-114.webp 2160w, https:\/\/fmp-components.com\/wp-content\/uploads\/2025\/03\/Telescopic-Hydraulic-Cylinders-114-1280x1280.webp 1280w, https:\/\/fmp-components.com\/wp-content\/uploads\/2025\/03\/Telescopic-Hydraulic-Cylinders-114-980x980.webp 980w, https:\/\/fmp-components.com\/wp-content\/uploads\/2025\/03\/Telescopic-Hydraulic-Cylinders-114-480x480.webp 480w\" sizes=\"(min-width: 0px) and (max-width: 480px) 480px, (min-width: 481px) and (max-width: 980px) 980px, (min-width: 981px) and (max-width: 1280px) 1280px, (min-width: 1281px) 2160px, 100vw\" \/><\/p>\n<h2>Sistemas hidr\u00e1ulicos y principios de funcionamiento<\/h2>\n<p>Los cilindros hidr\u00e1ulicos desempe\u00f1an un papel crucial en diversas m\u00e1quinas y aplicaciones, convirtiendo la energ\u00eda hidr\u00e1ulica en movimiento mec\u00e1nico y la presi\u00f3n en fuerza. Este funcionamiento continuo es posible gracias a la sinergia entre el cilindro hidr\u00e1ulico y el... <b>pag<\/b>Unidad de potencia, n\u00facleo que suministra la energ\u00eda y las se\u00f1ales de control necesarias para el sistema hidr\u00e1ulico.<\/p>\n<h2>Aplicaci\u00f3n del cilindro hidr\u00e1ulico<\/h2>\n<p>La versatilidad de nuestro cilindro hidr\u00e1ulico permite su aplicaci\u00f3n en diversas industrias y maquinaria. Desde talleres de reparaci\u00f3n de maquinaria hasta granjas, pasando por energ\u00eda y miner\u00eda, hasta f\u00e1bricas de maquinaria, nuestro cilindro hidr\u00e1ulico resulta indispensable.<\/p>\n<h2>Cilindros hidr\u00e1ulicos y unidades de potencia<\/h2>\n<p>Los cilindros hidr\u00e1ulicos y las unidades de potencia son componentes integrales de un sistema hidr\u00e1ulico. Su funci\u00f3n conjunta garantiza la amplia aplicaci\u00f3n de la tecnolog\u00eda hidr\u00e1ulica en el \u00e1mbito industrial, proporcionando potencia y control fiables para diversos equipos de ingenier\u00eda y mec\u00e1nicos.<\/p>\n<h2>Preguntas frecuentes<\/h2>\n<h3>P: \u00bfEs usted una empresa comercial o un fabricante?<\/h3>\n<p>A: Somos un fabricante.<\/p>\n<h3>P: \u00bfCu\u00e1nto tiempo dura el env\u00edo?<\/h3>\n<p>R: Generalmente, nuestro tiempo de entrega es entre 25 y 35 d\u00edas.<\/p>\n<h3>P: \u00bfOfrecen muestras? \u00bfSon gratuitas o tienen un costo adicional?<\/h3>\n<p>R: S\u00ed, proporcionamos muestras, pero no son gratuitas.<\/p>","protected":false},"excerpt":{"rendered":"<p>&#8221; High Quality 4 Stage Telescopic Double Acting Telescopic Hydraulic Cylinder Indulge in the finest quality of our 4 Stage Telescopic Double Acting Telescopic hydraulic cylinder, a top-tier product that stands out in its application across industries such as Machinery Repair Shops, Farms, Energy &amp; Mining, Machinery manufacturing, and Machinery Factory. Key Features and Functions [&hellip;]<\/p>","protected":false},"featured_media":6769,"comment_status":"closed","ping_status":"closed","template":"","meta":{"_et_pb_use_builder":"","_et_pb_old_content":"","_et_gb_content_width":""},"product_brand":[],"product_cat":[103],"product_tag":[34,105],"class_list":{"0":"post-6587","1":"product","2":"type-product","3":"status-publish","4":"has-post-thumbnail","6":"product_cat-telescopic-hydraulic-cylinders","7":"product_tag-hydraulic-cylinder","8":"product_tag-telescopic-hydraulic-cylinders","10":"first","11":"instock","12":"product-type-simple"},"_links":{"self":[{"href":"https:\/\/fmp-components.com\/es\/wp-json\/wp\/v2\/product\/6587","targetHints":{"allow":["GET"]}}],"collection":[{"href":"https:\/\/fmp-components.com\/es\/wp-json\/wp\/v2\/product"}],"about":[{"href":"https:\/\/fmp-components.com\/es\/wp-json\/wp\/v2\/types\/product"}],"replies":[{"embeddable":true,"href":"https:\/\/fmp-components.com\/es\/wp-json\/wp\/v2\/comments?post=6587"}],"wp:featuredmedia":[{"embeddable":true,"href":"https:\/\/fmp-components.com\/es\/wp-json\/wp\/v2\/media\/6769"}],"wp:attachment":[{"href":"https:\/\/fmp-components.com\/es\/wp-json\/wp\/v2\/media?parent=6587"}],"wp:term":[{"taxonomy":"product_brand","embeddable":true,"href":"https:\/\/fmp-components.com\/es\/wp-json\/wp\/v2\/product_brand?post=6587"},{"taxonomy":"product_cat","embeddable":true,"href":"https:\/\/fmp-components.com\/es\/wp-json\/wp\/v2\/product_cat?post=6587"},{"taxonomy":"product_tag","embeddable":true,"href":"https:\/\/fmp-components.com\/es\/wp-json\/wp\/v2\/product_tag?post=6587"}],"curies":[{"name":"gracias","href":"https:\/\/api.w.org\/{rel}","templated":true}]}}