{"id":6586,"date":"2025-03-11T06:31:13","date_gmt":"2025-03-11T06:31:13","guid":{"rendered":"https:\/\/fmp-components.com\/product\/factory-price-two-stage-hydraulic-telescopic-cylinder"},"modified":"2025-03-12T03:28:50","modified_gmt":"2025-03-12T03:28:50","slug":"factory-price-two-stage-hydraulic-telescopic-cylinder","status":"publish","type":"product","link":"https:\/\/fmp-components.com\/es\/product\/factory-price-two-stage-hydraulic-telescopic-cylinder\/","title":{"rendered":"Cilindro telesc\u00f3pico hidr\u00e1ulico de dos etapas a precio de f\u00e1brica"},"content":{"rendered":"<h2>Cilindro telesc\u00f3pico hidr\u00e1ulico de dos etapas a precio de f\u00e1brica<\/h2>\n<p>Experimente la potencia y la eficiencia del cilindro telesc\u00f3pico hidr\u00e1ulico de dos etapas a precio de f\u00e1brica. Dise\u00f1ado para un alto rendimiento y durabilidad, este cilindro hidr\u00e1ulico es ideal para talleres de reparaci\u00f3n de maquinaria, granjas, sectores de energ\u00eda, miner\u00eda, fabricaci\u00f3n de maquinaria y f\u00e1bricas de maquinaria. Con su cuerpo de acero y un empuje m\u00e1ximo de 3000, es robusto y confiable. El cilindro hidr\u00e1ulico multietapa est\u00e1 dise\u00f1ado para soportar una fuerza de tracci\u00f3n m\u00e1xima de 20 toneladas, lo que lo convierte en una adici\u00f3n vers\u00e1til a su l\u00ednea de maquinaria.<\/p>\n<p><img loading=\"lazy\" decoding=\"async\" class=\"alignnone wp-image-6665\" src=\"https:\/\/fmp-components.com\/wp-content\/uploads\/2025\/03\/telescopic-hydraulic-cylinder-9.webp\" alt=\"cilindro hidr\u00e1ulico telesc\u00f3pico\" width=\"905\" height=\"905\" title=\"\" srcset=\"https:\/\/fmp-components.com\/wp-content\/uploads\/2025\/03\/telescopic-hydraulic-cylinder-9.webp 905w, https:\/\/fmp-components.com\/wp-content\/uploads\/2025\/03\/telescopic-hydraulic-cylinder-9-480x480.webp 480w\" sizes=\"(min-width: 0px) and (max-width: 480px) 480px, (min-width: 481px) 905px, 100vw\" \/><\/p>\n<h3>Especificaciones del producto<\/h3>\n<p>Los componentes clave de este cilindro hidr\u00e1ulico incluyen el rodamiento y el propio cilindro, todos con una garant\u00eda de 1 a\u00f1o. Se trata de un cilindro de \u00e9mbolo est\u00e1ndar que funciona con energ\u00eda hidr\u00e1ulica. El cuerpo del cilindro est\u00e1 fabricado en acero, lo que garantiza su durabilidad y longevidad.<\/p>\n<h3>Par\u00e1metros t\u00e9cnicos<\/h3>\n<table style=\"width: 99.4924%; height: 115px;\" border=\"\">\n<tbody>\n<tr style=\"height: 23px;\">\n<td style=\"width: 43.5028%; height: 23px;\"><b>Tama\u00f1o del orificio<\/b><\/td>\n<td style=\"width: 482.486%; height: 23px;\">2-6 pulgadas<\/td>\n<\/tr>\n<tr style=\"height: 23px;\">\n<td style=\"width: 43.5028%; height: 23px;\"><b>Tama\u00f1o de la varilla<\/b><\/td>\n<td style=\"width: 482.486%; height: 23px;\">1,125-4 pulgadas<\/td>\n<\/tr>\n<tr style=\"height: 23px;\">\n<td style=\"width: 43.5028%; height: 23px;\"><b>Tama\u00f1o del trazo<\/b><\/td>\n<td style=\"width: 482.486%; height: 23px;\">4-100 pulgadas<\/td>\n<\/tr>\n<tr style=\"height: 23px;\">\n<td style=\"width: 43.5028%; height: 23px;\"><b>Tama\u00f1o del pin<\/b><\/td>\n<td style=\"width: 482.486%; height: 23px;\">0,5-2 pulgadas<\/td>\n<\/tr>\n<tr style=\"height: 23px;\">\n<td style=\"width: 43.5028%; height: 23px;\"><b>Puertos<\/b><\/td>\n<td style=\"width: 482.486%; height: 23px;\">G\/SAE\/NPT\/M<\/td>\n<\/tr>\n<\/tbody>\n<\/table>\n<h2>Caracter\u00edsticas del producto<\/h2>\n<ul>\n<li>Eficiencia energ\u00e9tica: El cilindro hidr\u00e1ulico funciona con energ\u00eda hidr\u00e1ulica, ofreciendo la m\u00e1xima eficiencia.<\/li>\n<li>Alto rendimiento: con un empuje m\u00e1ximo de 3000, este cilindro hidr\u00e1ulico puede soportar cargas pesadas.<\/li>\n<li>Seguridad: El cuerpo de acero garantiza la durabilidad y seguridad del cilindro hidr\u00e1ulico durante el funcionamiento.<\/li>\n<\/ul>\n<h2>Principio de funcionamiento<\/h2>\n<p>El cilindro hidr\u00e1ulico funciona seg\u00fan el principio de presi\u00f3n de fluido. Convierte la energ\u00eda hidr\u00e1ulica en movimiento mec\u00e1nico, proporcionando la potencia necesaria para mover y controlar la maquinaria.<\/p>\n<p><img loading=\"lazy\" decoding=\"async\" class=\"alignnone wp-image-6664\" src=\"https:\/\/fmp-components.com\/wp-content\/uploads\/2025\/03\/telescopic-hydraulic-cylinder-8.webp\" alt=\"cilindro hidr\u00e1ulico telesc\u00f3pico\" width=\"884\" height=\"884\" title=\"\" srcset=\"https:\/\/fmp-components.com\/wp-content\/uploads\/2025\/03\/telescopic-hydraulic-cylinder-8.webp 884w, https:\/\/fmp-components.com\/wp-content\/uploads\/2025\/03\/telescopic-hydraulic-cylinder-8-480x480.webp 480w\" sizes=\"(min-width: 0px) and (max-width: 480px) 480px, (min-width: 481px) 884px, 100vw\" \/><\/p>\n<h2>Aplicaciones<\/h2>\n<p>El cilindro hidr\u00e1ulico encuentra amplias aplicaciones en talleres de reparaci\u00f3n de maquinaria, granjas, industrias energ\u00e9ticas y mineras, fabricaci\u00f3n de maquinaria y f\u00e1bricas de maquinaria donde se requieren elevaci\u00f3n y movimiento de objetos pesados.<\/p>\n<h2>Cilindros hidr\u00e1ulicos y unidades de potencia<\/h2>\n<p>El cilindro hidr\u00e1ulico y la unidad de potencia son partes integrales del sistema hidr\u00e1ulico. Su sinergia garantiza la amplia aplicaci\u00f3n de la tecnolog\u00eda hidr\u00e1ulica en el sector industrial, proporcionando potencia y control fiables para diversos equipos de ingenier\u00eda y mec\u00e1nicos. El cilindro hidr\u00e1ulico, como actuador, se encarga de convertir la energ\u00eda hidr\u00e1ulica en movimiento mec\u00e1nico, convirtiendo la presi\u00f3n en fuerza. La unidad de potencia, por su parte, es el n\u00facleo que proporciona la energ\u00eda y las se\u00f1ales de control que requiere el sistema hidr\u00e1ulico. La coordinaci\u00f3n entre ambos garantiza el funcionamiento normal del sistema hidr\u00e1ulico. En FMP, tambi\u00e9n ofrecemos unidades de potencia a la venta.<\/p>\n<h2>Preguntas frecuentes<\/h2>\n<p><b>P: \u00bfEs usted una empresa comercial o un fabricante?<\/b><br \/>\nA: Somos una f\u00e1brica.<\/p>\n<p><b>P: \u00bfCu\u00e1nto tiempo dura el env\u00edo?<\/b><br \/>\nR: Generalmente son entre 25 y 35 d\u00edas.<\/p>\n<p><b>P: \u00bfOfrecen muestras? \u00bfSon gratuitas o tienen un coste adicional?<\/b><br \/>\nR: S\u00ed, podr\u00edamos ofrecer la muestra, pero no es gratis.<\/p>\n<h3>Acerca de FMP<\/h3>\n<p>FMP es un fabricante italiano de primer nivel especializado en el dise\u00f1o, desarrollo y producci\u00f3n de cilindros hidr\u00e1ulicos de alta calidad. Con d\u00e9cadas de experiencia, combinamos con maestr\u00eda la artesan\u00eda italiana con tecnolog\u00eda innovadora para ofrecer soluciones hidr\u00e1ulicas excepcionales, adaptadas a las diversas necesidades de nuestros clientes globales. Ubicada en Italia, un centro de excelencia en ingenier\u00eda, FMP es una marca de confianza en la industria hidr\u00e1ulica, dedicada a proporcionar productos fiables, duraderos e innovadores que impulsan a empresas de todo el mundo.<\/p>\n<p>Nuestra empresa combina una tradici\u00f3n de fabricaci\u00f3n avanzada con un enfoque innovador. Gracias a a\u00f1os de experiencia en sistemas hidr\u00e1ulicos, FMP se ha transformado en una empresa moderna que destaca en investigaci\u00f3n, dise\u00f1o y producci\u00f3n. Ofrecemos una amplia gama de cilindros hidr\u00e1ulicos, incluyendo cilindros de doble efecto, cilindros de elevaci\u00f3n para autom\u00f3viles, cilindros para maquinaria agr\u00edcola y soluciones de ingenier\u00eda personalizada para diversas aplicaciones industriales. Ya sea para construcci\u00f3n, instalaciones industriales, agricultura o maquinaria pesada, nuestros cilindros hidr\u00e1ulicos est\u00e1n dise\u00f1ados para funcionar en las condiciones m\u00e1s exigentes, garantizando seguridad, eficiencia y durabilidad.<\/p>\n<p>En FMP, nos enorgullecemos de nuestras instalaciones de producci\u00f3n de vanguardia, equipadas con maquinaria de precisi\u00f3n y sistemas de prueba avanzados. Nuestros procesos de fabricaci\u00f3n cumplen con rigurosos est\u00e1ndares nacionales e internacionales, garantizando que cada cilindro hidr\u00e1ulico producido cumpla con los m\u00e1s altos est\u00e1ndares de calidad y fiabilidad. Nuestro equipo t\u00e9cnico cualificado, con el apoyo de equipos de vanguardia, nos permite mantener un riguroso control de calidad en cada etapa de la producci\u00f3n, desde la selecci\u00f3n de la materia prima hasta la inspecci\u00f3n final. Este compromiso con la excelencia nos ha valido certificaciones y el reconocimiento de las autoridades del sector, consolidando a\u00fan m\u00e1s nuestra reputaci\u00f3n como socio confiable.<\/p>\n<p><img loading=\"lazy\" decoding=\"async\" class=\"alignnone size-full wp-image-6720\" src=\"https:\/\/fmp-components.com\/wp-content\/uploads\/2025\/03\/hydraulic-cylinder-8.webp\" alt=\"Cilindros hidr\u00e1ulicos telesc\u00f3picos\" width=\"933\" height=\"526\" title=\"\" srcset=\"https:\/\/fmp-components.com\/wp-content\/uploads\/2025\/03\/hydraulic-cylinder-8.webp 933w, https:\/\/fmp-components.com\/wp-content\/uploads\/2025\/03\/hydraulic-cylinder-8-480x271.webp 480w\" sizes=\"(min-width: 0px) and (max-width: 480px) 480px, (min-width: 481px) 933px, 100vw\" \/><\/p>\n<p>Nuestra misi\u00f3n es clara pero ambiciosa: ofrecer cilindros hidr\u00e1ulicos que superen las expectativas en rendimiento, durabilidad y valor. Guiados por principios de profesionalismo, integridad y orientaci\u00f3n al cliente, fomentamos una cultura de innovaci\u00f3n y precisi\u00f3n, perfeccionando continuamente nuestros productos para mantenernos competitivos en el mercado. Nuestra amplia gama de productos y nuestra capacidad para ofrecer soluciones a medida nos posicionan como la opci\u00f3n preferida para las empresas que buscan cilindros hidr\u00e1ulicos de alto rendimiento.<\/p>\n<p>FMP es m\u00e1s que un simple fabricante; somos un socio clave para su \u00e9xito. Entendemos que nuestros clientes conf\u00edan en nosotros para obtener herramientas que mejoran su productividad y seguridad. Por ello, nos comprometemos a ofrecer no solo productos de primera calidad, sino tambi\u00e9n un servicio excepcional. Desde la consulta inicial hasta el soporte posventa, colaboramos estrechamente con nuestros clientes para garantizar que sus necesidades se satisfagan con profesionalismo y esmero. Nuestros precios competitivos, junto con un firme compromiso con la calidad, hacen de FMP la opci\u00f3n inteligente para las empresas que buscan invertir en soluciones hidr\u00e1ulicas confiables.<\/p>","protected":false},"excerpt":{"rendered":"<p>Factory Price Two Stage Hydraulic Telescopic Cylinder Experience the power and efficiency of the Factory Price Two Stage Hydraulic Telescopic Cylinder. Designed for high performance and durability, this hydraulic cylinder is ideal for use in machinery repair shops, farms, energy, mining, machinery manufacturing and machinery factories. With its steel body and maximum thrust of 3000, [&hellip;]<\/p>","protected":false},"featured_media":6713,"comment_status":"closed","ping_status":"closed","template":"","meta":{"_et_pb_use_builder":"","_et_pb_old_content":"","_et_gb_content_width":""},"product_brand":[],"product_cat":[103],"product_tag":[34,105],"class_list":{"0":"post-6586","1":"product","2":"type-product","3":"status-publish","4":"has-post-thumbnail","6":"product_cat-telescopic-hydraulic-cylinders","7":"product_tag-hydraulic-cylinder","8":"product_tag-telescopic-hydraulic-cylinders","10":"first","11":"instock","12":"product-type-simple"},"_links":{"self":[{"href":"https:\/\/fmp-components.com\/es\/wp-json\/wp\/v2\/product\/6586","targetHints":{"allow":["GET"]}}],"collection":[{"href":"https:\/\/fmp-components.com\/es\/wp-json\/wp\/v2\/product"}],"about":[{"href":"https:\/\/fmp-components.com\/es\/wp-json\/wp\/v2\/types\/product"}],"replies":[{"embeddable":true,"href":"https:\/\/fmp-components.com\/es\/wp-json\/wp\/v2\/comments?post=6586"}],"wp:featuredmedia":[{"embeddable":true,"href":"https:\/\/fmp-components.com\/es\/wp-json\/wp\/v2\/media\/6713"}],"wp:attachment":[{"href":"https:\/\/fmp-components.com\/es\/wp-json\/wp\/v2\/media?parent=6586"}],"wp:term":[{"taxonomy":"product_brand","embeddable":true,"href":"https:\/\/fmp-components.com\/es\/wp-json\/wp\/v2\/product_brand?post=6586"},{"taxonomy":"product_cat","embeddable":true,"href":"https:\/\/fmp-components.com\/es\/wp-json\/wp\/v2\/product_cat?post=6586"},{"taxonomy":"product_tag","embeddable":true,"href":"https:\/\/fmp-components.com\/es\/wp-json\/wp\/v2\/product_tag?post=6586"}],"curies":[{"name":"gracias","href":"https:\/\/api.w.org\/{rel}","templated":true}]}}