{"id":6584,"date":"2025-03-11T06:31:13","date_gmt":"2025-03-11T06:31:13","guid":{"rendered":"https:\/\/fmp-components.com\/product\/quality-manufacturing-flatbed-tow-truck-dump-truck-hydraulic-cylinder"},"modified":"2025-03-12T05:45:44","modified_gmt":"2025-03-12T05:45:44","slug":"quality-manufacturing-flatbed-tow-truck-dump-truck-hydraulic-cylinder","status":"publish","type":"product","link":"https:\/\/fmp-components.com\/es\/product\/quality-manufacturing-flatbed-tow-truck-dump-truck-hydraulic-cylinder\/","title":{"rendered":"Cilindro hidr\u00e1ulico para cami\u00f3n volquete de plataforma de fabricaci\u00f3n de calidad"},"content":{"rendered":"<h2>Cilindro hidr\u00e1ulico para cami\u00f3n volquete de plataforma de fabricaci\u00f3n de calidad<\/h2>\n<p>Descubra la calidad de nuestros cilindros hidr\u00e1ulicos FMP, dise\u00f1ados para su uso en camiones de remolque de plataforma y camiones de volteo, y ampliamente aplicados en una variedad de industrias, incluidos talleres de reparaci\u00f3n de maquinaria, granjas, energ\u00eda y miner\u00eda, fabricaci\u00f3n de maquinaria y f\u00e1bricas de maquinaria.<\/p>\n<h3>Caracter\u00edsticas del producto<\/h3>\n<p>Nuestros cilindros hidr\u00e1ulicos ofrecen una amplia gama de caracter\u00edsticas que los distinguen de la competencia. Est\u00e1n dise\u00f1ados con una estructura est\u00e1ndar, utilizando un cilindro de \u00e9mbolo accionado hidr\u00e1ulicamente. El cuerpo est\u00e1 hecho de acero resistente, ofreciendo un empuje m\u00e1ximo de 3000 y una tracci\u00f3n m\u00e1xima de 20 toneladas. Este cilindro hidr\u00e1ulico multietapa tambi\u00e9n cumple con la certificaci\u00f3n ISO9001:2000.<\/p>\n<h3>Especificaciones t\u00e9cnicas<\/h3>\n<table style=\"width: 99.5341%; height: 115px;\" border=\"\">\n<tbody>\n<tr style=\"height: 23px;\">\n<td style=\"width: 42.9379%; height: 23px;\"><i>Tama\u00f1o del orificio<\/i><\/td>\n<td style=\"width: 471.751%; height: 23px;\">2-6 pulgadas<\/td>\n<\/tr>\n<tr style=\"height: 23px;\">\n<td style=\"width: 42.9379%; height: 23px;\"><i>Tama\u00f1o de la varilla<\/i><\/td>\n<td style=\"width: 471.751%; height: 23px;\">1,125-4 pulgadas<\/td>\n<\/tr>\n<tr style=\"height: 23px;\">\n<td style=\"width: 42.9379%; height: 23px;\"><i>Tama\u00f1o del trazo<\/i><\/td>\n<td style=\"width: 471.751%; height: 23px;\">4-100 pulgadas<\/td>\n<\/tr>\n<tr style=\"height: 23px;\">\n<td style=\"width: 42.9379%; height: 23px;\"><i>Tama\u00f1o del pin<\/i><\/td>\n<td style=\"width: 471.751%; height: 23px;\">0,5-2 pulgadas<\/td>\n<\/tr>\n<tr style=\"height: 23px;\">\n<td style=\"width: 42.9379%; height: 23px;\"><i>Puertos<\/i><\/td>\n<td style=\"width: 471.751%; height: 23px;\">G\/SAE\/NPT\/M<\/td>\n<\/tr>\n<\/tbody>\n<\/table>\n<h2>Ventajas \u00fanicas<\/h2>\n<ul>\n<li>Ahorro de energ\u00eda<\/li>\n<li>Alta eficiencia<\/li>\n<li>Garant\u00eda de seguridad<\/li>\n<\/ul>\n<p><img loading=\"lazy\" decoding=\"async\" class=\"alignnone  wp-image-6658\" src=\"https:\/\/fmp-components.com\/wp-content\/uploads\/2025\/03\/telescopic-hydraulic-cylinder-6.webp\" alt=\"cilindro hidr\u00e1ulico telesc\u00f3pico\" width=\"969\" height=\"969\" title=\"\" srcset=\"https:\/\/fmp-components.com\/wp-content\/uploads\/2025\/03\/telescopic-hydraulic-cylinder-6.webp 969w, https:\/\/fmp-components.com\/wp-content\/uploads\/2025\/03\/telescopic-hydraulic-cylinder-6-480x480.webp 480w\" sizes=\"(min-width: 0px) and (max-width: 480px) 480px, (min-width: 481px) 969px, 100vw\" \/><\/p>\n<h2>Sistema hidr\u00e1ulico y principio de funcionamiento<\/h2>\n<p>Nuestros cilindros hidr\u00e1ulicos son componentes integrales de los sistemas hidr\u00e1ulicos y desempe\u00f1an un papel crucial en la conversi\u00f3n de energ\u00eda hidr\u00e1ulica en movimiento mec\u00e1nico. Este proceso implica transformar la presi\u00f3n del fluido en fuerza, lo que permite que diversos tipos de maquinaria realicen tareas esenciales. El principio de funcionamiento se basa en el movimiento del fluido hidr\u00e1ulico, que se dirige al cilindro. A medida que el fluido llena el cilindro, ejerce presi\u00f3n sobre el pist\u00f3n, lo que lo mueve. Este movimiento lineal puede aprovecharse para levantar, empujar, tirar o manipular cargas pesadas con extraordinaria precisi\u00f3n y control.<\/p>\n<p>La eficiencia de los sistemas hidr\u00e1ulicos se debe en gran medida a las propiedades del fluido hidr\u00e1ulico, que es incompresible y puede transmitir potencia a largas distancias sin p\u00e9rdidas significativas. Esto hace que los cilindros hidr\u00e1ulicos sean especialmente eficaces en aplicaciones que requieren alta fuerza y \u200b\u200bfiabilidad, garantizando un rendimiento \u00f3ptimo en diversos entornos industriales.<\/p>\n<h2>Aplicaci\u00f3n de cilindros hidr\u00e1ulicos<\/h2>\n<p>Estos cilindros hidr\u00e1ulicos son excepcionalmente vers\u00e1tiles e ideales para una amplia gama de industrias. En talleres de reparaci\u00f3n de maquinaria, facilitan la elevaci\u00f3n y el posicionamiento de equipos pesados, haciendo que las tareas de mantenimiento sean m\u00e1s manejables y eficientes. Su dise\u00f1o robusto les permite soportar las tensiones asociadas con la elevaci\u00f3n de cargas pesadas, garantizando la seguridad y la fiabilidad en las operaciones de reparaci\u00f3n.<\/p>\n<p>En entornos agr\u00edcolas, los cilindros hidr\u00e1ulicos son indispensables para operar tractores y otra maquinaria agr\u00edcola. Permiten a los agricultores realizar tareas como levantar e inclinar equipos, transportar materiales e incluso manejar implementos como arados y gradas. Esta capacidad mejora la productividad y la eficiencia en la explotaci\u00f3n, lo que convierte a los cilindros hidr\u00e1ulicos en una herramienta esencial para la agricultura moderna.<\/p>\n<p>En las industrias energ\u00e9tica y minera, estos cilindros se emplean en diversas aplicaciones, como perforaci\u00f3n, excavaci\u00f3n y manipulaci\u00f3n de materiales. Su capacidad para generar una fuerza considerable los hace id\u00f3neos para las exigentes tareas que suelen presentarse en estos sectores, donde la fiabilidad y el rendimiento son fundamentales.<\/p>\n<p>Adem\u00e1s, los cilindros hidr\u00e1ulicos desempe\u00f1an un papel fundamental en la fabricaci\u00f3n de maquinaria y en las f\u00e1bricas. Se utilizan en l\u00edneas de montaje, prensas y sistemas automatizados, donde contribuyen a la optimizaci\u00f3n de las operaciones y a una mayor eficiencia de producci\u00f3n. Su adaptabilidad y resistencia los convierten en un componente clave para garantizar el funcionamiento eficaz de la maquinaria en diversas aplicaciones industriales.<\/p>\n<h3>P: \u00bfEs usted una empresa comercial o un fabricante?<\/h3>\n<p>A: Somos una f\u00e1brica.<\/p>\n<h3>P: \u00bfCu\u00e1nto tiempo dura el env\u00edo?<\/h3>\n<p>R: Generalmente son entre 25 y 35 d\u00edas.<\/p>\n<h3>P: \u00bfOfrecen muestras? \u00bfSon gratuitas o tienen un costo adicional?<\/h3>\n<p>R: S\u00ed, podr\u00edamos ofrecer la muestra, pero no es gratis.<\/p>\n<h3>Acerca de FMP<\/h3>\n<p class=\"break-words\">FMP es un fabricante italiano l\u00edder especializado en el dise\u00f1o, desarrollo y producci\u00f3n de cilindros hidr\u00e1ulicos de alta calidad. Con una rica tradici\u00f3n arraigada en d\u00e9cadas de experiencia, combinamos con orgullo la artesan\u00eda italiana con tecnolog\u00eda de vanguardia para ofrecer soluciones hidr\u00e1ulicas excepcionales, adaptadas a las diversas necesidades de nuestra clientela global. Con sede en Italia, un centro de excelencia en ingenier\u00eda, FMP se erige como una marca de confianza en la industria hidr\u00e1ulica, comprometida con el suministro de productos fiables, duraderos e innovadores que impulsan a empresas de todo el mundo.<\/p>\n<p class=\"break-words\">Nuestra empresa integra lo mejor de la fabricaci\u00f3n avanzada con un enfoque innovador. Gracias a a\u00f1os de experiencia en sistemas hidr\u00e1ulicos, FMP se ha convertido en una empresa moderna que destaca en investigaci\u00f3n, dise\u00f1o y producci\u00f3n. Nos especializamos en una amplia gama de cilindros hidr\u00e1ulicos, incluyendo cilindros de doble efecto, cilindros de elevaci\u00f3n para autom\u00f3viles, cilindros para maquinaria agr\u00edcola y soluciones de ingenier\u00eda personalizada para diversas aplicaciones industriales. Ya sea para construcci\u00f3n, instalaciones industriales, agricultura o maquinaria pesada, nuestros cilindros hidr\u00e1ulicos est\u00e1n dise\u00f1ados para funcionar en las condiciones m\u00e1s exigentes, garantizando seguridad, eficiencia y durabilidad.<\/p>\n<p><img loading=\"lazy\" decoding=\"async\" class=\"alignnone size-full wp-image-6720\" src=\"https:\/\/fmp-components.com\/wp-content\/uploads\/2025\/03\/hydraulic-cylinder-8.webp\" alt=\"Cilindros hidr\u00e1ulicos telesc\u00f3picos\" width=\"933\" height=\"526\" title=\"\" srcset=\"https:\/\/fmp-components.com\/wp-content\/uploads\/2025\/03\/hydraulic-cylinder-8.webp 933w, https:\/\/fmp-components.com\/wp-content\/uploads\/2025\/03\/hydraulic-cylinder-8-480x271.webp 480w\" sizes=\"(min-width: 0px) and (max-width: 480px) 480px, (min-width: 481px) 933px, 100vw\" \/><\/p>\n<p class=\"break-words\">En FMP, nos enorgullecemos de nuestras instalaciones de producci\u00f3n de vanguardia, equipadas con maquinaria de precisi\u00f3n y sistemas de prueba avanzados. Nuestros procesos de fabricaci\u00f3n cumplen rigurosos est\u00e1ndares nacionales e internacionales, lo que garantiza que cada cilindro hidr\u00e1ulico que sale de nuestra f\u00e1brica sea de la m\u00e1s alta calidad y fiabilidad. Nuestro equipo t\u00e9cnico cualificado, junto con equipos de vanguardia, nos permite mantener un estricto control de calidad en cada etapa de la producci\u00f3n, desde la selecci\u00f3n de la materia prima hasta la inspecci\u00f3n final. Esta dedicaci\u00f3n a la excelencia nos ha valido certificaciones y el reconocimiento de las autoridades del sector, consolidando a\u00fan m\u00e1s nuestra reputaci\u00f3n como socio confiable.<\/p>\n<p class=\"break-words\">Nuestra misi\u00f3n es simple pero ambiciosa: ofrecer a nuestros clientes cilindros hidr\u00e1ulicos que superen sus expectativas en rendimiento, durabilidad y valor. Nos guiamos por los principios de profesionalismo, integridad y orientaci\u00f3n al cliente. Fomentando una cultura de innovaci\u00f3n y precisi\u00f3n, perfeccionamos continuamente nuestros productos para mantenernos a la vanguardia en un mercado competitivo. Nuestra amplia gama de productos y nuestra capacidad para ofrecer soluciones a medida nos convierten en la opci\u00f3n predilecta para las empresas que buscan cilindros hidr\u00e1ulicos de alto rendimiento.<\/p>\n<p class=\"break-words\">FMP es m\u00e1s que un simple fabricante: somos un socio clave para su \u00e9xito. Entendemos que nuestros clientes conf\u00edan en nosotros para ofrecerles herramientas que mejoran su productividad y seguridad. Por eso, nos comprometemos a ofrecer no solo productos de primera calidad, sino tambi\u00e9n un servicio excepcional. Desde la consulta inicial hasta el soporte posventa, trabajamos estrechamente con nuestros clientes para garantizar que sus necesidades se satisfagan con profesionalismo y atenci\u00f3n. Nuestros precios competitivos, junto con nuestro firme compromiso con la calidad, hacen de FMP la opci\u00f3n inteligente para las empresas que buscan invertir en soluciones hidr\u00e1ulicas de confianza.<\/p>","protected":false},"excerpt":{"rendered":"<p>Quality Manufacturing Flatbed Tow Truck Dump Truck Hydraulic Cylinder Discover the quality of our FMP hydraulic cylinders, designed for use in flatbed tow trucks and dump trucks, and widely applied in a range of industries, including machinery repair shops, farms, energy &amp; mining, machinery manufacturing, and machinery factories. Product Features Our hydraulic cylinders offer a [&hellip;]<\/p>","protected":false},"featured_media":6727,"comment_status":"closed","ping_status":"closed","template":"","meta":{"_et_pb_use_builder":"","_et_pb_old_content":"","_et_gb_content_width":""},"product_brand":[],"product_cat":[103],"product_tag":[34,105],"class_list":{"0":"post-6584","1":"product","2":"type-product","3":"status-publish","4":"has-post-thumbnail","6":"product_cat-telescopic-hydraulic-cylinders","7":"product_tag-hydraulic-cylinder","8":"product_tag-telescopic-hydraulic-cylinders","10":"first","11":"instock","12":"product-type-simple"},"_links":{"self":[{"href":"https:\/\/fmp-components.com\/es\/wp-json\/wp\/v2\/product\/6584","targetHints":{"allow":["GET"]}}],"collection":[{"href":"https:\/\/fmp-components.com\/es\/wp-json\/wp\/v2\/product"}],"about":[{"href":"https:\/\/fmp-components.com\/es\/wp-json\/wp\/v2\/types\/product"}],"replies":[{"embeddable":true,"href":"https:\/\/fmp-components.com\/es\/wp-json\/wp\/v2\/comments?post=6584"}],"wp:featuredmedia":[{"embeddable":true,"href":"https:\/\/fmp-components.com\/es\/wp-json\/wp\/v2\/media\/6727"}],"wp:attachment":[{"href":"https:\/\/fmp-components.com\/es\/wp-json\/wp\/v2\/media?parent=6584"}],"wp:term":[{"taxonomy":"product_brand","embeddable":true,"href":"https:\/\/fmp-components.com\/es\/wp-json\/wp\/v2\/product_brand?post=6584"},{"taxonomy":"product_cat","embeddable":true,"href":"https:\/\/fmp-components.com\/es\/wp-json\/wp\/v2\/product_cat?post=6584"},{"taxonomy":"product_tag","embeddable":true,"href":"https:\/\/fmp-components.com\/es\/wp-json\/wp\/v2\/product_tag?post=6584"}],"curies":[{"name":"gracias","href":"https:\/\/api.w.org\/{rel}","templated":true}]}}