{"id":6583,"date":"2025-03-11T06:31:13","date_gmt":"2025-03-11T06:31:13","guid":{"rendered":"https:\/\/fmp-components.com\/product\/hot-sale-4-stage-telescopic-hydraulic-cylinder-for-sale"},"modified":"2025-03-14T02:37:03","modified_gmt":"2025-03-14T02:37:03","slug":"hot-sale-4-stage-telescopic-hydraulic-cylinder-for-sale","status":"publish","type":"product","link":"https:\/\/fmp-components.com\/es\/product\/hot-sale-4-stage-telescopic-hydraulic-cylinder-for-sale\/","title":{"rendered":"Cilindro hidr\u00e1ulico telesc\u00f3pico de 4 etapas en oferta."},"content":{"rendered":"<h2>Cilindro hidr\u00e1ulico telesc\u00f3pico de 4 etapas en oferta.<\/h2>\n<p>Consiga la mejor oferta en nuestro cilindro hidr\u00e1ulico telesc\u00f3pico de 4 etapas, un producto estrella. Estos cilindros son completamente nuevos y cuentan con un a\u00f1o de garant\u00eda, lo que los hace ideales para diversas industrias, como talleres de reparaci\u00f3n de maquinaria, agricultura, energ\u00eda y miner\u00eda, fabricaci\u00f3n de maquinaria y f\u00e1bricas de maquinaria.<\/p>\n<h3>Especificaciones del producto<\/h3>\n<p>Con un peso de 42 kg y un cuerpo de acero, nuestros cilindros hidr\u00e1ulicos est\u00e1n dise\u00f1ados para ser robustos y fiables. Ofrecen una estructura y potencia est\u00e1ndar, con un tipo multietapa y un empuje m\u00e1ximo de 3000. El di\u00e1metro interior var\u00eda de 2 a 6 pulgadas, el v\u00e1stago de 1,125 a 4 pulgadas y la carrera de 4 a 100 pulgadas. El tama\u00f1o del pasador de estos cilindros hidr\u00e1ulicos var\u00eda de 0,5 a 2 pulgadas, con una fuerza de tiro m\u00e1xima de 20 toneladas.<\/p>\n<table style=\"width: 94.6268%;\" border=\"\">\n<tbody>\n<tr>\n<th style=\"width: 43.4286%;\">Tama\u00f1o del orificio<\/th>\n<td style=\"width: 392%;\">2-6 pulgadas<\/td>\n<\/tr>\n<tr>\n<th style=\"width: 43.4286%;\">Tama\u00f1o de la varilla<\/th>\n<td style=\"width: 392%;\">1,125-4 pulgadas<\/td>\n<\/tr>\n<tr>\n<th style=\"width: 43.4286%;\">Tama\u00f1o del trazo<\/th>\n<td style=\"width: 392%;\">4-100 pulgadas<\/td>\n<\/tr>\n<tr>\n<th style=\"width: 43.4286%;\">Tama\u00f1o del pin<\/th>\n<td style=\"width: 392%;\">0,5-2 pulgadas<\/td>\n<\/tr>\n<tr>\n<th style=\"width: 43.4286%;\">Puertos<\/th>\n<td style=\"width: 392%;\">G\/SAE\/NPT\/M<\/td>\n<\/tr>\n<\/tbody>\n<\/table>\n<h2>Caracter\u00edsticas y ventajas del producto<\/h2>\n<p>Nuestros cilindros hidr\u00e1ulicos son energ\u00e9ticamente eficientes, de alto rendimiento y seguros. Est\u00e1n dise\u00f1ados para soportar un uso riguroso en diversas aplicaciones industriales. El sistema hidr\u00e1ulico est\u00e1 dise\u00f1ado para proporcionar potencia y control eficientes, lo que los convierte en una opci\u00f3n confiable para aplicaciones industriales y agr\u00edcolas.<\/p>\n<p><img loading=\"lazy\" decoding=\"async\" class=\"alignnone  wp-image-6664\" src=\"https:\/\/fmp-components.com\/wp-content\/uploads\/2025\/03\/telescopic-hydraulic-cylinder-8.webp\" alt=\"cilindro hidr\u00e1ulico telesc\u00f3pico\" width=\"808\" height=\"808\" title=\"\" srcset=\"https:\/\/fmp-components.com\/wp-content\/uploads\/2025\/03\/telescopic-hydraulic-cylinder-8.webp 808w, https:\/\/fmp-components.com\/wp-content\/uploads\/2025\/03\/telescopic-hydraulic-cylinder-8-480x480.webp 480w\" sizes=\"(min-width: 0px) and (max-width: 480px) 480px, (min-width: 481px) 808px, 100vw\" \/><\/p>\n<h2>Cilindros hidr\u00e1ulicos y unidades de potencia<\/h2>\n<p>Los cilindros hidr\u00e1ulicos y las unidades de potencia son partes integrales del sistema hidr\u00e1ulico. Su funci\u00f3n combinada garantiza la amplia aplicaci\u00f3n de la tecnolog\u00eda hidr\u00e1ulica en el \u00e1mbito industrial, proporcionando potencia y control fiables para diversos equipos de ingenier\u00eda y mec\u00e1nicos. El cilindro hidr\u00e1ulico, como actuador, se encarga de convertir la energ\u00eda hidr\u00e1ulica en movimiento mec\u00e1nico, convirtiendo la presi\u00f3n en fuerza. La unidad de potencia, por su parte, es el n\u00facleo que proporciona la energ\u00eda y las se\u00f1ales de control que requiere el sistema hidr\u00e1ulico. Su cooperaci\u00f3n coordinada permite el funcionamiento normal del sistema hidr\u00e1ulico.<\/p>\n<h2>Preguntas frecuentes<\/h2>\n<p><strong>P: \u00bfCu\u00e1nto tiempo es el tiempo de entrega?<\/strong><br \/>\nR: Generalmente, el tiempo de entrega es de 25 a 35 d\u00edas.<\/p>\n<p><strong>P: \u00bfOfrecen muestras? \u00bfSon gratuitas o tienen un coste adicional?<\/strong><br \/>\nR: S\u00ed, proporcionamos muestras, pero no son gratuitas.<\/p>\n<p><strong>P: \u00bfPueden producir seg\u00fan las muestras?<\/strong><br \/>\nR: S\u00ed, podemos producir sus muestras o dibujos t\u00e9cnicos.<\/p>\n<h3>Acerca de FMP<\/h3>\n<p class=\"break-words\">FMP es un fabricante italiano l\u00edder especializado en el dise\u00f1o, desarrollo y producci\u00f3n de cilindros hidr\u00e1ulicos de alta calidad. Con una rica tradici\u00f3n arraigada en d\u00e9cadas de experiencia, combinamos con orgullo la artesan\u00eda italiana con tecnolog\u00eda de vanguardia para ofrecer soluciones hidr\u00e1ulicas excepcionales, adaptadas a las diversas necesidades de nuestra clientela global. Con sede en Italia, un centro de excelencia en ingenier\u00eda, FMP se erige como una marca de confianza en la industria hidr\u00e1ulica, comprometida con el suministro de productos fiables, duraderos e innovadores que impulsan a empresas de todo el mundo.<\/p>\n<p class=\"break-words\">Nuestra empresa integra lo mejor de la fabricaci\u00f3n avanzada con un enfoque innovador. Gracias a a\u00f1os de experiencia en sistemas hidr\u00e1ulicos, FMP se ha convertido en una empresa moderna que destaca en investigaci\u00f3n, dise\u00f1o y producci\u00f3n. Nos especializamos en una amplia gama de cilindros hidr\u00e1ulicos, incluyendo cilindros de doble efecto, cilindros de elevaci\u00f3n para autom\u00f3viles, cilindros para maquinaria agr\u00edcola y soluciones de ingenier\u00eda personalizada para diversas aplicaciones industriales. Ya sea para construcci\u00f3n, instalaciones industriales, agricultura o maquinaria pesada, nuestros cilindros hidr\u00e1ulicos est\u00e1n dise\u00f1ados para funcionar en las condiciones m\u00e1s exigentes, garantizando seguridad, eficiencia y durabilidad.<\/p>\n<p><img loading=\"lazy\" decoding=\"async\" class=\"alignnone size-full wp-image-6720\" src=\"https:\/\/fmp-components.com\/wp-content\/uploads\/2025\/03\/hydraulic-cylinder-8.webp\" alt=\"Cilindros hidr\u00e1ulicos telesc\u00f3picos\" width=\"933\" height=\"526\" title=\"\" srcset=\"https:\/\/fmp-components.com\/wp-content\/uploads\/2025\/03\/hydraulic-cylinder-8.webp 933w, https:\/\/fmp-components.com\/wp-content\/uploads\/2025\/03\/hydraulic-cylinder-8-480x271.webp 480w\" sizes=\"(min-width: 0px) and (max-width: 480px) 480px, (min-width: 481px) 933px, 100vw\" \/><\/p>\n<p class=\"break-words\">En FMP, nos enorgullecemos de nuestras instalaciones de producci\u00f3n de vanguardia, equipadas con maquinaria de precisi\u00f3n y sistemas de prueba avanzados. Nuestros procesos de fabricaci\u00f3n cumplen rigurosos est\u00e1ndares nacionales e internacionales, lo que garantiza que cada cilindro hidr\u00e1ulico que sale de nuestra f\u00e1brica sea de la m\u00e1s alta calidad y fiabilidad. Nuestro equipo t\u00e9cnico cualificado, junto con equipos de vanguardia, nos permite mantener un estricto control de calidad en cada etapa de la producci\u00f3n, desde la selecci\u00f3n de la materia prima hasta la inspecci\u00f3n final. Esta dedicaci\u00f3n a la excelencia nos ha valido certificaciones y el reconocimiento de las autoridades del sector, consolidando a\u00fan m\u00e1s nuestra reputaci\u00f3n como socio confiable.<\/p>\n<p class=\"break-words\">Nuestra misi\u00f3n es simple pero ambiciosa: ofrecer a nuestros clientes cilindros hidr\u00e1ulicos que superen sus expectativas en rendimiento, durabilidad y valor. Nos guiamos por los principios de profesionalismo, integridad y orientaci\u00f3n al cliente. Fomentando una cultura de innovaci\u00f3n y precisi\u00f3n, perfeccionamos continuamente nuestros productos para mantenernos a la vanguardia en un mercado competitivo. Nuestra amplia gama de productos y nuestra capacidad para ofrecer soluciones a medida nos convierten en la opci\u00f3n predilecta para las empresas que buscan cilindros hidr\u00e1ulicos de alto rendimiento.<\/p>\n<p class=\"break-words\">FMP es m\u00e1s que un simple fabricante: somos un socio clave para su \u00e9xito. Entendemos que nuestros clientes conf\u00edan en nosotros para ofrecerles herramientas que mejoran su productividad y seguridad. Por eso, nos comprometemos a ofrecer no solo productos de primera calidad, sino tambi\u00e9n un servicio excepcional. Desde la consulta inicial hasta el soporte posventa, trabajamos estrechamente con nuestros clientes para garantizar que sus necesidades se satisfagan con profesionalismo y atenci\u00f3n. Nuestros precios competitivos, junto con nuestro firme compromiso con la calidad, hacen de FMP la opci\u00f3n inteligente para las empresas que buscan invertir en soluciones hidr\u00e1ulicas de confianza.<\/p>","protected":false},"excerpt":{"rendered":"<p>Hot Sale 4 Stage Telescopic Hydraulic Cylinder for Sale Get the best deal on our hot selling 4-stage telescopic hydraulic cylinder. These cylinders are brand new and come with a one-year warranty, making them perfect for a variety of industries including machinery repair shops, farms, energy &amp; mining, machinery manufacturing, and machinery factories. Product Specifications [&hellip;]<\/p>","protected":false},"featured_media":6788,"comment_status":"closed","ping_status":"closed","template":"","meta":{"_et_pb_use_builder":"","_et_pb_old_content":"","_et_gb_content_width":""},"product_brand":[],"product_cat":[103],"product_tag":[34,105],"class_list":{"0":"post-6583","1":"product","2":"type-product","3":"status-publish","4":"has-post-thumbnail","6":"product_cat-telescopic-hydraulic-cylinders","7":"product_tag-hydraulic-cylinder","8":"product_tag-telescopic-hydraulic-cylinders","10":"first","11":"instock","12":"product-type-simple"},"_links":{"self":[{"href":"https:\/\/fmp-components.com\/es\/wp-json\/wp\/v2\/product\/6583","targetHints":{"allow":["GET"]}}],"collection":[{"href":"https:\/\/fmp-components.com\/es\/wp-json\/wp\/v2\/product"}],"about":[{"href":"https:\/\/fmp-components.com\/es\/wp-json\/wp\/v2\/types\/product"}],"replies":[{"embeddable":true,"href":"https:\/\/fmp-components.com\/es\/wp-json\/wp\/v2\/comments?post=6583"}],"wp:featuredmedia":[{"embeddable":true,"href":"https:\/\/fmp-components.com\/es\/wp-json\/wp\/v2\/media\/6788"}],"wp:attachment":[{"href":"https:\/\/fmp-components.com\/es\/wp-json\/wp\/v2\/media?parent=6583"}],"wp:term":[{"taxonomy":"product_brand","embeddable":true,"href":"https:\/\/fmp-components.com\/es\/wp-json\/wp\/v2\/product_brand?post=6583"},{"taxonomy":"product_cat","embeddable":true,"href":"https:\/\/fmp-components.com\/es\/wp-json\/wp\/v2\/product_cat?post=6583"},{"taxonomy":"product_tag","embeddable":true,"href":"https:\/\/fmp-components.com\/es\/wp-json\/wp\/v2\/product_tag?post=6583"}],"curies":[{"name":"gracias","href":"https:\/\/api.w.org\/{rel}","templated":true}]}}