{"id":6582,"date":"2025-03-11T06:31:13","date_gmt":"2025-03-11T06:31:13","guid":{"rendered":"https:\/\/fmp-components.com\/product\/professional-craftsmanship-4-stage-dump-truck-stainless-steel-hydraulic-cylinder"},"modified":"2025-03-12T05:36:17","modified_gmt":"2025-03-12T05:36:17","slug":"professional-craftsmanship-4-stage-dump-truck-stainless-steel-hydraulic-cylinder","status":"publish","type":"product","link":"https:\/\/fmp-components.com\/es\/product\/professional-craftsmanship-4-stage-dump-truck-stainless-steel-hydraulic-cylinder\/","title":{"rendered":"Cilindro hidr\u00e1ulico de acero inoxidable para cami\u00f3n volquete de 4 etapas de artesan\u00eda profesional"},"content":{"rendered":"<h2>Cilindro hidr\u00e1ulico de acero inoxidable para cami\u00f3n volquete de 4 etapas de artesan\u00eda profesional<\/h2>\n<p>Este cilindro hidr\u00e1ulico de acero inoxidable de 4 etapas para cami\u00f3n volquete es completamente nuevo y est\u00e1 dise\u00f1ado para diversas industrias, como talleres de reparaci\u00f3n de maquinaria, granjas, energ\u00eda y miner\u00eda, y f\u00e1bricas de maquinaria. Este cilindro hidr\u00e1ulico multietapa cuenta con un a\u00f1o de garant\u00eda para sus componentes principales, que incluyen un rodamiento y el propio cilindro hidr\u00e1ulico.<\/p>\n<h3>Caracter\u00edsticas y especificaciones clave<\/h3>\n<p>El cilindro hidr\u00e1ulico cuenta con una estructura est\u00e1ndar, concretamente un cilindro de \u00e9mbolo. Su potencia es hidr\u00e1ulica y su cuerpo es de acero. El cilindro tiene una capacidad m\u00e1xima de empuje de 3000 y una fuerza de tracci\u00f3n m\u00e1xima de 20 toneladas. Cuenta con la certificaci\u00f3n ISO9001:2000, lo que garantiza su calidad y fiabilidad.<\/p>\n<h3>Detalles t\u00e9cnicos<\/h3>\n<table style=\"width: 99.3161%;\" border=\"\">\n<tbody>\n<tr>\n<td style=\"width: 42.9379%;\"><i>Tama\u00f1o del orificio<\/i><\/td>\n<td style=\"width: 470.621%;\">2-6 pulgadas<\/td>\n<\/tr>\n<tr>\n<td style=\"width: 42.9379%;\"><i>Tama\u00f1o de la varilla<\/i><\/td>\n<td style=\"width: 470.621%;\">1,125-4 pulgadas<\/td>\n<\/tr>\n<tr>\n<td style=\"width: 42.9379%;\"><i>Tama\u00f1o del trazo<\/i><\/td>\n<td style=\"width: 470.621%;\">4-100 pulgadas<\/td>\n<\/tr>\n<tr>\n<td style=\"width: 42.9379%;\"><i>Tama\u00f1o del pin<\/i><\/td>\n<td style=\"width: 470.621%;\">0,5-2 pulgadas<\/td>\n<\/tr>\n<tr>\n<td style=\"width: 42.9379%;\"><i>Puertos<\/i><\/td>\n<td style=\"width: 470.621%;\">G\/SAE\/NPT\/M<\/td>\n<\/tr>\n<\/tbody>\n<\/table>\n<h2>Caracter\u00edsticas y ventajas \u00fanicas<\/h2>\n<ul>\n<li>Ahorro de energ\u00eda<\/li>\n<li>Altamente eficiente<\/li>\n<li>Seguro de usar<\/li>\n<\/ul>\n<h2>An\u00e1lisis profundo de los sistemas hidr\u00e1ulicos y su principio de funcionamiento<\/h2>\n<p>El cilindro hidr\u00e1ulico act\u00faa como fuerza motriz para el funcionamiento de camiones volquete y otras m\u00e1quinas, bas\u00e1ndose en el principio de utilizar fluido presurizado para generar fuerza y \u200b\u200bmovimiento lineales. Dentro de un sistema hidr\u00e1ulico, el cilindro act\u00faa como un componente crucial, convirtiendo la energ\u00eda del fluido hidr\u00e1ulico en trabajo mec\u00e1nico. Al bombear fluido hidr\u00e1ulico al cilindro, se crea una presi\u00f3n que fuerza el pist\u00f3n a moverse, generando el movimiento lineal deseado. Este principio no solo sustenta el funcionamiento de los camiones volquete, sino que tambi\u00e9n mejora la funcionalidad de una amplia gama de equipos, lo que hace que los cilindros hidr\u00e1ulicos sean esenciales en numerosas aplicaciones industriales.<\/p>\n<p><img loading=\"lazy\" decoding=\"async\" class=\"alignnone  wp-image-6659\" src=\"https:\/\/fmp-components.com\/wp-content\/uploads\/2025\/03\/telescopic-hydraulic-cylinder-12.webp\" alt=\"cilindro hidr\u00e1ulico telesc\u00f3pico\" width=\"912\" height=\"912\" title=\"\" srcset=\"https:\/\/fmp-components.com\/wp-content\/uploads\/2025\/03\/telescopic-hydraulic-cylinder-12.webp 912w, https:\/\/fmp-components.com\/wp-content\/uploads\/2025\/03\/telescopic-hydraulic-cylinder-12-480x480.webp 480w\" sizes=\"(min-width: 0px) and (max-width: 480px) 480px, (min-width: 481px) 912px, 100vw\" \/><\/p>\n<h2>Aplicaci\u00f3n del cilindro hidr\u00e1ulico<\/h2>\n<p>La versatilidad del cilindro hidr\u00e1ulico se evidencia en su amplio uso en numerosas industrias. En talleres de reparaci\u00f3n de maquinaria, estos cilindros facilitan la elevaci\u00f3n y el posicionamiento de equipos pesados, lo que permite un mantenimiento y reparaciones eficientes. En las explotaciones agr\u00edcolas, se emplean cilindros hidr\u00e1ulicos en tractores y otra maquinaria agr\u00edcola para elevar, inclinar y transportar materiales, lo que aumenta significativamente la productividad en las operaciones agr\u00edcolas.<\/p>\n<p>En los sectores energ\u00e9tico y minero, los cilindros hidr\u00e1ulicos desempe\u00f1an un papel fundamental en tareas como la perforaci\u00f3n, la excavaci\u00f3n y la manipulaci\u00f3n de materiales, donde un rendimiento potente y fiable es crucial. Adem\u00e1s, en la fabricaci\u00f3n de maquinaria y las f\u00e1bricas, son esenciales para las l\u00edneas de montaje y diversos procesos automatizados, optimizando la producci\u00f3n y mejorando la eficiencia operativa. Si bien los camiones volquete son una aplicaci\u00f3n destacada, el uso de cilindros hidr\u00e1ulicos se extiende a otra maquinaria pesada que requiere una fuerza y \u200b\u200bun movimiento lineales fiables, lo que los hace indispensables en numerosos entornos industriales.<\/p>\n<h2>Cilindros hidr\u00e1ulicos y unidades de potencia<\/h2>\n<p>Los cilindros hidr\u00e1ulicos y las unidades de potencia son componentes esenciales de cualquier sistema hidr\u00e1ulico, que trabajan en conjunto para garantizar un rendimiento y una fiabilidad \u00f3ptimos. El cilindro hidr\u00e1ulico funciona como actuador, convirtiendo la energ\u00eda hidr\u00e1ulica en movimiento mec\u00e1nico al transformar la presi\u00f3n en fuerza. Esta capacidad lo convierte en un ejecutor de trabajo, permitiendo el movimiento de cargas pesadas y la realizaci\u00f3n de tareas cr\u00edticas.<\/p>\n<p>La unidad de potencia, por otro lado, act\u00faa como el coraz\u00f3n del sistema hidr\u00e1ulico, proporcionando la energ\u00eda y las se\u00f1ales de control necesarias. Generalmente, incluye un motor, una bomba, un dep\u00f3sito y v\u00e1lvulas de control, que trabajan en conjunto para mantener una presi\u00f3n y un caudal constantes. La coordinaci\u00f3n entre el cilindro hidr\u00e1ulico y la unidad de potencia es vital para el correcto funcionamiento del sistema hidr\u00e1ulico, garantizando que todos los componentes funcionen armoniosamente para proporcionar potencia y control fiables.<\/p>\n<p>En FMP, nos comprometemos a ofrecer soluciones hidr\u00e1ulicas integrales, lo que incluye la venta de unidades de potencia. Esto garantiza que nuestros clientes tengan acceso tanto a cilindros hidr\u00e1ulicos como a unidades de potencia, lo que permite una integraci\u00f3n perfecta de los componentes en sus sistemas hidr\u00e1ulicos. Al proporcionar estos elementos esenciales, facilitamos el funcionamiento eficiente y eficaz de diversos equipos de ingenier\u00eda y mec\u00e1nicos en diversas aplicaciones industriales.<\/p>\n<p><img loading=\"lazy\" decoding=\"async\" class=\"alignnone size-full wp-image-6660\" src=\"https:\/\/fmp-components.com\/wp-content\/uploads\/2025\/03\/hydraulic-cylinder-workshop-4.webp\" alt=\"cilindro hidr\u00e1ulico telesc\u00f3pico\" width=\"914\" height=\"733\" title=\"\" srcset=\"https:\/\/fmp-components.com\/wp-content\/uploads\/2025\/03\/hydraulic-cylinder-workshop-4.webp 914w, https:\/\/fmp-components.com\/wp-content\/uploads\/2025\/03\/hydraulic-cylinder-workshop-4-480x385.webp 480w\" sizes=\"(min-width: 0px) and (max-width: 480px) 480px, (min-width: 481px) 914px, 100vw\" \/><\/p>\n<h2>Preguntas frecuentes<\/h2>\n<p><span>P: \u00bfEs usted una empresa comercial o un fabricante?<\/span><br \/>\n<span>A: Somos una f\u00e1brica.<\/span><br \/>\n<span>P: \u00bfCu\u00e1nto tiempo dura el env\u00edo?<\/span><br \/>\n<span>R: Generalmente son entre 25 y 35 d\u00edas.<\/span><br \/>\n<span>P: \u00bfOfrecen muestras? \u00bfSon gratuitas o tienen un costo adicional?<\/span><br \/>\n<span>R: S\u00ed, podr\u00edamos ofrecer la muestra, pero no es gratis.<\/span><\/p>\n<h3>Acerca de FMP<\/h3>\n<p class=\"break-words\">FMP es un fabricante italiano l\u00edder especializado en el dise\u00f1o, desarrollo y producci\u00f3n de cilindros hidr\u00e1ulicos de alta calidad. Con una rica tradici\u00f3n arraigada en d\u00e9cadas de experiencia, combinamos con orgullo la artesan\u00eda italiana con tecnolog\u00eda de vanguardia para ofrecer soluciones hidr\u00e1ulicas excepcionales, adaptadas a las diversas necesidades de nuestra clientela global. Con sede en Italia, un centro de excelencia en ingenier\u00eda, FMP se erige como una marca de confianza en la industria hidr\u00e1ulica, comprometida con el suministro de productos fiables, duraderos e innovadores que impulsan a empresas de todo el mundo.<\/p>\n<p class=\"break-words\">Nuestra empresa integra lo mejor de la fabricaci\u00f3n avanzada con un enfoque innovador. Gracias a a\u00f1os de experiencia en sistemas hidr\u00e1ulicos, FMP se ha convertido en una empresa moderna que destaca en investigaci\u00f3n, dise\u00f1o y producci\u00f3n. Nos especializamos en una amplia gama de cilindros hidr\u00e1ulicos, incluyendo cilindros de doble efecto, cilindros de elevaci\u00f3n para autom\u00f3viles, cilindros para maquinaria agr\u00edcola y soluciones de ingenier\u00eda personalizada para diversas aplicaciones industriales. Ya sea para construcci\u00f3n, instalaciones industriales, agricultura o maquinaria pesada, nuestros cilindros hidr\u00e1ulicos est\u00e1n dise\u00f1ados para funcionar en las condiciones m\u00e1s exigentes, garantizando seguridad, eficiencia y durabilidad.<\/p>\n<p><img loading=\"lazy\" decoding=\"async\" class=\"alignnone size-full wp-image-6720\" src=\"https:\/\/fmp-components.com\/wp-content\/uploads\/2025\/03\/hydraulic-cylinder-8.webp\" alt=\"Cilindros hidr\u00e1ulicos telesc\u00f3picos\" width=\"933\" height=\"526\" title=\"\" srcset=\"https:\/\/fmp-components.com\/wp-content\/uploads\/2025\/03\/hydraulic-cylinder-8.webp 933w, https:\/\/fmp-components.com\/wp-content\/uploads\/2025\/03\/hydraulic-cylinder-8-480x271.webp 480w\" sizes=\"(min-width: 0px) and (max-width: 480px) 480px, (min-width: 481px) 933px, 100vw\" \/><\/p>\n<p class=\"break-words\">En FMP, nos enorgullecemos de nuestras instalaciones de producci\u00f3n de vanguardia, equipadas con maquinaria de precisi\u00f3n y sistemas de prueba avanzados. Nuestros procesos de fabricaci\u00f3n cumplen rigurosos est\u00e1ndares nacionales e internacionales, lo que garantiza que cada cilindro hidr\u00e1ulico que sale de nuestra f\u00e1brica sea de la m\u00e1s alta calidad y fiabilidad. Nuestro equipo t\u00e9cnico cualificado, junto con equipos de vanguardia, nos permite mantener un estricto control de calidad en cada etapa de la producci\u00f3n, desde la selecci\u00f3n de la materia prima hasta la inspecci\u00f3n final. Esta dedicaci\u00f3n a la excelencia nos ha valido certificaciones y el reconocimiento de las autoridades del sector, consolidando a\u00fan m\u00e1s nuestra reputaci\u00f3n como socio confiable.<\/p>\n<p class=\"break-words\">Nuestra misi\u00f3n es simple pero ambiciosa: ofrecer a nuestros clientes cilindros hidr\u00e1ulicos que superen sus expectativas en rendimiento, durabilidad y valor. Nos guiamos por los principios de profesionalismo, integridad y orientaci\u00f3n al cliente. Fomentando una cultura de innovaci\u00f3n y precisi\u00f3n, perfeccionamos continuamente nuestros productos para mantenernos a la vanguardia en un mercado competitivo. Nuestra amplia gama de productos y nuestra capacidad para ofrecer soluciones a medida nos convierten en la opci\u00f3n predilecta para las empresas que buscan cilindros hidr\u00e1ulicos de alto rendimiento.<\/p>\n<p class=\"break-words\">FMP es m\u00e1s que un simple fabricante: somos un socio clave para su \u00e9xito. Entendemos que nuestros clientes conf\u00edan en nosotros para ofrecerles herramientas que mejoran su productividad y seguridad. Por eso, nos comprometemos a ofrecer no solo productos de primera calidad, sino tambi\u00e9n un servicio excepcional. Desde la consulta inicial hasta el soporte posventa, trabajamos estrechamente con nuestros clientes para garantizar que sus necesidades se satisfagan con profesionalismo y atenci\u00f3n. Nuestros precios competitivos, junto con nuestro firme compromiso con la calidad, hacen de FMP la opci\u00f3n inteligente para las empresas que buscan invertir en soluciones hidr\u00e1ulicas de confianza.<\/p>","protected":false},"excerpt":{"rendered":"<p>Professional Craftsmanship 4 Stage Dump Truck Stainless Steel Hydraulic Cylinder This is a brand new Professional Craftsmanship 4 Stage Dump Truck Stainless Steel hydraulic cylinder, built to serve you in various industries such as machinery repair shops, farms, energy and mining, machinery manufacturing and machinery factories. This multistage hydraulic cylinder comes with a one-year warranty [&hellip;]<\/p>","protected":false},"featured_media":6725,"comment_status":"closed","ping_status":"closed","template":"","meta":{"_et_pb_use_builder":"","_et_pb_old_content":"","_et_gb_content_width":""},"product_brand":[],"product_cat":[103],"product_tag":[34,105],"class_list":{"0":"post-6582","1":"product","2":"type-product","3":"status-publish","4":"has-post-thumbnail","6":"product_cat-telescopic-hydraulic-cylinders","7":"product_tag-hydraulic-cylinder","8":"product_tag-telescopic-hydraulic-cylinders","10":"first","11":"instock","12":"product-type-simple"},"_links":{"self":[{"href":"https:\/\/fmp-components.com\/es\/wp-json\/wp\/v2\/product\/6582","targetHints":{"allow":["GET"]}}],"collection":[{"href":"https:\/\/fmp-components.com\/es\/wp-json\/wp\/v2\/product"}],"about":[{"href":"https:\/\/fmp-components.com\/es\/wp-json\/wp\/v2\/types\/product"}],"replies":[{"embeddable":true,"href":"https:\/\/fmp-components.com\/es\/wp-json\/wp\/v2\/comments?post=6582"}],"wp:featuredmedia":[{"embeddable":true,"href":"https:\/\/fmp-components.com\/es\/wp-json\/wp\/v2\/media\/6725"}],"wp:attachment":[{"href":"https:\/\/fmp-components.com\/es\/wp-json\/wp\/v2\/media?parent=6582"}],"wp:term":[{"taxonomy":"product_brand","embeddable":true,"href":"https:\/\/fmp-components.com\/es\/wp-json\/wp\/v2\/product_brand?post=6582"},{"taxonomy":"product_cat","embeddable":true,"href":"https:\/\/fmp-components.com\/es\/wp-json\/wp\/v2\/product_cat?post=6582"},{"taxonomy":"product_tag","embeddable":true,"href":"https:\/\/fmp-components.com\/es\/wp-json\/wp\/v2\/product_tag?post=6582"}],"curies":[{"name":"gracias","href":"https:\/\/api.w.org\/{rel}","templated":true}]}}