{"id":6576,"date":"2025-03-11T06:31:13","date_gmt":"2025-03-11T06:31:13","guid":{"rendered":"https:\/\/fmp-components.com\/product\/high-quality-mini-dump-truck-hydraulic-hoist-cylinder-telescopic-hydraulic-cylinder"},"modified":"2025-03-12T05:08:32","modified_gmt":"2025-03-12T05:08:32","slug":"high-quality-mini-dump-truck-hydraulic-hoist-cylinder-telescopic-hydraulic-cylinder","status":"publish","type":"product","link":"https:\/\/fmp-components.com\/es\/product\/high-quality-mini-dump-truck-hydraulic-hoist-cylinder-telescopic-hydraulic-cylinder\/","title":{"rendered":"Cilindro hidr\u00e1ulico telesc\u00f3pico para mini cami\u00f3n volquete de alta calidad"},"content":{"rendered":"<h2>Cilindro hidr\u00e1ulico telesc\u00f3pico para mini cami\u00f3n volquete de alta calidad<\/h2>\n<p>El cilindro hidr\u00e1ulico telesc\u00f3pico de alta calidad para minivolquetes es un producto de primera calidad que garantiza una funcionalidad y durabilidad \u00f3ptimas. Utilizado principalmente en talleres de reparaci\u00f3n de maquinaria, granjas, sectores energ\u00e9tico y minero, fabricaci\u00f3n de maquinaria y f\u00e1bricas, este cilindro hidr\u00e1ulico est\u00e1 dise\u00f1ado para ofrecer un rendimiento inigualable.<\/p>\n<p><img loading=\"lazy\" decoding=\"async\" class=\"alignnone  wp-image-6657\" src=\"https:\/\/fmp-components.com\/wp-content\/uploads\/2025\/03\/telescopic-hydraulic-cylinder-3.webp\" alt=\"cilindro hidr\u00e1ulico telesc\u00f3pico\" width=\"911\" height=\"911\" title=\"\" srcset=\"https:\/\/fmp-components.com\/wp-content\/uploads\/2025\/03\/telescopic-hydraulic-cylinder-3.webp 911w, https:\/\/fmp-components.com\/wp-content\/uploads\/2025\/03\/telescopic-hydraulic-cylinder-3-480x480.webp 480w\" sizes=\"(min-width: 0px) and (max-width: 480px) 480px, (min-width: 481px) 911px, 100vw\" \/><\/p>\n<h3>Especificaciones del producto<\/h3>\n<p>Nuestro cilindro cuenta con una estructura est\u00e1ndar, un cilindro de \u00e9mbolo para ser precisos, accionado hidr\u00e1ulicamente. Cuenta con un robusto cuerpo de acero, un cilindro hidr\u00e1ulico multietapa y un empuje m\u00e1ximo de 3000. Este producto cumple con la certificaci\u00f3n ISO 9001:2000, lo que garantiza la m\u00e1s alta calidad.<\/p>\n<table style=\"width: 97.2621%;\" border=\"\">\n<tbody>\n<tr>\n<td style=\"width: 43.5028%;\"><b>Tama\u00f1o del orificio<\/b><\/td>\n<td style=\"width: 470.621%;\">2-6 pulgadas<\/td>\n<\/tr>\n<tr>\n<td style=\"width: 43.5028%;\"><b>Tama\u00f1o de la varilla<\/b><\/td>\n<td style=\"width: 470.621%;\">1,125-4 pulgadas<\/td>\n<\/tr>\n<tr>\n<td style=\"width: 43.5028%;\"><b>Tama\u00f1o del trazo<\/b><\/td>\n<td style=\"width: 470.621%;\">4-100 pulgadas<\/td>\n<\/tr>\n<tr>\n<td style=\"width: 43.5028%;\"><b>Tama\u00f1o del pin<\/b><\/td>\n<td style=\"width: 470.621%;\">0,5-2 pulgadas<\/td>\n<\/tr>\n<tr>\n<td style=\"width: 43.5028%;\"><b>Puertos<\/b><\/td>\n<td style=\"width: 470.621%;\">G\/SAE\/NPT\/M<\/td>\n<\/tr>\n<\/tbody>\n<\/table>\n<h3>Caracter\u00edsticas y beneficios distintivos<\/h3>\n<ul>\n<li>Alto rendimiento: con un empuje m\u00e1ximo de 3000 y una tracci\u00f3n m\u00e1xima de 20 toneladas, este cilindro hidr\u00e1ulico garantiza un rendimiento de primer nivel.<\/li>\n<li>Seguridad: Nuestro cilindro hidr\u00e1ulico cumple con los est\u00e1ndares de certificaci\u00f3n ISO9001:2000, lo que garantiza el m\u00e1s alto nivel de seguridad.<\/li>\n<li>Eficiencia energ\u00e9tica: el cilindro hidr\u00e1ulico telesc\u00f3pico del cilindro de elevaci\u00f3n hidr\u00e1ulica del mini cami\u00f3n volquete de alta calidad est\u00e1 dise\u00f1ado para una eficiencia energ\u00e9tica \u00f3ptima, lo que garantiza que sus operaciones sean rentables.<\/li>\n<\/ul>\n<h2>Sistemas hidr\u00e1ulicos y principio de funcionamiento<\/h2>\n<p>El principio de funcionamiento de nuestro cilindro hidr\u00e1ulico es elegantemente sencillo: convierte la energ\u00eda hidr\u00e1ulica en movimiento mec\u00e1nico, transformando eficazmente la presi\u00f3n hidr\u00e1ulica en fuerza. Este principio fundamental es la columna vertebral de los sistemas hidr\u00e1ulicos, permitiendo la transmisi\u00f3n eficiente de potencia. El dise\u00f1o del cilindro desempe\u00f1a un papel crucial en este proceso, ya que maximiza el \u00e1rea donde el fluido hidr\u00e1ulico puede ejercer presi\u00f3n, mejorando as\u00ed la fuerza generada. Esta combinaci\u00f3n de ingenier\u00eda y funcionalidad permite que nuestros cilindros hidr\u00e1ulicos se utilicen ampliamente en una amplia gama de industrias, desde la construcci\u00f3n hasta la fabricaci\u00f3n, donde un rendimiento fiable y potente es esencial.<\/p>\n<p><img loading=\"lazy\" decoding=\"async\" class=\"alignnone  wp-image-6658\" src=\"https:\/\/fmp-components.com\/wp-content\/uploads\/2025\/03\/telescopic-hydraulic-cylinder-6.webp\" alt=\"cilindro hidr\u00e1ulico telesc\u00f3pico\" width=\"938\" height=\"938\" title=\"\" srcset=\"https:\/\/fmp-components.com\/wp-content\/uploads\/2025\/03\/telescopic-hydraulic-cylinder-6.webp 938w, https:\/\/fmp-components.com\/wp-content\/uploads\/2025\/03\/telescopic-hydraulic-cylinder-6-480x480.webp 480w\" sizes=\"(min-width: 0px) and (max-width: 480px) 480px, (min-width: 481px) 938px, 100vw\" \/><\/p>\n<h2>Escenarios de aplicaci\u00f3n<\/h2>\n<p>El cilindro hidr\u00e1ulico de elevaci\u00f3n de alta calidad para minivolquetes, especialmente por su dise\u00f1o telesc\u00f3pico, es incre\u00edblemente vers\u00e1til y adecuado para diversas aplicaciones. En talleres de reparaci\u00f3n de maquinaria, resulta fundamental para elevar y maniobrar equipos pesados, garantizando as\u00ed que las tareas de mantenimiento se realicen de forma eficiente y segura. En las explotaciones agr\u00edcolas, este cilindro hidr\u00e1ulico se utiliza en maquinaria agr\u00edcola para tareas como elevar cargas, inclinar y descargar materiales, lo que aumenta la eficiencia de las operaciones.<\/p>\n<p>En los sectores energ\u00e9tico y minero, el cilindro hidr\u00e1ulico de elevaci\u00f3n es esencial para aplicaciones de excavaci\u00f3n, perforaci\u00f3n y manipulaci\u00f3n de materiales, donde un rendimiento robusto y una fiabilidad son cruciales. Adem\u00e1s, en la fabricaci\u00f3n de maquinaria y f\u00e1bricas, este cilindro hidr\u00e1ulico se emplea en l\u00edneas de montaje y equipos automatizados, lo que contribuye a la optimizaci\u00f3n de los procesos de producci\u00f3n y a una mayor eficiencia operativa. Su adaptabilidad y rendimiento robusto lo convierten en la opci\u00f3n ideal para cualquier entorno industrial que requiera capacidades fiables de elevaci\u00f3n y movimiento, garantizando as\u00ed la eficacia de las empresas en sus respectivos sectores.<\/p>\n<h2>Preguntas frecuentes<\/h2>\n<p><b>P:<\/b> \u00bfEs usted una empresa comercial o un fabricante?<br \/>\n<b>A:<\/b> Somos un fabricante.<\/p>\n<p><b>P:<\/b> \u00bfCu\u00e1nto tiempo es su tiempo de entrega?<br \/>\n<b>A:<\/b> El tiempo de entrega generalmente es de 25-35 d\u00edas.<\/p>\n<p><b>P:<\/b> \u00bfOfrecen muestras? \u00bfSon gratuitas o tienen un coste adicional?<br \/>\n<b>A:<\/b> S\u00ed, proporcionamos muestras, pero no son gratuitas.<\/p>\n<h3>Acerca de FMP<\/h3>\n<p>FMP es un fabricante italiano de primer nivel especializado en el dise\u00f1o, desarrollo y producci\u00f3n de cilindros hidr\u00e1ulicos de alta calidad. Con d\u00e9cadas de experiencia, combinamos con maestr\u00eda la artesan\u00eda italiana con tecnolog\u00eda innovadora para ofrecer soluciones hidr\u00e1ulicas excepcionales, adaptadas a las diversas necesidades de nuestros clientes globales. Ubicada en Italia, un centro de excelencia en ingenier\u00eda, FMP es una marca de confianza en la industria hidr\u00e1ulica, dedicada a proporcionar productos fiables, duraderos e innovadores que impulsan a empresas de todo el mundo.<\/p>\n<p>Nuestra empresa combina una tradici\u00f3n de fabricaci\u00f3n avanzada con un enfoque innovador. Gracias a a\u00f1os de experiencia en sistemas hidr\u00e1ulicos, FMP se ha transformado en una empresa moderna que destaca en investigaci\u00f3n, dise\u00f1o y producci\u00f3n. Ofrecemos una amplia gama de cilindros hidr\u00e1ulicos, incluyendo cilindros de doble efecto, cilindros de elevaci\u00f3n para autom\u00f3viles, cilindros para maquinaria agr\u00edcola y soluciones de ingenier\u00eda personalizada para diversas aplicaciones industriales. Ya sea para construcci\u00f3n, instalaciones industriales, agricultura o maquinaria pesada, nuestros cilindros hidr\u00e1ulicos est\u00e1n dise\u00f1ados para funcionar en las condiciones m\u00e1s exigentes, garantizando seguridad, eficiencia y durabilidad.<\/p>\n<p>En FMP, nos enorgullecemos de nuestras instalaciones de producci\u00f3n de vanguardia, equipadas con maquinaria de precisi\u00f3n y sistemas de prueba avanzados. Nuestros procesos de fabricaci\u00f3n cumplen con rigurosos est\u00e1ndares nacionales e internacionales, garantizando que cada cilindro hidr\u00e1ulico producido cumpla con los m\u00e1s altos est\u00e1ndares de calidad y fiabilidad. Nuestro equipo t\u00e9cnico cualificado, con el apoyo de equipos de vanguardia, nos permite mantener un riguroso control de calidad en cada etapa de la producci\u00f3n, desde la selecci\u00f3n de la materia prima hasta la inspecci\u00f3n final. Este compromiso con la excelencia nos ha valido certificaciones y el reconocimiento de las autoridades del sector, consolidando a\u00fan m\u00e1s nuestra reputaci\u00f3n como socio confiable.<\/p>\n<p><img loading=\"lazy\" decoding=\"async\" class=\"alignnone size-full wp-image-6720\" src=\"https:\/\/fmp-components.com\/wp-content\/uploads\/2025\/03\/hydraulic-cylinder-8.webp\" alt=\"Cilindros hidr\u00e1ulicos telesc\u00f3picos\" width=\"933\" height=\"526\" title=\"\" srcset=\"https:\/\/fmp-components.com\/wp-content\/uploads\/2025\/03\/hydraulic-cylinder-8.webp 933w, https:\/\/fmp-components.com\/wp-content\/uploads\/2025\/03\/hydraulic-cylinder-8-480x271.webp 480w\" sizes=\"(min-width: 0px) and (max-width: 480px) 480px, (min-width: 481px) 933px, 100vw\" \/><\/p>\n<p>Nuestra misi\u00f3n es clara pero ambiciosa: ofrecer cilindros hidr\u00e1ulicos que superen las expectativas en rendimiento, durabilidad y valor. Guiados por principios de profesionalismo, integridad y orientaci\u00f3n al cliente, fomentamos una cultura de innovaci\u00f3n y precisi\u00f3n, perfeccionando continuamente nuestros productos para mantenernos competitivos en el mercado. Nuestra amplia gama de productos y nuestra capacidad para ofrecer soluciones a medida nos posicionan como la opci\u00f3n preferida para las empresas que buscan cilindros hidr\u00e1ulicos de alto rendimiento.<\/p>\n<p>FMP es m\u00e1s que un simple fabricante; somos un socio clave para su \u00e9xito. Entendemos que nuestros clientes conf\u00edan en nosotros para obtener herramientas que mejoran su productividad y seguridad. Por ello, nos comprometemos a ofrecer no solo productos de primera calidad, sino tambi\u00e9n un servicio excepcional. Desde la consulta inicial hasta el soporte posventa, colaboramos estrechamente con nuestros clientes para garantizar que sus necesidades se satisfagan con profesionalismo y esmero. Nuestros precios competitivos, junto con un firme compromiso con la calidad, hacen de FMP la opci\u00f3n inteligente para las empresas que buscan invertir en soluciones hidr\u00e1ulicas confiables.<\/p>","protected":false},"excerpt":{"rendered":"<p>High Quality Mini Dump Truck Hydraulic Hoist Cylinder Telescopic Hydraulic Cylinder The High Quality Mini Dump Truck Hydraulic Hoist Cylinder Telescopic Hydraulic Cylinder is a top-tier product that ensures optimal functionality and longevity. Primarily used in machinery repair shops, farms, energy and mining sectors, machinery manufacturing and factories, this hydraulic cylinder is designed to deliver [&hellip;]<\/p>","protected":false},"featured_media":6718,"comment_status":"closed","ping_status":"closed","template":"","meta":{"_et_pb_use_builder":"","_et_pb_old_content":"","_et_gb_content_width":""},"product_brand":[],"product_cat":[103],"product_tag":[34,105],"class_list":{"0":"post-6576","1":"product","2":"type-product","3":"status-publish","4":"has-post-thumbnail","6":"product_cat-telescopic-hydraulic-cylinders","7":"product_tag-hydraulic-cylinder","8":"product_tag-telescopic-hydraulic-cylinders","10":"first","11":"instock","12":"product-type-simple"},"_links":{"self":[{"href":"https:\/\/fmp-components.com\/es\/wp-json\/wp\/v2\/product\/6576","targetHints":{"allow":["GET"]}}],"collection":[{"href":"https:\/\/fmp-components.com\/es\/wp-json\/wp\/v2\/product"}],"about":[{"href":"https:\/\/fmp-components.com\/es\/wp-json\/wp\/v2\/types\/product"}],"replies":[{"embeddable":true,"href":"https:\/\/fmp-components.com\/es\/wp-json\/wp\/v2\/comments?post=6576"}],"wp:featuredmedia":[{"embeddable":true,"href":"https:\/\/fmp-components.com\/es\/wp-json\/wp\/v2\/media\/6718"}],"wp:attachment":[{"href":"https:\/\/fmp-components.com\/es\/wp-json\/wp\/v2\/media?parent=6576"}],"wp:term":[{"taxonomy":"product_brand","embeddable":true,"href":"https:\/\/fmp-components.com\/es\/wp-json\/wp\/v2\/product_brand?post=6576"},{"taxonomy":"product_cat","embeddable":true,"href":"https:\/\/fmp-components.com\/es\/wp-json\/wp\/v2\/product_cat?post=6576"},{"taxonomy":"product_tag","embeddable":true,"href":"https:\/\/fmp-components.com\/es\/wp-json\/wp\/v2\/product_tag?post=6576"}],"curies":[{"name":"gracias","href":"https:\/\/api.w.org\/{rel}","templated":true}]}}