{"id":6565,"date":"2025-03-11T06:29:39","date_gmt":"2025-03-11T06:29:39","guid":{"rendered":"https:\/\/fmp-components.com\/product\/factory-price-mini-telescopic-double-acting-hydraulic-cylinder"},"modified":"2025-03-12T06:28:26","modified_gmt":"2025-03-12T06:28:26","slug":"factory-price-mini-telescopic-double-acting-hydraulic-cylinder","status":"publish","type":"product","link":"https:\/\/fmp-components.com\/es\/product\/factory-price-mini-telescopic-double-acting-hydraulic-cylinder\/","title":{"rendered":"Mini cilindro hidr\u00e1ulico telesc\u00f3pico de doble efecto a precio de f\u00e1brica"},"content":{"rendered":"<h2>Mini cilindro hidr\u00e1ulico telesc\u00f3pico de doble efecto a precio de f\u00e1brica<\/h2>\n<p>Nuestro mini cilindro hidr\u00e1ulico telesc\u00f3pico de doble efecto, a precio de f\u00e1brica, es un componente vers\u00e1til y de alta calidad, ideal para diversas industrias. Ya sea para talleres de reparaci\u00f3n de maquinaria, granjas, energ\u00eda y miner\u00eda, o fabricaci\u00f3n de maquinaria, este cilindro hidr\u00e1ulico est\u00e1 dise\u00f1ado para brindar eficiencia y durabilidad. Su cuerpo de acero, estructura est\u00e1ndar y potencia hidr\u00e1ulica lo convierten en una opci\u00f3n confiable para cualquier configuraci\u00f3n de maquinaria.<\/p>\n<h3>Especificaciones del producto<\/h3>\n<p>Nuestro cilindro hidr\u00e1ulico no solo es robusto, sino tambi\u00e9n adaptable. Con un di\u00e1metro interior de 2 a 6 pulgadas, un v\u00e1stago de 1,125 a 4 pulgadas y una carrera de 4 a 100 pulgadas, se adapta f\u00e1cilmente a diversas configuraciones de equipos. Adem\u00e1s, cuenta con un empuje m\u00e1ximo de 3000 y una tracci\u00f3n m\u00e1xima de 20 toneladas, lo que lo convierte en una potente incorporaci\u00f3n a cualquier maquinaria.<\/p>\n<table style=\"width: 94.502%;\" border=\"\">\n<tbody>\n<tr>\n<th style=\"width: 43.5028%;\">Tama\u00f1o del orificio<\/th>\n<td style=\"width: 455.932%;\">2-6 pulgadas<\/td>\n<\/tr>\n<tr>\n<th style=\"width: 43.5028%;\">Tama\u00f1o de la varilla<\/th>\n<td style=\"width: 455.932%;\">1,125-4 pulgadas<\/td>\n<\/tr>\n<tr>\n<th style=\"width: 43.5028%;\">Tama\u00f1o del trazo<\/th>\n<td style=\"width: 455.932%;\">4-100 pulgadas<\/td>\n<\/tr>\n<tr>\n<th style=\"width: 43.5028%;\">Tama\u00f1o del pin<\/th>\n<td style=\"width: 455.932%;\">0,5-2 pulgadas<\/td>\n<\/tr>\n<tr>\n<th style=\"width: 43.5028%;\">Puertos<\/th>\n<td style=\"width: 455.932%;\">G\/SAE\/NPT\/M<\/td>\n<\/tr>\n<\/tbody>\n<\/table>\n<h2>Caracter\u00edsticas y ventajas del producto<\/h2>\n<p>Nuestro cilindro hidr\u00e1ulico est\u00e1 dise\u00f1ado pensando en la eficiencia, la seguridad y el ahorro de energ\u00eda. Su estructura multietapa permite un funcionamiento eficiente, y su certificaci\u00f3n ISO9001:2000 avala su seguridad y calidad. Con una tracci\u00f3n m\u00e1xima de 20 toneladas y un empuje m\u00e1ximo de 3000, es una incorporaci\u00f3n potente y de bajo consumo a su maquinaria.<\/p>\n<h2>Sistemas hidr\u00e1ulicos y principio de funcionamiento<\/h2>\n<p>Los cilindros hidr\u00e1ulicos, como los nuestros, funcionan convirtiendo la energ\u00eda del fluido hidr\u00e1ulico bajo presi\u00f3n en una fuerza capaz de mover maquinaria. Esto se logra mediante un pist\u00f3n alojado en el cuerpo del cilindro. Al introducirse el fluido hidr\u00e1ulico en el cilindro, este empuja el pist\u00f3n, que a su vez empuja el v\u00e1stago, generando movimiento.<\/p>\n<p><img loading=\"lazy\" decoding=\"async\" class=\"alignnone  wp-image-6664\" src=\"https:\/\/fmp-components.com\/wp-content\/uploads\/2025\/03\/telescopic-hydraulic-cylinder-8.webp\" alt=\"cilindro hidr\u00e1ulico telesc\u00f3pico\" width=\"902\" height=\"902\" title=\"\" srcset=\"https:\/\/fmp-components.com\/wp-content\/uploads\/2025\/03\/telescopic-hydraulic-cylinder-8.webp 902w, https:\/\/fmp-components.com\/wp-content\/uploads\/2025\/03\/telescopic-hydraulic-cylinder-8-480x480.webp 480w\" sizes=\"(min-width: 0px) and (max-width: 480px) 480px, (min-width: 481px) 902px, 100vw\" \/><\/p>\n<h2>Aplicaci\u00f3n del producto<\/h2>\n<p>Este cilindro hidr\u00e1ulico se puede utilizar en diversas industrias, como talleres de reparaci\u00f3n de maquinaria, granjas, energ\u00eda y miner\u00eda, fabricaci\u00f3n de maquinaria y muchas otras. Su dise\u00f1o vers\u00e1til lo convierte en un componente esencial en diversos tipos de maquinaria.<\/p>\n<h2>Cilindros hidr\u00e1ulicos y unidades de potencia<\/h2>\n<p>Los cilindros hidr\u00e1ulicos y las unidades de potencia son parte integral de cualquier sistema hidr\u00e1ulico. Trabajan en conjunto para garantizar la amplia aplicaci\u00f3n de la tecnolog\u00eda hidr\u00e1ulica en el sector industrial, proporcionando potencia y control fiables para diversos equipos de ingenier\u00eda y mec\u00e1nicos. El cilindro hidr\u00e1ulico, como actuador, se encarga de convertir la energ\u00eda hidr\u00e1ulica en movimiento mec\u00e1nico, transformando la presi\u00f3n en fuerza. La unidad de potencia, por su parte, es el n\u00facleo que proporciona la energ\u00eda y las se\u00f1ales de control que requiere el sistema hidr\u00e1ulico. Su cooperaci\u00f3n coordinada garantiza el funcionamiento normal del sistema hidr\u00e1ulico. Adem\u00e1s de cilindros hidr\u00e1ulicos, FMP tambi\u00e9n comercializa unidades de potencia.<\/p>\n<h2>Preguntas frecuentes<\/h2>\n<p><b>P: \u00bfEs usted una empresa comercial o un fabricante?<\/b><br \/>\nA: Somos una f\u00e1brica.<\/p>\n<p><b>P: \u00bfCu\u00e1nto tiempo dura el env\u00edo?<\/b><br \/>\nR: Generalmente son entre 25 y 35 d\u00edas.<\/p>\n<p><b>P: \u00bfPueden producir seg\u00fan las muestras?<\/b><br \/>\nR: S\u00ed, podemos fabricarlo seg\u00fan sus muestras o planos t\u00e9cnicos. Fabricamos los moldes y accesorios.<\/p>\n<h3>Acerca de FMP<\/h3>\n<p>FMP es un fabricante italiano de primer nivel, reconocido por el dise\u00f1o, desarrollo y producci\u00f3n de cilindros hidr\u00e1ulicos de alta calidad. Con d\u00e9cadas de experiencia, combinamos la artesan\u00eda tradicional italiana con tecnolog\u00eda avanzada para ofrecer soluciones hidr\u00e1ulicas excepcionales, adaptadas a las diversas necesidades de nuestra clientela global. Ubicada en Italia, un centro de excelencia en ingenier\u00eda, FMP se ha consolidado como una marca de confianza en la industria hidr\u00e1ulica, dedicada a proporcionar productos fiables, duraderos e innovadores que impulsan a empresas de todo el mundo.<\/p>\n<p>Combinamos lo mejor de la fabricaci\u00f3n avanzada con un enfoque vanguardista. Gracias a nuestra amplia experiencia en sistemas hidr\u00e1ulicos, FMP se ha transformado en una empresa moderna que destaca en investigaci\u00f3n, dise\u00f1o y producci\u00f3n. Nos especializamos en una amplia gama de cilindros hidr\u00e1ulicos, como cilindros de doble efecto, cilindros de elevaci\u00f3n para automoci\u00f3n, cilindros para maquinaria agr\u00edcola y soluciones personalizadas para diversas aplicaciones industriales. Dise\u00f1ados para funcionar en las condiciones m\u00e1s exigentes, nuestros cilindros hidr\u00e1ulicos garantizan seguridad, eficiencia y durabilidad en sectores como la construcci\u00f3n, las instalaciones industriales, la agricultura y la maquinaria pesada.<\/p>\n<p>En FMP, nos enorgullecemos de nuestras instalaciones de producci\u00f3n de vanguardia, equipadas con maquinaria de precisi\u00f3n y sistemas de prueba avanzados. Nuestros procesos de fabricaci\u00f3n cumplen con rigurosos est\u00e1ndares nacionales e internacionales, garantizando que cada cilindro hidr\u00e1ulico que sale de nuestra f\u00e1brica cumpla con los m\u00e1s altos est\u00e1ndares de calidad y fiabilidad. Nuestro equipo t\u00e9cnico cualificado, junto con equipos de vanguardia, nos permite mantener un riguroso control de calidad en cada etapa de la producci\u00f3n, desde la selecci\u00f3n de la materia prima hasta la inspecci\u00f3n final. Este compromiso con la excelencia nos ha valido certificaciones y reconocimientos de las autoridades del sector, lo que refuerza nuestra reputaci\u00f3n como socio confiable.<\/p>\n<p><img loading=\"lazy\" decoding=\"async\" class=\"alignnone size-full wp-image-6720\" src=\"https:\/\/fmp-components.com\/wp-content\/uploads\/2025\/03\/hydraulic-cylinder-8.webp\" alt=\"Cilindros hidr\u00e1ulicos telesc\u00f3picos\" width=\"933\" height=\"526\" title=\"\" srcset=\"https:\/\/fmp-components.com\/wp-content\/uploads\/2025\/03\/hydraulic-cylinder-8.webp 933w, https:\/\/fmp-components.com\/wp-content\/uploads\/2025\/03\/hydraulic-cylinder-8-480x271.webp 480w\" sizes=\"(min-width: 0px) and (max-width: 480px) 480px, (min-width: 481px) 933px, 100vw\" \/><\/p>\n<p>Nuestra misi\u00f3n es simple y ambiciosa: proporcionar cilindros hidr\u00e1ulicos que superen las expectativas en rendimiento, durabilidad y valor. Guiados por principios de profesionalismo, integridad y orientaci\u00f3n al cliente, fomentamos una cultura de innovaci\u00f3n y precisi\u00f3n, perfeccionando continuamente nuestros productos para mantenernos a la vanguardia en un mercado competitivo. Con una amplia gama de productos y la capacidad de ofrecer soluciones a medida, somos la opci\u00f3n preferida de las empresas que buscan cilindros hidr\u00e1ulicos de alto rendimiento.<\/p>\n<p>FMP es m\u00e1s que un simple fabricante; somos un socio clave para su \u00e9xito. Reconocemos que nuestros clientes conf\u00edan en nosotros para ofrecerles herramientas que mejoren su productividad y seguridad. Por ello, nos comprometemos a ofrecer no solo productos de primera calidad, sino tambi\u00e9n un servicio excepcional. Desde la consulta inicial hasta el soporte posventa, colaboramos estrechamente con nuestros clientes para garantizar que sus necesidades se satisfagan con profesionalismo y esmero. Nuestros precios competitivos, combinados con nuestro firme compromiso con la calidad, hacen de FMP la opci\u00f3n inteligente para las empresas que buscan invertir en soluciones hidr\u00e1ulicas confiables.<\/p>","protected":false},"excerpt":{"rendered":"<p>Factory Price Mini Telescopic Double Acting Hydraulic Cylinder Our Factory Price Mini Telescopic Double Acting Hydraulic Cylinder is a high-quality, versatile component ideal for use in a variety of industries. Whether it&#8217;s for machinery repair shops, farms, energy &amp; mining, or machinery manufacturing, this hydraulic cylinder is designed for efficiency and durability. Its steel body, [&hellip;]<\/p>","protected":false},"featured_media":6743,"comment_status":"closed","ping_status":"closed","template":"","meta":{"_et_pb_use_builder":"","_et_pb_old_content":"","_et_gb_content_width":""},"product_brand":[],"product_cat":[103],"product_tag":[34,105],"class_list":{"0":"post-6565","1":"product","2":"type-product","3":"status-publish","4":"has-post-thumbnail","6":"product_cat-telescopic-hydraulic-cylinders","7":"product_tag-hydraulic-cylinder","8":"product_tag-telescopic-hydraulic-cylinders","10":"first","11":"instock","12":"product-type-simple"},"_links":{"self":[{"href":"https:\/\/fmp-components.com\/es\/wp-json\/wp\/v2\/product\/6565","targetHints":{"allow":["GET"]}}],"collection":[{"href":"https:\/\/fmp-components.com\/es\/wp-json\/wp\/v2\/product"}],"about":[{"href":"https:\/\/fmp-components.com\/es\/wp-json\/wp\/v2\/types\/product"}],"replies":[{"embeddable":true,"href":"https:\/\/fmp-components.com\/es\/wp-json\/wp\/v2\/comments?post=6565"}],"wp:featuredmedia":[{"embeddable":true,"href":"https:\/\/fmp-components.com\/es\/wp-json\/wp\/v2\/media\/6743"}],"wp:attachment":[{"href":"https:\/\/fmp-components.com\/es\/wp-json\/wp\/v2\/media?parent=6565"}],"wp:term":[{"taxonomy":"product_brand","embeddable":true,"href":"https:\/\/fmp-components.com\/es\/wp-json\/wp\/v2\/product_brand?post=6565"},{"taxonomy":"product_cat","embeddable":true,"href":"https:\/\/fmp-components.com\/es\/wp-json\/wp\/v2\/product_cat?post=6565"},{"taxonomy":"product_tag","embeddable":true,"href":"https:\/\/fmp-components.com\/es\/wp-json\/wp\/v2\/product_tag?post=6565"}],"curies":[{"name":"gracias","href":"https:\/\/api.w.org\/{rel}","templated":true}]}}