{"id":6563,"date":"2025-03-11T06:29:39","date_gmt":"2025-03-11T06:29:39","guid":{"rendered":"https:\/\/fmp-components.com\/product\/quality-manufacturing-4-stage-telescopic-hydraulic-cylinder-for-dump-trailer"},"modified":"2025-03-12T06:21:59","modified_gmt":"2025-03-12T06:21:59","slug":"quality-manufacturing-4-stage-telescopic-hydraulic-cylinder-for-dump-trailer","status":"publish","type":"product","link":"https:\/\/fmp-components.com\/es\/product\/quality-manufacturing-4-stage-telescopic-hydraulic-cylinder-for-dump-trailer\/","title":{"rendered":"Cilindro hidr\u00e1ulico telesc\u00f3pico de 4 etapas de fabricaci\u00f3n de calidad para remolque volquete"},"content":{"rendered":"<h2>Cilindro hidr\u00e1ulico telesc\u00f3pico de 4 etapas de fabricaci\u00f3n de calidad para remolque volquete<\/h2>\n<p>El cilindro hidr\u00e1ulico telesc\u00f3pico de 4 etapas es un producto excepcional que ofrece una funcionalidad y un rendimiento impresionantes. Est\u00e1 dise\u00f1ado para su uso en diversas industrias, incluyendo talleres de reparaci\u00f3n de maquinaria, explotaciones agr\u00edcolas, energ\u00eda y miner\u00eda, fabricaci\u00f3n de maquinaria y f\u00e1bricas de maquinaria.<\/p>\n<h2>Especificaciones del producto<\/h2>\n<table style=\"width: 97.0168%; height: 123px;\" border=\"\">\n<tbody>\n<tr>\n<td><b>Tama\u00f1o del orificio<\/b><\/td>\n<td>2-6 pulgadas<\/td>\n<\/tr>\n<tr>\n<td><b>Tama\u00f1o de la varilla<\/b><\/td>\n<td>1,125-4 pulgadas<\/td>\n<\/tr>\n<tr>\n<td><b>Tama\u00f1o del trazo<\/b><\/td>\n<td>4-100 pulgadas<\/td>\n<\/tr>\n<tr>\n<td><b>Tama\u00f1o del pin<\/b><\/td>\n<td>0,5-2 pulgadas<\/td>\n<\/tr>\n<tr>\n<td><b>Puertos<\/b><\/td>\n<td>G\/SAE\/NPT\/M<\/td>\n<\/tr>\n<\/tbody>\n<\/table>\n<h3>Caracter\u00edsticas y beneficios \u00fanicos<\/h3>\n<ul>\n<li>Eficiencia energ\u00e9tica<\/li>\n<li>Altamente eficiente<\/li>\n<li>Seguro para usar<\/li>\n<\/ul>\n<h2>Comprensi\u00f3n del sistema hidr\u00e1ulico<\/h2>\n<p>El sistema hidr\u00e1ulico funciona seg\u00fan el principio fundamental de la presi\u00f3n de fluidos, que constituye la base de su funcionalidad y eficiencia. En un sistema hidr\u00e1ulico, al aplicar presi\u00f3n en cualquier punto, se crea una fuerza que se transmite a trav\u00e9s del fluido hidr\u00e1ulico a todos los dem\u00e1s puntos del sistema. Esta caracter\u00edstica permite que el sistema realice una amplia gama de tareas, desde levantar cargas pesadas hasta realizar movimientos precisos en maquinaria.<\/p>\n<p>La transmisi\u00f3n de presi\u00f3n se produce porque los fluidos hidr\u00e1ulicos son incompresibles; al aplicarles una fuerza, estos se desplazan y ejercen presi\u00f3n en todas direcciones. Esto significa que una peque\u00f1a fuerza de entrada puede generar una fuerza de salida considerable, lo que hace que los sistemas hidr\u00e1ulicos sean excepcionalmente potentes y eficientes. Por ejemplo, cuando una bomba hidr\u00e1ulica genera presi\u00f3n, impulsa el fluido a trav\u00e9s de tuber\u00edas y mangueras hacia diversos componentes, como cilindros o motores hidr\u00e1ulicos, donde la presi\u00f3n se convierte en movimiento mec\u00e1nico.<\/p>\n<p><img loading=\"lazy\" decoding=\"async\" class=\"alignnone  wp-image-6663\" src=\"https:\/\/fmp-components.com\/wp-content\/uploads\/2025\/03\/telescopic-hydraulic-cylinder-11.webp\" alt=\"cilindro hidr\u00e1ulico telesc\u00f3pico\" width=\"914\" height=\"914\" title=\"\" srcset=\"https:\/\/fmp-components.com\/wp-content\/uploads\/2025\/03\/telescopic-hydraulic-cylinder-11.webp 914w, https:\/\/fmp-components.com\/wp-content\/uploads\/2025\/03\/telescopic-hydraulic-cylinder-11-480x480.webp 480w\" sizes=\"(min-width: 0px) and (max-width: 480px) 480px, (min-width: 481px) 914px, 100vw\" \/><\/p>\n<p>Adem\u00e1s, la interconexi\u00f3n de los sistemas hidr\u00e1ulicos permite la sincronizaci\u00f3n de m\u00faltiples componentes, lo que posibilita su funcionamiento simult\u00e1neo y eficiente. Esta caracter\u00edstica resulta especialmente beneficiosa en aplicaciones que requieren movimientos coordinados, como en la maquinaria de construcci\u00f3n, donde deben realizarse varias funciones a la vez.<\/p>\n<p>Adem\u00e1s, los sistemas hidr\u00e1ulicos se pueden controlar y ajustar f\u00e1cilmente. Al manipular el flujo del fluido hidr\u00e1ulico mediante v\u00e1lvulas y bombas, los operadores pueden optimizar el rendimiento del sistema para satisfacer requisitos espec\u00edficos. Esta versatilidad hace que los sistemas hidr\u00e1ulicos sean id\u00f3neos para diversas aplicaciones en m\u00faltiples industrias, como la manufacturera, la agr\u00edcola, la automotriz y la energ\u00e9tica.<\/p>\n<h2>Preguntas frecuentes<\/h2>\n<dl>\n<dt><b>P: \u00bfEs usted una empresa comercial o un fabricante?<\/b><\/dt>\n<dd>A: Somos una f\u00e1brica.<\/dd>\n<dt><b>P: \u00bfCu\u00e1nto tiempo dura el env\u00edo?<\/b><\/dt>\n<dd>R: Generalmente tarda entre 25 y 35 d\u00edas.<\/dd>\n<dt><b>P: \u00bfOfrecen muestras? \u00bfSon gratuitas o tienen un costo adicional?<\/b><\/dt>\n<dd>R: S\u00ed, proporcionamos muestras, pero no son gratuitas.<\/dd>\n<\/dl>\n<h3>Acerca de FMP<\/h3>\n<p>FMP es un fabricante italiano de primer nivel, reconocido por el dise\u00f1o, desarrollo y producci\u00f3n de cilindros hidr\u00e1ulicos de alta calidad. Con d\u00e9cadas de experiencia, combinamos la artesan\u00eda tradicional italiana con tecnolog\u00eda avanzada para ofrecer soluciones hidr\u00e1ulicas excepcionales, adaptadas a las diversas necesidades de nuestra clientela global. Ubicada en Italia, un centro de excelencia en ingenier\u00eda, FMP se ha consolidado como una marca de confianza en la industria hidr\u00e1ulica, dedicada a proporcionar productos fiables, duraderos e innovadores que impulsan a empresas de todo el mundo.<\/p>\n<p>Combinamos lo mejor de la fabricaci\u00f3n avanzada con un enfoque vanguardista. Gracias a nuestra amplia experiencia en sistemas hidr\u00e1ulicos, FMP se ha transformado en una empresa moderna que destaca en investigaci\u00f3n, dise\u00f1o y producci\u00f3n. Nos especializamos en una amplia gama de cilindros hidr\u00e1ulicos, como cilindros de doble efecto, cilindros de elevaci\u00f3n para automoci\u00f3n, cilindros para maquinaria agr\u00edcola y soluciones personalizadas para diversas aplicaciones industriales. Dise\u00f1ados para funcionar en las condiciones m\u00e1s exigentes, nuestros cilindros hidr\u00e1ulicos garantizan seguridad, eficiencia y durabilidad en sectores como la construcci\u00f3n, las instalaciones industriales, la agricultura y la maquinaria pesada.<\/p>\n<p>En FMP, nos enorgullecemos de nuestras instalaciones de producci\u00f3n de vanguardia, equipadas con maquinaria de precisi\u00f3n y sistemas de prueba avanzados. Nuestros procesos de fabricaci\u00f3n cumplen con rigurosos est\u00e1ndares nacionales e internacionales, garantizando que cada cilindro hidr\u00e1ulico que sale de nuestra f\u00e1brica cumpla con los m\u00e1s altos est\u00e1ndares de calidad y fiabilidad. Nuestro equipo t\u00e9cnico cualificado, junto con equipos de vanguardia, nos permite mantener un riguroso control de calidad en cada etapa de la producci\u00f3n, desde la selecci\u00f3n de la materia prima hasta la inspecci\u00f3n final. Este compromiso con la excelencia nos ha valido certificaciones y reconocimientos de las autoridades del sector, lo que refuerza nuestra reputaci\u00f3n como socio confiable.<\/p>\n<p><img loading=\"lazy\" decoding=\"async\" class=\"alignnone size-full wp-image-6720\" src=\"https:\/\/fmp-components.com\/wp-content\/uploads\/2025\/03\/hydraulic-cylinder-8.webp\" alt=\"Cilindros hidr\u00e1ulicos telesc\u00f3picos\" width=\"933\" height=\"526\" title=\"\" srcset=\"https:\/\/fmp-components.com\/wp-content\/uploads\/2025\/03\/hydraulic-cylinder-8.webp 933w, https:\/\/fmp-components.com\/wp-content\/uploads\/2025\/03\/hydraulic-cylinder-8-480x271.webp 480w\" sizes=\"(min-width: 0px) and (max-width: 480px) 480px, (min-width: 481px) 933px, 100vw\" \/><\/p>\n<p>Nuestra misi\u00f3n es simple y ambiciosa: proporcionar cilindros hidr\u00e1ulicos que superen las expectativas en rendimiento, durabilidad y valor. Guiados por principios de profesionalismo, integridad y orientaci\u00f3n al cliente, fomentamos una cultura de innovaci\u00f3n y precisi\u00f3n, perfeccionando continuamente nuestros productos para mantenernos a la vanguardia en un mercado competitivo. Con una amplia gama de productos y la capacidad de ofrecer soluciones a medida, somos la opci\u00f3n preferida de las empresas que buscan cilindros hidr\u00e1ulicos de alto rendimiento.<\/p>\n<p>FMP es m\u00e1s que un simple fabricante; somos un socio clave para su \u00e9xito. Reconocemos que nuestros clientes conf\u00edan en nosotros para ofrecerles herramientas que mejoren su productividad y seguridad. Por ello, nos comprometemos a ofrecer no solo productos de primera calidad, sino tambi\u00e9n un servicio excepcional. Desde la consulta inicial hasta el soporte posventa, colaboramos estrechamente con nuestros clientes para garantizar que sus necesidades se satisfagan con profesionalismo y esmero. Nuestros precios competitivos, combinados con nuestro firme compromiso con la calidad, hacen de FMP la opci\u00f3n inteligente para las empresas que buscan invertir en soluciones hidr\u00e1ulicas confiables.<\/p>","protected":false},"excerpt":{"rendered":"<p>Quality Manufacturing 4 Stage Telescopic Hydraulic Cylinder for Dump Trailer The 4 Stage Telescopic Hydraulic Cylinder is an exceptional product that offers impressive functionality and performance. It is designed for use in various industries including Machinery Repair Shops, Farms, Energy &amp; Mining, Machinery manufacturing and Machinery Factories. Product Specifications Bore Size 2-6 inch Rod Size [&hellip;]<\/p>","protected":false},"featured_media":6739,"comment_status":"closed","ping_status":"closed","template":"","meta":{"_et_pb_use_builder":"","_et_pb_old_content":"","_et_gb_content_width":""},"product_brand":[],"product_cat":[103],"product_tag":[34,105],"class_list":{"0":"post-6563","1":"product","2":"type-product","3":"status-publish","4":"has-post-thumbnail","6":"product_cat-telescopic-hydraulic-cylinders","7":"product_tag-hydraulic-cylinder","8":"product_tag-telescopic-hydraulic-cylinders","10":"first","11":"instock","12":"product-type-simple"},"_links":{"self":[{"href":"https:\/\/fmp-components.com\/es\/wp-json\/wp\/v2\/product\/6563","targetHints":{"allow":["GET"]}}],"collection":[{"href":"https:\/\/fmp-components.com\/es\/wp-json\/wp\/v2\/product"}],"about":[{"href":"https:\/\/fmp-components.com\/es\/wp-json\/wp\/v2\/types\/product"}],"replies":[{"embeddable":true,"href":"https:\/\/fmp-components.com\/es\/wp-json\/wp\/v2\/comments?post=6563"}],"wp:featuredmedia":[{"embeddable":true,"href":"https:\/\/fmp-components.com\/es\/wp-json\/wp\/v2\/media\/6739"}],"wp:attachment":[{"href":"https:\/\/fmp-components.com\/es\/wp-json\/wp\/v2\/media?parent=6563"}],"wp:term":[{"taxonomy":"product_brand","embeddable":true,"href":"https:\/\/fmp-components.com\/es\/wp-json\/wp\/v2\/product_brand?post=6563"},{"taxonomy":"product_cat","embeddable":true,"href":"https:\/\/fmp-components.com\/es\/wp-json\/wp\/v2\/product_cat?post=6563"},{"taxonomy":"product_tag","embeddable":true,"href":"https:\/\/fmp-components.com\/es\/wp-json\/wp\/v2\/product_tag?post=6563"}],"curies":[{"name":"gracias","href":"https:\/\/api.w.org\/{rel}","templated":true}]}}