{"id":6562,"date":"2025-03-11T06:29:39","date_gmt":"2025-03-11T06:29:39","guid":{"rendered":"https:\/\/fmp-components.com\/product\/high-quality-5-stage-flatbed-tow-truck-hydraulic-cylinder"},"modified":"2025-03-12T06:17:04","modified_gmt":"2025-03-12T06:17:04","slug":"high-quality-5-stage-flatbed-tow-truck-hydraulic-cylinder","status":"publish","type":"product","link":"https:\/\/fmp-components.com\/es\/product\/high-quality-5-stage-flatbed-tow-truck-hydraulic-cylinder\/","title":{"rendered":"Cilindro hidr\u00e1ulico de gr\u00faa de plataforma de 5 etapas de alta calidad"},"content":{"rendered":"<h2>Cilindro hidr\u00e1ulico de gr\u00faa de plataforma de 5 etapas de alta calidad<\/h2>\n<p>Actualice su maquinaria con el cilindro hidr\u00e1ulico de 5 etapas para gr\u00faas de plataforma de alta calidad. Este cilindro hidr\u00e1ulico, robusto y eficiente, es indispensable para talleres de reparaci\u00f3n de maquinaria, granjas, sectores energ\u00e9tico y minero, y f\u00e1bricas de maquinaria.<\/p>\n<h3>Funci\u00f3n e importancia del producto<\/h3>\n<p>El cilindro hidr\u00e1ulico desempe\u00f1a un papel crucial en la conversi\u00f3n de la potencia del fluido en potencia mec\u00e1nica. Esta conversi\u00f3n facilita el movimiento de las piezas de la maquinaria, lo que lo convierte en un componente esencial para diversas industrias. Gracias a su fabricaci\u00f3n y dise\u00f1o de vanguardia, este cilindro garantiza un rendimiento y una durabilidad \u00f3ptimos.<\/p>\n<h3>Especificaciones t\u00e9cnicas<\/h3>\n<table style=\"width: 96.9442%;\" border=\"\">\n<tbody>\n<tr>\n<td style=\"width: 43.5028%;\"><b>Tama\u00f1o del orificio<\/b><\/td>\n<td style=\"width: 468.927%;\">2-6 pulgadas<\/td>\n<\/tr>\n<tr>\n<td style=\"width: 43.5028%;\"><b>Tama\u00f1o de la varilla<\/b><\/td>\n<td style=\"width: 468.927%;\">1,125-4 pulgadas<\/td>\n<\/tr>\n<tr>\n<td style=\"width: 43.5028%;\"><b>Tama\u00f1o del trazo<\/b><\/td>\n<td style=\"width: 468.927%;\">4-100 pulgadas<\/td>\n<\/tr>\n<tr>\n<td style=\"width: 43.5028%;\"><b>Tama\u00f1o del pin<\/b><\/td>\n<td style=\"width: 468.927%;\">0,5-2 pulgadas<\/td>\n<\/tr>\n<tr>\n<td style=\"width: 43.5028%;\"><b>Puertos<\/b><\/td>\n<td style=\"width: 468.927%;\">G\/SAE\/NPT\/M<\/td>\n<\/tr>\n<\/tbody>\n<\/table>\n<h2>Caracter\u00edsticas y ventajas \u00fanicas<\/h2>\n<ul>\n<li>Eficiencia energ\u00e9tica: dise\u00f1ado para brindar m\u00e1xima potencia con un uso m\u00ednimo de energ\u00eda.<\/li>\n<li>Alto rendimiento: ofrece una gran fuerza de empuje y una fuerza de tracci\u00f3n de 20 toneladas, lo que garantiza un alto rendimiento en condiciones exigentes.<\/li>\n<li>Seguro y confiable: hecho de acero duradero y certificado por ISO9001:2000 por seguridad y calidad.<\/li>\n<\/ul>\n<h2>Comprensi\u00f3n de los sistemas hidr\u00e1ulicos<\/h2>\n<p>Un sistema hidr\u00e1ulico es una tecnolog\u00eda que utiliza fluido a presi\u00f3n para generar energ\u00eda. Esta energ\u00eda se utiliza para realizar diversas tareas, como levantar cargas pesadas o mover piezas de m\u00e1quinas. El cilindro hidr\u00e1ulico es un componente clave de este sistema.<\/p>\n<h2>Aplicaci\u00f3n de cilindros hidr\u00e1ulicos<\/h2>\n<p>Nuestros cilindros hidr\u00e1ulicos se utilizan ampliamente en talleres de reparaci\u00f3n de maquinaria, granjas, sectores energ\u00e9tico y minero, y f\u00e1bricas de maquinaria. Son esenciales para el buen funcionamiento y rendimiento de estas industrias.<\/p>\n<p><img loading=\"lazy\" decoding=\"async\" class=\"alignnone  wp-image-6665\" src=\"https:\/\/fmp-components.com\/wp-content\/uploads\/2025\/03\/telescopic-hydraulic-cylinder-9.webp\" alt=\"cilindro hidr\u00e1ulico telesc\u00f3pico\" width=\"912\" height=\"912\" title=\"\" srcset=\"https:\/\/fmp-components.com\/wp-content\/uploads\/2025\/03\/telescopic-hydraulic-cylinder-9.webp 912w, https:\/\/fmp-components.com\/wp-content\/uploads\/2025\/03\/telescopic-hydraulic-cylinder-9-480x480.webp 480w\" sizes=\"(min-width: 0px) and (max-width: 480px) 480px, (min-width: 481px) 912px, 100vw\" \/><\/p>\n<h2>Cilindros hidr\u00e1ulicos y unidades de potencia<\/h2>\n<p>Los cilindros hidr\u00e1ulicos y las unidades de potencia son componentes inseparables de un sistema hidr\u00e1ulico. Ambos trabajan en armon\u00eda para garantizar la amplia aplicaci\u00f3n de la tecnolog\u00eda hidr\u00e1ulica en diversas industrias. En FMP, tambi\u00e9n vendemos unidades de potencia, lo que garantiza el \u00f3ptimo rendimiento de su sistema hidr\u00e1ulico.<\/p>\n<h2>Preguntas frecuentes<\/h2>\n<dl>\n<dt>P: \u00bfEs usted una empresa comercial o un fabricante?<\/dt>\n<dd>R: Somos una f\u00e1brica que fabrica nuestros propios productos.<\/dd>\n<dt>P: \u00bfCu\u00e1nto tiempo es el tiempo de entrega?<\/dt>\n<dd>R: Generalmente, la entrega demora entre 25 y 35 d\u00edas.<\/dd>\n<dt>P: \u00bfOfrecen muestras? \u00bfSon gratuitas o tienen un coste adicional?<\/dt>\n<dd>R: S\u00ed, proporcionamos muestras, pero no son gratuitas.<\/dd>\n<\/dl>\n<h3>Acerca de FMP<\/h3>\n<p>FMP es un fabricante italiano de primer nivel, reconocido por el dise\u00f1o, desarrollo y producci\u00f3n de cilindros hidr\u00e1ulicos de alta calidad. Con d\u00e9cadas de experiencia, combinamos la artesan\u00eda tradicional italiana con tecnolog\u00eda avanzada para ofrecer soluciones hidr\u00e1ulicas excepcionales, adaptadas a las diversas necesidades de nuestra clientela global. Ubicada en Italia, un centro de excelencia en ingenier\u00eda, FMP se ha consolidado como una marca de confianza en la industria hidr\u00e1ulica, dedicada a proporcionar productos fiables, duraderos e innovadores que impulsan a empresas de todo el mundo.<\/p>\n<p>Combinamos lo mejor de la fabricaci\u00f3n avanzada con un enfoque vanguardista. Gracias a nuestra amplia experiencia en sistemas hidr\u00e1ulicos, FMP se ha transformado en una empresa moderna que destaca en investigaci\u00f3n, dise\u00f1o y producci\u00f3n. Nos especializamos en una amplia gama de cilindros hidr\u00e1ulicos, como cilindros de doble efecto, cilindros de elevaci\u00f3n para automoci\u00f3n, cilindros para maquinaria agr\u00edcola y soluciones personalizadas para diversas aplicaciones industriales. Dise\u00f1ados para funcionar en las condiciones m\u00e1s exigentes, nuestros cilindros hidr\u00e1ulicos garantizan seguridad, eficiencia y durabilidad en sectores como la construcci\u00f3n, las instalaciones industriales, la agricultura y la maquinaria pesada.<\/p>\n<p>En FMP, nos enorgullecemos de nuestras instalaciones de producci\u00f3n de vanguardia, equipadas con maquinaria de precisi\u00f3n y sistemas de prueba avanzados. Nuestros procesos de fabricaci\u00f3n cumplen con rigurosos est\u00e1ndares nacionales e internacionales, garantizando que cada cilindro hidr\u00e1ulico que sale de nuestra f\u00e1brica cumpla con los m\u00e1s altos est\u00e1ndares de calidad y fiabilidad. Nuestro equipo t\u00e9cnico cualificado, junto con equipos de vanguardia, nos permite mantener un riguroso control de calidad en cada etapa de la producci\u00f3n, desde la selecci\u00f3n de la materia prima hasta la inspecci\u00f3n final. Este compromiso con la excelencia nos ha valido certificaciones y reconocimientos de las autoridades del sector, lo que refuerza nuestra reputaci\u00f3n como socio confiable.<\/p>\n<p><img loading=\"lazy\" decoding=\"async\" class=\"alignnone size-full wp-image-6720\" src=\"https:\/\/fmp-components.com\/wp-content\/uploads\/2025\/03\/hydraulic-cylinder-8.webp\" alt=\"Cilindros hidr\u00e1ulicos telesc\u00f3picos\" width=\"933\" height=\"526\" title=\"\" srcset=\"https:\/\/fmp-components.com\/wp-content\/uploads\/2025\/03\/hydraulic-cylinder-8.webp 933w, https:\/\/fmp-components.com\/wp-content\/uploads\/2025\/03\/hydraulic-cylinder-8-480x271.webp 480w\" sizes=\"(min-width: 0px) and (max-width: 480px) 480px, (min-width: 481px) 933px, 100vw\" \/><\/p>\n<p>Nuestra misi\u00f3n es simple y ambiciosa: proporcionar cilindros hidr\u00e1ulicos que superen las expectativas en rendimiento, durabilidad y valor. Guiados por principios de profesionalismo, integridad y orientaci\u00f3n al cliente, fomentamos una cultura de innovaci\u00f3n y precisi\u00f3n, perfeccionando continuamente nuestros productos para mantenernos a la vanguardia en un mercado competitivo. Con una amplia gama de productos y la capacidad de ofrecer soluciones a medida, somos la opci\u00f3n preferida de las empresas que buscan cilindros hidr\u00e1ulicos de alto rendimiento.<\/p>\n<p>FMP es m\u00e1s que un simple fabricante; somos un socio clave para su \u00e9xito. Reconocemos que nuestros clientes conf\u00edan en nosotros para ofrecerles herramientas que mejoren su productividad y seguridad. Por ello, nos comprometemos a ofrecer no solo productos de primera calidad, sino tambi\u00e9n un servicio excepcional. Desde la consulta inicial hasta el soporte posventa, colaboramos estrechamente con nuestros clientes para garantizar que sus necesidades se satisfagan con profesionalismo y esmero. Nuestros precios competitivos, combinados con nuestro firme compromiso con la calidad, hacen de FMP la opci\u00f3n inteligente para las empresas que buscan invertir en soluciones hidr\u00e1ulicas confiables.<\/p>","protected":false},"excerpt":{"rendered":"<p>High Quality 5 Stage Flatbed Tow Truck Hydraulic Cylinder Upgrade your machinery with the High Quality 5 Stage Flatbed Tow Truck Hydraulic Cylinder. This robust and efficient hydraulic cylinder is a must-have for any machinery repair shops, farms, energy and mining sectors, and machinery factories. Product Function and Importance The Hydraulic Cylinder plays a crucial [&hellip;]<\/p>","protected":false},"featured_media":6737,"comment_status":"closed","ping_status":"closed","template":"","meta":{"_et_pb_use_builder":"","_et_pb_old_content":"","_et_gb_content_width":""},"product_brand":[],"product_cat":[103],"product_tag":[34,105],"class_list":{"0":"post-6562","1":"product","2":"type-product","3":"status-publish","4":"has-post-thumbnail","6":"product_cat-telescopic-hydraulic-cylinders","7":"product_tag-hydraulic-cylinder","8":"product_tag-telescopic-hydraulic-cylinders","10":"first","11":"instock","12":"product-type-simple"},"_links":{"self":[{"href":"https:\/\/fmp-components.com\/es\/wp-json\/wp\/v2\/product\/6562","targetHints":{"allow":["GET"]}}],"collection":[{"href":"https:\/\/fmp-components.com\/es\/wp-json\/wp\/v2\/product"}],"about":[{"href":"https:\/\/fmp-components.com\/es\/wp-json\/wp\/v2\/types\/product"}],"replies":[{"embeddable":true,"href":"https:\/\/fmp-components.com\/es\/wp-json\/wp\/v2\/comments?post=6562"}],"wp:featuredmedia":[{"embeddable":true,"href":"https:\/\/fmp-components.com\/es\/wp-json\/wp\/v2\/media\/6737"}],"wp:attachment":[{"href":"https:\/\/fmp-components.com\/es\/wp-json\/wp\/v2\/media?parent=6562"}],"wp:term":[{"taxonomy":"product_brand","embeddable":true,"href":"https:\/\/fmp-components.com\/es\/wp-json\/wp\/v2\/product_brand?post=6562"},{"taxonomy":"product_cat","embeddable":true,"href":"https:\/\/fmp-components.com\/es\/wp-json\/wp\/v2\/product_cat?post=6562"},{"taxonomy":"product_tag","embeddable":true,"href":"https:\/\/fmp-components.com\/es\/wp-json\/wp\/v2\/product_tag?post=6562"}],"curies":[{"name":"gracias","href":"https:\/\/api.w.org\/{rel}","templated":true}]}}